{"id":40657,"date":"2025-03-24T10:20:29","date_gmt":"2025-03-24T10:20:29","guid":{"rendered":"https:\/\/rjydisplay.com\/?post_type=product&#038;p=40657"},"modified":"2025-04-08T09:00:04","modified_gmt":"2025-04-08T09:00:04","slug":"9-35-inch-automotive-tft-lcd-display","status":"publish","type":"product","link":"https:\/\/rjydisplay.com\/de\/produkt\/9-35-inch-automotive-tft-lcd-display\/","title":{"rendered":"9.35 Zoll Automotive TFT LCD Display - 320*1280, MIPI Schnittstelle, f\u00fcr Fahrzeug Cluster Displays"},"content":{"rendered":"<p class=\"\" data-start=\"26\" data-end=\"522\">Die <strong data-start=\"30\" data-end=\"49\">RV093LAP-500-40<\/strong> ist ein hochwertiges 9,35-Zoll-LCD-Display f\u00fcr Fahrzeuge, das f\u00fcr eine hervorragende visuelle Leistung in Fahrzeugumgebungen entwickelt wurde. Es verf\u00fcgt \u00fcber ein <strong data-start=\"178\" data-end=\"209\">AM TFT-Display mit Durchlicht<\/strong>und bietet leuchtende Farben mit einem <strong data-start=\"243\" data-end=\"268\">Negativanzeigemodus<\/strong> das die Lesbarkeit bei unterschiedlichen Lichtverh\u00e4ltnissen verbessert. Mit einer Aufl\u00f6sung von <strong data-start=\"348\" data-end=\"376\">320(R,G,B) x 1280 Pixel<\/strong>Mit der neuen Technologie wird ein scharfes und klares Bild gew\u00e4hrleistet, das sich perfekt f\u00fcr Anwendungen im Fahrzeug eignet, z. B. f\u00fcr Navigationssysteme, Unterhaltungsanzeigen und Fahrzeugdiagnosen.<\/p>\n<p class=\"\" data-start=\"524\" data-end=\"1147\">Ausgestattet mit dem <strong data-start=\"542\" data-end=\"553\">ICN9707<\/strong> Treiber-IC und einem <strong data-start=\"570\" data-end=\"600\">Display mit 16,7 Millionen Farben<\/strong>liefert der Bildschirm eine naturgetreue Farbwiedergabe. Das Display arbeitet \u00fcber ein <strong data-start=\"683\" data-end=\"691\">MIPI<\/strong> Schnittstelle f\u00fcr eine effiziente Daten\u00fcbertragung und eine qualitativ hochwertige Bildschirmausgabe. Der Betrachtungswinkel ist <strong data-start=\"784\" data-end=\"799\">ALL O'Clock<\/strong>und gew\u00e4hrleistet eine gleichbleibende Sichtbarkeit aus praktisch jedem Winkel. Entwickelt f\u00fcr den Betrieb in einem breiten Temperaturbereich von <strong data-start=\"911\" data-end=\"929\">-20\u00b0C bis +80\u00b0C<\/strong>ist dieses Display ideal f\u00fcr den Einsatz in Fahrzeugen geeignet, die eine robuste Leistung unter verschiedenen Bedingungen erfordern. Au\u00dferdem bietet es eine beeindruckende <strong data-start=\"1069\" data-end=\"1082\">800 cd\/m\u00b2<\/strong> Leuchtdichte f\u00fcr optimale Helligkeit in verschiedenen Beleuchtungssituationen.<\/p>\n<table style=\"width: 100%; border-collapse: collapse; border-style: solid; border-color: #e6e3e3;\">\n<tbody>\n<tr>\n<td style=\"width: 50%;\">Modell<\/td>\n<td style=\"width: 50%;\">RV093LAP-500-40<\/td>\n<\/tr>\n<tr>\n<td style=\"width: 50%;\">Gr\u00f6\u00dfe<\/td>\n<td style=\"width: 50%;\">9,35 Zoll Auto-LCD-Display<\/td>\n<\/tr>\n<tr>\n<td style=\"width: 50%;\">LCD-Typ<\/td>\n<td style=\"width: 50%;\">AM TFT ,TRANSMISSIV, NEGATIV<\/td>\n<\/tr>\n<tr>\n<td style=\"width: 50%;\">Anzeigeformat<\/td>\n<td style=\"width: 50%;\">320(R,G,B)*1280<\/td>\n<\/tr>\n<tr>\n<td style=\"width: 50%;\">Eingabedaten<\/td>\n<td style=\"width: 50%;\">MIPI<\/td>\n<\/tr>\n<tr>\n<td style=\"width: 50%;\">Ansichtswinkel<\/td>\n<td style=\"width: 50%;\">ALL O \"clock<\/td>\n<\/tr>\n<tr>\n<td style=\"width: 50%;\">IC-Treiber<\/td>\n<td style=\"width: 50%;\">ICN9707<\/td>\n<\/tr>\n<tr>\n<td style=\"width: 50%;\">Farben anzeigen<\/td>\n<td style=\"width: 50%;\">16.7M<\/td>\n<\/tr>\n<tr>\n<td style=\"width: 50%;\">Modul Gr\u00f6\u00dfe<\/td>\n<td style=\"width: 50%;\">248.32(W)\u00d765.6(L)\u00d74.6(T)<\/td>\n<\/tr>\n<tr>\n<td style=\"width: 50%;\">Aktiver Bereich<\/td>\n<td style=\"width: 50%;\">232,32(B) \u00d758,08(L)<\/td>\n<\/tr>\n<tr>\n<td style=\"width: 50%;\">Pixel Gr\u00f6\u00dfe<\/td>\n<td style=\"width: 50%;\">0.047*0.141<\/td>\n<\/tr>\n<tr>\n<td style=\"width: 50%;\">Betriebstemperatur<\/td>\n<td style=\"width: 50%;\">-20 bis +80 \u2103<\/td>\n<\/tr>\n<tr>\n<td style=\"width: 50%;\">Lagertemperatur<\/td>\n<td style=\"width: 50%;\">-30 bis +80 \u2103<\/td>\n<\/tr>\n<tr>\n<td style=\"width: 50%;\">LCM Leuchtdichte<\/td>\n<td style=\"width: 50%;\">800 cd\/m\u00b2<\/td>\n<\/tr>\n<tr>\n<td style=\"width: 50%;\">Stift<\/td>\n<td style=\"width: 50%;\">40 Stift<\/td>\n<\/tr>\n<\/tbody>\n<\/table>\n<p>&nbsp;<\/p>","protected":false},"excerpt":{"rendered":"<ul>\n<li>Gr\u00f6\u00dfe: 9,35 Zoll Auto-LCD-Display<\/li>\n<li>Aufl\u00f6sung: 320*1280<\/li>\n<li>Schnittstelle: MIPI<\/li>\n<li>LCM-Leuchtdichte: 800 cd\/m\u00b2<\/li>\n<li>Stift: 40pin<\/li>\n<li>LCD-Typ: AM TFT ,TRANSMISSIV, NEGATIV<\/li>\n<\/ul>\n<p>&nbsp;<\/p>","protected":false},"featured_media":42251,"template":"","meta":[],"product_brand":[],"product_cat":[381],"product_tag":[],"class_list":{"0":"post-40657","1":"product","2":"type-product","3":"status-publish","4":"has-post-thumbnail","6":"product_cat-automotive-display","8":"first","9":"instock","10":"product-type-simple"},"ct_brands":[],"_links":{"self":[{"href":"https:\/\/rjydisplay.com\/de\/wp-json\/wp\/v2\/product\/40657","targetHints":{"allow":["GET"]}}],"collection":[{"href":"https:\/\/rjydisplay.com\/de\/wp-json\/wp\/v2\/product"}],"about":[{"href":"https:\/\/rjydisplay.com\/de\/wp-json\/wp\/v2\/types\/product"}],"wp:featuredmedia":[{"embeddable":true,"href":"https:\/\/rjydisplay.com\/de\/wp-json\/wp\/v2\/media\/42251"}],"wp:attachment":[{"href":"https:\/\/rjydisplay.com\/de\/wp-json\/wp\/v2\/media?parent=40657"}],"wp:term":[{"taxonomy":"product_brand","embeddable":true,"href":"https:\/\/rjydisplay.com\/de\/wp-json\/wp\/v2\/product_brand?post=40657"},{"taxonomy":"product_cat","embeddable":true,"href":"https:\/\/rjydisplay.com\/de\/wp-json\/wp\/v2\/product_cat?post=40657"},{"taxonomy":"product_tag","embeddable":true,"href":"https:\/\/rjydisplay.com\/de\/wp-json\/wp\/v2\/product_tag?post=40657"}],"curies":[{"name":"wp","href":"https:\/\/api.w.org\/{rel}","templated":true}]}}