{"id":40702,"date":"2025-03-24T10:20:52","date_gmt":"2025-03-24T10:20:52","guid":{"rendered":"https:\/\/rjydisplay.com\/?post_type=product&#038;p=40702"},"modified":"2026-04-13T07:21:05","modified_gmt":"2026-04-13T07:21:05","slug":"1-69-inch-tft-lcd-display","status":"publish","type":"product","link":"https:\/\/rjydisplay.com\/de\/produkt\/1-69-inch-tft-lcd-display\/","title":{"rendered":"1,69-Zoll-TFT-LCD-Display - 240*280 Aufl\u00f6sung f\u00fcr Smart Watches"},"content":{"rendered":"<h2>Produkt\u00fcbersicht<\/h2>\n<p>Dies ist ein 1,69-Zoll-TFT-LCD-Farbdisplay mit einer Aufl\u00f6sung von 240\u00d7280 Pixeln und einer SPI-Schnittstelle. Es wurde f\u00fcr kleine Anwendungen entwickelt und ist die ideale Wahl f\u00fcr Smartwatches und Steuerschalter-Displays, wie z. B. Schalttafeln f\u00fcr Stra\u00dfenlaternen oder Schnittstellen f\u00fcr Kaffeemaschinen. Das Display ist in zwei Varianten erh\u00e4ltlich: mit oder ohne Touchscreen, was Flexibilit\u00e4t f\u00fcr verschiedene Anwendungsf\u00e4lle bietet.<\/p>\n<hr \/>\n<h2>\u00dcber RJY DISPLAY<\/h2>\n<p>Rjoytek ist ein professioneller LCD-Hersteller mit Sitz in Shenzhen, China, der sich seit seiner Gr\u00fcndung im Jahr 2014 durch hervorragende Leistungen auszeichnet. In den letzten neun Jahren haben wir uns vom Glasschneider zu einem vertrauensw\u00fcrdigen globalen Anbieter von TFT-LCD-Displays und integrierten LCD-L\u00f6sungen entwickelt.<\/p>\n<h3>Unser Engagement f\u00fcr Sie<\/h3>\n<p>Wir sind bestrebt, unseren Kunden die bequemsten Dienstleistungen und hochwertigsten Produkte zu bieten. Von der Beantwortung produktbezogener Anfragen bis hin zum Angebot von Softwarel\u00f6sungen ist es unser Ziel, Ihnen Zeit und Kosten zu sparen und eine nahtlose und sorgenfreie Zusammenarbeit zu gew\u00e4hrleisten.<\/p>\n<hr \/>\n<h2>Datenschutz und Datensicherheit<\/h2>\n<h3>Schutz Ihrer Informationen<\/h3>\n<ul>\n<li><strong>Informationen zur Anfrage:<\/strong>\u00a0Ihre E-Mail, Ihr Name und andere Kontaktdaten werden nur an unser professionelles Verkaufsteam weitergegeben, um die Kommunikation zu erleichtern. Diese Informationen werden niemals an Dritte weitergegeben.<\/li>\n<li><strong>Projekt- und Produktinformation:<\/strong>\u00a0Wir respektieren die Vertraulichkeit und sind bereit, bei Bedarf Vertraulichkeitsvereinbarungen (NDAs) zu unterzeichnen. Alle Aktivit\u00e4ten werden im Rahmen des gesetzlichen Schutzes durchgef\u00fchrt.<\/li>\n<li><strong>Zugriff durch Dritte:<\/strong>\u00a0Jede Weitergabe Ihrer Kernprojektdaten an Dritte bedarf Ihrer ausdr\u00fccklichen Zustimmung.<\/li>\n<\/ul>\n<hr \/>\n<h2>Wie man kauft<\/h2>\n<ol>\n<li><strong>Senden Sie eine Anfrage:<\/strong>\u00a0Schreiben Sie uns zun\u00e4chst eine E-Mail oder f\u00fcllen Sie unser Anfrageformular aus. Unser Team wird Ihnen innerhalb von 24 Stunden antworten.<\/li>\n<li><strong>Details bereitstellen:<\/strong>\u00a0Teilen Sie uns Ihre Produktanforderungen mit, einschlie\u00dflich Gr\u00f6\u00dfe, Modell oder Anwendung, damit wir Ihnen genaue Informationen und L\u00f6sungen anbieten k\u00f6nnen.<\/li>\n<li><strong>Anpassungsoptionen:<\/strong>\u00a0Ob Sie nun ein einzelnes Muster oder eine gro\u00dfe Bestellung ben\u00f6tigen, wir k\u00f6nnen sowohl kleine als auch gro\u00dfe Mengen liefern.<\/li>\n<li><strong>Zus\u00e4tzliche Dienstleistungen:<\/strong>\u00a0Wir bieten auch HDMI-Treiberkarten und kundenspezifische LCD-Steuerungskarten an. Besprechen Sie einfach Ihre Anforderungen mit unserem Vertriebsteam, und wir werden eine ma\u00dfgeschneiderte L\u00f6sung f\u00fcr Sie finden.<\/li>\n<\/ol>\n<h3>Zahlung und Versand<\/h3>\n<ul>\n<li><strong>Zahlungsarten:<\/strong>\u00a0Wir akzeptieren internationale Zahlungen, einschlie\u00dflich PayPal, Bank\u00fcberweisungen (TT), Alibaba Online-\u00dcberweisungen und mehr.<\/li>\n<li><strong>Versand:<\/strong>\u00a0Der Versand der Produkte erfolgt \u00fcber vertrauensw\u00fcrdige internationale Kurierdienste wie FedEx, DHL und UPS.<\/li>\n<\/ul>\n<h3>Personalisierung<\/h3>\n<p>In unserem Shop finden Sie eine Reihe von Standardprodukten, aber wir bieten auch Optionen zur individuellen Anpassung an, z. B. in Bezug auf Schnittstelle, Helligkeit, Steuerplatinen und Touchscreens. Teilen Sie uns Ihre spezifischen Anforderungen mit, und wir werden mit Ihnen zusammenarbeiten, um die perfekte L\u00f6sung zu finden.<\/p>","protected":false},"excerpt":{"rendered":"<ul>\n<li>Gr\u00f6\u00dfe: 1,69 Zoll Smart Watch LCD-Bildschirm<\/li>\n<li>Aufl\u00f6sung: 240(RGB)x280<\/li>\n<li>LCD AA: 27,97 (H)* 32,63 (V)<\/li>\n<li>Treiber-IC: ST7789<\/li>\n<li>Ber\u00fchrungs-IC: CST816D<\/li>\n<li>Schnittstelle: SPI<\/li>\n<li>Struktur der Ber\u00fchrung: G+F<\/li>\n<\/ul>","protected":false},"featured_media":42015,"template":"","meta":[],"product_brand":[],"product_cat":[186],"product_tag":[],"class_list":{"0":"post-40702","1":"product","2":"type-product","3":"status-publish","4":"has-post-thumbnail","6":"product_cat-sunlight-readable-display","8":"first","9":"instock","10":"product-type-simple"},"ct_brands":[],"_links":{"self":[{"href":"https:\/\/rjydisplay.com\/de\/wp-json\/wp\/v2\/product\/40702","targetHints":{"allow":["GET"]}}],"collection":[{"href":"https:\/\/rjydisplay.com\/de\/wp-json\/wp\/v2\/product"}],"about":[{"href":"https:\/\/rjydisplay.com\/de\/wp-json\/wp\/v2\/types\/product"}],"wp:featuredmedia":[{"embeddable":true,"href":"https:\/\/rjydisplay.com\/de\/wp-json\/wp\/v2\/media\/42015"}],"wp:attachment":[{"href":"https:\/\/rjydisplay.com\/de\/wp-json\/wp\/v2\/media?parent=40702"}],"wp:term":[{"taxonomy":"product_brand","embeddable":true,"href":"https:\/\/rjydisplay.com\/de\/wp-json\/wp\/v2\/product_brand?post=40702"},{"taxonomy":"product_cat","embeddable":true,"href":"https:\/\/rjydisplay.com\/de\/wp-json\/wp\/v2\/product_cat?post=40702"},{"taxonomy":"product_tag","embeddable":true,"href":"https:\/\/rjydisplay.com\/de\/wp-json\/wp\/v2\/product_tag?post=40702"}],"curies":[{"name":"wp","href":"https:\/\/api.w.org\/{rel}","templated":true}]}}