{"id":40709,"date":"2025-03-24T10:20:55","date_gmt":"2025-03-24T10:20:55","guid":{"rendered":"https:\/\/rjydisplay.com\/?post_type=product&#038;p=40709"},"modified":"2026-04-13T07:21:00","modified_gmt":"2026-04-13T07:21:00","slug":"2-8-inch-serial-port-tft-lcd-screen-240320-resolution-touch-panel-spi-interface","status":"publish","type":"product","link":"https:\/\/rjydisplay.com\/de\/produkt\/2-8-inch-serial-port-tft-lcd-screen-240320-resolution-touch-panel-spi-interface\/","title":{"rendered":"2,8-Zoll-TFT-LCD-Bildschirm mit serieller Schnittstelle - 240*320 Aufl\u00f6sung, Touchpanel, SPI-Schnittstelle"},"content":{"rendered":"<p>Das RJYZN07000009 HMI-Motherboard bietet in Verbindung mit einem kapazitiven 7-Zoll-Touch-Display (1024\u00d7600) eine fortschrittliche L\u00f6sung f\u00fcr Entwickler, die eine Hochleistungsplattform f\u00fcr interaktive Embedded-Systeme suchen.<\/p>\n<h4><strong><b>Display und Touch-Funktionen<\/b><\/strong><\/h4>\n<ul>\n<li><strong>7-Zoll-TFT-LCD<\/strong>: Das Display bietet eine Aufl\u00f6sung von 1024\u00d7600 Pixeln und liefert klare und lebendige Bilder, die sich f\u00fcr verschiedene Anwendungen eignen, von industriellen Bedienfeldern bis hin zu Consumer-Ger\u00e4ten.<\/li>\n<li><strong>Kapazitive Touch-Oberfl\u00e4che<\/strong>: Unterst\u00fctzt Multi-Touch-Funktionen, die eine reibungslose und reaktionsschnelle Interaktion gew\u00e4hrleisten, was f\u00fcr moderne Benutzeroberfl\u00e4chen unerl\u00e4sslich ist.<\/li>\n<\/ul>\n<h4><strong><b>Hardware-Highlights<\/b><\/strong><\/h4>\n<ul>\n<li><strong>ZDP14X0 Anzeigetreiber<\/strong>: Dieser leistungsstarke Chip unterst\u00fctzt RGB\/MIPI-Schnittstellen und erm\u00f6glicht eine hochaufl\u00f6sende Anzeige bis zu 1920\u00d71080. Er verf\u00fcgt \u00fcber 16\/64 MB Display-Speicher, einen 2D-Grafikbeschleuniger und MJPEG-Dekodierung und ist damit ideal f\u00fcr komplexe Grafik- und Videoverarbeitung.<\/li>\n<li><strong>Umfassende Schnittstellen<\/strong>:\n<ul>\n<li><strong>RGB-Schnittstelle<\/strong>: 50-poliger, 0,5-mm-Anschluss f\u00fcr nahtlose Display-Integration.<\/li>\n<li><strong>Touchpanel-Schnittstelle<\/strong>6-polige, 0,5 mm I2C-Schnittstelle f\u00fcr den kapazitiven Touchsensor.<\/li>\n<li><strong>Serielle Schnittstelle zur Fehlersuche<\/strong>: 4-polige, 2,54-mm-Schnittstelle f\u00fcr einfaches Debugging w\u00e4hrend der Entwicklung.<\/li>\n<li><strong>Zus\u00e4tzliche Merkmale<\/strong>: Enth\u00e4lt einen passiven 5-V-Summer, einen SD-Kartensteckplatz, eine Lautsprecherschnittstelle, einen Gleichstromeingang (12-48 V), 128 MB NOR Flash f\u00fcr die Speicherung, eine RTC mit I2C-Schnittstelle, RS485-Kommunikation, einen USB-Anschluss f\u00fcr Firmware-Updates und eine SPI-Kommunikationsschnittstelle.<\/li>\n<\/ul>\n<\/li>\n<\/ul>\n<h4><strong><b>Vielseitige Anwendungen<\/b><\/strong><\/h4>\n<p>Diese Kombination aus Hauptplatine und Bildschirm ist ideal f\u00fcr eine Vielzahl von Anwendungen:<\/p>\n<ul>\n<li><strong>Industrielle Automatisierung<\/strong>: Als Schnittstelle f\u00fcr die Steuerung und \u00dcberwachung von Maschinen.<\/li>\n<li><strong>Hausautomatisierung<\/strong>: Dient als zentrale Schaltstelle f\u00fcr Smart Home-Ger\u00e4te.<\/li>\n<li><strong>Medizinische Ger\u00e4te<\/strong>: Bieten Sie eine intuitive Touchscreen-Schnittstelle f\u00fcr \u00dcberwachungsger\u00e4te im Gesundheitswesen.<\/li>\n<li><strong>Einzelhandels-Kioske<\/strong>: Interaktive Kioske f\u00fcr eine bessere Kundenbindung.<\/li>\n<li><strong>Fahrzeugsysteme<\/strong>: Integration in Armaturenbretter f\u00fcr Infotainment und Fahrzeugsteuerung.<\/li>\n<li><strong>Fitnessger\u00e4te<\/strong>: Verwalten Sie die Benutzeroberfl\u00e4chen von Fitnessger\u00e4ten wie Laufb\u00e4ndern.<\/li>\n<li><strong>Intelligente Haushaltsger\u00e4te<\/strong>: Integrierte Bedienfelder f\u00fcr moderne Haushaltsger\u00e4te.<\/li>\n<\/ul>\n<p><strong>\u00d6ffentliche Informationssysteme<\/strong>: Verwendung in digitalen Beschilderungen und Informationskiosken.<\/p>","protected":false},"excerpt":{"rendered":"<ul>\n<li>Modell: RJYZN02800010<\/li>\n<li>2,8-Zoll-LCD-Bildschirm mit serieller Schnittstelle<\/li>\n<li>Aufl\u00f6sung: 240*320<\/li>\n<li>Schnittstelle: SPI<\/li>\n<\/ul>","protected":false},"featured_media":42788,"template":"","meta":[],"product_brand":[],"product_cat":[184],"product_tag":[],"class_list":{"0":"post-40709","1":"product","2":"type-product","3":"status-publish","4":"has-post-thumbnail","6":"product_cat-standard-displays","8":"first","9":"instock","10":"product-type-simple"},"ct_brands":[],"_links":{"self":[{"href":"https:\/\/rjydisplay.com\/de\/wp-json\/wp\/v2\/product\/40709","targetHints":{"allow":["GET"]}}],"collection":[{"href":"https:\/\/rjydisplay.com\/de\/wp-json\/wp\/v2\/product"}],"about":[{"href":"https:\/\/rjydisplay.com\/de\/wp-json\/wp\/v2\/types\/product"}],"wp:featuredmedia":[{"embeddable":true,"href":"https:\/\/rjydisplay.com\/de\/wp-json\/wp\/v2\/media\/42788"}],"wp:attachment":[{"href":"https:\/\/rjydisplay.com\/de\/wp-json\/wp\/v2\/media?parent=40709"}],"wp:term":[{"taxonomy":"product_brand","embeddable":true,"href":"https:\/\/rjydisplay.com\/de\/wp-json\/wp\/v2\/product_brand?post=40709"},{"taxonomy":"product_cat","embeddable":true,"href":"https:\/\/rjydisplay.com\/de\/wp-json\/wp\/v2\/product_cat?post=40709"},{"taxonomy":"product_tag","embeddable":true,"href":"https:\/\/rjydisplay.com\/de\/wp-json\/wp\/v2\/product_tag?post=40709"}],"curies":[{"name":"wp","href":"https:\/\/api.w.org\/{rel}","templated":true}]}}