{"id":40751,"date":"2025-03-24T10:20:56","date_gmt":"2025-03-24T10:20:56","guid":{"rendered":"https:\/\/rjydisplay.com\/?post_type=product&#038;p=40751"},"modified":"2026-04-13T07:20:59","modified_gmt":"2026-04-13T07:20:59","slug":"rockchip-rk3588-android-lcd-controller-board","status":"publish","type":"product","link":"https:\/\/rjydisplay.com\/de\/produkt\/rockchip-rk3588-android-lcd-controller-board\/","title":{"rendered":"Rockchip RK3588 Octa-Core Android LCD Controller Board - Android 11.0, RS232, RS485, USB 3.0, RJ45"},"content":{"rendered":"<p style=\"text-align: justify;\">Die <strong>Rockchip RK3588 Octa-core Android LCD Controller Board<\/strong> ist eine leistungsstarke Einheit in Bezug auf Leistung, Vielseitigkeit und Konnektivit\u00e4t, die f\u00fcr ein breites Anwendungsspektrum konzipiert ist \u2013 von Smart-Home-Ger\u00e4ten und industrieller Automatisierung bis hin zu Digital-Signage- und \u00dcberwachungssystemen. Angetrieben durch den <strong>Rockchip RK3588<\/strong> Prozessor bietet diese Platine un\u00fcbertroffene Rechenleistung und ist damit die ideale Wahl f\u00fcr Entwickler und Hersteller, die eine zuverl\u00e4ssige und leistungsstarke L\u00f6sung suchen.<\/p>\n<p>&nbsp;<\/p>\n<ul>\n<li><strong>Prozessor (CPU):<\/strong><br \/>\nDie Platine ist ausgestattet mit einem <strong>Rockchip RK3588 Octa-core<\/strong> Prozessor, bestehend aus <strong>4\u00d7 Cortex-A76<\/strong> und <strong>4\u00d7 Cortex-A55<\/strong> Kernen, mit einer maximalen Taktfrequenz von <strong>2,4 GHz<\/strong>Dies gew\u00e4hrleistet eine robuste Leistung f\u00fcr anspruchsvolle Aufgaben, vom Multitasking bis zur Hochgeschwindigkeits-Datenverarbeitung.<\/li>\n<li><strong>Grafikprozessor (GPU):<\/strong><br \/>\nAusgestattet mit einer <strong>ARM Mali-G610 MC4<\/strong> GPU unterst\u00fctzt die Platine <strong>8K@60fps<\/strong> Videodekodierung und ist kompatibel mit <strong>Vulkan 1.2<\/strong>, was eine herausragende Grafikwiedergabe f\u00fcr immersive visuelle Erlebnisse liefert.<\/li>\n<li><strong>Neuronale Verarbeitungseinheit (NPU):<\/strong><br \/>\nMit einem <strong>6 TOPS NPU<\/strong>zeichnet sich die Platine bei KI-bezogenen Aufgaben aus und unterst\u00fctzt gemischte Operationen (<strong>INT16\/FP16\/BF16\/TF32<\/strong>) f\u00fcr effiziente KI-Inferenz und Machine-Learning-Anwendungen.<\/li>\n<li><strong>Speicher und Speicherplatz:<\/strong><br \/>\nDie Platine bietet <strong>LPDDR4\/LPDDR4X-Speicher<\/strong> Optionen von <strong>8 GB<\/strong>, <strong>16 GB<\/strong>, oder <strong>32 GB<\/strong>, was ausreichend RAM f\u00fcr einen reibungslosen Betrieb gew\u00e4hrleistet. Speicheroptionen umfassen <strong>eMMC 5.1<\/strong> mit Kapazit\u00e4ten von <strong>64 GB<\/strong> zu <strong>512 GB<\/strong>, die reichlich Platz f\u00fcr Anwendungen und Daten bieten.<\/li>\n<li><strong>Display-Schnittstellen:<\/strong><br \/>\nVielseitige Display-Konnektivit\u00e4t ist ein herausstechendes Merkmal mit Unterst\u00fctzung f\u00fcr mehrere Schnittstellen:<\/p>\n<ul>\n<li><strong>LVDS:<\/strong>\u00a0Ein-\/Dual-Channel, unterst\u00fctzt\u00a0<strong>50\/60 Hz LCD-Displays<\/strong>.<\/li>\n<li><strong>eDP:<\/strong>\u00a0Mehrere Aufl\u00f6sungsoptionen, wobei jeweils eine Schnittstelle aktiv ist.<\/li>\n<li><strong>MIPI:<\/strong>\u00a0Treibt hochaufl\u00f6sende MIPI-LCD-Bildschirme an.<\/li>\n<li><strong>HDMI:<\/strong>\u00a0Ausgabe\u00a0<strong>8K@60Hz<\/strong>\u00a0und Eingang\u00a0<strong>4K@60Hz<\/strong>, ideal f\u00fcr hochaufl\u00f6sende Displays und Multimedia-Anwendungen.<\/li>\n<\/ul>\n<\/li>\n<li><strong>Touchscreen-Unterst\u00fctzung:<\/strong><br \/>\nKompatibel mit <strong>IIC- und USB-Multitouch-Bildschirmen<\/strong>, erm\u00f6glicht eine intuitive Benutzerinteraktion f\u00fcr touchbasierte Anwendungen.<\/li>\n<li><strong>Audioausgang:<\/strong><br \/>\nAusgestattet mit <strong>Stereo-Audio-Kan\u00e4len<\/strong> und einem integrierten <strong>10-W-Verst\u00e4rker<\/strong>, liefert die Platine hochwertigen Sound, perfekt f\u00fcr Multimedia- und audiozentrierte Anwendungen.<\/li>\n<li><strong>USB-Anschl\u00fcsse:<\/strong><br \/>\nAngebote <strong>1 x USB 3.0<\/strong>, <strong>1 x USB 2.0<\/strong>und <strong>4 x USB-HOST-Anschl\u00fcsse<\/strong>, die umfangreiche Konnektivit\u00e4t f\u00fcr Peripherieger\u00e4te und Zubeh\u00f6r bieten.<\/li>\n<li><strong>Serielle Anschl\u00fcsse:<\/strong><br \/>\nEnth\u00e4lt <strong>2 x RS232<\/strong>, <strong>1 x RS485<\/strong>, <strong>2 x TTL<\/strong>, <strong>1 x DEBUG<\/strong>und <strong>1 x CAN<\/strong> -Anschl\u00fcsse f\u00fcr Industrieautomatisierungs- und Steuerungsanforderungen.<\/li>\n<li><strong>Weitere Schnittstellen:<\/strong><br \/>\nEigenschaften <strong>GPIO<\/strong>, <strong>MIC-Eingang<\/strong>, <strong>SATA<\/strong>, <strong>L\u00fcfterunterst\u00fctzung<\/strong>, <strong>RTC-Batteriehalter<\/strong>und <strong>IR-Fernbedienung<\/strong>, die erweiterte Erweiterungsm\u00f6glichkeiten f\u00fcr kundenspezifische Anwendungen bieten.<\/li>\n<li><strong>Drahtlose Konnektivit\u00e4t:<\/strong><br \/>\nIntegriertes <strong>Wi-Fi 6 (2,4 GHz + 5 GHz)<\/strong> und optionales <strong>Bluetooth 5.0<\/strong> erm\u00f6glichen schnelle und zuverl\u00e4ssige drahtlose Kommunikation. Zus\u00e4tzlich gew\u00e4hrleistet ein <strong>1000M RJ45-Ethernet-Anschluss<\/strong> mit <strong>POE-Unterst\u00fctzung<\/strong> stabile kabelgebundene Konnektivit\u00e4t. F\u00fcr mobile Anwendungen ist ein optionales <strong>5G\/4G-Modul<\/strong> \u00fcber <strong>M.2 PCIE<\/strong> verf\u00fcgbar.<\/li>\n<li><strong>Stromversorgung:<\/strong><br \/>\nBetrieb mit <strong>12V\/3A DC-Eingang<\/strong> mit mehreren Stromanschlussoptionen f\u00fcr zuverl\u00e4ssige Stromversorgung in verschiedenen Umgebungen.<\/li>\n<li><strong>Systemupgrades:<\/strong><br \/>\nUnterst\u00fctzt Upgrades \u00fcber <strong>USB<\/strong>, <strong>U-Disk<\/strong>und <strong>OTA-Updates<\/strong>, vereinfacht die Wartung und h\u00e4lt das System auf dem neuesten Stand.<\/li>\n<\/ul>\n<p>&nbsp;<\/p>\n<h3>Anwendungen<\/h3>\n<p>Die <strong>Rockchip RK3588 Octa-core Android LCD Controller Board<\/strong> ist f\u00fcr verschiedene Anwendungen geeignet:<\/p>\n<ol>\n<li><strong>Smart-Home-Ger\u00e4te:<\/strong><br \/>\nIdeal f\u00fcr Steuerungspanels, Home-Automation-Hubs und intelligente Ger\u00e4te mit hohen Leistungs- und Vielseitigkeitsanforderungen.<\/li>\n<li><strong>Industrieautomatisierung:<\/strong><br \/>\nMit robuster Rechenleistung und umfangreichen seriellen Schnittstellen perfekt f\u00fcr Industrieleitsysteme, Datenerfassungsger\u00e4te und Automatisierungsvorrichtungen.<\/li>\n<li><strong>Digitale Beschilderung:<\/strong><br \/>\nDie hochaufl\u00f6senden Displayf\u00e4higkeiten machen die Platine ideal f\u00fcr Digital Signage, Werbedisplays und \u00f6ffentliche Informationssysteme.<\/li>\n<li><strong>\u00dcberwachungssysteme:<\/strong><br \/>\nMit Unterst\u00fctzung f\u00fcr HD-Videoverarbeitung und mehrere Display-Schnittstellen geeignet f\u00fcr \u00dcberwachungsmonitore und Sicherheitssysteme.<\/li>\n<li><strong>KI- und Machine-Learning-Anwendungen:<\/strong><br \/>\nIntegrierte NPU- und KI-F\u00e4higkeiten machen diese Platine zur idealen Wahl f\u00fcr KI-gesteuerte Projekte und Edge-Computing-Anwendungen.<\/li>\n<\/ol>\n<p>&nbsp;<\/p>\n<h3>Vorteile und Anwendungen des Android-LCD-Controller-Boards:<\/h3>\n<p><strong>3.1 Vielseitige Integration: <\/strong>Das Android-LCD-Controller-Board erm\u00f6glicht den Einsatz von 10,1-Zoll-TFT-LCDs in zahlreichen Anwendungen. Es wird h\u00e4ufig eingesetzt in Digital Signage, Kiosks, Spielesystemen, Embedded Systems, Home Automation und DIY-Projekten, die eine Android-basierte Displayl\u00f6sung erfordern.<\/p>\n<p><strong>3.2 Upgrade bestehender Displays: <\/strong>F\u00fcr Personen oder Unternehmen, die bestehende Displays auf eine Android-Plattform umr\u00fcsten m\u00f6chten, bietet das Controller-Board eine kosteng\u00fcnstige L\u00f6sung. Durch Ersetzen des vorhandenen Controller-Boards kann traditionelle Displays in interaktive Smart Screens umgewandelt werden.<\/p>\n<p><strong>3.3 Anpassung und Entwicklung:<\/strong> Android-basierte Systeme bieten Vorteile bei Individualisierung und App-Entwicklung. Das Android-LCD-Controller-Board erm\u00f6glicht Entwicklern die Erstellung benutzerdefinierter Anwendungen, UI-Designs und vollst\u00e4ndige Nutzung des Android-\u00d6kosystems.<\/p>\n<p>&nbsp;<\/p>","protected":false},"excerpt":{"rendered":"<ul>\n<li>System: Android 11<\/li>\n<li>Unterst\u00fctzung: USB\/LVDS\/EDP\/HDMI\/Ethernet\/WIFI\/Bluetooth<\/li>\n<li>Maximale Aufl\u00f6sung: 3840\u00d72160<\/li>\n<li>Unterst\u00fctzt horizontalen und vertikalen Bildschirm,<\/li>\n<li>Android 11.0, MozilaFirefox(WEBSDK+API) Steuerung;<\/li>\n<li>4G RAM + 32G ROM<\/li>\n<li>Sensor: optional<\/li>\n<\/ul>\n<p>&nbsp;<\/p>\n<p><span style=\"font-size: 14pt;\"><strong>Unterst\u00fctzung<\/strong><\/span><\/p>\n<ul>\n<li><span style=\"text-decoration: underline;\"><span style=\"color: #0000ff; text-decoration: underline;\">Unterst\u00fctzt verschiedene Gr\u00f6\u00dfen von TFT LCD Display Android L\u00f6sung<\/span><\/span><\/li>\n<li><span style=\"text-decoration: underline;\"><span style=\"color: #0000ff; text-decoration: underline;\">Unterst\u00fctzung verschiedener Funktionen LCD-Steuerplatine angepasst<\/span><\/span><\/li>\n<li><span style=\"text-decoration: underline;\"><span style=\"color: #0000ff; text-decoration: underline;\">Unterst\u00fctzung verschiedener System-LCD-Steuerungsplatinen nach Kundenwunsch<\/span><\/span><\/li>\n<li><span style=\"text-decoration: underline;\"><span style=\"color: #0000ff; text-decoration: underline;\">Unterst\u00fctzung HDMI-Karte<\/span><\/span><\/li>\n<li><span style=\"text-decoration: underline;\"><span style=\"color: #0000ff; text-decoration: underline;\">Unterst\u00fctzung kleiner MOQ-Muster und schnelle Lieferung<\/span><\/span><\/li>\n<li><span style=\"text-decoration: underline;\"><span style=\"color: #0000ff; text-decoration: underline;\">Unterst\u00fctzung LCD-Display Customized umfasst Helligkeit, Schnittstelle, Touchscreen und so weiter<\/span><\/span><\/li>\n<\/ul>","protected":false},"featured_media":41555,"template":"","meta":[],"product_brand":[],"product_cat":[379],"product_tag":[],"class_list":{"0":"post-40751","1":"product","2":"type-product","3":"status-publish","4":"has-post-thumbnail","6":"product_cat-computing-modules","8":"first","9":"instock","10":"product-type-simple"},"ct_brands":[],"_links":{"self":[{"href":"https:\/\/rjydisplay.com\/de\/wp-json\/wp\/v2\/product\/40751","targetHints":{"allow":["GET"]}}],"collection":[{"href":"https:\/\/rjydisplay.com\/de\/wp-json\/wp\/v2\/product"}],"about":[{"href":"https:\/\/rjydisplay.com\/de\/wp-json\/wp\/v2\/types\/product"}],"wp:featuredmedia":[{"embeddable":true,"href":"https:\/\/rjydisplay.com\/de\/wp-json\/wp\/v2\/media\/41555"}],"wp:attachment":[{"href":"https:\/\/rjydisplay.com\/de\/wp-json\/wp\/v2\/media?parent=40751"}],"wp:term":[{"taxonomy":"product_brand","embeddable":true,"href":"https:\/\/rjydisplay.com\/de\/wp-json\/wp\/v2\/product_brand?post=40751"},{"taxonomy":"product_cat","embeddable":true,"href":"https:\/\/rjydisplay.com\/de\/wp-json\/wp\/v2\/product_cat?post=40751"},{"taxonomy":"product_tag","embeddable":true,"href":"https:\/\/rjydisplay.com\/de\/wp-json\/wp\/v2\/product_tag?post=40751"}],"curies":[{"name":"wp","href":"https:\/\/api.w.org\/{rel}","templated":true}]}}