{"id":41025,"date":"2025-03-24T10:20:27","date_gmt":"2025-03-24T10:20:27","guid":{"rendered":"https:\/\/rjydisplay.com\/product\/rjoytek-small-bar-lcd-4-58-inch-320960-tft-bar-lcd-display-module\/"},"modified":"2025-04-08T06:55:29","modified_gmt":"2025-04-08T06:55:29","slug":"4-58-inch-bar-type-tft-lcd-display","status":"publish","type":"product","link":"https:\/\/rjydisplay.com\/de\/produkt\/4-58-inch-bar-type-tft-lcd-display\/","title":{"rendered":"4,58 Zoll Bar Type TFT LCD Display - 320*960, RGB Schnittstelle"},"content":{"rendered":"<p style=\"text-align: justify;\">Dieses gestreckte Balken-LCD-Display ist 4,58 Zoll oder 4,6 Zoll gro\u00df, mit einer Aufl\u00f6sung von 320*960, \u00fcbliche Anwendung in einem Backofen, Mikrowellen-Esel oder K\u00fchlschrank, als Bildschirm f\u00fcr die Anzeige von farbigen Lebensmitteln, oder auf Knopfdruck Bedienfeld. Es ist ein SPI+RGB Interface transmissives TFT Display Panel.<\/p>\n<p style=\"text-align: justify;\">Flexible Konfiguration von Steuerplatinen oder Adapterplatinen mit verschiedenen Schnittstellen, eine Vielzahl von Touch-Optionen, RTP, CTP, Single-Touch oder Multi-Touch, Oberfl\u00e4chenh\u00e4rte und Schutzglas k\u00f6nnen auch nach Ihren Anforderungen angepasst werden. Wenn Sie Fragen haben, besprechen Sie sie bitte rechtzeitig mit uns.<\/p>\n<table style=\"width: 100%; border-collapse: collapse; border-style: solid; border-color: #deded9;\">\n<tbody>\n<tr>\n<td style=\"width: 50%;\">Modell<\/td>\n<td style=\"width: 50%;\">RV046L2M-500-40<\/td>\n<\/tr>\n<tr>\n<td style=\"width: 50%;\">Gr\u00f6\u00dfe<\/td>\n<td style=\"width: 50%;\">4,58-Zoll-Balken-LCD-Display<\/td>\n<\/tr>\n<tr>\n<td style=\"width: 50%;\">LCD-Typ<\/td>\n<td style=\"width: 50%;\">TFT-LCD \/TRANSMISSIV<\/td>\n<\/tr>\n<tr>\n<td style=\"width: 50%;\">Anzahl der Punkte<\/td>\n<td style=\"width: 50%;\">320(RGB) *960<\/td>\n<\/tr>\n<tr>\n<td style=\"width: 50%;\">Umrissma\u00dfe<\/td>\n<td style=\"width: 50%;\">40,37(B)* 117,9(H)*2,08(T)<\/td>\n<\/tr>\n<tr>\n<td style=\"width: 50%;\">Aktiver Bereich<\/td>\n<td style=\"width: 50%;\">36,77(B)* 110,3(H)<\/td>\n<\/tr>\n<tr>\n<td style=\"width: 50%;\">Blickrichtung<\/td>\n<td style=\"width: 50%;\">ALLE<\/td>\n<\/tr>\n<tr>\n<td style=\"width: 50%;\">Art der Hintergrundbeleuchtung<\/td>\n<td style=\"width: 50%;\">Wei\u00dfe LED<\/td>\n<\/tr>\n<tr>\n<td style=\"width: 50%;\">LCD-Treiber-IC<\/td>\n<td style=\"width: 50%;\">ST7701S<\/td>\n<\/tr>\n<tr>\n<td style=\"width: 50%;\">Typ der Schnittstelle<\/td>\n<td style=\"width: 50%;\">3SPI+RGB18BIT-Schnittstelle<\/td>\n<\/tr>\n<\/tbody>\n<\/table>\n<p>&nbsp;<\/p>\n<p>&nbsp;<\/p>\n<p><img fetchpriority=\"high\" decoding=\"async\" class=\"wp-image-6685 size-full\" src=\"https:\/\/rjydisplay.com\/wp-content\/uploads\/2022\/06\/4.58-INCH-LCD-MODULE-SPECIFICATION.jpg\" alt=\"\" width=\"1500\" height=\"850\" title=\"\"><\/p>","protected":false},"excerpt":{"rendered":"<p><strong>Gr\u00f6\u00dfe:<\/strong> 4,58 Zoll lcd-Display<br \/>\n<strong>Aufl\u00f6sung:<\/strong> 320*960<br \/>\n<strong>Schnittstelle:<\/strong> SPI+RGB<\/p>\n<p>&nbsp;<\/p>","protected":false},"featured_media":42224,"template":"","meta":[],"product_brand":[],"product_cat":[179],"product_tag":[],"class_list":{"0":"post-41025","1":"product","2":"type-product","3":"status-publish","4":"has-post-thumbnail","6":"product_cat-bar-display","8":"first","9":"instock","10":"product-type-simple"},"ct_brands":[],"_links":{"self":[{"href":"https:\/\/rjydisplay.com\/de\/wp-json\/wp\/v2\/product\/41025","targetHints":{"allow":["GET"]}}],"collection":[{"href":"https:\/\/rjydisplay.com\/de\/wp-json\/wp\/v2\/product"}],"about":[{"href":"https:\/\/rjydisplay.com\/de\/wp-json\/wp\/v2\/types\/product"}],"wp:featuredmedia":[{"embeddable":true,"href":"https:\/\/rjydisplay.com\/de\/wp-json\/wp\/v2\/media\/42224"}],"wp:attachment":[{"href":"https:\/\/rjydisplay.com\/de\/wp-json\/wp\/v2\/media?parent=41025"}],"wp:term":[{"taxonomy":"product_brand","embeddable":true,"href":"https:\/\/rjydisplay.com\/de\/wp-json\/wp\/v2\/product_brand?post=41025"},{"taxonomy":"product_cat","embeddable":true,"href":"https:\/\/rjydisplay.com\/de\/wp-json\/wp\/v2\/product_cat?post=41025"},{"taxonomy":"product_tag","embeddable":true,"href":"https:\/\/rjydisplay.com\/de\/wp-json\/wp\/v2\/product_tag?post=41025"}],"curies":[{"name":"wp","href":"https:\/\/api.w.org\/{rel}","templated":true}]}}