{"id":41034,"date":"2025-03-24T10:20:30","date_gmt":"2025-03-24T10:20:30","guid":{"rendered":"https:\/\/rjydisplay.com\/product\/2-1-inch-round-lcd-display-480480-ips-panel-rgb-spi-lcd-module\/"},"modified":"2025-04-08T09:23:19","modified_gmt":"2025-04-08T09:23:19","slug":"2-1-inch-round-lcd-display","status":"publish","type":"product","link":"https:\/\/rjydisplay.com\/de\/produkt\/2-1-inch-round-lcd-display\/","title":{"rendered":"2.1 Zoll Rundes LCD Display - 480*480 IPS Panel RGB SPI LCD Modul"},"content":{"rendered":"<p>Diese kleine 2,1-Zoll-TFT-LCD-Anzeige k\u00f6nnen Sie zwei Arten w\u00e4hlen, mit Touch oder ohne Touch, es ist eine runde LCD-Anzeige mit RGB+SPI-Schnittstelle, alle Blickwinkel.<\/p>\n<p>Wir bieten LCD-Module in verschiedenen Gr\u00f6\u00dfen an, f\u00fcgen Touchscreens hinzu, stellen Helligkeits- und Steuerplatinen zur Verf\u00fcgung und bieten LCD-L\u00f6sungen aus einer Hand an, einschlie\u00dflich kapazitiver Touchscreens, Antriebsplatinen, FPCs und so weiter.<br \/>\nkontaktieren Sie uns und teilen Sie uns Ihre Anforderungen mit.<\/p>","protected":false},"excerpt":{"rendered":"<ul>\n<li>Gr\u00f6\u00dfe: 2,1 Zoll rundes lcd-Display<\/li>\n<li>IC-Treiber: ST7701S<\/li>\n<li>Aufl\u00f6sung: 480*480<\/li>\n<li>Schnittstelle: 3SPI+18RGB<\/li>\n<li>Leuchtdichte: 300 cd\/m\u00b2<\/li>\n<li>Ber\u00fchrung: mit Ber\u00fchrung\/ohne Ber\u00fchrung<\/li>\n<\/ul>","protected":false},"featured_media":42261,"template":"","meta":[],"product_brand":[],"product_cat":[185,381],"product_tag":[],"class_list":{"0":"post-41034","1":"product","2":"type-product","3":"status-publish","4":"has-post-thumbnail","6":"product_cat-round-display","7":"product_cat-automotive-display","9":"first","10":"instock","11":"product-type-simple"},"ct_brands":[],"_links":{"self":[{"href":"https:\/\/rjydisplay.com\/de\/wp-json\/wp\/v2\/product\/41034","targetHints":{"allow":["GET"]}}],"collection":[{"href":"https:\/\/rjydisplay.com\/de\/wp-json\/wp\/v2\/product"}],"about":[{"href":"https:\/\/rjydisplay.com\/de\/wp-json\/wp\/v2\/types\/product"}],"wp:featuredmedia":[{"embeddable":true,"href":"https:\/\/rjydisplay.com\/de\/wp-json\/wp\/v2\/media\/42261"}],"wp:attachment":[{"href":"https:\/\/rjydisplay.com\/de\/wp-json\/wp\/v2\/media?parent=41034"}],"wp:term":[{"taxonomy":"product_brand","embeddable":true,"href":"https:\/\/rjydisplay.com\/de\/wp-json\/wp\/v2\/product_brand?post=41034"},{"taxonomy":"product_cat","embeddable":true,"href":"https:\/\/rjydisplay.com\/de\/wp-json\/wp\/v2\/product_cat?post=41034"},{"taxonomy":"product_tag","embeddable":true,"href":"https:\/\/rjydisplay.com\/de\/wp-json\/wp\/v2\/product_tag?post=41034"}],"curies":[{"name":"wp","href":"https:\/\/api.w.org\/{rel}","templated":true}]}}