{"id":41040,"date":"2025-03-24T10:20:32","date_gmt":"2025-03-24T10:20:32","guid":{"rendered":"https:\/\/rjydisplay.com\/product\/rjoytek-4-inch-round-tft-lcd-display-panel-for-ebike\/"},"modified":"2025-04-08T09:33:14","modified_gmt":"2025-04-08T09:33:14","slug":"4-inch-automotive-round-tft-lcd-display","status":"publish","type":"product","link":"https:\/\/rjydisplay.com\/de\/produkt\/4-inch-automotive-round-tft-lcd-display\/","title":{"rendered":"4 Zoll Automotive Round TFT LCD Display - 720*720 Aufl\u00f6sung, 800nit"},"content":{"rendered":"<p style=\"text-align: justify;\">RV040YGM-800-39 ist ein farbiges rundes TFT-LCD-Displaypanel. Dieses Modell besteht aus einem TFT-LCD-Panel, einer Treiberschaltung und einem Hintergrundbeleuchtungssystem. Es handelt sich um ein transmissives Display, das im Normal-Wei\u00df-Modus arbeitet. Dieses TFT-LCD verf\u00fcgt \u00fcber eine Gr\u00f6\u00dfe von 4,0 Zoll mit WVGA-Aufl\u00f6sung (720 horizontale mal 720 vertikale Pixelmatrix). Dieses 4-Zoll-runde LCD-Panel ist f\u00fcr den Automotive-Bereich konzipiert und verf\u00fcgt \u00fcber zwei Ausf\u00fchrungen: eine f\u00fcr Smart-Home-Anwendungen und eine f\u00fcr den Kfz-Einsatz. Bei Kontaktaufnahme teilen Sie uns bitte mit, f\u00fcr welche Anwendung Sie das Display ben\u00f6tigen. Wir senden Ihnen dann entsprechende Datenbl\u00e4tter zur Pr\u00fcfung zu.<\/p>\n<table style=\"width: 100%; border-collapse: collapse; border-style: solid; border-color: #dbd7d7; height: 338px;\">\n<tbody>\n<tr style=\"height: 26px;\">\n<td style=\"width: 50%; height: 26px;\">Modell<\/td>\n<td style=\"width: 50%; height: 26px;\">RV040YGM-800-39<\/td>\n<\/tr>\n<tr style=\"height: 26px;\">\n<td style=\"width: 50%; height: 26px;\">Gr\u00f6\u00dfe<\/td>\n<td style=\"width: 50%; height: 26px;\">4 Zoll rundes LCD-Panel<\/td>\n<\/tr>\n<tr style=\"height: 26px;\">\n<td style=\"width: 50%; height: 26px;\">LCD-Typ<\/td>\n<td style=\"width: 50%; height: 26px;\">AM TFT ,TRANSMISSIV, NEGATIV<\/td>\n<\/tr>\n<tr style=\"height: 26px;\">\n<td style=\"width: 50%; height: 26px;\">Anzeigeformat<\/td>\n<td style=\"width: 50%; height: 26px;\">720(R,G,B)*720<\/td>\n<\/tr>\n<tr style=\"height: 26px;\">\n<td style=\"width: 50%; height: 26px;\">Eingabedaten<\/td>\n<td style=\"width: 50%; height: 26px;\">MIPI<\/td>\n<\/tr>\n<tr style=\"height: 26px;\">\n<td style=\"width: 50%; height: 26px;\">Ansichtswinkel<\/td>\n<td style=\"width: 50%; height: 26px;\">ALL O \"clock<\/td>\n<\/tr>\n<tr style=\"height: 26px;\">\n<td style=\"width: 50%; height: 26px;\">Farben anzeigen<\/td>\n<td style=\"width: 50%; height: 26px;\">16.7M<\/td>\n<\/tr>\n<tr style=\"height: 26px;\">\n<td style=\"width: 50%; height: 26px;\">Modul Gr\u00f6\u00dfe<\/td>\n<td style=\"width: 50%; height: 26px;\">109,6(B)\u00d7103,29(L)\u00d77,8(H)<\/td>\n<\/tr>\n<tr style=\"height: 26px;\">\n<td style=\"width: 50%; height: 26px;\">Aktiver Bereich<\/td>\n<td style=\"width: 50%; height: 26px;\">105,52(B) \u00d7105,52(L)<\/td>\n<\/tr>\n<tr style=\"height: 26px;\">\n<td style=\"width: 50%; height: 26px;\">Pixel Gr\u00f6\u00dfe<\/td>\n<td style=\"width: 50%; height: 26px;\">0.047*0.141<\/td>\n<\/tr>\n<tr style=\"height: 26px;\">\n<td style=\"width: 50%; height: 26px;\">Betriebstemperatur<\/td>\n<td style=\"width: 50%; height: 26px;\">-30 bis +80 \u2103<\/td>\n<\/tr>\n<tr style=\"height: 26px;\">\n<td style=\"width: 50%; height: 26px;\">Lagertemperatur<\/td>\n<td style=\"width: 50%; height: 26px;\">-30 bis +80 \u2103<\/td>\n<\/tr>\n<tr style=\"height: 26px;\">\n<td style=\"width: 50%; height: 26px;\">LCM Leuchtdichte<\/td>\n<td style=\"width: 50%; height: 26px;\">800 cd\/m\u00b2<\/td>\n<\/tr>\n<\/tbody>\n<\/table>\n<p><img fetchpriority=\"high\" decoding=\"async\" class=\"size-full wp-image-6799\" src=\"https:\/\/rjydisplay.com\/wp-content\/uploads\/2022\/06\/RV040YGM-800-39.jpg\" alt=\"\" width=\"1500\" height=\"1063\" title=\"\"><\/p>","protected":false},"excerpt":{"rendered":"<ul>\n<li>Gr\u00f6\u00dfe: 4 Zoll runder LCD-Bildschirm<\/li>\n<li>Aufl\u00f6sung: 720*720<\/li>\n<li>Helligkeit: 800 cd\/m\u00b2<\/li>\n<li>Eingangsdaten: MIPI<\/li>\n<li>LCD-Typ: AM TFT ,TRANSMISSIV, NEGATIV<\/li>\n<\/ul>","protected":false},"featured_media":42275,"template":"","meta":[],"product_brand":[],"product_cat":[381],"product_tag":[],"class_list":{"0":"post-41040","1":"product","2":"type-product","3":"status-publish","4":"has-post-thumbnail","6":"product_cat-automotive-display","8":"first","9":"instock","10":"product-type-simple"},"ct_brands":[],"_links":{"self":[{"href":"https:\/\/rjydisplay.com\/de\/wp-json\/wp\/v2\/product\/41040","targetHints":{"allow":["GET"]}}],"collection":[{"href":"https:\/\/rjydisplay.com\/de\/wp-json\/wp\/v2\/product"}],"about":[{"href":"https:\/\/rjydisplay.com\/de\/wp-json\/wp\/v2\/types\/product"}],"wp:featuredmedia":[{"embeddable":true,"href":"https:\/\/rjydisplay.com\/de\/wp-json\/wp\/v2\/media\/42275"}],"wp:attachment":[{"href":"https:\/\/rjydisplay.com\/de\/wp-json\/wp\/v2\/media?parent=41040"}],"wp:term":[{"taxonomy":"product_brand","embeddable":true,"href":"https:\/\/rjydisplay.com\/de\/wp-json\/wp\/v2\/product_brand?post=41040"},{"taxonomy":"product_cat","embeddable":true,"href":"https:\/\/rjydisplay.com\/de\/wp-json\/wp\/v2\/product_cat?post=41040"},{"taxonomy":"product_tag","embeddable":true,"href":"https:\/\/rjydisplay.com\/de\/wp-json\/wp\/v2\/product_tag?post=41040"}],"curies":[{"name":"wp","href":"https:\/\/api.w.org\/{rel}","templated":true}]}}