{"id":41060,"date":"2025-03-24T10:20:38","date_gmt":"2025-03-24T10:20:38","guid":{"rendered":"https:\/\/rjydisplay.com\/product\/rjoytek-1-52-inch-tft-lcd-module-ips-touch-screen-lcd-display-panel\/"},"modified":"2026-04-13T07:21:12","modified_gmt":"2026-04-13T07:21:12","slug":"1-52-inch-tft-lcd-display","status":"publish","type":"product","link":"https:\/\/rjydisplay.com\/de\/produkt\/1-52-inch-tft-lcd-display\/","title":{"rendered":"1,52 Zoll TFT LCD Display - IPS Touchscreen, MIPI Schnittstelle"},"content":{"rendered":"<p>RV015L4P-TBD-24 ist ein Farb-TFT-LCD-Panel mit aktiver Matrix, einer Aufl\u00f6sung von 240*283, MIPI-Eingangsdaten und einer kleinen, diagonal gemessenen aktiven Fl\u00e4che von 1,52 Zoll mit QVGA-Aufl\u00f6sungen. Jedes Pixel ist in rote, gr\u00fcne und blaue Punkte unterteilt, die in vertikalen Streifen angeordnet sind, und dieses Panel kann 16,7 Millionen Farben anzeigen.<\/p>\n<table style=\"width: 100%; border-collapse: collapse; border-style: solid; border-color: #d6d6d6;\">\n<tbody>\n<tr>\n<td style=\"width: 50%;\">Modell<\/td>\n<td style=\"width: 50%;\">RV015L4P-TBD-24<\/td>\n<\/tr>\n<tr>\n<td style=\"width: 50%;\">Gr\u00f6\u00dfe<\/td>\n<td style=\"width: 50%;\">1.52 Zoll tft lcd Modul<\/td>\n<\/tr>\n<tr>\n<td style=\"width: 50%;\">LCD-Typ<\/td>\n<td style=\"width: 50%;\">AM TFT ,TRANSMISSIV, NEGATIV<\/td>\n<\/tr>\n<tr>\n<td style=\"width: 50%;\">Anzeigeformat<\/td>\n<td style=\"width: 50%;\">240(R,G,B)*283<\/td>\n<\/tr>\n<tr>\n<td style=\"width: 50%;\">Eingabedaten<\/td>\n<td style=\"width: 50%;\">MIPI<\/td>\n<\/tr>\n<tr>\n<td style=\"width: 50%;\">Ansichtswinkel<\/td>\n<td style=\"width: 50%;\">ALL O \"clock<\/td>\n<\/tr>\n<tr>\n<td style=\"width: 50%;\">IC-Treiber<\/td>\n<td style=\"width: 50%;\">JD9851<\/td>\n<\/tr>\n<tr>\n<td style=\"width: 50%;\">Farben anzeigen<\/td>\n<td style=\"width: 50%;\">16.7 M<\/td>\n<\/tr>\n<tr>\n<td style=\"width: 50%;\">Modul Gr\u00f6\u00dfe<\/td>\n<td style=\"width: 50%;\">27.35(W)\u00d733.97(L)\u00d71.8(T)<\/td>\n<\/tr>\n<tr>\n<td style=\"width: 50%;\">CPT Gr\u00f6\u00dfe<\/td>\n<td style=\"width: 50%;\">32.4(W)\u00d729.78(L)\u00d73.82(T)<\/td>\n<\/tr>\n<tr>\n<td style=\"width: 50%;\">Aktiver Bereich<\/td>\n<td style=\"width: 50%;\">24,91(B) \u00d729,38(L)<\/td>\n<\/tr>\n<tr>\n<td style=\"width: 50%;\">Pixel Gr\u00f6\u00dfe<\/td>\n<td style=\"width: 50%;\">0,0975 \u00d7 0,0975<\/td>\n<\/tr>\n<tr>\n<td style=\"width: 50%;\">Betriebstemperatur<\/td>\n<td style=\"width: 50%;\">-20 bis +70 \u2103<\/td>\n<\/tr>\n<tr>\n<td style=\"width: 50%;\">Lagertemperatur<\/td>\n<td style=\"width: 50%;\">-30 bis +80 \u2103<\/td>\n<\/tr>\n<\/tbody>\n<\/table>\n<p><img fetchpriority=\"high\" decoding=\"async\" class=\"aligncenter wp-image-6940 size-full\" src=\"https:\/\/rjydisplay.com\/wp-content\/uploads\/2022\/07\/RV0152L4P-TBD-24-lcd.jpg\" alt=\"\" width=\"1500\" height=\"987\" title=\"\"><\/p>","protected":false},"excerpt":{"rendered":"<ul>\n<li>Gr\u00f6\u00dfe: 1,52 Zoll tft lcd Modul<\/li>\n<li>Aufl\u00f6sung: 240*283<\/li>\n<li>Schnittstelle: MIPI<\/li>\n<li>Ber\u00fchrung: kapazitive Ber\u00fchrung<\/li>\n<li>Ansichtswinkel: ALL O \"clock<\/li>\n<li>IC-Treiber: JD9851<\/li>\n<li>LCD-Typ: AM TFT ,TRANSMISSIV, NEGATIV<\/li>\n<\/ul>","protected":false},"featured_media":42191,"template":"","meta":[],"product_brand":[],"product_cat":[184],"product_tag":[],"class_list":{"0":"post-41060","1":"product","2":"type-product","3":"status-publish","4":"has-post-thumbnail","6":"product_cat-standard-displays","8":"first","9":"instock","10":"product-type-simple"},"ct_brands":[],"_links":{"self":[{"href":"https:\/\/rjydisplay.com\/de\/wp-json\/wp\/v2\/product\/41060","targetHints":{"allow":["GET"]}}],"collection":[{"href":"https:\/\/rjydisplay.com\/de\/wp-json\/wp\/v2\/product"}],"about":[{"href":"https:\/\/rjydisplay.com\/de\/wp-json\/wp\/v2\/types\/product"}],"wp:featuredmedia":[{"embeddable":true,"href":"https:\/\/rjydisplay.com\/de\/wp-json\/wp\/v2\/media\/42191"}],"wp:attachment":[{"href":"https:\/\/rjydisplay.com\/de\/wp-json\/wp\/v2\/media?parent=41060"}],"wp:term":[{"taxonomy":"product_brand","embeddable":true,"href":"https:\/\/rjydisplay.com\/de\/wp-json\/wp\/v2\/product_brand?post=41060"},{"taxonomy":"product_cat","embeddable":true,"href":"https:\/\/rjydisplay.com\/de\/wp-json\/wp\/v2\/product_cat?post=41060"},{"taxonomy":"product_tag","embeddable":true,"href":"https:\/\/rjydisplay.com\/de\/wp-json\/wp\/v2\/product_tag?post=41060"}],"curies":[{"name":"wp","href":"https:\/\/api.w.org\/{rel}","templated":true}]}}