{"id":41102,"date":"2025-03-24T10:20:45","date_gmt":"2025-03-24T10:20:45","guid":{"rendered":"https:\/\/rjydisplay.com\/product\/5-inch-tft-lcd-display-module-480854-resolution-with-driver-board\/"},"modified":"2026-04-13T07:21:09","modified_gmt":"2026-04-13T07:21:09","slug":"5-inch-tft-lcd-display-module-with-driver-board","status":"publish","type":"product","link":"https:\/\/rjydisplay.com\/de\/produkt\/5-inch-tft-lcd-display-module-with-driver-board\/","title":{"rendered":"5-Zoll-TFT-LCD-Display-Modul - 480*854 Aufl\u00f6sung, mit Treiberkarte"},"content":{"rendered":"<p style=\"text-align: justify;\">Dieses 5-Zoll-TFT-LCD-Displaypanel ist ein quadratisches Modell mit 480*854 Aufl\u00f6sung. Es verf\u00fcgt \u00fcber eine RGB-Schnittstelle und verwendet eine wei\u00dfe LED-Hintergrundbeleuchtung in allen Betrachtungsrichtungen. Die Leuchtdichte betr\u00e4gt 300 cd\/m\u00b2, und es ist ohne Touchpanel. Falls Sie jedoch ein Touchpanel ben\u00f6tigen, sind RTP oder CTP auf Kundenwunsch m\u00f6glich. Die Schnittstelle kann entsprechend Ihren Anforderungen angepasst werden, und auch die Helligkeit kann nach Ihren Vorgaben individuell angepasst werden. Bitte teilen Sie uns einfach weitere Details mit.<\/p>\n<p>Wir bieten verschiedene Arten von LCD-Steuerplatinen und Schnittstellenadapterplatinen an. Bitte teilen Sie uns Ihre spezifischen Anforderungen mit, wenn Sie ein LCD-Modul kaufen.<\/p>","protected":false},"excerpt":{"rendered":"<ul>\n<li>Gr\u00f6\u00dfe: 5 Zoll 480*854 LCD-Bildschirm<\/li>\n<li>Helligkeit: 300nit<\/li>\n<li>Schnittstelle: RGB<\/li>\n<li>Treiber-IC: ST7701<\/li>\n<li>Ansichtsrichtung: ALLE<\/li>\n<\/ul>","protected":false},"featured_media":42051,"template":"","meta":[],"product_brand":[],"product_cat":[184],"product_tag":[],"class_list":{"0":"post-41102","1":"product","2":"type-product","3":"status-publish","4":"has-post-thumbnail","6":"product_cat-standard-displays","8":"first","9":"instock","10":"product-type-simple"},"ct_brands":[],"_links":{"self":[{"href":"https:\/\/rjydisplay.com\/de\/wp-json\/wp\/v2\/product\/41102","targetHints":{"allow":["GET"]}}],"collection":[{"href":"https:\/\/rjydisplay.com\/de\/wp-json\/wp\/v2\/product"}],"about":[{"href":"https:\/\/rjydisplay.com\/de\/wp-json\/wp\/v2\/types\/product"}],"wp:featuredmedia":[{"embeddable":true,"href":"https:\/\/rjydisplay.com\/de\/wp-json\/wp\/v2\/media\/42051"}],"wp:attachment":[{"href":"https:\/\/rjydisplay.com\/de\/wp-json\/wp\/v2\/media?parent=41102"}],"wp:term":[{"taxonomy":"product_brand","embeddable":true,"href":"https:\/\/rjydisplay.com\/de\/wp-json\/wp\/v2\/product_brand?post=41102"},{"taxonomy":"product_cat","embeddable":true,"href":"https:\/\/rjydisplay.com\/de\/wp-json\/wp\/v2\/product_cat?post=41102"},{"taxonomy":"product_tag","embeddable":true,"href":"https:\/\/rjydisplay.com\/de\/wp-json\/wp\/v2\/product_tag?post=41102"}],"curies":[{"name":"wp","href":"https:\/\/api.w.org\/{rel}","templated":true}]}}