{"id":43153,"date":"2025-06-16T01:37:05","date_gmt":"2025-06-16T01:37:05","guid":{"rendered":"https:\/\/rjydisplay.com\/?post_type=product&#038;p=43153"},"modified":"2025-06-30T02:27:41","modified_gmt":"2025-06-30T02:27:41","slug":"4-16-inch-high-brightness-lcd-module","status":"publish","type":"product","link":"https:\/\/rjydisplay.com\/de\/produkt\/4-16-inch-high-brightness-lcd-module\/","title":{"rendered":"4,16-Zoll IPS-LCD-Modul mit hoher Helligkeit - 1280\u00d7960 Aufl\u00f6sung, MIPI-Schnittstelle"},"content":{"rendered":"<p data-start=\"200\" data-end=\"607\">Die <strong data-start=\"204\" data-end=\"236\">RJY 4,16-Zoll-TFT-LCD-Modul<\/strong> ist eine leistungsstarke Display-L\u00f6sung, die auf kompakte Ger\u00e4te zugeschnitten ist, die eine scharfe Darstellung, einen gro\u00dfen Betrachtungswinkel und eine effiziente Schnittstellenanbindung erfordern. Mit einer Aufl\u00f6sung von <strong data-start=\"413\" data-end=\"432\">1280\u00d7960 Pixel<\/strong> und <strong data-start=\"437\" data-end=\"455\">MIPI-Schnittstelle<\/strong>Dieses Modul ist ideal f\u00fcr moderne Handheld-Ger\u00e4te, medizinische Visualisierungssysteme, intelligente Industriesteuerungen und HMI-Schnittstellen der n\u00e4chsten Generation.<\/p>\n<table class=\"w-fit min-w-(--thread-content-width)\" data-start=\"647\" data-end=\"1912\">\n<thead data-start=\"647\" data-end=\"717\">\n<tr data-start=\"647\" data-end=\"717\">\n<th data-start=\"647\" data-end=\"675\" data-col-size=\"sm\">Parameter<\/th>\n<th data-start=\"675\" data-end=\"717\" data-col-size=\"sm\">Spezifikation<\/th>\n<\/tr>\n<\/thead>\n<tbody data-start=\"791\" data-end=\"1912\">\n<tr data-start=\"791\" data-end=\"860\">\n<td data-start=\"791\" data-end=\"818\" data-col-size=\"sm\"><strong data-start=\"793\" data-end=\"805\">LCD Gr\u00f6\u00dfe<\/strong><\/td>\n<td data-start=\"818\" data-end=\"860\" data-col-size=\"sm\">4,16 Zoll (Diagonale)<\/td>\n<\/tr>\n<tr data-start=\"861\" data-end=\"930\">\n<td data-start=\"861\" data-end=\"888\" data-col-size=\"sm\"><strong data-start=\"863\" data-end=\"879\">Anzeigemodus<\/strong><\/td>\n<td data-start=\"888\" data-end=\"930\" data-col-size=\"sm\">Normalerweise Schwarz<\/td>\n<\/tr>\n<tr data-start=\"931\" data-end=\"1001\">\n<td data-start=\"931\" data-end=\"958\" data-col-size=\"sm\"><strong data-start=\"933\" data-end=\"947\">Aufl\u00f6sung<\/strong><\/td>\n<td data-start=\"958\" data-end=\"1001\" data-col-size=\"sm\">1280(RGB) \u00d7 960 Pixel<\/td>\n<\/tr>\n<tr data-start=\"1002\" data-end=\"1071\">\n<td data-start=\"1002\" data-end=\"1029\" data-col-size=\"sm\"><strong data-start=\"1004\" data-end=\"1019\">Pixel-Teilung<\/strong><\/td>\n<td data-col-size=\"sm\" data-start=\"1029\" data-end=\"1071\">0,066(H) \u00d7 0,066(V) mm<\/td>\n<\/tr>\n<tr data-start=\"1072\" data-end=\"1141\">\n<td data-start=\"1072\" data-end=\"1099\" data-col-size=\"sm\"><strong data-start=\"1074\" data-end=\"1095\">Pixel-Anordnung<\/strong><\/td>\n<td data-start=\"1099\" data-end=\"1141\" data-col-size=\"sm\">Vertikaler RGB-Streifen<\/td>\n<\/tr>\n<tr data-start=\"1142\" data-end=\"1210\">\n<td data-start=\"1142\" data-end=\"1169\" data-col-size=\"sm\"><strong data-start=\"1144\" data-end=\"1161\">Betrachtungswinkel<\/strong><\/td>\n<td data-start=\"1169\" data-end=\"1210\" data-col-size=\"sm\">Alle Blickrichtungen (Ultraweit)<\/td>\n<\/tr>\n<tr data-start=\"1211\" data-end=\"1280\">\n<td data-start=\"1211\" data-end=\"1238\" data-col-size=\"sm\"><strong data-start=\"1213\" data-end=\"1231\">Modul Gliederung<\/strong><\/td>\n<td data-start=\"1238\" data-end=\"1280\" data-col-size=\"sm\">90,86(H) \u00d7 72,84(V) \u00d7 3,8(T) mm<\/td>\n<\/tr>\n<tr data-start=\"1281\" data-end=\"1350\">\n<td data-start=\"1281\" data-end=\"1308\" data-col-size=\"sm\"><strong data-start=\"1283\" data-end=\"1303\">Aktiver Bereich (AA)<\/strong><\/td>\n<td data-col-size=\"sm\" data-start=\"1308\" data-end=\"1350\">48,6(H) \u00d7 64,8(V) mm<\/td>\n<\/tr>\n<tr data-start=\"1351\" data-end=\"1420\">\n<td data-start=\"1351\" data-end=\"1378\" data-col-size=\"sm\"><strong data-start=\"1353\" data-end=\"1363\">Farben<\/strong><\/td>\n<td data-start=\"1378\" data-end=\"1420\" data-col-size=\"sm\">16,7 Millionen Farben (8-Bit-Tiefe)<\/td>\n<\/tr>\n<tr data-start=\"1421\" data-end=\"1490\">\n<td data-start=\"1421\" data-end=\"1448\" data-col-size=\"sm\"><strong data-start=\"1423\" data-end=\"1436\">Schnittstelle<\/strong><\/td>\n<td data-start=\"1448\" data-end=\"1490\" data-col-size=\"sm\">MIPI (serielle Hochgeschwindigkeit)<\/td>\n<\/tr>\n<tr data-start=\"1491\" data-end=\"1560\">\n<td data-start=\"1491\" data-end=\"1518\" data-col-size=\"sm\"><strong data-start=\"1493\" data-end=\"1506\">Treiber-IC<\/strong><\/td>\n<td data-start=\"1518\" data-end=\"1560\" data-col-size=\"sm\">GH7005-01<\/td>\n<\/tr>\n<tr data-start=\"1561\" data-end=\"1630\">\n<td data-start=\"1561\" data-end=\"1588\" data-col-size=\"sm\"><strong data-start=\"1563\" data-end=\"1576\">Hintergrundbeleuchtung<\/strong><\/td>\n<td data-col-size=\"sm\" data-start=\"1588\" data-end=\"1630\">Wei\u00dfe LED<\/td>\n<\/tr>\n<tr data-start=\"1631\" data-end=\"1700\">\n<td data-start=\"1631\" data-end=\"1658\" data-col-size=\"sm\"><strong data-start=\"1633\" data-end=\"1648\">Ber\u00fchrungsbildschirm<\/strong><\/td>\n<td data-start=\"1658\" data-end=\"1700\" data-col-size=\"sm\">Kapazitive Ber\u00fchrung (optional)<\/td>\n<\/tr>\n<tr data-start=\"1701\" data-end=\"1771\">\n<td data-start=\"1701\" data-end=\"1728\" data-col-size=\"sm\"><strong data-start=\"1703\" data-end=\"1728\">Betriebstemperatur<\/strong><\/td>\n<td data-col-size=\"sm\" data-start=\"1728\" data-end=\"1771\">-20\u00b0C bis +70\u00b0C<\/td>\n<\/tr>\n<tr data-start=\"1772\" data-end=\"1842\">\n<td data-start=\"1772\" data-end=\"1799\" data-col-size=\"sm\"><strong data-start=\"1774\" data-end=\"1797\">Lagertemperatur<\/strong><\/td>\n<td data-col-size=\"sm\" data-start=\"1799\" data-end=\"1842\">-30\u00b0C bis +80\u00b0C<\/td>\n<\/tr>\n<tr data-start=\"1843\" data-end=\"1912\">\n<td data-start=\"1843\" data-end=\"1870\" data-col-size=\"sm\"><strong data-start=\"1845\" data-end=\"1859\">Einhaltung der Vorschriften<\/strong><\/td>\n<td data-col-size=\"sm\" data-start=\"1870\" data-end=\"1912\">RoHS<\/td>\n<\/tr>\n<\/tbody>\n<\/table>\n<h5 data-start=\"1919\" data-end=\"1949\"><strong data-start=\"1926\" data-end=\"1949\">Merkmale und Vorteile<\/strong><\/h5>\n<ul data-start=\"1951\" data-end=\"2968\">\n<li data-start=\"1951\" data-end=\"2115\">\n<p data-start=\"1953\" data-end=\"2115\"><strong data-start=\"1953\" data-end=\"1975\">Hohe Pixeldichte<\/strong>: Mit einem Pixelabstand von 0,066 mm liefert dieses Modul gestochen scharfe Bilder - ideal f\u00fcr die Darstellung von feinen Grafiken und datenintensiven Benutzeroberfl\u00e4chen.<\/p>\n<\/li>\n<li data-start=\"2116\" data-end=\"2281\">\n<p data-start=\"2118\" data-end=\"2281\"><strong data-start=\"2118\" data-end=\"2157\">IPS-\u00e4hnliche Leistung bei allen Betrachtungswinkeln<\/strong>: Sorgt f\u00fcr klare Lesbarkeit aus jeder Ausrichtung, geeignet f\u00fcr Ger\u00e4te, die in Rotations- oder Multi-User-Interaktionsszenarien verwendet werden.<\/p>\n<\/li>\n<li data-start=\"2282\" data-end=\"2492\">\n<p data-start=\"2284\" data-end=\"2492\"><strong data-start=\"2284\" data-end=\"2310\">Unterst\u00fctzung der MIPI-Schnittstelle<\/strong>: Die eingebettete MIPI-Schnittstelle erm\u00f6glicht eine Hochgeschwindigkeits-Daten\u00fcbertragung und h\u00e4lt gleichzeitig die Komplexit\u00e4t der Steckverbinder und des Layouts gering, was die Integration mit modernen MCUs oder SoCs einfach und effizient macht.<\/p>\n<\/li>\n<li data-start=\"2493\" data-end=\"2647\">\n<p data-start=\"2495\" data-end=\"2647\"><strong data-start=\"2495\" data-end=\"2529\">Kompakter und dennoch robuster Formfaktor<\/strong>: Das schlanke Profil (3,8 mm) erm\u00f6glicht eine enge Integration in Handheld- oder Embedded-Umgebungen, ohne die Haltbarkeit zu beeintr\u00e4chtigen.<\/p>\n<\/li>\n<li data-start=\"2648\" data-end=\"2828\">\n<p data-start=\"2650\" data-end=\"2828\"><strong data-start=\"2650\" data-end=\"2680\">Stabile Leistung im Freien<\/strong>: Mit Betriebstemperaturen von -20\u00b0C bis +70\u00b0C ist das Panel so konzipiert, dass es unter verschiedenen industriellen und halb\u00f6ffentlichen Bedingungen zuverl\u00e4ssig funktioniert.<\/p>\n<\/li>\n<li data-start=\"2829\" data-end=\"2968\">\n<p data-start=\"2831\" data-end=\"2968\"><strong data-start=\"2831\" data-end=\"2867\">Optionale Touchpanel-Integration<\/strong>: Kapazitive Touch-Unterst\u00fctzung f\u00fcr verbesserte Interaktivit\u00e4t, Gestensteuerung und UI-Flexibilit\u00e4t.<\/p>\n<\/li>\n<\/ul>\n<h5 data-start=\"2975\" data-end=\"3010\"><strong data-start=\"2982\" data-end=\"3010\">Empfohlene Anwendungen<\/strong><\/h5>\n<ul data-start=\"3012\" data-end=\"3218\">\n<li data-start=\"3012\" data-end=\"3048\">\n<p data-start=\"3014\" data-end=\"3048\">Smart-Home-Zentralsteuerungen<\/p>\n<\/li>\n<li data-start=\"3049\" data-end=\"3078\">\n<p data-start=\"3051\" data-end=\"3078\">Terminals f\u00fcr medizinische Bildgebung<\/p>\n<\/li>\n<li data-start=\"3079\" data-end=\"3127\">\n<p data-start=\"3081\" data-end=\"3127\">Industrielle Handheld-Tester und Datenlogger<\/p>\n<\/li>\n<li data-start=\"3128\" data-end=\"3154\">\n<p data-start=\"3130\" data-end=\"3154\">Kompakte HMI-Schnittstellen<\/p>\n<\/li>\n<li data-start=\"3155\" data-end=\"3186\">\n<p data-start=\"3157\" data-end=\"3186\">Tragbare \u00dcberwachungsger\u00e4te<\/p>\n<\/li>\n<li data-start=\"3187\" data-end=\"3218\">\n<p data-start=\"3189\" data-end=\"3218\">Fortschrittliche Unterhaltungselektronik<\/p>\n<\/li>\n<\/ul>\n<h5 data-start=\"3225\" data-end=\"3257\"><strong data-start=\"3232\" data-end=\"3257\">Unterst\u00fctzung bei der Anpassung<\/strong><\/h5>\n<p data-start=\"3259\" data-end=\"3299\">Ben\u00f6tigen Sie \u00c4nderungen f\u00fcr Ihre Anwendung?<\/p>\n<p data-start=\"3301\" data-end=\"3322\">RJY Display bietet:<\/p>\n<ul data-start=\"3323\" data-end=\"3534\">\n<li data-start=\"3323\" data-end=\"3368\">\n<p data-start=\"3325\" data-end=\"3368\">Abstimmung der FPC-Schnittstelle (Richtung, Anzahl der Pins)<\/p>\n<\/li>\n<li data-start=\"3369\" data-end=\"3434\">\n<p data-start=\"3371\" data-end=\"3434\">Laminierung von Abdeckscheibe und Touchpanel (kundenspezifisches Logo, Druck, Farbe)<\/p>\n<\/li>\n<li data-start=\"3435\" data-end=\"3496\">\n<p data-start=\"3437\" data-end=\"3496\">Optische Verklebung f\u00fcr Anti-Reflexion und Lesbarkeit im Freien<\/p>\n<\/li>\n<li data-start=\"3497\" data-end=\"3534\">\n<p data-start=\"3499\" data-end=\"3534\">Integration von kundenspezifischen Halterungen oder Rahmen<\/p>\n<\/li>\n<\/ul>\n<p>&nbsp;<\/p>","protected":false},"excerpt":{"rendered":"<ul>\n<li data-start=\"51\" data-end=\"82\">\n<p data-start=\"53\" data-end=\"82\"><strong data-start=\"53\" data-end=\"61\">Gr\u00f6\u00dfe<\/strong>: 4,16 Zoll TFT LCD<\/p>\n<\/li>\n<li data-start=\"83\" data-end=\"120\">\n<p data-start=\"85\" data-end=\"120\"><strong data-start=\"85\" data-end=\"99\">Aufl\u00f6sung<\/strong>: 1280 \u00d7 960 Pixel<\/p>\n<\/li>\n<li data-start=\"121\" data-end=\"165\">\n<p data-start=\"123\" data-end=\"165\"><strong data-start=\"123\" data-end=\"136\">Schnittstelle<\/strong>: MIPI, vertikaler RGB-Streifen<\/p>\n<\/li>\n<li data-start=\"166\" data-end=\"212\" data-is-last-node=\"\">\n<p data-start=\"168\" data-end=\"212\" data-is-last-node=\"\"><strong data-start=\"168\" data-end=\"182\">Ansichtswinkel<\/strong>: Alle Richtungen (breite Sicht)<\/p>\n<\/li>\n<\/ul>","protected":false},"featured_media":43359,"template":"","meta":[],"product_brand":[],"product_cat":[186],"product_tag":[],"class_list":{"0":"post-43153","1":"product","2":"type-product","3":"status-publish","4":"has-post-thumbnail","6":"product_cat-sunlight-readable-display","8":"first","9":"instock","10":"shipping-taxable","11":"product-type-simple"},"ct_brands":[],"_links":{"self":[{"href":"https:\/\/rjydisplay.com\/de\/wp-json\/wp\/v2\/product\/43153","targetHints":{"allow":["GET"]}}],"collection":[{"href":"https:\/\/rjydisplay.com\/de\/wp-json\/wp\/v2\/product"}],"about":[{"href":"https:\/\/rjydisplay.com\/de\/wp-json\/wp\/v2\/types\/product"}],"wp:featuredmedia":[{"embeddable":true,"href":"https:\/\/rjydisplay.com\/de\/wp-json\/wp\/v2\/media\/43359"}],"wp:attachment":[{"href":"https:\/\/rjydisplay.com\/de\/wp-json\/wp\/v2\/media?parent=43153"}],"wp:term":[{"taxonomy":"product_brand","embeddable":true,"href":"https:\/\/rjydisplay.com\/de\/wp-json\/wp\/v2\/product_brand?post=43153"},{"taxonomy":"product_cat","embeddable":true,"href":"https:\/\/rjydisplay.com\/de\/wp-json\/wp\/v2\/product_cat?post=43153"},{"taxonomy":"product_tag","embeddable":true,"href":"https:\/\/rjydisplay.com\/de\/wp-json\/wp\/v2\/product_tag?post=43153"}],"curies":[{"name":"wp","href":"https:\/\/api.w.org\/{rel}","templated":true}]}}