{"id":43643,"date":"2025-08-11T05:51:40","date_gmt":"2025-08-11T05:51:40","guid":{"rendered":"https:\/\/rjydisplay.com\/?post_type=product&#038;p=43643"},"modified":"2026-04-13T07:20:56","modified_gmt":"2026-04-13T07:20:56","slug":"8-inch-round-lcd-display","status":"publish","type":"product","link":"https:\/\/rjydisplay.com\/de\/produkt\/8-inch-round-lcd-display\/","title":{"rendered":"8-Zoll rundes LCD-Display \u2013 Hohe Aufl\u00f6sung 1080*1080, MIPI-Schnittstelle"},"content":{"rendered":"<p data-start=\"848\" data-end=\"903\">Rundes Design mit gro\u00dfz\u00fcgigem Betrachtungsbereich<\/p>\n<p data-start=\"905\" data-end=\"1225\">Das Display weist eine\u00a0<strong data-start=\"929\" data-end=\"987\">Au\u00dfenma\u00dfe von 219,3 mm (H) \u00d7 224,02 mm (V) \u00d7 4,0 mm (T) auf<\/strong>und bietet eine gro\u00dfz\u00fcgige\u00a0<strong data-start=\"1009\" data-end=\"1053\">aktive Displayfl\u00e4che von 208,1 mm \u00d7 208,1 mm<\/strong>Der\u00a0<strong data-start=\"1059\" data-end=\"1087\">8-Zoll runde Formfaktor<\/strong>\u00a0setzt sich von traditionellen rechteckigen Bildschirmen ab und erm\u00f6glicht Produktdesignern die Entwicklung innovativer und visuell eindrucksvoller Benutzeroberfl\u00e4chen.<\/p>\n<hr data-start=\"1227\" data-end=\"1230\" \/>\n<p data-start=\"1232\" data-end=\"1280\">Full HD-Aufl\u00f6sung f\u00fcr kristallklare Details<\/p>\n<p data-start=\"1282\" data-end=\"1585\">Mit\u00a0<strong data-start=\"1287\" data-end=\"1324\">1080(H) \u00d7 3(RGB) \u00d7 1080(V) Pixel<\/strong>\u00a0sowie eine feine\u00a0<strong data-start=\"1336\" data-end=\"1362\">Pixelpunktdichte von 192,6 \u00b5m<\/strong>liefert dieses Display\u00a0<strong data-start=\"1386\" data-end=\"1410\">echte Full HD-Klarheit<\/strong>\u00a0in runder Form. Die\u00a0<strong data-start=\"1437\" data-end=\"1469\">RGB-Streifen-Pixelanordnung<\/strong>\u00a0gew\u00e4hrleistet eine pr\u00e4zise Farbwiedergabe und unterst\u00fctzt eine beeindruckende\u00a0<strong data-start=\"1532\" data-end=\"1555\">16,7 Millionen Farben<\/strong>\u00a0f\u00fcr satte, lebensechte Visuals.<\/p>\n<hr data-start=\"1587\" data-end=\"1590\" \/>\n<p data-start=\"1592\" data-end=\"1634\">Hoher Kontrast und breite Betrachtungswinkel<\/p>\n<p data-start=\"1636\" data-end=\"1986\">Ausgestattet mit einer\u00a0<strong data-start=\"1649\" data-end=\"1680\">Normalerweise schwarzer Anzeigemodus<\/strong>erreicht das Panel ein\u00a0<strong data-start=\"1703\" data-end=\"1739\">typisches Kontrastverh\u00e4ltnis von 1000:1<\/strong>und erzeugt tiefe Schwarzt\u00f6ne und lebendige Farben. Die\u00a0<strong data-start=\"1785\" data-end=\"1804\">85\u00b0\/85\u00b0\/85\u00b0\/85\u00b0<\/strong>\u00a0Betrachtungswinkelleistung stellt sicher, dass Inhalte aus jeder Perspektive scharf und konsistent bleiben \u2013 ideal f\u00fcr Armaturenbrett-Displays, Instrumententafeln und \u00f6ffentliche Informationssysteme.<\/p>\n<hr data-start=\"1988\" data-end=\"1991\" \/>\n<p data-start=\"1993\" data-end=\"2023\">Fl\u00fcssige visuelle Leistung<\/p>\n<p data-start=\"2025\" data-end=\"2279\">Mit einem\u00a0<strong data-start=\"2032\" data-end=\"2065\">maximale Ansprechzeit von 35 ms<\/strong>bietet das Display ein fl\u00fcssiges Wiedergabeerlebnis f\u00fcr Animationen, UI-\u00dcberg\u00e4nge und moderate Videoabspielung. Die\u00a0<strong data-start=\"2168\" data-end=\"2209\">grauinversionsfreie Betrachtungsrichtung<\/strong>\u00a0gew\u00e4hrleistet eine gleichm\u00e4\u00dfige Bildqualit\u00e4t ohne Verzerrung oder Farbverschiebung.<\/p>\n<hr data-start=\"2281\" data-end=\"2284\" \/>\n<p data-start=\"2286\" data-end=\"2327\">Nahtlose MIPI-Schnittstellenkonnektivit\u00e4t<\/p>\n<p data-start=\"2329\" data-end=\"2569\">Das Panel ist ausgestattet mit einem\u00a0<strong data-start=\"2358\" data-end=\"2376\">MIPI-Schnittstelle<\/strong>\u00a0und wird durch den\u00a0<strong data-start=\"2396\" data-end=\"2420\">FT8006S-AA-Treiber-IC betrieben<\/strong>, was eine Hochgeschwindigkeits-Daten\u00fcbertragung mit niedrigem Stromverbrauch gew\u00e4hrleistet. Dies macht es kompatibel mit einer Vielzahl moderner Embedded-Systeme und SoCs.<\/p>\n<hr data-start=\"2571\" data-end=\"2574\" \/>\n<p data-start=\"2576\" data-end=\"2632\">Ausgewogene Helligkeit f\u00fcr Innen- und Teil-Au\u00dfenbereiche<\/p>\n<p data-start=\"2634\" data-end=\"2928\">Mit einer\u00a0<strong data-start=\"2647\" data-end=\"2673\">Leuchtdichte von 300 cd\/m\u00b2<\/strong>eignet sich das Display ideal f\u00fcr Innen- und Teil-Au\u00dfenbereiche und bietet klare Sichtbarkeit ohne \u00fcberm\u00e4\u00dfigen Energieverbrauch. Die Oberfl\u00e4chenbehandlung ist\u00a0<strong data-start=\"2827\" data-end=\"2833\">nicht angegeben (NA)<\/strong>, was Integratoren erm\u00f6glicht, ihr bevorzugtes Deckglas oder Antireflexbeschichtungen nach Bedarf anzubringen.<\/p>\n<hr data-start=\"2930\" data-end=\"2933\" \/>\n<p data-start=\"2935\" data-end=\"2959\">Ziel-Anwendungen<\/p>\n<p data-start=\"2961\" data-end=\"3023\">Die\u00a0<strong data-start=\"2965\" data-end=\"2993\">Das 8-Zoll runde TFT-Display<\/strong>\u00a0ist eine ausgezeichnete Wahl f\u00fcr:<\/p>\n<ul data-start=\"3024\" data-end=\"3257\">\n<li data-start=\"3024\" data-end=\"3066\">\n<p data-start=\"3026\" data-end=\"3066\">Automobile digitale Instrumentcluster<\/p>\n<\/li>\n<li data-start=\"3067\" data-end=\"3108\">\n<p data-start=\"3069\" data-end=\"3108\">Marine Navigations- und Steuerungssysteme<\/p>\n<\/li>\n<li data-start=\"3109\" data-end=\"3142\">\n<p data-start=\"3111\" data-end=\"3142\">Industrielle Steuerungsschnittstellen<\/p>\n<\/li>\n<li data-start=\"3143\" data-end=\"3175\">\n<p data-start=\"3145\" data-end=\"3175\">Medizinische Diagnoseger\u00e4te<\/p>\n<\/li>\n<li data-start=\"3176\" data-end=\"3209\">\n<p data-start=\"3178\" data-end=\"3209\">Hochwertige Unterhaltungselektronik<\/p>\n<\/li>\n<li data-start=\"3210\" data-end=\"3257\">\n<p data-start=\"3212\" data-end=\"3257\">\u00d6ffentliche Informationsterminals und Smart Devices<\/p>\n<\/li>\n<\/ul>\n<hr data-start=\"3259\" data-end=\"3262\" \/>\n<p data-start=\"3264\" data-end=\"3281\">Verf\u00fcgbarkeit<\/p>\n<p data-start=\"3283\" data-end=\"3547\">Die neue\u00a0<strong data-start=\"3291\" data-end=\"3323\">8-Zoll rundes TFT-LCD-Display<\/strong>\u00a0ist jetzt f\u00fcr Musteranfragen und Serienproduktionsauftr\u00e4ge verf\u00fcgbar. Unser Engineering-Team bietet vollst\u00e4ndige technische Dokumentation, Integrationssupport und Anpassungsdienstleistungen, um Kunden bei der Umsetzung ihrer Produktkonzepte zu unterst\u00fctzen.<\/p>","protected":false},"excerpt":{"rendered":"<ul>\n<li data-start=\"0\" data-end=\"20\">\n<p data-start=\"2\" data-end=\"20\"><strong data-start=\"2\" data-end=\"11\" data-is-only-node=\"\">Gr\u00f6\u00dfe:<\/strong> 8 Zoll<\/p>\n<\/li>\n<li data-start=\"21\" data-end=\"50\">\n<p data-start=\"23\" data-end=\"50\"><strong data-start=\"23\" data-end=\"38\" data-is-only-node=\"\">Aufl\u00f6sung:<\/strong> 1080\u00d71080<\/p>\n<\/li>\n<li data-start=\"51\" data-end=\"80\">\n<p data-start=\"53\" data-end=\"80\"><strong data-start=\"53\" data-end=\"68\" data-is-only-node=\"\">Helligkeit:<\/strong> 300 cd\/m\u00b2<\/p>\n<\/li>\n<li data-start=\"81\" data-end=\"119\">\n<p data-start=\"83\" data-end=\"119\"><strong data-start=\"83\" data-end=\"101\" data-is-only-node=\"\">Betrachtungswinkel:<\/strong> 85\u00b0\/85\u00b0\/85\u00b0\/85\u00b0<\/p>\n<\/li>\n<li data-start=\"120\" data-end=\"143\" data-is-last-node=\"\">\n<p data-start=\"122\" data-end=\"143\" data-is-last-node=\"\"><strong data-start=\"122\" data-end=\"136\" data-is-only-node=\"\">Schnittstelle:<\/strong> MIPI<\/p>\n<\/li>\n<\/ul>","protected":false},"featured_media":43648,"template":"","meta":[],"product_brand":[],"product_cat":[185],"product_tag":[495],"class_list":{"0":"post-43643","1":"product","2":"type-product","3":"status-publish","4":"has-post-thumbnail","6":"product_cat-round-display","7":"product_tag-new-display","9":"first","10":"instock","11":"shipping-taxable","12":"product-type-simple"},"ct_brands":[],"_links":{"self":[{"href":"https:\/\/rjydisplay.com\/de\/wp-json\/wp\/v2\/product\/43643","targetHints":{"allow":["GET"]}}],"collection":[{"href":"https:\/\/rjydisplay.com\/de\/wp-json\/wp\/v2\/product"}],"about":[{"href":"https:\/\/rjydisplay.com\/de\/wp-json\/wp\/v2\/types\/product"}],"wp:featuredmedia":[{"embeddable":true,"href":"https:\/\/rjydisplay.com\/de\/wp-json\/wp\/v2\/media\/43648"}],"wp:attachment":[{"href":"https:\/\/rjydisplay.com\/de\/wp-json\/wp\/v2\/media?parent=43643"}],"wp:term":[{"taxonomy":"product_brand","embeddable":true,"href":"https:\/\/rjydisplay.com\/de\/wp-json\/wp\/v2\/product_brand?post=43643"},{"taxonomy":"product_cat","embeddable":true,"href":"https:\/\/rjydisplay.com\/de\/wp-json\/wp\/v2\/product_cat?post=43643"},{"taxonomy":"product_tag","embeddable":true,"href":"https:\/\/rjydisplay.com\/de\/wp-json\/wp\/v2\/product_tag?post=43643"}],"curies":[{"name":"wp","href":"https:\/\/api.w.org\/{rel}","templated":true}]}}