{"id":40597,"date":"2025-03-24T10:20:14","date_gmt":"2025-03-24T10:20:14","guid":{"rendered":"https:\/\/rjydisplay.com\/?post_type=product&#038;p=40597"},"modified":"2026-04-13T07:21:24","modified_gmt":"2026-04-13T07:21:24","slug":"7-inch-tft-lcd-display","status":"publish","type":"product","link":"https:\/\/rjydisplay.com\/es\/producto\/7-inch-tft-lcd-display\/","title":{"rendered":"Pantalla TFT LCD de 7 pulgadas \u2013 Pantalla LCD 1200*1920 Legible a la Luz Solar, Panel LCD de 7 pulgadas"},"content":{"rendered":"<p style=\"text-align: justify;\">El RV070WUM-K25-40 es una pantalla LCD TFT legible a la luz solar con un brillo de 2500nit, y la luminancia es un par\u00e1metro personalizable aceptable; tambi\u00e9n puede obtener diferentes niveles como 800nit, 1000nit, 2000nit u otros, seg\u00fan sus requisitos.<\/p>\n<p style=\"text-align: justify;\">Esta pantalla TFT de 7 pulgadas con resoluci\u00f3n 1200\u00d71920 tiene interfaz MIPI, y la funci\u00f3n t\u00e1ctil es opcional; normalmente es panel t\u00e1ctil capacitivo, pero tambi\u00e9n aceptamos personalizaciones como RTP, t\u00e1ctil simple y multit\u00e1ctil, entre otros. Ofrecemos diferentes personalizaciones de placa LCD, placa HDMI, placa de control funcional, placa Android, etc.<\/p>\n<h3>Par\u00e1metros<\/h3>\n<table style=\"border-collapse: collapse; width: 91.8382%; height: 373px;\" border=\"0\" width=\"466\" cellspacing=\"0\" cellpadding=\"0\">\n<tbody>\n<tr style=\"height: 27.75pt;\">\n<td class=\"et3\" style=\"height: 23px; width: 45.6789%; border-style: solid; border-color: #6ccfeb;\" width=\"226\" height=\"37\">Modelo<\/td>\n<td class=\"et3\" style=\"width: 241.247%; height: 23px; border-style: solid; border-color: #6ccfeb;\" width=\"240\">RV070WUM-K25-40<\/td>\n<\/tr>\n<tr style=\"height: 27.75pt;\">\n<td class=\"et4\" style=\"height: 27px; width: 45.6789%; border-style: solid; border-color: #6ccfeb;\" height=\"37\">Tama\u00f1o de pantalla<\/td>\n<td class=\"et5\" style=\"width: 241.247%; height: 27px; border-style: solid; border-color: #6ccfeb;\">7 pulgadas<\/td>\n<\/tr>\n<tr style=\"height: 27.75pt;\">\n<td class=\"et4\" style=\"height: 27px; width: 45.6789%; border-style: solid; border-color: #6ccfeb;\" height=\"37\">N\u00famero de p\u00edxeles<\/td>\n<td class=\"et5\" style=\"width: 241.247%; height: 27px; border-style: solid; border-color: #6ccfeb;\">1200(Al) RGB \u00d7 1920(An)<\/td>\n<\/tr>\n<tr style=\"height: 27.75pt;\">\n<td class=\"et4\" style=\"height: 27px; width: 45.6789%; border-style: solid; border-color: #6ccfeb;\" height=\"37\">\u00c1rea activa<\/td>\n<td class=\"et5\" style=\"width: 241.247%; height: 27px; border-style: solid; border-color: #6ccfeb;\">94.5(An) \u00d7 151.2(Al)<\/td>\n<\/tr>\n<tr style=\"height: 26px;\">\n<td style=\"width: 45.6789%; border-style: solid; border-color: #6ccfeb; height: 26px;\">Tama\u00f1o del P\u00edxel<\/td>\n<td style=\"width: 241.247%; border-style: solid; border-color: #6ccfeb; height: 26px;\">78.5 (An) \u00d7 78.5(Al)<\/td>\n<\/tr>\n<tr style=\"height: 27.75pt;\">\n<td class=\"et4\" style=\"height: 27px; width: 45.6789%; border-style: solid; border-color: #6ccfeb;\" height=\"37\">Tama\u00f1o del M\u00f3dulo<\/td>\n<td class=\"et6\" style=\"width: 241.247%; height: 27px; border-style: solid; border-color: #6ccfeb;\" width=\"240\">108.00(An) \u00d7 163.55(Al) \u00d7 4.2(Esp)<\/td>\n<\/tr>\n<tr style=\"height: 27.75pt;\">\n<td class=\"et4\" style=\"height: 27px; width: 45.6789%; border-style: solid; border-color: #6ccfeb;\" height=\"37\">Tipo de LCD<\/td>\n<td class=\"et5\" style=\"width: 241.247%; height: 27px; border-style: solid; border-color: #6ccfeb;\">TFT<\/td>\n<\/tr>\n<tr style=\"height: 27.75pt;\">\n<td class=\"et4\" style=\"height: 27px; width: 45.6789%; border-style: solid; border-color: #6ccfeb;\" height=\"37\">Colores de visualizaci\u00f3n<\/td>\n<td class=\"et5\" style=\"width: 241.247%; height: 27px; border-style: solid; border-color: #6ccfeb;\">COLOR VERDADERO 16,7M<\/td>\n<\/tr>\n<tr style=\"height: 27.75pt;\">\n<td class=\"et4\" style=\"height: 27px; width: 45.6789%; border-style: solid; border-color: #6ccfeb;\" height=\"37\">Modo de visualizaci\u00f3n<\/td>\n<td class=\"et5\" style=\"width: 241.247%; height: 27px; border-style: solid; border-color: #6ccfeb;\">Normalmente negro<\/td>\n<\/tr>\n<tr style=\"height: 27.75pt;\">\n<td class=\"et4\" style=\"height: 27px; width: 45.6789%; border-style: solid; border-color: #6ccfeb;\" height=\"37\">Interfaz<\/td>\n<td class=\"et5\" style=\"width: 241.247%; height: 27px; border-style: solid; border-color: #6ccfeb;\">Interfaz MIPI-4LaneI<\/td>\n<\/tr>\n<tr style=\"height: 27.75pt;\">\n<td class=\"et4\" style=\"height: 27px; width: 45.6789%; border-style: solid; border-color: #6ccfeb;\" height=\"37\">Temperatura ambiente de funcionamiento<\/td>\n<td class=\"et5\" style=\"width: 241.247%; height: 27px; border-style: solid; border-color: #6ccfeb;\">\u00a0-20 a +70 \u2103<\/td>\n<\/tr>\n<tr style=\"height: 27.75pt;\">\n<td class=\"et4\" style=\"height: 27px; width: 45.6789%; border-style: solid; border-color: #6ccfeb;\" height=\"37\">Temperatura de almacenamiento<\/td>\n<td class=\"et5\" style=\"width: 241.247%; height: 27px; border-style: solid; border-color: #6ccfeb;\">-30 a +80 \u2103<\/td>\n<\/tr>\n<tr style=\"height: 27.75pt;\">\n<td class=\"et4\" style=\"height: 27px; width: 45.6789%; border-style: solid; border-color: #6ccfeb;\" height=\"37\">Pines<\/td>\n<td class=\"et5\" style=\"width: 241.247%; height: 27px; border-style: solid; border-color: #6ccfeb;\">40 pines<\/td>\n<\/tr>\n<tr style=\"height: 27.75pt;\">\n<td class=\"et4\" style=\"height: 27px; width: 45.6789%; border-style: solid; border-color: #6ccfeb;\" height=\"37\">Brillo<\/td>\n<td class=\"et5\" style=\"width: 241.247%; height: 27px; border-style: solid; border-color: #6ccfeb;\">2500 nits<\/td>\n<\/tr>\n<\/tbody>\n<\/table>\n<p>&nbsp;<\/p>","protected":false},"excerpt":{"rendered":"<ul>\n<li>Tama\u00f1o: Panel LCD TFT de 7 pulgadas<\/li>\n<li>Resoluci\u00f3n: 1200*1920<\/li>\n<li>Brillo: 2500nit \/ personalizable<\/li>\n<li>T\u00e1ctil \/ No t\u00e1ctil<\/li>\n<li>Con placa HDMI<\/li>\n<li>Interfaz: MIPI-4Lane<\/li>\n<li>\u00c1rea activa LCD: 94.5(An) \u00d7 151.2(Al)<\/li>\n<\/ul>","protected":false},"featured_media":42204,"template":"","meta":[],"product_brand":[],"product_cat":[186],"product_tag":[],"class_list":{"0":"post-40597","1":"product","2":"type-product","3":"status-publish","4":"has-post-thumbnail","6":"product_cat-sunlight-readable-display","8":"first","9":"instock","10":"product-type-simple"},"ct_brands":[],"_links":{"self":[{"href":"https:\/\/rjydisplay.com\/es\/wp-json\/wp\/v2\/product\/40597","targetHints":{"allow":["GET"]}}],"collection":[{"href":"https:\/\/rjydisplay.com\/es\/wp-json\/wp\/v2\/product"}],"about":[{"href":"https:\/\/rjydisplay.com\/es\/wp-json\/wp\/v2\/types\/product"}],"wp:featuredmedia":[{"embeddable":true,"href":"https:\/\/rjydisplay.com\/es\/wp-json\/wp\/v2\/media\/42204"}],"wp:attachment":[{"href":"https:\/\/rjydisplay.com\/es\/wp-json\/wp\/v2\/media?parent=40597"}],"wp:term":[{"taxonomy":"product_brand","embeddable":true,"href":"https:\/\/rjydisplay.com\/es\/wp-json\/wp\/v2\/product_brand?post=40597"},{"taxonomy":"product_cat","embeddable":true,"href":"https:\/\/rjydisplay.com\/es\/wp-json\/wp\/v2\/product_cat?post=40597"},{"taxonomy":"product_tag","embeddable":true,"href":"https:\/\/rjydisplay.com\/es\/wp-json\/wp\/v2\/product_tag?post=40597"}],"curies":[{"name":"wp","href":"https:\/\/api.w.org\/{rel}","templated":true}]}}