{"id":40607,"date":"2025-03-24T10:20:37","date_gmt":"2025-03-24T10:20:37","guid":{"rendered":"https:\/\/rjydisplay.com\/?post_type=product&#038;p=40607"},"modified":"2025-04-09T03:31:06","modified_gmt":"2025-04-09T03:31:06","slug":"2-6-inch-tft-lcd-display","status":"publish","type":"product","link":"https:\/\/rjydisplay.com\/es\/producto\/2-6-inch-tft-lcd-display\/","title":{"rendered":"Pantalla TFT LCD de 2.6 pulgadas \u2013 320*240, interfaz SPI\/MCU\/RGB"},"content":{"rendered":"<p>RV026LOP-300-51 es un panel TFT-LCD de matriz activa en color de 2,6 pulgadas, con resoluci\u00f3n cuadrada de 320*240; se trata de un panel LCD t\u00e1ctil. Cada p\u00edxel se divide en puntos Rojo, Verde y Azul dispuestos en franjas verticales, y este panel puede mostrar 16,7 millones de colores.<\/p>\n<table style=\"width: 100%; border-collapse: collapse; border-style: solid; border-color: #e3dede;\">\n<tbody>\n<tr>\n<td style=\"width: 50%;\">Modelo<\/td>\n<td style=\"width: 50%;\">RV026LOP-300-51<\/td>\n<\/tr>\n<tr>\n<td style=\"width: 50%;\">Tama\u00f1o<\/td>\n<td style=\"width: 50%;\">M\u00f3dulo LCD TFT de 2,6 pulgadas<\/td>\n<\/tr>\n<tr>\n<td style=\"width: 50%;\">Tipo de LCD<\/td>\n<td style=\"width: 50%;\">AM TFT, TRANSMISIVO, NEGATIVO<\/td>\n<\/tr>\n<tr>\n<td style=\"width: 50%;\">Formato de Pantalla<\/td>\n<td style=\"width: 50%;\">320(R,G,B)*240<\/td>\n<\/tr>\n<tr>\n<td style=\"width: 50%;\">Datos de Entrada<\/td>\n<td style=\"width: 50%;\">SPI\/MCU\/RGB<\/td>\n<\/tr>\n<tr>\n<td style=\"width: 50%;\">\u00c1ngulo de Visi\u00f3n<\/td>\n<td style=\"width: 50%;\">6 en punto<\/td>\n<\/tr>\n<tr>\n<td style=\"width: 50%;\">Circuito Integrado Controlador<\/td>\n<td style=\"width: 50%;\">ILI9342<\/td>\n<\/tr>\n<tr>\n<td style=\"width: 50%;\">Colores de visualizaci\u00f3n<\/td>\n<td style=\"width: 50%;\">16.7 M<\/td>\n<\/tr>\n<tr>\n<td style=\"width: 50%;\">Tama\u00f1o del M\u00f3dulo<\/td>\n<td style=\"width: 50%;\">57,6(A)\u00d750,15(L)\u00d72,35(E)<\/td>\n<\/tr>\n<tr>\n<td style=\"width: 50%;\">\u00c1rea activa<\/td>\n<td style=\"width: 50%;\">52,8(A) \u00d739,6(L)<\/td>\n<\/tr>\n<tr>\n<td style=\"width: 50%;\">Tama\u00f1o del P\u00edxel<\/td>\n<td style=\"width: 50%;\">0.0975\u00d70.0975<\/td>\n<\/tr>\n<tr>\n<td style=\"width: 50%;\">Temperatura de operaci\u00f3n<\/td>\n<td style=\"width: 50%;\">-20 a +60 \u2103<\/td>\n<\/tr>\n<tr>\n<td style=\"width: 50%;\">Temperatura de almacenamiento<\/td>\n<td style=\"width: 50%;\">-30 a +70 \u2103<\/td>\n<\/tr>\n<tr>\n<td style=\"width: 50%;\">Luminancia del LCM<\/td>\n<td style=\"width: 50%;\">300 cd\/m\u00b2<\/td>\n<\/tr>\n<tr>\n<td style=\"width: 50%;\">T\u00e1ctil<\/td>\n<td style=\"width: 50%;\">con pantalla t\u00e1ctil<\/td>\n<\/tr>\n<\/tbody>\n<\/table>","protected":false},"excerpt":{"rendered":"<ul>\n<li>Tama\u00f1o: Pantalla t\u00e1ctil de 2,6 pulgadas<\/li>\n<li>Resoluci\u00f3n: 320*240<\/li>\n<li>Brillo: 300 cd\/m\u00b2<\/li>\n<li>Con funci\u00f3n t\u00e1ctil<\/li>\n<li>Entrada de datos: SPI\/MCU\/RGB<\/li>\n<li>Controlador IC: ILI9342<\/li>\n<li>Tipo de LCD: AM TFT, TRANSMISIVO, NEGATIVO<\/li>\n<\/ul>","protected":false},"featured_media":42304,"template":"","meta":[],"product_brand":[],"product_cat":[184],"product_tag":[],"class_list":{"0":"post-40607","1":"product","2":"type-product","3":"status-publish","4":"has-post-thumbnail","6":"product_cat-standard-displays","8":"first","9":"instock","10":"product-type-simple"},"ct_brands":[],"_links":{"self":[{"href":"https:\/\/rjydisplay.com\/es\/wp-json\/wp\/v2\/product\/40607","targetHints":{"allow":["GET"]}}],"collection":[{"href":"https:\/\/rjydisplay.com\/es\/wp-json\/wp\/v2\/product"}],"about":[{"href":"https:\/\/rjydisplay.com\/es\/wp-json\/wp\/v2\/types\/product"}],"wp:featuredmedia":[{"embeddable":true,"href":"https:\/\/rjydisplay.com\/es\/wp-json\/wp\/v2\/media\/42304"}],"wp:attachment":[{"href":"https:\/\/rjydisplay.com\/es\/wp-json\/wp\/v2\/media?parent=40607"}],"wp:term":[{"taxonomy":"product_brand","embeddable":true,"href":"https:\/\/rjydisplay.com\/es\/wp-json\/wp\/v2\/product_brand?post=40607"},{"taxonomy":"product_cat","embeddable":true,"href":"https:\/\/rjydisplay.com\/es\/wp-json\/wp\/v2\/product_cat?post=40607"},{"taxonomy":"product_tag","embeddable":true,"href":"https:\/\/rjydisplay.com\/es\/wp-json\/wp\/v2\/product_tag?post=40607"}],"curies":[{"name":"wp","href":"https:\/\/api.w.org\/{rel}","templated":true}]}}