{"id":40658,"date":"2025-03-24T10:20:30","date_gmt":"2025-03-24T10:20:30","guid":{"rendered":"https:\/\/rjydisplay.com\/?post_type=product&#038;p=40658"},"modified":"2025-04-11T06:53:57","modified_gmt":"2025-04-11T06:53:57","slug":"10-1-inch-automotive-tft-lcd-display","status":"publish","type":"product","link":"https:\/\/rjydisplay.com\/es\/producto\/10-1-inch-automotive-tft-lcd-display\/","title":{"rendered":"Pantalla LCD TFT automotriz de 10.1 pulgadas \u2013 Panel de visualizaci\u00f3n frontal para autom\u00f3vil, pantalla LCD para cuadro de instrumentos, tablero digital multimedia"},"content":{"rendered":"<p>RV101LBP-480-40 es una pantalla para tablero de autom\u00f3vil, tambi\u00e9n es una pantalla TFT-LCD. Normalmente se utiliza en instrumentos digitales de veloc\u00edmetro para autom\u00f3viles.<\/p>\n<p>Con pantalla TFT LCD de 10.1 pulgadas, resoluci\u00f3n 440*1920, interfaz MIPI, 40 pines con pantalla t\u00e1ctil capacitiva.<\/p>\n<table style=\"width: 100%; border-collapse: collapse; border-style: solid; border-color: #e3dcdc;\">\n<tbody>\n<tr>\n<td style=\"width: 50%;\">Modelo<\/td>\n<td style=\"width: 50%;\">RV101LBP-480-40<\/td>\n<\/tr>\n<tr>\n<td style=\"width: 50%;\">Tama\u00f1o<\/td>\n<td style=\"width: 50%;\">Panel TFT LCD de 10.1 pulgadas para autom\u00f3vil<\/td>\n<\/tr>\n<tr>\n<td style=\"width: 50%;\">Tipo de LCD<\/td>\n<td style=\"width: 50%;\">AM TFT, TRANSMISIVO, NEGATIVO<\/td>\n<\/tr>\n<tr>\n<td style=\"width: 50%;\">Formato de Pantalla<\/td>\n<td style=\"width: 50%;\">440(R,G,B)*1920<\/td>\n<\/tr>\n<tr>\n<td style=\"width: 50%;\">Datos de Entrada<\/td>\n<td style=\"width: 50%;\">MIPI<\/td>\n<\/tr>\n<tr>\n<td style=\"width: 50%;\">\u00c1ngulo de Visi\u00f3n<\/td>\n<td style=\"width: 50%;\">Todas las horas (en todas direcciones)<\/td>\n<\/tr>\n<tr>\n<td style=\"width: 50%;\">Circuito Integrado Controlador<\/td>\n<td style=\"width: 50%;\">circuito integrado controlador ICN9707<\/td>\n<\/tr>\n<tr>\n<td style=\"width: 50%;\">Colores de visualizaci\u00f3n<\/td>\n<td style=\"width: 50%;\">16.7M<\/td>\n<\/tr>\n<tr>\n<td style=\"width: 50%;\">Tama\u00f1o del M\u00f3dulo<\/td>\n<td style=\"width: 50%;\">267(W)\u00d764.8(L)\u00d74.1(T)<\/td>\n<\/tr>\n<tr>\n<td style=\"width: 50%;\">\u00c1rea activa<\/td>\n<td style=\"width: 50%;\">252.86(W) \u00d757.95(L)<\/td>\n<\/tr>\n<tr>\n<td style=\"width: 50%;\">Tama\u00f1o del P\u00edxel<\/td>\n<td style=\"width: 50%;\">0.047*0.141<\/td>\n<\/tr>\n<tr>\n<td style=\"width: 50%;\">Temperatura de operaci\u00f3n<\/td>\n<td style=\"width: 50%;\">-20 a +80<\/td>\n<\/tr>\n<tr>\n<td style=\"width: 50%;\">Temperatura de almacenamiento<\/td>\n<td style=\"width: 50%;\">-30 a +80<\/td>\n<\/tr>\n<tr>\n<td style=\"width: 50%;\">Luminancia del LCM<\/td>\n<td style=\"width: 50%;\">480<\/td>\n<\/tr>\n<tr>\n<td style=\"width: 50%;\">T\u00e1ctil<\/td>\n<td style=\"width: 50%;\">con pantalla t\u00e1ctil<\/td>\n<\/tr>\n<\/tbody>\n<\/table>\n<p>&nbsp;<\/p>\n<p>&nbsp;<\/p>\n<p><img fetchpriority=\"high\" decoding=\"async\" class=\"wp-image-6753 size-full\" src=\"https:\/\/rjydisplay.com\/wp-content\/uploads\/2022\/06\/RV101LBP-480-40-5.jpg\" alt=\"\" width=\"1500\" height=\"1077\" title=\"\"><\/p>\n<p>&nbsp;<\/p>\n<p>&nbsp;<\/p>","protected":false},"excerpt":{"rendered":"<ul>\n<li>Tama\u00f1o: 10.1 pulgadas<\/li>\n<li>Resoluci\u00f3n: 440*1920<\/li>\n<li>Brillo: 550 nits<\/li>\n<li>Interfaz: MIPI<\/li>\n<li>Pantalla t\u00e1ctil: con funci\u00f3n t\u00e1ctil<\/li>\n<\/ul>","protected":false},"featured_media":42381,"template":"","meta":[],"product_brand":[],"product_cat":[381],"product_tag":[],"class_list":{"0":"post-40658","1":"product","2":"type-product","3":"status-publish","4":"has-post-thumbnail","6":"product_cat-automotive-display","8":"first","9":"instock","10":"product-type-simple"},"ct_brands":[],"_links":{"self":[{"href":"https:\/\/rjydisplay.com\/es\/wp-json\/wp\/v2\/product\/40658","targetHints":{"allow":["GET"]}}],"collection":[{"href":"https:\/\/rjydisplay.com\/es\/wp-json\/wp\/v2\/product"}],"about":[{"href":"https:\/\/rjydisplay.com\/es\/wp-json\/wp\/v2\/types\/product"}],"wp:featuredmedia":[{"embeddable":true,"href":"https:\/\/rjydisplay.com\/es\/wp-json\/wp\/v2\/media\/42381"}],"wp:attachment":[{"href":"https:\/\/rjydisplay.com\/es\/wp-json\/wp\/v2\/media?parent=40658"}],"wp:term":[{"taxonomy":"product_brand","embeddable":true,"href":"https:\/\/rjydisplay.com\/es\/wp-json\/wp\/v2\/product_brand?post=40658"},{"taxonomy":"product_cat","embeddable":true,"href":"https:\/\/rjydisplay.com\/es\/wp-json\/wp\/v2\/product_cat?post=40658"},{"taxonomy":"product_tag","embeddable":true,"href":"https:\/\/rjydisplay.com\/es\/wp-json\/wp\/v2\/product_tag?post=40658"}],"curies":[{"name":"wp","href":"https:\/\/api.w.org\/{rel}","templated":true}]}}