{"id":40663,"date":"2025-03-24T10:20:35","date_gmt":"2025-03-24T10:20:35","guid":{"rendered":"https:\/\/rjydisplay.com\/?post_type=product&#038;p=40663"},"modified":"2026-04-13T07:21:15","modified_gmt":"2026-04-13T07:21:15","slug":"3-6-inch-round-tft-lcd-display","status":"publish","type":"product","link":"https:\/\/rjydisplay.com\/es\/producto\/3-6-inch-round-tft-lcd-display\/","title":{"rendered":"Pantalla LCD TFT redonda de 3.6 pulgadas \u2013 Panel LCD para bicicletas el\u00e9ctricas con resoluci\u00f3n 544*506"},"content":{"rendered":"<p>El modelo de pantalla RV036YHM-1000-40 es una pantalla de cristal l\u00edquido (LCD) en color de matriz activa de transistores de pel\u00edcula delgada (TFT) que utiliza silicio amorfo TFT como dispositivo de conmutaci\u00f3n. Este modelo est\u00e1 compuesto por un panel LCD TFT, un circuito de control y un sistema de retroiluminaci\u00f3n. Esta pantalla LCD TFT tiene un \u00e1rea de visualizaci\u00f3n activa medida en diagonal de 3,6 pulgadas con resoluci\u00f3n WSVGA (544 p\u00edxeles horizontales por 506 p\u00edxeles verticales).<\/p>\n<p>&nbsp;<\/p>\n<h3>APLICACI\u00d3N<\/h3>\n<ul>\n<li><strong>Control de hogar inteligente<\/strong>, Esta pantalla LCD de 3,6 pulgadas que ofrecemos presenta otra especificaci\u00f3n muy adecuada para paneles de control de hogares inteligentes, como refrigeradores, aires acondicionados, pantallas de hornos microondas o botones de interruptores inteligentes.<\/li>\n<li><strong>Pantallas Automotrices<\/strong>Automoci\u00f3n: La pantalla LCD redonda puede integrarse en salpicaderos de autom\u00f3viles o cuadros de instrumentos. Puede mostrar informaci\u00f3n diversa como velocidad, nivel de combustible, temperatura del motor y otros par\u00e1metros del veh\u00edculo.<\/li>\n<li><strong>Instrumentos industriales:<\/strong> El panel LCD TFT redondo puede utilizarse en instrumentos industriales como dispositivos de medici\u00f3n port\u00e1tiles, equipos de prueba port\u00e1tiles o paneles de control. Proporciona una interfaz clara y visualmente atractiva para la visualizaci\u00f3n de datos y la interacci\u00f3n del usuario.<\/li>\n<li><strong>Dispositivos M\u00e9dicos:<\/strong> Dispositivos m\u00e9dicos: La pantalla LCD puede emplearse en dispositivos m\u00e9dicos como monitores de pacientes, equipos m\u00e9dicos port\u00e1tiles o dispositivos de diagn\u00f3stico. Puede presentar signos vitales, resultados de pruebas u otros datos m\u00e9dicos en un formato compacto y f\u00e1cil de leer.<\/li>\n<\/ul>","protected":false},"excerpt":{"rendered":"<ul>\n<li>Configuraci\u00f3n de 3,6 pulgadas<\/li>\n<li>16,7 millones de colores<\/li>\n<li>Cumplimiento de RoHS\/Libre de Hal\u00f3genos<\/li>\n<li>Resoluci\u00f3n: 544*506<\/li>\n<li>Brillo: 1000 Cd\/m\u00b2<\/li>\n<li>Tama\u00f1o: pantalla LCD TFT redonda de 3,6 pulgadas<\/li>\n<li>Pantalla t\u00e1ctil: con funci\u00f3n t\u00e1ctil<\/li>\n<\/ul>","protected":false},"featured_media":41089,"template":"","meta":[],"product_brand":[],"product_cat":[185],"product_tag":[],"class_list":{"0":"post-40663","1":"product","2":"type-product","3":"status-publish","4":"has-post-thumbnail","6":"product_cat-round-display","8":"first","9":"instock","10":"product-type-simple"},"ct_brands":[],"_links":{"self":[{"href":"https:\/\/rjydisplay.com\/es\/wp-json\/wp\/v2\/product\/40663","targetHints":{"allow":["GET"]}}],"collection":[{"href":"https:\/\/rjydisplay.com\/es\/wp-json\/wp\/v2\/product"}],"about":[{"href":"https:\/\/rjydisplay.com\/es\/wp-json\/wp\/v2\/types\/product"}],"wp:featuredmedia":[{"embeddable":true,"href":"https:\/\/rjydisplay.com\/es\/wp-json\/wp\/v2\/media\/41089"}],"wp:attachment":[{"href":"https:\/\/rjydisplay.com\/es\/wp-json\/wp\/v2\/media?parent=40663"}],"wp:term":[{"taxonomy":"product_brand","embeddable":true,"href":"https:\/\/rjydisplay.com\/es\/wp-json\/wp\/v2\/product_brand?post=40663"},{"taxonomy":"product_cat","embeddable":true,"href":"https:\/\/rjydisplay.com\/es\/wp-json\/wp\/v2\/product_cat?post=40663"},{"taxonomy":"product_tag","embeddable":true,"href":"https:\/\/rjydisplay.com\/es\/wp-json\/wp\/v2\/product_tag?post=40663"}],"curies":[{"name":"wp","href":"https:\/\/api.w.org\/{rel}","templated":true}]}}