{"id":41025,"date":"2025-03-24T10:20:27","date_gmt":"2025-03-24T10:20:27","guid":{"rendered":"https:\/\/rjydisplay.com\/product\/rjoytek-small-bar-lcd-4-58-inch-320960-tft-bar-lcd-display-module\/"},"modified":"2025-04-08T06:55:29","modified_gmt":"2025-04-08T06:55:29","slug":"4-58-inch-bar-type-tft-lcd-display","status":"publish","type":"product","link":"https:\/\/rjydisplay.com\/es\/producto\/4-58-inch-bar-type-tft-lcd-display\/","title":{"rendered":"Pantalla LCD TFT de Tipo Barra de 4,58 pulgadas \u2013 320*960, Interfaz RGB"},"content":{"rendered":"<p style=\"text-align: justify;\">Esta pantalla LCD de barra alargada es de 4,58 pulgadas o 4,6 pulgadas, con una resoluci\u00f3n de 320*960. Su aplicaci\u00f3n habitual es en hornos, microondas, burros de microondas o refrigeradores, como pantalla para mostrar alimentos en color o en paneles de control con botones t\u00e1ctiles. Es un panel de visualizaci\u00f3n TFT transmisivo con interfaz SPI+RGB.<\/p>\n<p style=\"text-align: justify;\">Configuraci\u00f3n flexible de placas de control o placas adaptadoras con diversas interfaces, m\u00faltiples opciones de pantalla t\u00e1ctil: RTP, CTP, t\u00e1ctil simple o multit\u00e1ctil. El tratamiento superficial de dureza y el vidrio protector tambi\u00e9n pueden personalizarse seg\u00fan sus requisitos. Si tiene alguna pregunta, por favor disc\u00fatala con nosotros a tiempo.<\/p>\n<table style=\"width: 100%; border-collapse: collapse; border-style: solid; border-color: #deded9;\">\n<tbody>\n<tr>\n<td style=\"width: 50%;\">Modelo<\/td>\n<td style=\"width: 50%;\">RV046L2M-500-40<\/td>\n<\/tr>\n<tr>\n<td style=\"width: 50%;\">Tama\u00f1o<\/td>\n<td style=\"width: 50%;\">Pantalla LCD de barra de 4,58 pulgadas<\/td>\n<\/tr>\n<tr>\n<td style=\"width: 50%;\">Tipo de LCD<\/td>\n<td style=\"width: 50%;\">TFT-LCD \/ TRANSMISIVA<\/td>\n<\/tr>\n<tr>\n<td style=\"width: 50%;\">N\u00famero de Puntos<\/td>\n<td style=\"width: 50%;\">320(RGB) *960<\/td>\n<\/tr>\n<tr>\n<td style=\"width: 50%;\">Dimensiones de contorno<\/td>\n<td style=\"width: 50%;\">40,37(An)* 117,9(Al)*2,08(Esp)<\/td>\n<\/tr>\n<tr>\n<td style=\"width: 50%;\">\u00c1rea activa<\/td>\n<td style=\"width: 50%;\">36,77(An)* 110,3(Al)<\/td>\n<\/tr>\n<tr>\n<td style=\"width: 50%;\">Direcci\u00f3n de visi\u00f3n<\/td>\n<td style=\"width: 50%;\">TODAS<\/td>\n<\/tr>\n<tr>\n<td style=\"width: 50%;\">Tipo de retroiluminaci\u00f3n<\/td>\n<td style=\"width: 50%;\">LED blanco<\/td>\n<\/tr>\n<tr>\n<td style=\"width: 50%;\">Circuito integrado controlador de LCD<\/td>\n<td style=\"width: 50%;\">ST7701S<\/td>\n<\/tr>\n<tr>\n<td style=\"width: 50%;\">Tipo de interfaz<\/td>\n<td style=\"width: 50%;\">Interfaz 3SPI+RGB18BIT<\/td>\n<\/tr>\n<\/tbody>\n<\/table>\n<p>&nbsp;<\/p>\n<p>&nbsp;<\/p>\n<p><img fetchpriority=\"high\" decoding=\"async\" class=\"wp-image-6685 size-full\" src=\"https:\/\/rjydisplay.com\/wp-content\/uploads\/2022\/06\/4.58-INCH-LCD-MODULE-SPECIFICATION.jpg\" alt=\"\" width=\"1500\" height=\"850\" title=\"\"><\/p>","protected":false},"excerpt":{"rendered":"<p><strong>Tama\u00f1o:<\/strong> Pantalla LCD de 4,58 pulgadas<br \/>\n<strong>Resoluci\u00f3n:<\/strong> 320*960<br \/>\n<strong>Interfaz:<\/strong> SPI+RGB<\/p>\n<p>&nbsp;<\/p>","protected":false},"featured_media":42224,"template":"","meta":[],"product_brand":[],"product_cat":[179],"product_tag":[],"class_list":{"0":"post-41025","1":"product","2":"type-product","3":"status-publish","4":"has-post-thumbnail","6":"product_cat-bar-display","8":"first","9":"instock","10":"product-type-simple"},"ct_brands":[],"_links":{"self":[{"href":"https:\/\/rjydisplay.com\/es\/wp-json\/wp\/v2\/product\/41025","targetHints":{"allow":["GET"]}}],"collection":[{"href":"https:\/\/rjydisplay.com\/es\/wp-json\/wp\/v2\/product"}],"about":[{"href":"https:\/\/rjydisplay.com\/es\/wp-json\/wp\/v2\/types\/product"}],"wp:featuredmedia":[{"embeddable":true,"href":"https:\/\/rjydisplay.com\/es\/wp-json\/wp\/v2\/media\/42224"}],"wp:attachment":[{"href":"https:\/\/rjydisplay.com\/es\/wp-json\/wp\/v2\/media?parent=41025"}],"wp:term":[{"taxonomy":"product_brand","embeddable":true,"href":"https:\/\/rjydisplay.com\/es\/wp-json\/wp\/v2\/product_brand?post=41025"},{"taxonomy":"product_cat","embeddable":true,"href":"https:\/\/rjydisplay.com\/es\/wp-json\/wp\/v2\/product_cat?post=41025"},{"taxonomy":"product_tag","embeddable":true,"href":"https:\/\/rjydisplay.com\/es\/wp-json\/wp\/v2\/product_tag?post=41025"}],"curies":[{"name":"wp","href":"https:\/\/api.w.org\/{rel}","templated":true}]}}