{"id":41043,"date":"2025-03-24T10:20:33","date_gmt":"2025-03-24T10:20:33","guid":{"rendered":"https:\/\/rjydisplay.com\/product\/rjoytek-5-inch-round-1080p-tft-lcd-panel-lcd-module\/"},"modified":"2026-04-13T07:21:16","modified_gmt":"2026-04-13T07:21:16","slug":"5-inch-round-tft-lcd-display-3","status":"publish","type":"product","link":"https:\/\/rjydisplay.com\/es\/producto\/5-inch-round-tft-lcd-display-3\/","title":{"rendered":"Pantalla TFT LCD redonda de 5 pulgadas \u2013 Resoluci\u00f3n 1080*1080, Brillo 350 nits"},"content":{"rendered":"<p style=\"text-align: justify;\">Esta es una pantalla LCD TFT redonda de 1080p con interfaz MIPI, es una pantalla para aplicaciones inteligentes dom\u00e9sticas con tecnolog\u00eda IPS.<\/p>\n<p style=\"text-align: justify;\">El panel de pantalla LCD TFT de 5 pulgadas tiene resoluciones de 1080*1920, 800*480, 1080*1080, 720*1280, 480*854. La interfaz puede ser RGB, MCU, LVDS, HDMI, MIPI, MIPI DSI, SPI, etc.<\/p>\n<p style=\"text-align: justify;\">Estas pantallas TFT IPS de 5 pulgadas pueden personalizarse en pantalla t\u00e1ctil y brillo; el brillo de la resoluci\u00f3n 1080*1920 puede alcanzar los 2800 nits, siendo una pantalla LCD TFT legible a la luz solar.<\/p>\n<p style=\"text-align: justify;\">Ofrecemos placa HDMI, placa de control de transferencia de interfaz y placa de control de video y voz. La pantalla t\u00e1ctil admite CTP o RTP, G+F, G+G, G+FF.<\/p>\n<p style=\"text-align: justify;\">Las pantallas LCD TFT de 5\u2033 est\u00e1n disponibles en forma cuadrada y redonda, y se utilizan ampliamente en aplicaciones industriales, IoT, m\u00e9dicas, automotrices y aplicaciones inteligentes dom\u00e9sticas.<\/p>\n<p style=\"text-align: justify;\">Para m\u00e1s detalles, consulte la hoja de par\u00e1metros a continuaci\u00f3n.<\/p>\n<p><strong>Caracter\u00edsticas<\/strong><br \/>\n* Vidrio de 0.2t (Simple)<br \/>\n* Alto contraste y amplio \u00e1ngulo de visi\u00f3n<br \/>\n* Dise\u00f1o de m\u00f3dulo<br \/>\n* Conforme con RoHS<\/p>\n<table style=\"width: 100%; border-collapse: collapse; border-style: solid; border-color: #e0dede;\">\n<tbody>\n<tr>\n<td style=\"width: 50%; border-style: dotted; border-color: #918e8e;\">Modelo<\/td>\n<td style=\"width: 50%; border-style: dotted; border-color: #918e8e;\">RV050YMP-J40 -V1<\/td>\n<\/tr>\n<tr>\n<td style=\"width: 50%; border-style: dotted; border-color: #918e8e;\">Tama\u00f1o<\/td>\n<td style=\"width: 50%; border-style: dotted; border-color: #918e8e;\">M\u00f3dulo de pantalla LCD TFT redonda de 5 pulgadas<\/td>\n<\/tr>\n<tr>\n<td style=\"width: 50%; border-style: dotted; border-color: #918e8e;\">\u00c1rea activa<\/td>\n<td style=\"width: 50%; border-style: dotted; border-color: #918e8e;\">127.008 (H) \u00d7127.008 (V)<\/td>\n<\/tr>\n<tr>\n<td style=\"width: 50%; border-style: dotted; border-color: #918e8e;\">N\u00famero de p\u00edxeles<\/td>\n<td style=\"width: 50%; border-style: dotted; border-color: #918e8e;\">1080(H) RGB \u00d7 1080(V)<\/td>\n<\/tr>\n<tr>\n<td style=\"width: 50%; border-style: dotted; border-color: #918e8e;\">Paso de p\u00edxel<\/td>\n<td style=\"width: 50%; border-style: dotted; border-color: #918e8e;\">0.1176 (H) \u00d70.1176 (V)<\/td>\n<\/tr>\n<tr>\n<td style=\"width: 50%; border-style: dotted; border-color: #918e8e;\">Disposici\u00f3n de p\u00edxeles<\/td>\n<td style=\"width: 50%; border-style: dotted; border-color: #918e8e;\">1 p\u00edxel 2 dominios<\/td>\n<\/tr>\n<tr>\n<td style=\"width: 50%; border-style: dotted; border-color: #918e8e;\">Colores de visualizaci\u00f3n<\/td>\n<td style=\"width: 50%; border-style: dotted; border-color: #918e8e;\">16.7 M<\/td>\n<\/tr>\n<tr>\n<td style=\"width: 50%; border-style: dotted; border-color: #918e8e;\">Gama de colores<\/td>\n<td style=\"width: 50%; border-style: dotted; border-color: #918e8e;\">65% TP3T (m\u00edn.) 70% TP3T (t\u00edp.)<\/td>\n<\/tr>\n<tr>\n<td style=\"width: 50%; border-style: dotted; border-color: #918e8e;\">Modo de visualizaci\u00f3n<\/td>\n<td style=\"width: 50%; border-style: dotted; border-color: #918e8e;\">Normalmente negro, modo transmisivo<\/td>\n<\/tr>\n<tr>\n<td style=\"width: 50%; border-style: dotted; border-color: #918e8e;\">Contorno dimensional<\/td>\n<td style=\"width: 50%; border-style: dotted; border-color: #918e8e;\">136.531\u00d7132.208\u00d71.98<\/td>\n<\/tr>\n<tr>\n<td style=\"width: 50%; border-style: dotted; border-color: #918e8e;\">Direcci\u00f3n de visualizaci\u00f3n<\/td>\n<td style=\"width: 50%; border-style: dotted; border-color: #918e8e;\">Direcci\u00f3n de visualizaci\u00f3n libre (Arriba\/Abajo\/Izquierda\/Derecha)<\/td>\n<\/tr>\n<tr>\n<td style=\"width: 50%; border-style: dotted; border-color: #918e8e;\">Temperatura de operaci\u00f3n<\/td>\n<td style=\"width: 50%; border-style: dotted; border-color: #918e8e;\">-20 a 60 \u2103<\/td>\n<\/tr>\n<tr>\n<td style=\"width: 50%; border-style: dotted; border-color: #918e8e;\">Temperatura de almacenamiento<\/td>\n<td style=\"width: 50%; border-style: dotted; border-color: #918e8e;\">-35 a 75 \u2103<\/td>\n<\/tr>\n<tr>\n<td style=\"width: 50%; border-style: dotted; border-color: #918e8e;\">Luminancia<\/td>\n<td style=\"width: 50%; border-style: dotted; border-color: #918e8e;\">350 nits<\/td>\n<\/tr>\n<\/tbody>\n<\/table>\n<table style=\"width: 100%; border-collapse: collapse; border-style: solid; border-color: #517ded; height: 234px;\">\n<tbody>\n<tr style=\"height: 26px;\">\n<td style=\"width: 8.22773%; border-style: dotted; border-color: #75ade6; height: 26px;\"><strong>Tama\u00f1o<\/strong><\/td>\n<td style=\"width: 13.8758%; border-style: dotted; border-color: #75ade6; height: 26px;\"><strong>Modelo<\/strong><\/td>\n<td style=\"width: 13.5138%; border-style: dotted; border-color: #75ade6; height: 26px;\"><strong>Resoluci\u00f3n<\/strong><\/td>\n<td style=\"width: 11.3414%; border-style: dotted; border-color: #75ade6; height: 26px;\"><strong>Interfaz<\/strong><\/td>\n<td style=\"width: 10.4001%; border-style: dotted; border-color: #75ade6; height: 26px;\"><strong>Luminancia<\/strong><\/td>\n<td style=\"width: 12.9345%; border-style: dotted; border-color: #75ade6; height: 26px;\"><strong>Conexi\u00f3n de pines<\/strong><\/td>\n<td style=\"width: 15.9033%; border-style: dotted; border-color: #75ade6; height: 26px;\"><strong>\u00c1rea activa<\/strong><\/td>\n<td style=\"width: 13.8034%; border-style: dotted; border-color: #75ade6; height: 26px;\"><strong>Temperatura de almacenamiento<\/strong><\/td>\n<\/tr>\n<tr style=\"height: 26px;\">\n<td style=\"width: 8.22773%; border-style: dotted; border-color: #75ade6; height: 26px;\">5\u2033<\/td>\n<td style=\"width: 13.8758%; border-style: dotted; border-color: #75ade6; height: 26px;\">RV050WVM-720-50<\/td>\n<td style=\"width: 13.5138%; border-style: dotted; border-color: #75ade6; height: 26px;\">800*480<\/td>\n<td style=\"width: 11.3414%; border-style: dotted; border-color: #75ade6; height: 26px;\">RGB<\/td>\n<td style=\"width: 10.4001%; border-style: dotted; border-color: #75ade6; height: 26px;\">750 nits<\/td>\n<td style=\"width: 12.9345%; border-style: dotted; border-color: #75ade6; height: 26px;\">50 pines<\/td>\n<td style=\"width: 15.9033%; border-style: dotted; border-color: #75ade6; height: 26px;\">108*64.8<\/td>\n<td style=\"width: 13.8034%; border-style: dotted; border-color: #75ade6; height: 26px;\">-30\u2103 a 85\u2103<\/td>\n<\/tr>\n<tr style=\"height: 26px;\">\n<td style=\"width: 8.22773%; border-style: dotted; border-color: #75ade6; height: 26px;\">5\u2033<\/td>\n<td style=\"width: 13.8758%; border-style: dotted; border-color: #75ade6; height: 26px;\">RV050HDM-310-31<\/td>\n<td style=\"width: 13.5138%; border-style: dotted; border-color: #75ade6; height: 26px;\">720*1280<\/td>\n<td style=\"width: 11.3414%; border-style: dotted; border-color: #75ade6; height: 26px;\">mipi-DSI<\/td>\n<td style=\"width: 10.4001%; border-style: dotted; border-color: #75ade6; height: 26px;\">310 nits<\/td>\n<td style=\"width: 12.9345%; border-style: dotted; border-color: #75ade6; height: 26px;\">31 pines<\/td>\n<td style=\"width: 15.9033%; border-style: dotted; border-color: #75ade6; height: 26px;\">61.78\u00d7109.82<\/td>\n<td style=\"width: 13.8034%; border-style: dotted; border-color: #75ade6; height: 26px;\">-30\u2103 a 70\u2103<\/td>\n<\/tr>\n<tr style=\"height: 26px;\">\n<td style=\"width: 8.22773%; border-style: dotted; border-color: #75ade6; height: 26px;\">5\u2033<\/td>\n<td style=\"width: 13.8758%; border-style: dotted; border-color: #75ade6; height: 26px;\">RV050FWM-520-45<\/td>\n<td style=\"width: 13.5138%; border-style: dotted; border-color: #75ade6; height: 26px;\">480*854<\/td>\n<td style=\"width: 11.3414%; border-style: dotted; border-color: #75ade6; height: 26px;\">3spi+RGB<\/td>\n<td style=\"width: 10.4001%; border-style: dotted; border-color: #75ade6; height: 26px;\">520 nits<\/td>\n<td style=\"width: 12.9345%; border-style: dotted; border-color: #75ade6; height: 26px;\">45 pines<\/td>\n<td style=\"width: 15.9033%; border-style: dotted; border-color: #75ade6; height: 26px;\">61.632*109.6536<\/td>\n<td style=\"width: 13.8034%; border-style: dotted; border-color: #75ade6; height: 26px;\">-30\u2103 a 80\u2103<\/td>\n<\/tr>\n<tr style=\"height: 26px;\">\n<td style=\"width: 8.22773%; border-style: dotted; border-color: #75ade6; height: 26px;\">5\u2033<\/td>\n<td style=\"width: 13.8758%; border-style: dotted; border-color: #75ade6; height: 26px;\">RV050FHM-31-K28<\/td>\n<td style=\"width: 13.5138%; border-style: dotted; border-color: #75ade6; height: 26px;\">1080*1920<\/td>\n<td style=\"width: 11.3414%; border-style: dotted; border-color: #75ade6; height: 26px;\">MIPI<\/td>\n<td style=\"width: 10.4001%; border-style: dotted; border-color: #75ade6; height: 26px;\">2800 nits<\/td>\n<td style=\"width: 12.9345%; border-style: dotted; border-color: #75ade6; height: 26px;\">31 pines<\/td>\n<td style=\"width: 15.9033%; border-style: dotted; border-color: #75ade6; height: 26px;\">61.88*110.02<\/td>\n<td style=\"width: 13.8034%; border-style: dotted; border-color: #75ade6; height: 26px;\">-30\u2103 a 80\u2103<\/td>\n<\/tr>\n<tr style=\"height: 26px;\">\n<td style=\"width: 8.22773%; border-style: dotted; border-color: #75ade6; height: 26px;\">4.96\u2033<\/td>\n<td style=\"width: 13.8758%; border-style: dotted; border-color: #75ade6; height: 26px;\">RV050HDP-310-31<\/td>\n<td style=\"width: 13.5138%; border-style: dotted; border-color: #75ade6; height: 26px;\">720*1280<\/td>\n<td style=\"width: 11.3414%; border-style: dotted; border-color: #75ade6; height: 26px;\">mipi-DSI<\/td>\n<td style=\"width: 10.4001%; border-style: dotted; border-color: #75ade6; height: 26px;\">310 nits<\/td>\n<td style=\"width: 12.9345%; border-style: dotted; border-color: #75ade6; height: 26px;\">31 pines<\/td>\n<td style=\"width: 15.9033%; border-style: dotted; border-color: #75ade6; height: 26px;\">61.78\u00d7109.82<\/td>\n<td style=\"width: 13.8034%; border-style: dotted; border-color: #75ade6; height: 26px;\">-30\u2103 a 70\u2103<\/td>\n<\/tr>\n<tr style=\"height: 26px;\">\n<td style=\"width: 8.22773%; border-style: dotted; border-color: #75ade6; height: 26px;\">5\u2033<\/td>\n<td style=\"width: 13.8758%; border-style: dotted; border-color: #75ade6; height: 26px;\">RV050FHP-550-50<\/td>\n<td style=\"width: 13.5138%; border-style: dotted; border-color: #75ade6; height: 26px;\">1080*1920<\/td>\n<td style=\"width: 11.3414%; border-style: dotted; border-color: #75ade6; height: 26px;\">MIPI<\/td>\n<td style=\"width: 10.4001%; border-style: dotted; border-color: #75ade6; height: 26px;\">550 nits<\/td>\n<td style=\"width: 12.9345%; border-style: dotted; border-color: #75ade6; height: 26px;\">50 pines<\/td>\n<td style=\"width: 15.9033%; border-style: dotted; border-color: #75ade6; height: 26px;\">61.88 \u00d7110.02<\/td>\n<td style=\"width: 13.8034%; border-style: dotted; border-color: #75ade6; height: 26px;\">-30\u2103 a 70\u2103<\/td>\n<\/tr>\n<\/tbody>\n<\/table>\n<p>&nbsp;<\/p>","protected":false},"excerpt":{"rendered":"<ul>\n<li>Tama\u00f1o: M\u00f3dulo de pantalla LCD TFT redonda de 5 pulgadas<\/li>\n<li>Resoluci\u00f3n: 1080*1080<\/li>\n<li>Luminancia: 350 nits<\/li>\n<li>Gama de colores: 65% TP3T (m\u00edn.) 70% TP3T (t\u00edp.)<\/li>\n<li>Modo de visualizaci\u00f3n: Normalmente negro, modo transmisivo<\/li>\n<\/ul>","protected":false},"featured_media":42284,"template":"","meta":[],"product_brand":[],"product_cat":[185],"product_tag":[],"class_list":{"0":"post-41043","1":"product","2":"type-product","3":"status-publish","4":"has-post-thumbnail","6":"product_cat-round-display","8":"first","9":"instock","10":"product-type-simple"},"ct_brands":[],"_links":{"self":[{"href":"https:\/\/rjydisplay.com\/es\/wp-json\/wp\/v2\/product\/41043","targetHints":{"allow":["GET"]}}],"collection":[{"href":"https:\/\/rjydisplay.com\/es\/wp-json\/wp\/v2\/product"}],"about":[{"href":"https:\/\/rjydisplay.com\/es\/wp-json\/wp\/v2\/types\/product"}],"wp:featuredmedia":[{"embeddable":true,"href":"https:\/\/rjydisplay.com\/es\/wp-json\/wp\/v2\/media\/42284"}],"wp:attachment":[{"href":"https:\/\/rjydisplay.com\/es\/wp-json\/wp\/v2\/media?parent=41043"}],"wp:term":[{"taxonomy":"product_brand","embeddable":true,"href":"https:\/\/rjydisplay.com\/es\/wp-json\/wp\/v2\/product_brand?post=41043"},{"taxonomy":"product_cat","embeddable":true,"href":"https:\/\/rjydisplay.com\/es\/wp-json\/wp\/v2\/product_cat?post=41043"},{"taxonomy":"product_tag","embeddable":true,"href":"https:\/\/rjydisplay.com\/es\/wp-json\/wp\/v2\/product_tag?post=41043"}],"curies":[{"name":"wp","href":"https:\/\/api.w.org\/{rel}","templated":true}]}}