{"id":41046,"date":"2025-03-24T10:20:34","date_gmt":"2025-03-24T10:20:34","guid":{"rendered":"https:\/\/rjydisplay.com\/product\/10-1-inch-lcd-module-12001920-tft-lcd-screen\/"},"modified":"2026-04-13T07:21:15","modified_gmt":"2026-04-13T07:21:15","slug":"10-1-inch-lcd-module-12001920-tft-lcd-screen","status":"publish","type":"product","link":"https:\/\/rjydisplay.com\/es\/producto\/10-1-inch-lcd-module-12001920-tft-lcd-screen\/","title":{"rendered":"M\u00f3dulo LCD de 10.1 pulgadas, pantalla TFT 1200*1920"},"content":{"rendered":"<p style=\"text-align: justify\">TV101WUM-NS0 es un m\u00f3dulo LCD TFT en color que utiliza transistores de pel\u00edcula delgada como dispositivos de conmutaci\u00f3n activos. Este panel de pantalla LCD de 10.1 pulgadas con resoluci\u00f3n WUXGA 1200*1920. Con interfaz MIPI de 4 canales, visualizaci\u00f3n de color de 8 bits, la gama de color es 70.81% NTSC.<\/p>\n<p>Este m\u00f3dulo LCD TFT de 10.1 pulgadas con temperatura de almacenamiento muy baja de -55 grados hasta alta temperatura de almacenamiento de 125 grados, y con gama de color de 70.81% NTSC. Es t\u00edpicamente aplicable para tablet PC.<\/p>\n<p><span style=\"font-size: 14pt\"><strong>Caracter\u00edsticas<\/strong><\/span><\/p>\n<ul>\n<li>Interfaz MIPI de 4 canales;<\/li>\n<li>Profundidad de color de 8 bits, muestra 16.7 millones de colores<\/li>\n<li>Delgado y ligero<\/li>\n<li>Alta luminancia y relaci\u00f3n de contraste, baja reflexi\u00f3n y amplio \u00e1ngulo de visi\u00f3n<\/li>\n<li>Cumple con RoHS<\/li>\n<li>Interfaz: MIPI<\/li>\n<li>Resoluci\u00f3n: 1200*1920<\/li>\n<li>Temperatura de almacenamiento: -55 a 125 \u2103<\/li>\n<li>Gama de color: 70.81% NTSC (T\u00edp.)<\/li>\n<\/ul>\n<table style=\"width: 100%;border-collapse: collapse;border-style: solid;border-color: #ded9d9;height: 260px\">\n<tbody>\n<tr style=\"height: 26px\">\n<td style=\"width: 50%;height: 26px;border-style: solid;border-color: #409fcf\">Modelo<\/td>\n<td style=\"width: 50%;height: 26px;border-style: solid;border-color: #409fcf\">TV101WUM-NS0<\/td>\n<\/tr>\n<tr style=\"height: 26px\">\n<td style=\"width: 50%;height: 26px;border-style: solid;border-color: #409fcf\">Tama\u00f1o<\/td>\n<td style=\"width: 50%;height: 26px;border-style: solid;border-color: #409fcf\">M\u00f3dulo de pantalla LCD TFT de 10.1 pulgadas<\/td>\n<\/tr>\n<tr style=\"height: 26px\">\n<td style=\"width: 50%;height: 26px;border-style: solid;border-color: #409fcf\">\u00c1rea activa<\/td>\n<td style=\"width: 50%;height: 26px;border-style: solid;border-color: #409fcf\">135.36(H)*216.576(V)<\/td>\n<\/tr>\n<tr style=\"height: 26px\">\n<td style=\"width: 50%;height: 26px;border-style: solid;border-color: #409fcf\">N\u00famero de p\u00edxeles<\/td>\n<td style=\"width: 50%;height: 26px;border-style: solid;border-color: #409fcf\">1200(H)\u00d71920(V)<\/td>\n<\/tr>\n<tr style=\"height: 26px\">\n<td style=\"width: 50%;height: 26px;border-style: solid;border-color: #409fcf\">Paso de p\u00edxel<\/td>\n<td style=\"width: 50%;height: 26px;border-style: solid;border-color: #409fcf\">0.0376(H)\u00d7RGB\u00d70.1128(V)<\/td>\n<\/tr>\n<tr style=\"height: 26px\">\n<td style=\"width: 50%;height: 26px;border-style: solid;border-color: #409fcf\">Disposici\u00f3n de p\u00edxeles<\/td>\n<td style=\"width: 50%;height: 26px;border-style: solid;border-color: #409fcf\">Disposici\u00f3n de franjas RGB de p\u00edxeles<\/td>\n<\/tr>\n<tr style=\"height: 26px\">\n<td style=\"width: 50%;height: 26px;border-style: solid;border-color: #409fcf\">Modo de visualizaci\u00f3n<\/td>\n<td style=\"width: 50%;height: 26px;border-style: solid;border-color: #409fcf\">Normalmente Negro<\/td>\n<\/tr>\n<tr style=\"height: 26px\">\n<td style=\"width: 50%;height: 26px;border-style: solid;border-color: #409fcf\">Colores de visualizaci\u00f3n<\/td>\n<td style=\"width: 50%;height: 26px;border-style: solid;border-color: #409fcf\">16,7M (8 bits)<\/td>\n<\/tr>\n<tr style=\"height: 26px\">\n<td style=\"width: 50%;height: 26px;border-style: solid;border-color: #409fcf\">Tratamiento de Superficie<\/td>\n<td style=\"width: 50%;height: 26px;border-style: solid;border-color: #409fcf\">POL superior: AGLR<br \/>\nPOL inferior: APF<br \/>\n3H<\/td>\n<\/tr>\n<tr style=\"height: 26px\">\n<td style=\"width: 50%;height: 26px;border-style: solid;border-color: #409fcf\">Relaci\u00f3n de Contraste<\/td>\n<td style=\"width: 50%;height: 26px;border-style: solid;border-color: #409fcf\">900:1 (t\u00edp.)<\/td>\n<\/tr>\n<tr>\n<td style=\"width: 50%;border-style: solid;border-color: #409fcf\">\u00c1ngulo de visi\u00f3n (CR&gt;10)<\/td>\n<td style=\"width: 50%;border-style: solid;border-color: #409fcf\">89\/89\/89\/89 (T\u00edp.)<\/td>\n<\/tr>\n<tr>\n<td style=\"width: 50%;border-style: solid;border-color: #409fcf\">Tiempo de Respuesta<\/td>\n<td style=\"width: 50%;border-style: solid;border-color: #409fcf\">35 (M\u00e1x.)<\/td>\n<\/tr>\n<tr>\n<td style=\"width: 50%;border-style: solid;border-color: #409fcf\">Gama de colores<\/td>\n<td style=\"width: 50%;border-style: solid;border-color: #409fcf\">70.81% NTSC (T\u00edp.)<\/td>\n<\/tr>\n<tr>\n<td style=\"width: 50%;border-style: solid;border-color: #409fcf\">Brillo<\/td>\n<td style=\"width: 50%;border-style: solid;border-color: #409fcf\">360 (M\u00edn.)\/450 (T\u00edp.)\/540 (M\u00e1x.) cd\/m\u00b2<\/td>\n<\/tr>\n<tr>\n<td style=\"width: 50%;border-style: solid;border-color: #409fcf\">Uniformidad de brillo<\/td>\n<td style=\"width: 50%;border-style: solid;border-color: #409fcf\">9 puntos: m\u00ednimo 80% NTSC<\/td>\n<\/tr>\n<tr>\n<td style=\"width: 50%;border-style: solid;border-color: #409fcf\">Consumo de energ\u00eda (vatios)<\/td>\n<td style=\"width: 50%;border-style: solid;border-color: #409fcf\">LCD: 0.33 (M\u00e1x.) (Patr\u00f3n blanco)<br \/>\nBLU: 2.377W (M\u00e1x.) (sin controlador)<\/td>\n<\/tr>\n<tr>\n<td style=\"width: 50%;border-style: solid;border-color: #409fcf\">Dimensiones externas<\/td>\n<td style=\"width: 50%;border-style: solid;border-color: #409fcf\">142.32(H) x 227.376(V)<\/td>\n<\/tr>\n<tr>\n<td style=\"width: 50%;border-style: solid;border-color: #409fcf\">Temperatura de operaci\u00f3n<\/td>\n<td style=\"width: 50%;border-style: solid;border-color: #409fcf\">-20 a 85 \u2103<\/td>\n<\/tr>\n<tr>\n<td style=\"width: 50%;border-style: solid;border-color: #409fcf\">Temperatura de almacenamiento<\/td>\n<td style=\"width: 50%;border-style: solid;border-color: #409fcf\">-55 a 125 \u2103<\/td>\n<\/tr>\n<\/tbody>\n<\/table>\n<p>&nbsp;<\/p>\n<p><img fetchpriority=\"high\" decoding=\"async\" class=\"size-full wp-image-6822 aligncenter\" src=\"https:\/\/rjydisplay.com\/wp-content\/uploads\/2022\/06\/TV101WUM-NS0.jpg\" alt=\"\" width=\"1500\" height=\"1393\" title=\"\"><\/p>\n<h3><strong>M\u00c1S M\u00d3DULOS LCD TFT DE 10.1 PULGADAS<\/strong><\/h3>\n<table style=\"width: 100%;border-collapse: collapse;border-style: solid;border-color: #cfc8c8;height: 104px\">\n<tbody>\n<tr style=\"height: 26px\">\n<td style=\"width: 14.2857%;text-align: center;height: 26px;border-style: solid;border-color: #9ad1e3\"><strong>Modelo<\/strong><\/td>\n<td style=\"width: 14.2857%;height: 26px;text-align: center;border-style: solid;border-color: #9ad1e3\"><strong>Tama\u00f1o<\/strong><\/td>\n<td style=\"width: 14.2857%;height: 26px;text-align: center;border-style: solid;border-color: #9ad1e3\"><strong>Resoluci\u00f3n<\/strong><\/td>\n<td style=\"width: 14.2857%;height: 26px;text-align: center;border-style: solid;border-color: #9ad1e3\"><strong>Interfaz<\/strong><\/td>\n<td style=\"width: 14.2857%;height: 26px;text-align: center;border-style: solid;border-color: #9ad1e3\"><strong>Luminancia<\/strong><\/td>\n<td style=\"width: 14.2857%;height: 26px;text-align: center;border-style: solid;border-color: #9ad1e3\"><strong>Temperatura de almacenamiento<\/strong><\/td>\n<td style=\"width: 14.2857%;height: 26px;text-align: center;border-style: solid;border-color: #9ad1e3\"><strong>\u00c1rea activa<\/strong><\/td>\n<\/tr>\n<tr style=\"height: 26px\">\n<td style=\"width: 14.2857%;height: 26px;text-align: center;border-style: solid;border-color: #9ad1e3\">PG101BS01-1 OC<\/td>\n<td style=\"width: 14.2857%;height: 26px;text-align: center;border-style: solid;border-color: #9ad1e3\">10.1 pulgadas<\/td>\n<td style=\"width: 14.2857%;height: 26px;text-align: center;border-style: solid;border-color: #9ad1e3\">800*1280<\/td>\n<td style=\"width: 14.2857%;height: 26px;text-align: center;border-style: solid;border-color: #9ad1e3\">MIPI<\/td>\n<td style=\"width: 14.2857%;height: 26px;text-align: center;border-style: solid;border-color: #9ad1e3\"><\/td>\n<td style=\"width: 14.2857%;height: 26px;text-align: center;border-style: solid;border-color: #9ad1e3\">-30-70<\/td>\n<td style=\"width: 14.2857%;height: 26px;text-align: center;border-style: solid;border-color: #9ad1e3\">135.36*216.576<\/td>\n<\/tr>\n<tr style=\"height: 26px\">\n<td style=\"width: 14.2857%;height: 26px;text-align: center;border-style: solid;border-color: #9ad1e3\">GV101WXM-N81<\/td>\n<td style=\"width: 14.2857%;height: 26px;text-align: center;border-style: solid;border-color: #9ad1e3\">10.1 pulgadas<\/td>\n<td style=\"width: 14.2857%;height: 26px;text-align: center;border-style: solid;border-color: #9ad1e3\">1280*800<\/td>\n<td style=\"width: 14.2857%;height: 26px;text-align: center;border-style: solid;border-color: #9ad1e3\">eDP<\/td>\n<td style=\"width: 14.2857%;height: 26px;text-align: center;border-style: solid;border-color: #9ad1e3\">250 nits<\/td>\n<td style=\"width: 14.2857%;height: 26px;text-align: center;border-style: solid;border-color: #9ad1e3\">-20-70<\/td>\n<td style=\"width: 14.2857%;height: 26px;text-align: center;border-style: solid;border-color: #9ad1e3\">216.96(H)*135.6(V)<\/td>\n<\/tr>\n<tr style=\"height: 26px\">\n<td style=\"width: 14.2857%;height: 26px;text-align: center;border-style: solid;border-color: #9ad1e3\">GV101WXM-N85<\/td>\n<td style=\"width: 14.2857%;height: 26px;text-align: center;border-style: solid;border-color: #9ad1e3\">10.1 pulgadas<\/td>\n<td style=\"width: 14.2857%;height: 26px;text-align: center;border-style: solid;border-color: #9ad1e3\">1280*800<\/td>\n<td style=\"width: 14.2857%;height: 26px;text-align: center;border-style: solid;border-color: #9ad1e3\">LVDS<\/td>\n<td style=\"width: 14.2857%;height: 26px;text-align: center;border-style: solid;border-color: #9ad1e3\">430 nits<\/td>\n<td style=\"width: 14.2857%;height: 26px;text-align: center;border-style: solid;border-color: #9ad1e3\">-30-70<\/td>\n<td style=\"width: 14.2857%;height: 26px;text-align: center;border-style: solid;border-color: #9ad1e3\">216.96(H)*135.6(V)<\/td>\n<\/tr>\n<\/tbody>\n<\/table>\n<p>&nbsp;<\/p>\n<h3><strong>M\u00c1S PRODUCTOS AQU\u00cd<\/strong><\/h3>\n<table style=\"border-collapse: collapse;width: 100%\">\n<tbody>\n<tr>\n<td style=\"width: 25%\"><a href=\"https:\/\/rjoytek.com\/product\/rjoytek-5-inch-round-1080p-tft-lcd-panel-lcd-module\/\" rel=\"nofollow noopener\" target=\"_blank\"><img decoding=\"async\" class=\"wp-image-6813 size-medium\" src=\"https:\/\/rjydisplay.com\/wp-content\/uploads\/2022\/06\/6-9.jpg\" alt=\"5 inch round tft lcd module\" width=\"300\" height=\"300\" title=\"\"><\/a><\/td>\n<td style=\"width: 25%\"><a href=\"https:\/\/rjoytek.com\/product\/rjoytek-12-3-inch-automotive-lcd-display-1920720-tft-lcd-module\/\" rel=\"nofollow noopener\" target=\"_blank\"><img decoding=\"async\" class=\"wp-image-6736 size-medium aligncenter\" src=\"https:\/\/rjydisplay.com\/wp-content\/uploads\/2022\/06\/1-6.jpg\" alt=\"\" width=\"300\" height=\"300\" title=\"\"><\/a><\/td>\n<td style=\"width: 25%\"><a href=\"https:\/\/rjoytek.com\/product\/rjoytek-4-3-inch-480800-tft-lcd-display-rgb-spi-interface-4-3-inch-lcd\/\" rel=\"nofollow noopener\" target=\"_blank\"><img loading=\"lazy\" decoding=\"async\" class=\"wp-image-6520 size-medium aligncenter\" src=\"https:\/\/rjydisplay.com\/wp-content\/uploads\/2025\/03\/4.3-inch-TOUCH-PANEL.jpg\" alt=\"\" width=\"300\" height=\"300\" title=\"\"><\/a><\/td>\n<td style=\"width: 25%\"><a href=\"https:\/\/rjoytek.com\/product\/7inch-tft-lcd-12001920-ips-lcd-screen-panel-high-brightness-7-lcd-module\/\" rel=\"nofollow noopener\" target=\"_blank\"><img loading=\"lazy\" decoding=\"async\" class=\"wp-image-6425 size-medium aligncenter\" src=\"https:\/\/rjydisplay.com\/wp-content\/uploads\/2022\/04\/1-3.jpg\" alt=\"\" width=\"300\" height=\"300\" title=\"\"><\/a><\/td>\n<\/tr>\n<tr>\n<td style=\"width: 25%;text-align: center\"><strong>M\u00d3DULO LCD REDONDO DE 5 PULGADAS 1080P<\/strong><\/td>\n<td style=\"width: 25%;text-align: center\"><strong>M\u00d3DULO LCD TFT DE 12.3 PULGADAS<\/strong><\/td>\n<td style=\"width: 25%;text-align: center\"><strong>PANEL LCD T\u00c1CTIL DE 4.3 PULGADAS<\/strong><\/td>\n<td style=\"width: 25%;text-align: center\"><strong>M\u00d3DULO DE PANTALLA LCD TFT DE 7 PULGADAS<\/strong><\/td>\n<\/tr>\n<\/tbody>\n<\/table>\n<p>&nbsp;<\/p>","protected":false},"excerpt":{"rendered":"<p><strong> Caracter\u00edsticas<\/strong><\/p>\n<ul>\n<li>Interfaz MIPI de 4 canales;<\/li>\n<li>Profundidad de color de 8 bits, muestra 16.7 millones de colores<\/li>\n<li>Interfaz: MIPI<\/li>\n<li>Resoluci\u00f3n: 1200*1920<\/li>\n<li>Temperatura de almacenamiento: -55 a 125 \u2103<\/li>\n<li>Gama de color: 70.81% NTSC (T\u00edp.)<\/li>\n<\/ul>\n<p><strong>Compatibilidad<\/strong><\/p>\n<ul>\n<li style=\"text-align: justify\"><span style=\"text-decoration: underline\"><span style=\"color: #0000ff;text-decoration: underline\">Con placa HDMI<\/span><\/span><\/li>\n<li style=\"text-align: justify\"><span style=\"text-decoration: underline\"><span style=\"color: #0000ff;text-decoration: underline\">Panel t\u00e1ctil personalizado<\/span><\/span><\/li>\n<li style=\"text-align: justify\"><span style=\"text-decoration: underline\"><span style=\"color: #0000ff;text-decoration: underline\">Brillo personalizado<\/span><\/span><\/li>\n<li style=\"text-align: justify\"><span style=\"text-decoration: underline\"><span style=\"color: #0000ff;text-decoration: underline\">Placa de control LCD personalizada<\/span><\/span><\/li>\n<li style=\"text-align: justify\"><span style=\"text-decoration: underline\"><span style=\"color: #0000ff;text-decoration: underline\">Obtenga pantalla LCD todo en uno<\/span><\/span><\/li>\n<\/ul>","protected":false},"featured_media":0,"template":"","meta":[],"product_brand":[],"product_cat":[15],"product_tag":[],"class_list":{"0":"post-41046","1":"product","2":"type-product","3":"status-publish","5":"product_cat-uncategorized","7":"first","8":"instock","9":"product-type-simple"},"ct_brands":[],"_links":{"self":[{"href":"https:\/\/rjydisplay.com\/es\/wp-json\/wp\/v2\/product\/41046","targetHints":{"allow":["GET"]}}],"collection":[{"href":"https:\/\/rjydisplay.com\/es\/wp-json\/wp\/v2\/product"}],"about":[{"href":"https:\/\/rjydisplay.com\/es\/wp-json\/wp\/v2\/types\/product"}],"wp:attachment":[{"href":"https:\/\/rjydisplay.com\/es\/wp-json\/wp\/v2\/media?parent=41046"}],"wp:term":[{"taxonomy":"product_brand","embeddable":true,"href":"https:\/\/rjydisplay.com\/es\/wp-json\/wp\/v2\/product_brand?post=41046"},{"taxonomy":"product_cat","embeddable":true,"href":"https:\/\/rjydisplay.com\/es\/wp-json\/wp\/v2\/product_cat?post=41046"},{"taxonomy":"product_tag","embeddable":true,"href":"https:\/\/rjydisplay.com\/es\/wp-json\/wp\/v2\/product_tag?post=41046"}],"curies":[{"name":"wp","href":"https:\/\/api.w.org\/{rel}","templated":true}]}}