{"id":41060,"date":"2025-03-24T10:20:38","date_gmt":"2025-03-24T10:20:38","guid":{"rendered":"https:\/\/rjydisplay.com\/product\/rjoytek-1-52-inch-tft-lcd-module-ips-touch-screen-lcd-display-panel\/"},"modified":"2026-04-13T07:21:12","modified_gmt":"2026-04-13T07:21:12","slug":"1-52-inch-tft-lcd-display","status":"publish","type":"product","link":"https:\/\/rjydisplay.com\/es\/producto\/1-52-inch-tft-lcd-display\/","title":{"rendered":"Pantalla LCD TFT de 1,52 pulgadas \u2013 Pantalla t\u00e1ctil IPS, Interfaz MIPI"},"content":{"rendered":"<p>RV015L4P-TBD-24 es un panel LCD TFT en color de matriz activa, con resoluci\u00f3n de 240*283, entrada de datos MIPI y un \u00e1rea activa de tama\u00f1o reducido de 1,52 pulgadas medida en diagonal con resoluciones QVGA. Cada p\u00edxel se divide en puntos Rojo, Verde y Azul, dispuestos en franjas verticales, y este panel puede mostrar 16,7 millones de colores.<\/p>\n<table style=\"width: 100%; border-collapse: collapse; border-style: solid; border-color: #d6d6d6;\">\n<tbody>\n<tr>\n<td style=\"width: 50%;\">Modelo<\/td>\n<td style=\"width: 50%;\">RV015L4P-TBD-24<\/td>\n<\/tr>\n<tr>\n<td style=\"width: 50%;\">Tama\u00f1o<\/td>\n<td style=\"width: 50%;\">M\u00f3dulo LCD TFT de 1,52 pulgadas<\/td>\n<\/tr>\n<tr>\n<td style=\"width: 50%;\">Tipo de LCD<\/td>\n<td style=\"width: 50%;\">AM TFT, TRANSMISIVO, NEGATIVO<\/td>\n<\/tr>\n<tr>\n<td style=\"width: 50%;\">Formato de Pantalla<\/td>\n<td style=\"width: 50%;\">240(R,G,B)*283<\/td>\n<\/tr>\n<tr>\n<td style=\"width: 50%;\">Datos de Entrada<\/td>\n<td style=\"width: 50%;\">MIPI<\/td>\n<\/tr>\n<tr>\n<td style=\"width: 50%;\">\u00c1ngulo de Visi\u00f3n<\/td>\n<td style=\"width: 50%;\">Todas las horas (en todas direcciones)<\/td>\n<\/tr>\n<tr>\n<td style=\"width: 50%;\">Circuito Integrado Controlador<\/td>\n<td style=\"width: 50%;\">JD9851<\/td>\n<\/tr>\n<tr>\n<td style=\"width: 50%;\">Colores de visualizaci\u00f3n<\/td>\n<td style=\"width: 50%;\">16.7 M<\/td>\n<\/tr>\n<tr>\n<td style=\"width: 50%;\">Tama\u00f1o del M\u00f3dulo<\/td>\n<td style=\"width: 50%;\">27,35(A)\u00d733,97(L)\u00d71,8(E)<\/td>\n<\/tr>\n<tr>\n<td style=\"width: 50%;\">Tama\u00f1o CPT<\/td>\n<td style=\"width: 50%;\">32,4(A)\u00d729,78(L)\u00d73,82(E)<\/td>\n<\/tr>\n<tr>\n<td style=\"width: 50%;\">\u00c1rea activa<\/td>\n<td style=\"width: 50%;\">24,91(A)\u00d729,38(L)<\/td>\n<\/tr>\n<tr>\n<td style=\"width: 50%;\">Tama\u00f1o del P\u00edxel<\/td>\n<td style=\"width: 50%;\">0.0975\u00d70.0975<\/td>\n<\/tr>\n<tr>\n<td style=\"width: 50%;\">Temperatura de operaci\u00f3n<\/td>\n<td style=\"width: 50%;\">-20 a +70 \u2103<\/td>\n<\/tr>\n<tr>\n<td style=\"width: 50%;\">Temperatura de almacenamiento<\/td>\n<td style=\"width: 50%;\">-30 a +80 \u2103<\/td>\n<\/tr>\n<\/tbody>\n<\/table>\n<p><img fetchpriority=\"high\" decoding=\"async\" class=\"aligncenter wp-image-6940 size-full\" src=\"https:\/\/rjydisplay.com\/wp-content\/uploads\/2022\/07\/RV0152L4P-TBD-24-lcd.jpg\" alt=\"\" width=\"1500\" height=\"987\" title=\"\"><\/p>","protected":false},"excerpt":{"rendered":"<ul>\n<li>Tama\u00f1o: M\u00f3dulo LCD TFT de 1,52 pulgadas<\/li>\n<li>Resoluci\u00f3n: 240*283<\/li>\n<li>Interfaz: MIPI<\/li>\n<li>Tacto: T\u00e1ctil capacitivo<\/li>\n<li>\u00c1ngulo de visi\u00f3n: Todo punto (ALL O\u2019clock)<\/li>\n<li>Controlador IC: JD9851<\/li>\n<li>Tipo de LCD: AM TFT, TRANSMISIVO, NEGATIVO<\/li>\n<\/ul>","protected":false},"featured_media":42191,"template":"","meta":[],"product_brand":[],"product_cat":[184],"product_tag":[],"class_list":{"0":"post-41060","1":"product","2":"type-product","3":"status-publish","4":"has-post-thumbnail","6":"product_cat-standard-displays","8":"first","9":"instock","10":"product-type-simple"},"ct_brands":[],"_links":{"self":[{"href":"https:\/\/rjydisplay.com\/es\/wp-json\/wp\/v2\/product\/41060","targetHints":{"allow":["GET"]}}],"collection":[{"href":"https:\/\/rjydisplay.com\/es\/wp-json\/wp\/v2\/product"}],"about":[{"href":"https:\/\/rjydisplay.com\/es\/wp-json\/wp\/v2\/types\/product"}],"wp:featuredmedia":[{"embeddable":true,"href":"https:\/\/rjydisplay.com\/es\/wp-json\/wp\/v2\/media\/42191"}],"wp:attachment":[{"href":"https:\/\/rjydisplay.com\/es\/wp-json\/wp\/v2\/media?parent=41060"}],"wp:term":[{"taxonomy":"product_brand","embeddable":true,"href":"https:\/\/rjydisplay.com\/es\/wp-json\/wp\/v2\/product_brand?post=41060"},{"taxonomy":"product_cat","embeddable":true,"href":"https:\/\/rjydisplay.com\/es\/wp-json\/wp\/v2\/product_cat?post=41060"},{"taxonomy":"product_tag","embeddable":true,"href":"https:\/\/rjydisplay.com\/es\/wp-json\/wp\/v2\/product_tag?post=41060"}],"curies":[{"name":"wp","href":"https:\/\/api.w.org\/{rel}","templated":true}]}}