{"id":41097,"date":"2025-03-24T10:20:45","date_gmt":"2025-03-24T10:20:45","guid":{"rendered":"https:\/\/rjydisplay.com\/product\/small-stretched-bar-lcd-panel-6-9-inch-2801424-bar-lcd-display\/"},"modified":"2025-04-03T08:20:41","modified_gmt":"2025-04-03T08:20:41","slug":"6-9-inch-bar-lcd-display","status":"publish","type":"product","link":"https:\/\/rjydisplay.com\/es\/producto\/6-9-inch-bar-lcd-display\/","title":{"rendered":"Pantalla LCD de Barra de 6,9 pulgadas, 280*1424, Interfaz MIPI, 40 Pines"},"content":{"rendered":"<p style=\"text-align: justify;\">RV069LFM-350-40 es un innovador panel de visualizaci\u00f3n LCD de barra alargada, TFT delgado, con retroiluminaci\u00f3n LED. Proporciona un m\u00f3dulo LCD con un tama\u00f1o de pantalla de 6.9 pulgadas para se\u00f1alizaci\u00f3n digital o paneles de control a color para refrigeradores, hornos, hornos microondas, freidoras de aire, campanas extractoras, m\u00e1quinas de caf\u00e9, etc.<\/p>\n<table style=\"width: 94.8554%; border-collapse: collapse; border-style: solid; border-color: #b0acac;\">\n<tbody>\n<tr>\n<td style=\"width: 31.5454%; border-style: solid; border-color: #d9d7d7;\">Modelo<\/td>\n<td style=\"width: 143.279%; border-style: solid; border-color: #d9d7d7;\">RV069LFM-350-40<\/td>\n<\/tr>\n<tr>\n<td style=\"width: 31.5454%; border-style: solid; border-color: #d9d7d7;\">Tama\u00f1o de LCD<\/td>\n<td style=\"width: 143.279%; border-style: solid; border-color: #d9d7d7;\">Panel de visualizaci\u00f3n LCD de barra TFT de 6.90 pulgadas<\/td>\n<\/tr>\n<tr>\n<td style=\"width: 31.5454%; border-style: solid; border-color: #d9d7d7;\">Modo de visualizaci\u00f3n<\/td>\n<td style=\"width: 143.279%; border-style: solid; border-color: #d9d7d7;\">Normalmente Negro<\/td>\n<\/tr>\n<tr>\n<td style=\"width: 31.5454%; border-style: solid; border-color: #d9d7d7;\">Resoluci\u00f3n<\/td>\n<td style=\"width: 143.279%; border-style: solid; border-color: #d9d7d7;\">280(RGB)x1424<\/td>\n<\/tr>\n<tr>\n<td style=\"width: 31.5454%; border-style: solid; border-color: #d9d7d7;\">Paso de p\u00edxel<\/td>\n<td style=\"width: 143.279%; border-style: solid; border-color: #d9d7d7;\">40(H) x3 x 120(V)<\/td>\n<\/tr>\n<tr>\n<td style=\"width: 31.5454%; border-style: solid; border-color: #d9d7d7;\">Disposici\u00f3n de p\u00edxeles<\/td>\n<td style=\"width: 143.279%; border-style: solid; border-color: #d9d7d7;\">Franja Vertical RGB<\/td>\n<\/tr>\n<tr>\n<td style=\"width: 31.5454%; border-style: solid; border-color: #d9d7d7;\">Direcci\u00f3n de visi\u00f3n<\/td>\n<td style=\"width: 143.279%; border-style: solid; border-color: #d9d7d7;\">TODAS<\/td>\n<\/tr>\n<tr>\n<td style=\"width: 31.5454%; border-style: solid; border-color: #d9d7d7;\">Dimensi\u00f3n del contorno del m\u00f3dulo<\/td>\n<td style=\"width: 143.279%; border-style: solid; border-color: #d9d7d7;\">38.20 (H)*181.47(V)*3.40(D)<\/td>\n<\/tr>\n<tr>\n<td style=\"width: 31.5454%; border-style: solid; border-color: #d9d7d7;\">\u00c1rea Activa de LCD<\/td>\n<td style=\"width: 143.279%; border-style: solid; border-color: #d9d7d7;\">33.60 (H)*170.88 (V)<\/td>\n<\/tr>\n<tr>\n<td style=\"width: 31.5454%; border-style: solid; border-color: #d9d7d7;\">Colores<\/td>\n<td style=\"width: 143.279%; border-style: solid; border-color: #d9d7d7;\">16.7M<\/td>\n<\/tr>\n<tr>\n<td style=\"width: 31.5454%; border-style: solid; border-color: #d9d7d7;\">IC Controlador<\/td>\n<td style=\"width: 143.279%; border-style: solid; border-color: #d9d7d7;\">ST7703I<\/td>\n<\/tr>\n<tr>\n<td style=\"width: 31.5454%; border-style: solid; border-color: #d9d7d7;\">Interfaz<\/td>\n<td style=\"width: 143.279%; border-style: solid; border-color: #d9d7d7;\">MIPI<\/td>\n<\/tr>\n<tr>\n<td style=\"width: 31.5454%; border-style: solid; border-color: #d9d7d7;\">Retroiluminaci\u00f3n<\/td>\n<td style=\"width: 143.279%; border-style: solid; border-color: #d9d7d7;\">LED blanco<\/td>\n<\/tr>\n<tr>\n<td style=\"width: 31.5454%; border-style: solid; border-color: #d9d7d7;\">Temperatura de operaci\u00f3n<\/td>\n<td style=\"width: 143.279%; border-style: solid; border-color: #d9d7d7;\">20\u2103~ +70\u2103<\/td>\n<\/tr>\n<tr>\n<td style=\"width: 31.5454%; border-style: solid; border-color: #d9d7d7;\">Temperatura de almacenamiento<\/td>\n<td style=\"width: 143.279%; border-style: solid; border-color: #d9d7d7;\">30\u2103~ +80\u2103<\/td>\n<\/tr>\n<tr>\n<td style=\"width: 31.5454%; border-style: solid; border-color: #d9d7d7;\">Pines<\/td>\n<td style=\"width: 143.279%; border-style: solid; border-color: #d9d7d7;\">40 pines<\/td>\n<\/tr>\n<\/tbody>\n<\/table>\n<p>&nbsp;<\/p>","protected":false},"excerpt":{"rendered":"<ul>\n<li>Tama\u00f1o: Panel LCD de barra alargada de 6.9 pulgadas<\/li>\n<li>Interfaz: MIPI<\/li>\n<li>Resoluci\u00f3n: 280(RGB)x1424<\/li>\n<li>Circuito Integrado Controlador: ST7703I<\/li>\n<li>\u00c1rea Activa de LCD: 33.60 (H)*170.88 (V) mm<\/li>\n<\/ul>","protected":false},"featured_media":42059,"template":"","meta":[],"product_brand":[],"product_cat":[179],"product_tag":[],"class_list":{"0":"post-41097","1":"product","2":"type-product","3":"status-publish","4":"has-post-thumbnail","6":"product_cat-bar-display","8":"first","9":"instock","10":"product-type-simple"},"ct_brands":[],"_links":{"self":[{"href":"https:\/\/rjydisplay.com\/es\/wp-json\/wp\/v2\/product\/41097","targetHints":{"allow":["GET"]}}],"collection":[{"href":"https:\/\/rjydisplay.com\/es\/wp-json\/wp\/v2\/product"}],"about":[{"href":"https:\/\/rjydisplay.com\/es\/wp-json\/wp\/v2\/types\/product"}],"wp:featuredmedia":[{"embeddable":true,"href":"https:\/\/rjydisplay.com\/es\/wp-json\/wp\/v2\/media\/42059"}],"wp:attachment":[{"href":"https:\/\/rjydisplay.com\/es\/wp-json\/wp\/v2\/media?parent=41097"}],"wp:term":[{"taxonomy":"product_brand","embeddable":true,"href":"https:\/\/rjydisplay.com\/es\/wp-json\/wp\/v2\/product_brand?post=41097"},{"taxonomy":"product_cat","embeddable":true,"href":"https:\/\/rjydisplay.com\/es\/wp-json\/wp\/v2\/product_cat?post=41097"},{"taxonomy":"product_tag","embeddable":true,"href":"https:\/\/rjydisplay.com\/es\/wp-json\/wp\/v2\/product_tag?post=41097"}],"curies":[{"name":"wp","href":"https:\/\/api.w.org\/{rel}","templated":true}]}}