{"id":43153,"date":"2025-06-16T01:37:05","date_gmt":"2025-06-16T01:37:05","guid":{"rendered":"https:\/\/rjydisplay.com\/?post_type=product&#038;p=43153"},"modified":"2025-06-30T02:27:41","modified_gmt":"2025-06-30T02:27:41","slug":"4-16-inch-high-brightness-lcd-module","status":"publish","type":"product","link":"https:\/\/rjydisplay.com\/es\/producto\/4-16-inch-high-brightness-lcd-module\/","title":{"rendered":"4.16-Inch High-brightness IPS LCD Module \u2013 1280\u00d7960 Resolution, MIPI Interface"},"content":{"rendered":"<p data-start=\"200\" data-end=\"607\">La <strong data-start=\"204\" data-end=\"236\">M\u00f3dulo de pantalla TFT LCD de 4,16 pulgadas RJY<\/strong> es una soluci\u00f3n de visualizaci\u00f3n de alto rendimiento dise\u00f1ada para dispositivos compactos que requieren im\u00e1genes n\u00edtidas, \u00e1ngulos de visi\u00f3n completos y una conectividad de interfaz eficiente. Con una resoluci\u00f3n de <strong data-start=\"413\" data-end=\"432\">1280\u00d7960 p\u00edxeles<\/strong> integrada y el <strong data-start=\"437\" data-end=\"455\">interfaz MIPI<\/strong>, este m\u00f3dulo es ideal para equipos port\u00e1tiles avanzados, sistemas de visualizaci\u00f3n m\u00e9dica, controladores industriales inteligentes e interfaces HMI de pr\u00f3xima generaci\u00f3n.<\/p>\n<table class=\"w-fit min-w-(--thread-content-width)\" data-start=\"647\" data-end=\"1912\">\n<thead data-start=\"647\" data-end=\"717\">\n<tr data-start=\"647\" data-end=\"717\">\n<th data-start=\"647\" data-end=\"675\" data-col-size=\"sm\">Par\u00e1metro<\/th>\n<th data-start=\"675\" data-end=\"717\" data-col-size=\"sm\">Especificaci\u00f3n<\/th>\n<\/tr>\n<\/thead>\n<tbody data-start=\"791\" data-end=\"1912\">\n<tr data-start=\"791\" data-end=\"860\">\n<td data-start=\"791\" data-end=\"818\" data-col-size=\"sm\"><strong data-start=\"793\" data-end=\"805\">Tama\u00f1o de la pantalla LCD<\/strong><\/td>\n<td data-start=\"818\" data-end=\"860\" data-col-size=\"sm\">4,16 pulgadas (Diagonal)<\/td>\n<\/tr>\n<tr data-start=\"861\" data-end=\"930\">\n<td data-start=\"861\" data-end=\"888\" data-col-size=\"sm\"><strong data-start=\"863\" data-end=\"879\">Modo de visualizaci\u00f3n<\/strong><\/td>\n<td data-start=\"888\" data-end=\"930\" data-col-size=\"sm\">Normalmente Negro<\/td>\n<\/tr>\n<tr data-start=\"931\" data-end=\"1001\">\n<td data-start=\"931\" data-end=\"958\" data-col-size=\"sm\"><strong data-start=\"933\" data-end=\"947\">Resoluci\u00f3n<\/strong><\/td>\n<td data-start=\"958\" data-end=\"1001\" data-col-size=\"sm\">1280(RGB) \u00d7 960 p\u00edxeles<\/td>\n<\/tr>\n<tr data-start=\"1002\" data-end=\"1071\">\n<td data-start=\"1002\" data-end=\"1029\" data-col-size=\"sm\"><strong data-start=\"1004\" data-end=\"1019\">Paso de p\u00edxel<\/strong><\/td>\n<td data-col-size=\"sm\" data-start=\"1029\" data-end=\"1071\">0,066(H) \u00d7 0,066(V) mm<\/td>\n<\/tr>\n<tr data-start=\"1072\" data-end=\"1141\">\n<td data-start=\"1072\" data-end=\"1099\" data-col-size=\"sm\"><strong data-start=\"1074\" data-end=\"1095\">Disposici\u00f3n de p\u00edxeles<\/strong><\/td>\n<td data-start=\"1099\" data-end=\"1141\" data-col-size=\"sm\">Franja Vertical RGB<\/td>\n<\/tr>\n<tr data-start=\"1142\" data-end=\"1210\">\n<td data-start=\"1142\" data-end=\"1169\" data-col-size=\"sm\"><strong data-start=\"1144\" data-end=\"1161\">\u00c1ngulo de Visi\u00f3n<\/strong><\/td>\n<td data-start=\"1169\" data-end=\"1210\" data-col-size=\"sm\">Omnidireccional (Ultra amplio)<\/td>\n<\/tr>\n<tr data-start=\"1211\" data-end=\"1280\">\n<td data-start=\"1211\" data-end=\"1238\" data-col-size=\"sm\"><strong data-start=\"1213\" data-end=\"1231\">Contorno del M\u00f3dulo<\/strong><\/td>\n<td data-start=\"1238\" data-end=\"1280\" data-col-size=\"sm\">90,86(H) \u00d7 72,84(V) \u00d7 3,8(D) mm<\/td>\n<\/tr>\n<tr data-start=\"1281\" data-end=\"1350\">\n<td data-start=\"1281\" data-end=\"1308\" data-col-size=\"sm\"><strong data-start=\"1283\" data-end=\"1303\">\u00c1rea Activa (AA)<\/strong><\/td>\n<td data-col-size=\"sm\" data-start=\"1308\" data-end=\"1350\">48,6(H) \u00d7 64,8(V) mm<\/td>\n<\/tr>\n<tr data-start=\"1351\" data-end=\"1420\">\n<td data-start=\"1351\" data-end=\"1378\" data-col-size=\"sm\"><strong data-start=\"1353\" data-end=\"1363\">Colores<\/strong><\/td>\n<td data-start=\"1378\" data-end=\"1420\" data-col-size=\"sm\">16,7 millones de colores (profundidad de 8 bits)<\/td>\n<\/tr>\n<tr data-start=\"1421\" data-end=\"1490\">\n<td data-start=\"1421\" data-end=\"1448\" data-col-size=\"sm\"><strong data-start=\"1423\" data-end=\"1436\">Interfaz<\/strong><\/td>\n<td data-start=\"1448\" data-end=\"1490\" data-col-size=\"sm\">MIPI (Serie de alta velocidad)<\/td>\n<\/tr>\n<tr data-start=\"1491\" data-end=\"1560\">\n<td data-start=\"1491\" data-end=\"1518\" data-col-size=\"sm\"><strong data-start=\"1493\" data-end=\"1506\">IC Controlador<\/strong><\/td>\n<td data-start=\"1518\" data-end=\"1560\" data-col-size=\"sm\">GH7005-01<\/td>\n<\/tr>\n<tr data-start=\"1561\" data-end=\"1630\">\n<td data-start=\"1561\" data-end=\"1588\" data-col-size=\"sm\"><strong data-start=\"1563\" data-end=\"1576\">Retroiluminaci\u00f3n<\/strong><\/td>\n<td data-col-size=\"sm\" data-start=\"1588\" data-end=\"1630\">LED blanco<\/td>\n<\/tr>\n<tr data-start=\"1631\" data-end=\"1700\">\n<td data-start=\"1631\" data-end=\"1658\" data-col-size=\"sm\"><strong data-start=\"1633\" data-end=\"1648\">Panel T\u00e1ctil<\/strong><\/td>\n<td data-start=\"1658\" data-end=\"1700\" data-col-size=\"sm\">T\u00e1ctil capacitivo (opcional)<\/td>\n<\/tr>\n<tr data-start=\"1701\" data-end=\"1771\">\n<td data-start=\"1701\" data-end=\"1728\" data-col-size=\"sm\"><strong data-start=\"1703\" data-end=\"1728\">Temperatura de operaci\u00f3n<\/strong><\/td>\n<td data-col-size=\"sm\" data-start=\"1728\" data-end=\"1771\">\u201320\u00b0C a +70\u00b0C<\/td>\n<\/tr>\n<tr data-start=\"1772\" data-end=\"1842\">\n<td data-start=\"1772\" data-end=\"1799\" data-col-size=\"sm\"><strong data-start=\"1774\" data-end=\"1797\">Temperatura de almacenamiento<\/strong><\/td>\n<td data-col-size=\"sm\" data-start=\"1799\" data-end=\"1842\">\u201330\u00b0C a +80\u00b0C<\/td>\n<\/tr>\n<tr data-start=\"1843\" data-end=\"1912\">\n<td data-start=\"1843\" data-end=\"1870\" data-col-size=\"sm\"><strong data-start=\"1845\" data-end=\"1859\">Conformidad<\/strong><\/td>\n<td data-col-size=\"sm\" data-start=\"1870\" data-end=\"1912\">RoHS<\/td>\n<\/tr>\n<\/tbody>\n<\/table>\n<h5 data-start=\"1919\" data-end=\"1949\"><strong data-start=\"1926\" data-end=\"1949\">Caracter\u00edsticas y Ventajas<\/strong><\/h5>\n<ul data-start=\"1951\" data-end=\"2968\">\n<li data-start=\"1951\" data-end=\"2115\">\n<p data-start=\"1953\" data-end=\"2115\"><strong data-start=\"1953\" data-end=\"1975\">Alta Densidad de P\u00edxeles<\/strong>: Con un paso de p\u00edxel de 0,066 mm, este m\u00f3dulo ofrece im\u00e1genes n\u00edtidas y definidas, ideales para representar gr\u00e1ficos detallados e interfaces de usuario con gran densidad de datos.<\/p>\n<\/li>\n<li data-start=\"2116\" data-end=\"2281\">\n<p data-start=\"2118\" data-end=\"2281\"><strong data-start=\"2118\" data-end=\"2157\">Rendimiento Similar a IPS con \u00c1ngulo de Visi\u00f3n Completo<\/strong>: Garantiza una legibilidad clara desde cualquier orientaci\u00f3n, adecuado para dispositivos utilizados en escenarios de rotaci\u00f3n o interacci\u00f3n multiusuario.<\/p>\n<\/li>\n<li data-start=\"2282\" data-end=\"2492\">\n<p data-start=\"2284\" data-end=\"2492\"><strong data-start=\"2284\" data-end=\"2310\">Soporte de Interfaz MIPI<\/strong>: La interfaz MIPI integrada permite una transmisi\u00f3n de datos de alta velocidad manteniendo baja la complejidad del conector y del dise\u00f1o, lo que simplifica y hace eficiente la integraci\u00f3n con MCU o SoC modernos.<\/p>\n<\/li>\n<li data-start=\"2493\" data-end=\"2647\">\n<p data-start=\"2495\" data-end=\"2647\"><strong data-start=\"2495\" data-end=\"2529\">Factor de Forma Compacto y Robusto<\/strong>: Perfil delgado (3,8 mm) que permite una integraci\u00f3n estrecha en entornos port\u00e1tiles o embebidos sin sacrificar la durabilidad.<\/p>\n<\/li>\n<li data-start=\"2648\" data-end=\"2828\">\n<p data-start=\"2650\" data-end=\"2828\"><strong data-start=\"2650\" data-end=\"2680\">Rendimiento Estable en Exteriores<\/strong>: Con temperaturas de funcionamiento de \u201320\u00b0C a +70\u00b0C, el panel est\u00e1 dise\u00f1ado para funcionar de manera confiable en diversas condiciones industriales y semi-exteriores.<\/p>\n<\/li>\n<li data-start=\"2829\" data-end=\"2968\">\n<p data-start=\"2831\" data-end=\"2968\"><strong data-start=\"2831\" data-end=\"2867\">Integraci\u00f3n Opcional de Panel T\u00e1ctil<\/strong>: Soporte t\u00e1ctil capacitivo disponible para una interactividad mejorada, control por gestos y flexibilidad de la interfaz de usuario.<\/p>\n<\/li>\n<\/ul>\n<h5 data-start=\"2975\" data-end=\"3010\"><strong data-start=\"2982\" data-end=\"3010\">Aplicaciones Recomendadas<\/strong><\/h5>\n<ul data-start=\"3012\" data-end=\"3218\">\n<li data-start=\"3012\" data-end=\"3048\">\n<p data-start=\"3014\" data-end=\"3048\">Unidades de control central para hogares inteligentes<\/p>\n<\/li>\n<li data-start=\"3049\" data-end=\"3078\">\n<p data-start=\"3051\" data-end=\"3078\">Terminales de im\u00e1genes m\u00e9dicas<\/p>\n<\/li>\n<li data-start=\"3079\" data-end=\"3127\">\n<p data-start=\"3081\" data-end=\"3127\">Probadores port\u00e1tiles industriales y registradores de datos<\/p>\n<\/li>\n<li data-start=\"3128\" data-end=\"3154\">\n<p data-start=\"3130\" data-end=\"3154\">Interfaces HMI compactas<\/p>\n<\/li>\n<li data-start=\"3155\" data-end=\"3186\">\n<p data-start=\"3157\" data-end=\"3186\">Dispositivos port\u00e1tiles de monitorizaci\u00f3n<\/p>\n<\/li>\n<li data-start=\"3187\" data-end=\"3218\">\n<p data-start=\"3189\" data-end=\"3218\">Electr\u00f3nica de consumo avanzada<\/p>\n<\/li>\n<\/ul>\n<h5 data-start=\"3225\" data-end=\"3257\"><strong data-start=\"3232\" data-end=\"3257\">Soporte de Personalizaci\u00f3n<\/strong><\/h5>\n<p data-start=\"3259\" data-end=\"3299\">\u00bfNecesita modificaciones para su aplicaci\u00f3n?<\/p>\n<p data-start=\"3301\" data-end=\"3322\">RJY Display ofrece:<\/p>\n<ul data-start=\"3323\" data-end=\"3534\">\n<li data-start=\"3323\" data-end=\"3368\">\n<p data-start=\"3325\" data-end=\"3368\">Ajuste de interfaz FPC (direcci\u00f3n, n\u00famero de pines)<\/p>\n<\/li>\n<li data-start=\"3369\" data-end=\"3434\">\n<p data-start=\"3371\" data-end=\"3434\">Laminaci\u00f3n de lente de cubierta y panel t\u00e1ctil (logotipo personalizado, impresi\u00f3n, color)<\/p>\n<\/li>\n<li data-start=\"3435\" data-end=\"3496\">\n<p data-start=\"3437\" data-end=\"3496\">Uni\u00f3n \u00f3ptica para anti-reflejo y legibilidad en exteriores<\/p>\n<\/li>\n<li data-start=\"3497\" data-end=\"3534\">\n<p data-start=\"3499\" data-end=\"3534\">Integraci\u00f3n de soporte o marco personalizado<\/p>\n<\/li>\n<\/ul>\n<p>&nbsp;<\/p>","protected":false},"excerpt":{"rendered":"<ul>\n<li data-start=\"51\" data-end=\"82\">\n<p data-start=\"53\" data-end=\"82\"><strong data-start=\"53\" data-end=\"61\">Tama\u00f1o<\/strong>: Pantalla TFT LCD de 4,16 pulgadas<\/p>\n<\/li>\n<li data-start=\"83\" data-end=\"120\">\n<p data-start=\"85\" data-end=\"120\"><strong data-start=\"85\" data-end=\"99\">Resoluci\u00f3n<\/strong>: 1280 \u00d7 960 p\u00edxeles<\/p>\n<\/li>\n<li data-start=\"121\" data-end=\"165\">\n<p data-start=\"123\" data-end=\"165\"><strong data-start=\"123\" data-end=\"136\">Interfaz<\/strong>: MIPI, RGB en franjas verticales<\/p>\n<\/li>\n<li data-start=\"166\" data-end=\"212\" data-is-last-node=\"\">\n<p data-start=\"168\" data-end=\"212\" data-is-last-node=\"\"><strong data-start=\"168\" data-end=\"182\">\u00c1ngulo de Visi\u00f3n<\/strong>: Omnidireccional (\u00e1ngulo de visi\u00f3n amplio)<\/p>\n<\/li>\n<\/ul>","protected":false},"featured_media":43359,"template":"","meta":[],"product_brand":[],"product_cat":[186],"product_tag":[],"class_list":{"0":"post-43153","1":"product","2":"type-product","3":"status-publish","4":"has-post-thumbnail","6":"product_cat-sunlight-readable-display","8":"first","9":"instock","10":"shipping-taxable","11":"product-type-simple"},"ct_brands":[],"_links":{"self":[{"href":"https:\/\/rjydisplay.com\/es\/wp-json\/wp\/v2\/product\/43153","targetHints":{"allow":["GET"]}}],"collection":[{"href":"https:\/\/rjydisplay.com\/es\/wp-json\/wp\/v2\/product"}],"about":[{"href":"https:\/\/rjydisplay.com\/es\/wp-json\/wp\/v2\/types\/product"}],"wp:featuredmedia":[{"embeddable":true,"href":"https:\/\/rjydisplay.com\/es\/wp-json\/wp\/v2\/media\/43359"}],"wp:attachment":[{"href":"https:\/\/rjydisplay.com\/es\/wp-json\/wp\/v2\/media?parent=43153"}],"wp:term":[{"taxonomy":"product_brand","embeddable":true,"href":"https:\/\/rjydisplay.com\/es\/wp-json\/wp\/v2\/product_brand?post=43153"},{"taxonomy":"product_cat","embeddable":true,"href":"https:\/\/rjydisplay.com\/es\/wp-json\/wp\/v2\/product_cat?post=43153"},{"taxonomy":"product_tag","embeddable":true,"href":"https:\/\/rjydisplay.com\/es\/wp-json\/wp\/v2\/product_tag?post=43153"}],"curies":[{"name":"wp","href":"https:\/\/api.w.org\/{rel}","templated":true}]}}