{"id":43804,"date":"2025-09-12T06:47:08","date_gmt":"2025-09-12T06:47:08","guid":{"rendered":"https:\/\/rjydisplay.com\/?post_type=product&#038;p=43804"},"modified":"2026-04-13T07:20:54","modified_gmt":"2026-04-13T07:20:54","slug":"rockchip-rk3562-quad-core-android-control-board","status":"publish","type":"product","link":"https:\/\/rjydisplay.com\/es\/producto\/rockchip-rk3562-quad-core-android-control-board\/","title":{"rendered":"Placa de control Android Quad-core Rockchip RK3562 \u2013 Chipset AI de 6.0 TOPS, WiFi, Bluetooth, USB 3.0"},"content":{"rendered":"<h2 data-start=\"162\" data-end=\"187\"><strong data-start=\"165\" data-end=\"185\">Descripci\u00f3n General del Producto<\/strong><\/h2>\n<p data-start=\"107\" data-end=\"632\">La\u00a0<strong>RJY-2362C<\/strong>\u00a0es una placa principal inteligente de alto rendimiento impulsada por el procesador AI Rockchip RK3562 con una Unidad de Procesamiento Neuronal (NPU) integrada. Es compatible con los sistemas operativos Android 13 y Linux. El RK3562 est\u00e1 fabricado en un proceso de 22 nm y presenta una arquitectura de cuatro n\u00facleos ARM Cortex-A53 (ARM v8.2-A, 64 bits), con velocidades de reloj de hasta 2.0 GHz. La placa incluye una GPU ARM G52 2EE y una NPU integrada que ofrece un rendimiento AI de hasta 1.0 TOPS, compatible con m\u00faltiples marcos de trabajo y herramientas de desarrollo de IA.<\/p>\n<p data-start=\"634\" data-end=\"1414\">Ofrece opciones de visualizaci\u00f3n completas, que incluyen salida LVDS 1080P e interfaces de pantalla MIPI, junto con conectividad vers\u00e1til como Ethernet, Wi-Fi, USB, RS232, RS485, expansi\u00f3n de E\/S, I2C, c\u00e1mara MIPI, control remoto por infrarrojos y sensor de gravedad. Con su potente chip AI de cuatro n\u00facleos y dise\u00f1o altamente integrado, el ZYSJ-2362C se adopta ampliamente en aplicaciones como extinci\u00f3n de incendios inteligente, obras de construcci\u00f3n inteligentes, inspecci\u00f3n industrial, veh\u00edculos aut\u00f3nomos, agricultura inteligente, clasificaci\u00f3n inteligente, rob\u00f3tica con IA, servidores en la nube, NVR inteligentes, sistemas del metaverso, PC ARM, seguridad, atenci\u00f3n m\u00e9dica, transporte, finanzas, control industrial, educaci\u00f3n y comercio minorista. Su hardware basado en plataforma y software inteligente garantizan una interacci\u00f3n fluida entre humano-computadora y red-dispositivo.<\/p>\n<hr data-start=\"1743\" data-end=\"1746\" \/>\n<h2 data-start=\"1748\" data-end=\"1781\"><strong data-start=\"1751\" data-end=\"1779\">Especificaciones T\u00e9cnicas<\/strong><\/h2>\n<div class=\"_tableContainer_1rjym_1\">\n<table>\n<thead>\n<tr>\n<th>Categor\u00eda<\/th>\n<th>Especificaci\u00f3n<\/th>\n<\/tr>\n<\/thead>\n<tbody>\n<tr>\n<td><strong>Sistema Operativo<\/strong><\/td>\n<td>Android 12.0 \/ Debian \/ Ubuntu 20.04 \/ UOS \/ Kylin \/ HarmonyOS, etc.<\/td>\n<\/tr>\n<tr>\n<td><strong>Procesador (CPU)<\/strong><\/td>\n<td>Rockchip RK3588 (8\u202fnm LPP), CPU ARM octa-core de 64 bits, 4\u00d7Cortex-A76 + 4\u00d7Cortex-A55, hasta 2.4\u202fGHz<\/td>\n<\/tr>\n<tr>\n<td><strong>GPU<\/strong><\/td>\n<td>Mali-G610 MP4 quad-core, soporta OpenGLES3.2, OpenVG1.1, OpenCL2.2, 450 GFLOPS<\/td>\n<\/tr>\n<tr>\n<td><strong>NPU (IA)<\/strong><\/td>\n<td>Unidad de Procesamiento Neuronal integrada, soporta INT4\/INT8\/INT16\/FP16, 6.0 TOPS, compatible con Caffe\/MxNet\/TensorFlow\/TF Lite\/ONNX\/Darknet, incluye herramientas de desarrollo de IA<\/td>\n<\/tr>\n<tr>\n<td><strong>Memoria (RAM)<\/strong><\/td>\n<td>LPDDR4 4\u202fGB (opciones: 8\u202fGB\/16\u202fGB\/32\u202fGB)<\/td>\n<\/tr>\n<tr>\n<td><strong>Almacenamiento<\/strong><\/td>\n<td>eMMC 32\u202fGB (opciones: 64\u202fGB\/128\u202fGB\/256\u202fGB), expansi\u00f3n por disco duro SATA<\/td>\n<\/tr>\n<tr>\n<td><strong>Expansi\u00f3n<\/strong><\/td>\n<td>PCIe M.2 de 4 carriles, soporta m\u00f3dulos de tama\u00f1o M.2 2242\/2260<\/td>\n<\/tr>\n<tr>\n<td><strong>Conectividad de Red<\/strong><\/td>\n<td>Doble Ethernet Gigabit, Wi-Fi de doble banda 2.4G\/5G (Wi-Fi6 opcional), Bluetooth 5.0, 4G LTE (opcional), 5G NR (opcional)<\/td>\n<\/tr>\n<tr>\n<td><strong>GPS<\/strong><\/td>\n<td>M\u00f3dulo GPS\/BD integrado, sensibilidad -162\u202fdBm, frecuencia 1575,42\u202fMHz, 20 canales, precisi\u00f3n &lt;10\u202fm (opcional)<\/td>\n<\/tr>\n<tr>\n<td><strong>Interfaces de Pantalla<\/strong><\/td>\n<td>1\u00d7eDP 1.3 (4 lanes, 3,3\u202fV\/5\u202fV), 1\u00d7LVDS (simple\/doble, 6\/8 bits, 1080P60Hz, 3,3\u202fV\/5\u202fV\/12\u202fV), 1\u00d7salida HDMI 2.1 8K60Hz, 1\u00d7entrada HDMI 2.0 4K60Hz, 1\u00d7salida MIPI 5,7\u202fGbps, soporte para m\u00faltiples pantallas<\/td>\n<\/tr>\n<tr>\n<td><strong>Retroiluminaci\u00f3n y Audio<\/strong><\/td>\n<td>Retroiluminaci\u00f3n a bordo de 12\u202fV, 1\u00d7salida de audio (2\u00d718\u202fW 4\u202f\u03a9), 1\u00d7salida para auriculares, 2\u00d7entradas de micr\u00f3fono<\/td>\n<\/tr>\n<tr>\n<td><strong>C\u00e1mara<\/strong><\/td>\n<td>1\u00d7entrada para c\u00e1mara MIPI (hasta 48\u202fMP, opcional), soporte para c\u00e1mara USB (opcional)<\/td>\n<\/tr>\n<tr>\n<td><strong>Puertos USB<\/strong><\/td>\n<td>6\u00d7USB 2.0 HOST, 1\u00d7USB 2.0 CPU, 1\u00d7USB 3.0 CPU, 1\u00d7USB 3.0 OTG<\/td>\n<\/tr>\n<tr>\n<td><strong>PCIe \/ SIM<\/strong><\/td>\n<td>1\u00d7Mini PCIe para m\u00f3dulo 4G\/5G LTE, 1\u00d7ranura para tarjeta SIM, soporta eSIM<\/td>\n<\/tr>\n<tr>\n<td><strong>IR<\/strong><\/td>\n<td>1\u00d7receptor infrarrojo, soporta control remoto<\/td>\n<\/tr>\n<tr>\n<td><strong>LED y Botones<\/strong><\/td>\n<td>1\u00d7LED de encendido (rojo), 1\u00d7LED del sistema (azul parpadeante), botones de reinicio\/encendido\/actualizaci\u00f3n<\/td>\n<\/tr>\n<tr>\n<td><strong>Serie y Expansi\u00f3n de E\/S<\/strong><\/td>\n<td>4\u00d7RS232, 3\u00d7RS485, 2\u00d7UART (TTL), 1\u00d7CAN, 1\u00d7I2C, 1\u00d7AD, 8\u00d7expansi\u00f3n de E\/S, 4\u00d7puertos de alta corriente 5\/12\u202fV<\/td>\n<\/tr>\n<tr>\n<td><strong>Interfaces para Ventilador \/ Luz<\/strong><\/td>\n<td>Soporta control de ventilador y luz de 5\u202fV\/12\u202fV<\/td>\n<\/tr>\n<tr>\n<td><strong>Fuente de Alimentaci\u00f3n<\/strong><\/td>\n<td>Entrada CA 100\u2013240\u202fV 50\u201360\u202fHz, salida CC 12\u202fV\/2\u202fA, soporta encendido autom\u00e1tico o por pulsaci\u00f3n de tecla<\/td>\n<\/tr>\n<tr>\n<td><strong>Entorno Operativo<\/strong><\/td>\n<td>Temperatura de funcionamiento: -10<del>70\u202f\u00b0C, Temperatura de almacenamiento: -20<\/del>70\u202f\u00b0C, Humedad de almacenamiento: 10%-80%<\/td>\n<\/tr>\n<tr>\n<td><strong>Dimensiones<\/strong><\/td>\n<td>160\u00d7105\u00d720\u202fmm<\/td>\n<\/tr>\n<tr>\n<td><strong>Multimedia<\/strong><\/td>\n<td>Soporta decodificaci\u00f3n H.265\/H.264 8K 60\u202ffps, codificaci\u00f3n H.265\/H.264 8K 30\u202ffps, decodificaci\u00f3n\/codificaci\u00f3n simult\u00e1nea del mismo c\u00f3dec, hasta 32\u00d71080P30fps de decodificaci\u00f3n y 16\u00d71080P60fps de codificaci\u00f3n<\/td>\n<\/tr>\n<tr>\n<td><strong>Caracter\u00edsticas del Sistema<\/strong><\/td>\n<td>Soporte multiling\u00fce, teclado est\u00e1ndar de Android, m\u00e9todos de entrada de terceros opcionales, Android nativo con acceso root, personalizable para desarrollo de productos<\/td>\n<\/tr>\n<tr>\n<td><strong>Gesti\u00f3n del Sistema<\/strong><\/td>\n<td>Monitorizaci\u00f3n remota en tiempo real, recuperaci\u00f3n autom\u00e1tica del sistema, funcionamiento desatendido 7\u00d724\u202fh, actualizaci\u00f3n remota OTA, Wi-Fi Display, perro guardi\u00e1n de software (hardware opcional)<\/td>\n<\/tr>\n<tr>\n<td><strong>Rotaci\u00f3n de Pantalla<\/strong><\/td>\n<td>Soporta rotaci\u00f3n manual 0\u00b0\/90\u00b0\/180\u00b0\/270\u00b0 y rotaci\u00f3n autom\u00e1tica por sensor de gravedad (opcional)<\/td>\n<\/tr>\n<\/tbody>\n<\/table>\n<\/div>","protected":false},"excerpt":{"rendered":"<ul>\n<li data-start=\"81\" data-end=\"197\"><strong data-start=\"81\" data-end=\"107\">Procesador de IA de Cuatro N\u00facleos<\/strong>\u00a0\u2013 RK3562 con Cortex-A53 de hasta 2.0 GHz, GPU ARM G52, NPU integrado que ofrece 1.0 TOPS<\/li>\n<li data-start=\"200\" data-end=\"309\"><strong data-start=\"200\" data-end=\"212\">Preparado para IA<\/strong>\u00a0\u2013 Compatible con TensorFlow, Caffe, MxNet con herramientas de desarrollo de IA integradas y API multiplataforma<\/li>\n<li data-start=\"312\" data-end=\"412\"><strong data-start=\"312\" data-end=\"332\">Fiabilidad 24\/7<\/strong>\u00a0\u2013 Dise\u00f1o optimizado de hardware y software garantiza una operaci\u00f3n estable y desatendida<\/li>\n<li data-start=\"415\" data-end=\"541\"><strong data-start=\"415\" data-end=\"436\">Alta Integraci\u00f3n<\/strong>\u00a0\u2013 Soporte para Ethernet, Wi-Fi, audio, IR, pantalla LVDS\/MIPI, sensores y c\u00e1mara en una placa compacta y ultradelgada<\/li>\n<li data-start=\"544\" data-end=\"685\"><strong data-start=\"544\" data-end=\"566\">Expansi\u00f3n Flexible<\/strong> \u2013 Interfaces ricas que incluyen USB, RS232\/RS485, UART, I2C, I\/O, PoE, rel\u00e9 y control de iluminaci\u00f3n para diversas aplicaciones<\/li>\n<\/ul>","protected":false},"featured_media":43806,"template":"","meta":[],"product_brand":[],"product_cat":[379],"product_tag":[496],"class_list":{"0":"post-43804","1":"product","2":"type-product","3":"status-publish","4":"has-post-thumbnail","6":"product_cat-computing-modules","7":"product_tag-new-android","9":"first","10":"instock","11":"product-type-simple"},"ct_brands":[],"_links":{"self":[{"href":"https:\/\/rjydisplay.com\/es\/wp-json\/wp\/v2\/product\/43804","targetHints":{"allow":["GET"]}}],"collection":[{"href":"https:\/\/rjydisplay.com\/es\/wp-json\/wp\/v2\/product"}],"about":[{"href":"https:\/\/rjydisplay.com\/es\/wp-json\/wp\/v2\/types\/product"}],"wp:featuredmedia":[{"embeddable":true,"href":"https:\/\/rjydisplay.com\/es\/wp-json\/wp\/v2\/media\/43806"}],"wp:attachment":[{"href":"https:\/\/rjydisplay.com\/es\/wp-json\/wp\/v2\/media?parent=43804"}],"wp:term":[{"taxonomy":"product_brand","embeddable":true,"href":"https:\/\/rjydisplay.com\/es\/wp-json\/wp\/v2\/product_brand?post=43804"},{"taxonomy":"product_cat","embeddable":true,"href":"https:\/\/rjydisplay.com\/es\/wp-json\/wp\/v2\/product_cat?post=43804"},{"taxonomy":"product_tag","embeddable":true,"href":"https:\/\/rjydisplay.com\/es\/wp-json\/wp\/v2\/product_tag?post=43804"}],"curies":[{"name":"wp","href":"https:\/\/api.w.org\/{rel}","templated":true}]}}