{"id":40594,"date":"2025-03-24T10:20:31","date_gmt":"2025-03-24T10:20:31","guid":{"rendered":"https:\/\/rjydisplay.com\/?post_type=product&#038;p=40594"},"modified":"2026-04-13T07:21:17","modified_gmt":"2026-04-13T07:21:17","slug":"2-8-inch-round-lcd-display","status":"publish","type":"product","link":"https:\/\/rjydisplay.com\/fr\/produit\/2-8-inch-round-lcd-display\/","title":{"rendered":"\u00c9cran LCD rond de 2,8 pouces - Module LCD TFT IPS 480*480, \u00e9cran tactile"},"content":{"rendered":"<p data-pm-slice=\"1 1 []\">Module d'affichage LCD TFT 3,5 pouces haute performance, m\u00e9ticuleusement con\u00e7u pour offrir des images \u00e9clatantes et une fiabilit\u00e9 sup\u00e9rieure. Dot\u00e9 d'une vue panoramique, d'une int\u00e9gration avanc\u00e9e des pilotes et d'une r\u00e9sistance robuste \u00e0 l'environnement, ce module est id\u00e9al pour une vari\u00e9t\u00e9 d'applications d'affichage industrielles et embarqu\u00e9es.<\/p>\n<div class=\"_tableContainer_16hzy_1\">\n<div class=\"_tableWrapper_16hzy_14 group flex w-fit flex-col-reverse\" tabindex=\"-1\">\n<table class=\"w-fit min-w-(--thread-content-width)\" data-start=\"555\" data-end=\"1722\">\n<thead data-start=\"555\" data-end=\"631\">\n<tr data-start=\"555\" data-end=\"631\">\n<th data-start=\"555\" data-end=\"580\" data-col-size=\"sm\"><strong data-start=\"557\" data-end=\"565\">Objet<\/strong><\/th>\n<th data-start=\"580\" data-end=\"631\" data-col-size=\"sm\"><strong data-start=\"582\" data-end=\"593\">D\u00e9tails<\/strong><\/th>\n<\/tr>\n<\/thead>\n<tbody data-start=\"710\" data-end=\"1722\">\n<tr data-start=\"710\" data-end=\"787\">\n<td data-start=\"710\" data-end=\"735\" data-col-size=\"sm\"><strong data-start=\"712\" data-end=\"728\">Type d'affichage<\/strong><\/td>\n<td data-start=\"735\" data-end=\"787\" data-col-size=\"sm\">AM TFT, transmissif, n\u00e9gatif<\/td>\n<\/tr>\n<tr data-start=\"788\" data-end=\"865\">\n<td data-start=\"788\" data-end=\"813\" data-col-size=\"sm\"><strong data-start=\"790\" data-end=\"804\">R\u00e9solution<\/strong><\/td>\n<td data-start=\"813\" data-end=\"865\" data-col-size=\"sm\">480 (RVB) \u00d7 480 points<\/td>\n<\/tr>\n<tr data-start=\"866\" data-end=\"943\">\n<td data-start=\"866\" data-end=\"891\" data-col-size=\"sm\"><strong data-start=\"868\" data-end=\"886\">Couleurs d'affichage<\/strong><\/td>\n<td data-start=\"891\" data-end=\"943\" data-col-size=\"sm\">16,7 millions (RVB 24 bits)<\/td>\n<\/tr>\n<tr data-start=\"944\" data-end=\"1020\">\n<td data-start=\"944\" data-end=\"969\" data-col-size=\"sm\"><strong data-start=\"946\" data-end=\"963\">Angle de vue<\/strong><\/td>\n<td data-start=\"969\" data-end=\"1020\" data-col-size=\"sm\">Toutes les heures (grand angle de vue)<\/td>\n<\/tr>\n<tr data-start=\"1021\" data-end=\"1098\">\n<td data-start=\"1021\" data-end=\"1046\" data-col-size=\"sm\"><strong data-start=\"1023\" data-end=\"1036\">Interface<\/strong><\/td>\n<td data-start=\"1046\" data-end=\"1098\" data-col-size=\"sm\">Interface de donn\u00e9es parall\u00e8les RVB-24 bits<\/td>\n<\/tr>\n<tr data-start=\"1099\" data-end=\"1176\">\n<td data-start=\"1099\" data-end=\"1124\" data-col-size=\"sm\"><strong data-start=\"1101\" data-end=\"1114\">CI du conducteur<\/strong><\/td>\n<td data-start=\"1124\" data-end=\"1176\" data-col-size=\"sm\">ST7701S<\/td>\n<\/tr>\n<tr data-start=\"1177\" data-end=\"1254\">\n<td data-start=\"1177\" data-end=\"1202\" data-col-size=\"sm\"><strong data-start=\"1179\" data-end=\"1192\">Luminance<\/strong><\/td>\n<td data-start=\"1202\" data-end=\"1254\" data-col-size=\"sm\">400 cd\/m\u00b2 (typique)<\/td>\n<\/tr>\n<tr data-start=\"1255\" data-end=\"1332\">\n<td data-start=\"1255\" data-end=\"1280\" data-col-size=\"sm\"><strong data-start=\"1257\" data-end=\"1278\">Dimensions du module<\/strong><\/td>\n<td data-start=\"1280\" data-end=\"1332\" data-col-size=\"sm\">73,33(L) \u00d7 76,82(L) \u00d7 2,2(T) mm<\/td>\n<\/tr>\n<tr data-start=\"1333\" data-end=\"1410\">\n<td data-start=\"1333\" data-end=\"1358\" data-col-size=\"sm\"><strong data-start=\"1335\" data-end=\"1350\">Zone active<\/strong><\/td>\n<td data-start=\"1358\" data-end=\"1410\" data-col-size=\"sm\">70,13(L) \u00d7 70,13(H) mm<\/td>\n<\/tr>\n<tr data-start=\"1411\" data-end=\"1488\">\n<td data-start=\"1411\" data-end=\"1436\" data-col-size=\"sm\"><strong data-start=\"1413\" data-end=\"1428\">Hauteur du pixel<\/strong><\/td>\n<td data-start=\"1436\" data-end=\"1488\" data-col-size=\"sm\">0,1461(L) \u00d7 0,1461(H) mm<\/td>\n<\/tr>\n<tr data-start=\"1489\" data-end=\"1566\">\n<td data-start=\"1489\" data-end=\"1514\" data-col-size=\"sm\"><strong data-start=\"1491\" data-end=\"1510\">Temp. de fonctionnement<\/strong><\/td>\n<td data-start=\"1514\" data-end=\"1566\" data-col-size=\"sm\">De -20\u00b0C \u00e0 +70\u00b0C<\/td>\n<\/tr>\n<tr data-start=\"1567\" data-end=\"1644\">\n<td data-start=\"1567\" data-end=\"1592\" data-col-size=\"sm\"><strong data-start=\"1569\" data-end=\"1586\">Temp\u00e9rature de stockage<\/strong><\/td>\n<td data-start=\"1592\" data-end=\"1644\" data-col-size=\"sm\">De -30\u00b0C \u00e0 +80\u00b0C<\/td>\n<\/tr>\n<tr data-start=\"1645\" data-end=\"1722\">\n<td data-start=\"1645\" data-end=\"1670\" data-col-size=\"sm\"><strong data-start=\"1647\" data-end=\"1657\">Poids<\/strong><\/td>\n<td data-start=\"1670\" data-end=\"1722\" data-col-size=\"sm\">21 grammes<\/td>\n<\/tr>\n<\/tbody>\n<\/table>\n<p data-start=\"1729\" data-end=\"1752\"><strong data-start=\"1736\" data-end=\"1752\">Caract\u00e9ristiques principales<\/strong><\/p>\n<ul data-start=\"1754\" data-end=\"2706\">\n<li data-start=\"1754\" data-end=\"1918\">\n<p data-start=\"1756\" data-end=\"1918\"><strong data-start=\"1756\" data-end=\"1790\">Haute r\u00e9solution, format carr\u00e9<\/strong><br data-start=\"1790\" data-end=\"1793\" \/>480\u00d7480 pixels dans un format carr\u00e9 pour un affichage \u00e9quilibr\u00e9, id\u00e9al pour les \u00e9l\u00e9ments d'interface graphique circulaires et les mises en page d'interface utilisateur modernes.<\/p>\n<\/li>\n<li data-start=\"1920\" data-end=\"2050\">\n<p data-start=\"1922\" data-end=\"2050\"><strong data-start=\"1922\" data-end=\"1950\">Large gamme de couleurs et profondeur<\/strong><br data-start=\"1950\" data-end=\"1953\" \/>Prend en charge 16,7 millions de couleurs via l'entr\u00e9e RVB-24, offrant une reproduction riche et pr\u00e9cise des couleurs.<\/p>\n<\/li>\n<li data-start=\"2052\" data-end=\"2188\">\n<p data-start=\"2054\" data-end=\"2188\"><strong data-start=\"2054\" data-end=\"2076\">Angle de vision complet<\/strong><br data-start=\"2076\" data-end=\"2079\" \/>L'affichage \u00e0 toutes les heures garantit une excellente lisibilit\u00e9 dans toutes les directions et convient aux angles de montage dynamiques.<\/p>\n<\/li>\n<li data-start=\"2190\" data-end=\"2307\">\n<p data-start=\"2192\" data-end=\"2307\"><strong data-start=\"2192\" data-end=\"2211\">Haute luminosit\u00e9<\/strong><br data-start=\"2211\" data-end=\"2214\" \/>Le niveau de luminosit\u00e9 de 400 cd\/m\u00b2 permet une visibilit\u00e9 claire m\u00eame dans des environnements lumineux.<\/p>\n<\/li>\n<li data-start=\"2309\" data-end=\"2436\">\n<p data-start=\"2311\" data-end=\"2436\"><strong data-start=\"2311\" data-end=\"2340\">Conception fine et l\u00e9g\u00e8re<\/strong><br data-start=\"2340\" data-end=\"2343\" \/>Avec une \u00e9paisseur de seulement 2,2 mm et un poids de 21 g, il est id\u00e9al pour l'int\u00e9gration d'appareils compacts sans ajout d'encombrement.<\/p>\n<\/li>\n<li data-start=\"2438\" data-end=\"2566\">\n<p data-start=\"2440\" data-end=\"2566\"><strong data-start=\"2440\" data-end=\"2467\">Pilote ST7701S fiable<\/strong><br data-start=\"2467\" data-end=\"2470\" \/>Le contr\u00f4leur ST7701S int\u00e9gr\u00e9 assure la compatibilit\u00e9 avec une large gamme de MCU et de plates-formes GPU.<\/p>\n<\/li>\n<li data-start=\"2568\" data-end=\"2706\">\n<p data-start=\"2570\" data-end=\"2706\"><strong data-start=\"2570\" data-end=\"2604\">Prise en charge des temp\u00e9ratures industrielles<\/strong><br data-start=\"2604\" data-end=\"2607\" \/>Fonctionne de mani\u00e8re stable dans une large gamme de temp\u00e9ratures, garantissant des performances fiables dans des conditions difficiles.<\/p>\n<\/li>\n<\/ul>\n<p data-start=\"3068\" data-end=\"3102\"><strong data-start=\"3075\" data-end=\"3102\">Personnalisation et assistance<\/strong><\/p>\n<p data-start=\"3104\" data-end=\"3154\">Nous proposons des options de personnalisation flexibles, notamment<\/p>\n<ul data-start=\"3156\" data-end=\"3347\">\n<li data-start=\"3156\" data-end=\"3205\">\n<p data-start=\"3158\" data-end=\"3205\">Panneaux tactiles capacitifs ou r\u00e9sistifs en option<\/p>\n<\/li>\n<li data-start=\"3206\" data-end=\"3250\">\n<p data-start=\"3208\" data-end=\"3250\">Conceptions FPC et formats de connecteurs personnalis\u00e9s<\/p>\n<\/li>\n<li data-start=\"3251\" data-end=\"3293\">\n<p data-start=\"3253\" data-end=\"3293\">Collage optique et rev\u00eatement antireflet<\/p>\n<\/li>\n<li data-start=\"3294\" data-end=\"3347\">\n<p data-start=\"3296\" data-end=\"3347\">R\u00e9glages de la luminosit\u00e9 et am\u00e9lioration de la vision large<\/p>\n<\/li>\n<\/ul>\n<p data-start=\"3349\" data-end=\"3521\">Tous les modules sont fabriqu\u00e9s sous un contr\u00f4le de qualit\u00e9 strict et sont conformes \u00e0 la directive RoHS. Les fiches techniques, les fichiers CAO 3D et l'assistance \u00e0 l'int\u00e9gration sont disponibles sur demande.<\/p>\n<p data-start=\"3528\" data-end=\"3708\"><strong data-start=\"3528\" data-end=\"3608\">RJY Display - Votre partenaire de confiance pour les solutions de modules d'affichage professionnels.<\/strong><br data-start=\"3608\" data-end=\"3611\" \/>Nous sommes sp\u00e9cialis\u00e9s dans les modules LCD TFT personnalis\u00e9s pour les produits industriels, m\u00e9dicaux et grand public.<\/p>\n<\/div>\n<\/div>","protected":false},"excerpt":{"rendered":"<ul>\n<li>Taille : module tft lcd de 2,8 pouces<\/li>\n<li>R\u00e9solution : 480*480<\/li>\n<li>Toucher : avec le toucher<\/li>\n<li>Donn\u00e9es d'entr\u00e9e : RVB<\/li>\n<li>Pilote IC : ST7701S<\/li>\n<li>Luminance LCM : 400 cd\/m\u00b2<\/li>\n<\/ul>","protected":false},"featured_media":42267,"template":"","meta":[],"product_brand":[],"product_cat":[185],"product_tag":[],"class_list":{"0":"post-40594","1":"product","2":"type-product","3":"status-publish","4":"has-post-thumbnail","6":"product_cat-round-display","8":"first","9":"instock","10":"product-type-simple"},"ct_brands":[],"_links":{"self":[{"href":"https:\/\/rjydisplay.com\/fr\/wp-json\/wp\/v2\/product\/40594","targetHints":{"allow":["GET"]}}],"collection":[{"href":"https:\/\/rjydisplay.com\/fr\/wp-json\/wp\/v2\/product"}],"about":[{"href":"https:\/\/rjydisplay.com\/fr\/wp-json\/wp\/v2\/types\/product"}],"wp:featuredmedia":[{"embeddable":true,"href":"https:\/\/rjydisplay.com\/fr\/wp-json\/wp\/v2\/media\/42267"}],"wp:attachment":[{"href":"https:\/\/rjydisplay.com\/fr\/wp-json\/wp\/v2\/media?parent=40594"}],"wp:term":[{"taxonomy":"product_brand","embeddable":true,"href":"https:\/\/rjydisplay.com\/fr\/wp-json\/wp\/v2\/product_brand?post=40594"},{"taxonomy":"product_cat","embeddable":true,"href":"https:\/\/rjydisplay.com\/fr\/wp-json\/wp\/v2\/product_cat?post=40594"},{"taxonomy":"product_tag","embeddable":true,"href":"https:\/\/rjydisplay.com\/fr\/wp-json\/wp\/v2\/product_tag?post=40594"}],"curies":[{"name":"wp","href":"https:\/\/api.w.org\/{rel}","templated":true}]}}