{"id":40607,"date":"2025-03-24T10:20:37","date_gmt":"2025-03-24T10:20:37","guid":{"rendered":"https:\/\/rjydisplay.com\/?post_type=product&#038;p=40607"},"modified":"2026-04-13T07:21:13","modified_gmt":"2026-04-13T07:21:13","slug":"2-6-inch-tft-lcd-display","status":"publish","type":"product","link":"https:\/\/rjydisplay.com\/fr\/produit\/2-6-inch-tft-lcd-display\/","title":{"rendered":"\u00c9cran LCD TFT 2,6 pouces - 320*240, interface SPI\/MCU\/RGB"},"content":{"rendered":"<p>RV026LOP-300-51 est un \u00e9cran couleur TFT-LCD \u00e0 matrice active de 2,6 pouces, de forme carr\u00e9e et de r\u00e9solution 320*240. Il s'agit d'un \u00e9cran LCD tactile. Chaque pixel est divis\u00e9 en points rouges, verts et bleus dispos\u00e9s en bandes verticales. Ce panneau peut afficher 16,7 millions de couleurs.<\/p>\n<table style=\"width: 100%; border-collapse: collapse; border-style: solid; border-color: #e3dede;\">\n<tbody>\n<tr>\n<td style=\"width: 50%;\">Mod\u00e8le<\/td>\n<td style=\"width: 50%;\">RV026LOP-300-51<\/td>\n<\/tr>\n<tr>\n<td style=\"width: 50%;\">Taille<\/td>\n<td style=\"width: 50%;\">module lcd tft 2,6 pouces<\/td>\n<\/tr>\n<tr>\n<td style=\"width: 50%;\">Type d'\u00e9cran LCD<\/td>\n<td style=\"width: 50%;\">AM TFT ,TRANSMISSIF, N\u00c9GATIF<\/td>\n<\/tr>\n<tr>\n<td style=\"width: 50%;\">Format d'affichage<\/td>\n<td style=\"width: 50%;\">320(R,G,B)*240<\/td>\n<\/tr>\n<tr>\n<td style=\"width: 50%;\">Donn\u00e9es d'entr\u00e9e<\/td>\n<td style=\"width: 50%;\">SPI\/MCU\/RGB<\/td>\n<\/tr>\n<tr>\n<td style=\"width: 50%;\">Angle de vue<\/td>\n<td style=\"width: 50%;\">6 heures<\/td>\n<\/tr>\n<tr>\n<td style=\"width: 50%;\">Conducteur IC<\/td>\n<td style=\"width: 50%;\">ILI9342<\/td>\n<\/tr>\n<tr>\n<td style=\"width: 50%;\">Couleurs d'affichage<\/td>\n<td style=\"width: 50%;\">16.7 M<\/td>\n<\/tr>\n<tr>\n<td style=\"width: 50%;\">Taille du module<\/td>\n<td style=\"width: 50%;\">57.6(W)\u00d750.15(L)\u00d72.35(T)<\/td>\n<\/tr>\n<tr>\n<td style=\"width: 50%;\">Zone active<\/td>\n<td style=\"width: 50%;\">52,8(L) \u00d7 39,6(L)<\/td>\n<\/tr>\n<tr>\n<td style=\"width: 50%;\">Taille du pixel<\/td>\n<td style=\"width: 50%;\">0,0975 \u00d7 0,0975<\/td>\n<\/tr>\n<tr>\n<td style=\"width: 50%;\">Temp\u00e9rature de fonctionnement<\/td>\n<td style=\"width: 50%;\">-20 \u00e0 +60 \u2103<\/td>\n<\/tr>\n<tr>\n<td style=\"width: 50%;\">Temp\u00e9rature de stockage<\/td>\n<td style=\"width: 50%;\">-30 \u00e0 +70 \u2103<\/td>\n<\/tr>\n<tr>\n<td style=\"width: 50%;\">LCM Luminance<\/td>\n<td style=\"width: 50%;\">300 cd\/m\u00b2<\/td>\n<\/tr>\n<tr>\n<td style=\"width: 50%;\">Toucher<\/td>\n<td style=\"width: 50%;\">avec contact<\/td>\n<\/tr>\n<\/tbody>\n<\/table>","protected":false},"excerpt":{"rendered":"<ul>\n<li>Taille : \u00e9cran tactile de 2,6 pouces<\/li>\n<li>R\u00e9solution : 320*240<\/li>\n<li>Luminosit\u00e9 : 300 cd\/m\u00b2<\/li>\n<li>Avec le toucher<\/li>\n<li>Donn\u00e9es d'entr\u00e9e : SPI\/MCU\/RGB<\/li>\n<li>Pilote IC : ILI9342<\/li>\n<li>Type d'\u00e9cran LCD : AM TFT ,TRANSMISSIF, N\u00c9GATIF<\/li>\n<\/ul>","protected":false},"featured_media":42304,"template":"","meta":[],"product_brand":[],"product_cat":[184],"product_tag":[],"class_list":{"0":"post-40607","1":"product","2":"type-product","3":"status-publish","4":"has-post-thumbnail","6":"product_cat-standard-displays","8":"first","9":"instock","10":"product-type-simple"},"ct_brands":[],"_links":{"self":[{"href":"https:\/\/rjydisplay.com\/fr\/wp-json\/wp\/v2\/product\/40607","targetHints":{"allow":["GET"]}}],"collection":[{"href":"https:\/\/rjydisplay.com\/fr\/wp-json\/wp\/v2\/product"}],"about":[{"href":"https:\/\/rjydisplay.com\/fr\/wp-json\/wp\/v2\/types\/product"}],"wp:featuredmedia":[{"embeddable":true,"href":"https:\/\/rjydisplay.com\/fr\/wp-json\/wp\/v2\/media\/42304"}],"wp:attachment":[{"href":"https:\/\/rjydisplay.com\/fr\/wp-json\/wp\/v2\/media?parent=40607"}],"wp:term":[{"taxonomy":"product_brand","embeddable":true,"href":"https:\/\/rjydisplay.com\/fr\/wp-json\/wp\/v2\/product_brand?post=40607"},{"taxonomy":"product_cat","embeddable":true,"href":"https:\/\/rjydisplay.com\/fr\/wp-json\/wp\/v2\/product_cat?post=40607"},{"taxonomy":"product_tag","embeddable":true,"href":"https:\/\/rjydisplay.com\/fr\/wp-json\/wp\/v2\/product_tag?post=40607"}],"curies":[{"name":"wp","href":"https:\/\/api.w.org\/{rel}","templated":true}]}}