{"id":40616,"date":"2025-03-24T10:20:43","date_gmt":"2025-03-24T10:20:43","guid":{"rendered":"https:\/\/rjydisplay.com\/?post_type=product&#038;p=40616"},"modified":"2025-04-07T08:14:17","modified_gmt":"2025-04-07T08:14:17","slug":"10-25-inch-automotive-tft-lcd-display","status":"publish","type":"product","link":"https:\/\/rjydisplay.com\/fr\/produit\/10-25-inch-automotive-tft-lcd-display\/","title":{"rendered":"\u00c9cran TFT LCD automobile 10,25 pouces - 1920*720, interface LVDS"},"content":{"rendered":"<p style=\"text-align: justify;\">La sp\u00e9cification s'applique au mod\u00e8le 10,25 pouces (RV103Z7M-K10-50) de l'\u00e9cran TFT \u00e0 cristaux liquides.<\/p>\n<p style=\"text-align: justify;\">La matrice utilise un transistor \u00e0 film mince a-Si comme dispositif de commutation. Cet \u00e9cran TFT LCD a une surface d'affichage active de 10,25 pouces mesur\u00e9e en diagonale avec une r\u00e9solution FHD (1920 pixels horizontaux par 720 pixels verticaux). Tous les signaux d'entr\u00e9e sont compatibles avec l'interface LVDS.<\/p>\n<p style=\"text-align: justify;\">Notre module d'affichage LCD de 10,25 pouces est con\u00e7u pour offrir des performances visuelles \u00e9tonnantes pour une vari\u00e9t\u00e9 d'applications. Avec une r\u00e9solution de 1920*720, cet \u00e9cran fournit des images claires et nettes, parfaites pour l'automobile et d'autres industries de haute technologie.<\/p>\n<p style=\"text-align: justify;\">L'\u00e9cran est dot\u00e9 d'un mod\u00e8le d'affichage IPS, qui garantit que les images et le texte restent visibles m\u00eame \u00e0 des angles de vue extr\u00eames, ce qui le rend id\u00e9al pour les applications o\u00f9 plusieurs personnes doivent voir l'\u00e9cran en m\u00eame temps. En outre, le type d'\u00e9cran TFT LCD garantit la luminosit\u00e9 et la vivacit\u00e9 de l'affichage, pour une exp\u00e9rience visuelle immersive.<\/p>\n<p style=\"text-align: justify;\">Ce module d'affichage est con\u00e7u pour r\u00e9sister \u00e0 des temp\u00e9ratures extr\u00eames, avec une plage de stockage allant de -40 \u00e0 95 \u00b0C. Il est donc parfaitement adapt\u00e9 aux applications automobiles, o\u00f9 il peut \u00eatre expos\u00e9 \u00e0 des conditions difficiles.<\/p>\n<p style=\"text-align: justify;\">Pour plus d'informations, n'h\u00e9sitez pas \u00e0 nous contacter, nous fournissons \u00e9galement une carte HDMI et une carte de contr\u00f4le LCD fonctionnelle. Cet \u00e9cran TFT de 10,25 pouces est tactile, avec un traitement de duret\u00e9 de surface de 3H, c'est un excellent \u00e9cran LCD pour l'automobile.<\/p>\n<table style=\"width: 100%; border-collapse: collapse; border-style: solid; border-color: #9e9b9b; height: 461px;\">\n<tbody>\n<tr style=\"height: 26px;\">\n<td style=\"width: 50%; border-style: solid; border-color: #948f8f; height: 26px;\">Mod\u00e8le<\/td>\n<td style=\"width: 50%; border-style: solid; border-color: #948f8f; height: 26px;\">RV103Z7M-K10-50<\/td>\n<\/tr>\n<tr style=\"height: 26px;\">\n<td style=\"width: 50%; border-style: solid; border-color: #948f8f; height: 26px;\">Taille<\/td>\n<td style=\"width: 50%; border-style: solid; border-color: #948f8f; height: 26px;\">\u00c9cran LCD TFT de 10,25 pouces<\/td>\n<\/tr>\n<tr style=\"height: 26px;\">\n<td style=\"width: 50%; border-style: solid; border-color: #948f8f; height: 26px;\">Zone active<\/td>\n<td style=\"width: 50%; border-style: solid; border-color: #948f8f; height: 26px;\">243,648 (H) \u00d791,368 (V)<\/td>\n<\/tr>\n<tr style=\"height: 26px;\">\n<td style=\"width: 50%; border-style: solid; border-color: #948f8f; height: 26px;\">Nombre de pixels<\/td>\n<td style=\"width: 50%; border-style: solid; border-color: #948f8f; height: 26px;\">1920(H) \u00d7720(V)<\/td>\n<\/tr>\n<tr style=\"height: 26px;\">\n<td style=\"width: 50%; border-style: solid; border-color: #948f8f; height: 26px;\">Pas de pixel<\/td>\n<td style=\"width: 50%; border-style: solid; border-color: #948f8f; height: 26px;\">0,1269 (H) \u00d70,1269 (V)<\/td>\n<\/tr>\n<tr style=\"height: 26px;\">\n<td style=\"width: 50%; border-style: solid; border-color: #948f8f; height: 26px;\">Disposition des pixels<\/td>\n<td style=\"width: 50%; border-style: solid; border-color: #948f8f; height: 26px;\">RGB Bande verticale<\/td>\n<\/tr>\n<tr style=\"height: 26px;\">\n<td style=\"width: 50%; border-style: solid; border-color: #948f8f; height: 26px;\">Affichage des couleurs<\/td>\n<td style=\"width: 50%; border-style: solid; border-color: #948f8f; height: 26px;\">16.7M(8bits)<\/td>\n<\/tr>\n<tr style=\"height: 26px;\">\n<td style=\"width: 50%; border-style: solid; border-color: #948f8f; height: 26px;\">Gamme de couleurs<\/td>\n<td style=\"width: 50%; border-style: solid; border-color: #948f8f; height: 26px;\">NTSC 70% min<\/td>\n<\/tr>\n<tr style=\"height: 26px;\">\n<td style=\"width: 50%; border-style: solid; border-color: #948f8f; height: 26px;\">Mode d'affichage<\/td>\n<td style=\"width: 50%; border-style: solid; border-color: #948f8f; height: 26px;\">Normalement noir<\/td>\n<\/tr>\n<tr style=\"height: 97px;\">\n<td style=\"width: 50%; border-style: solid; border-color: #948f8f; height: 97px;\">Dimension de l'\u00e9bauche<\/td>\n<td style=\"width: 50%; border-style: solid; border-color: #948f8f; height: 97px;\">251.148\u00b10.2(H)*101.098\u00b10.2(V)*1.08(Without PCBA)<\/p>\n<p>251.148\u00b10.3(H)*142.548\u00b10.5(V)*3.2Max(With PCBA)<\/td>\n<\/tr>\n<tr style=\"height: 26px;\">\n<td style=\"width: 50%; border-style: solid; border-color: #948f8f; height: 26px;\">Traitement de surface<\/td>\n<td style=\"width: 50%; border-style: solid; border-color: #948f8f; height: 26px;\">HC<\/td>\n<\/tr>\n<tr style=\"height: 26px;\">\n<td style=\"width: 50%; border-style: solid; border-color: #948f8f; height: 26px;\">Duret\u00e9 de la surface<\/td>\n<td style=\"width: 50%; border-style: solid; border-color: #948f8f; height: 26px;\">3H<\/td>\n<\/tr>\n<tr style=\"height: 26px;\">\n<td style=\"width: 50%; border-style: solid; border-color: #948f8f; height: 26px;\">Interface<\/td>\n<td style=\"width: 50%; border-style: solid; border-color: #948f8f; height: 26px;\">Interface LVDS \u00e0 2 ports<\/td>\n<\/tr>\n<tr style=\"height: 26px;\">\n<td style=\"width: 50%; border-style: solid; border-color: #948f8f; height: 26px;\">Temp\u00e9rature de fonctionnement<\/td>\n<td style=\"width: 50%; border-style: solid; border-color: #948f8f; height: 26px;\">-30-85 \u00b0C<\/td>\n<\/tr>\n<tr style=\"height: 26px;\">\n<td style=\"width: 50%; border-style: solid; border-color: #948f8f; height: 26px;\">Temp\u00e9rature de stockage<\/td>\n<td style=\"width: 50%; border-style: solid; border-color: #948f8f; height: 26px;\">-40-95 \u00b0C<\/td>\n<\/tr>\n<\/tbody>\n<\/table>\n<p><img fetchpriority=\"high\" decoding=\"async\" class=\"size-full wp-image-7164 aligncenter\" src=\"https:\/\/rjydisplay.com\/wp-content\/uploads\/2022\/08\/RV103Z7M-K10-50-16.jpg\" alt=\"10.25 inch tft lcd display\" width=\"1500\" height=\"1457\" title=\"\"><\/p>","protected":false},"excerpt":{"rendered":"<ul>\n<li>R\u00e9solution : 1920*720<\/li>\n<li>Gamme de couleurs : 70%<\/li>\n<li>Interface : LVDS<\/li>\n<li>Taille : 10.25\u2033 TFT LCD Display<\/li>\n<li>Temp\u00e9rature de stockage : -40-95 \u00b0C<\/li>\n<\/ul>","protected":false},"featured_media":42106,"template":"","meta":[],"product_brand":[],"product_cat":[381],"product_tag":[],"class_list":{"0":"post-40616","1":"product","2":"type-product","3":"status-publish","4":"has-post-thumbnail","6":"product_cat-automotive-display","8":"first","9":"instock","10":"product-type-simple"},"ct_brands":[],"_links":{"self":[{"href":"https:\/\/rjydisplay.com\/fr\/wp-json\/wp\/v2\/product\/40616","targetHints":{"allow":["GET"]}}],"collection":[{"href":"https:\/\/rjydisplay.com\/fr\/wp-json\/wp\/v2\/product"}],"about":[{"href":"https:\/\/rjydisplay.com\/fr\/wp-json\/wp\/v2\/types\/product"}],"wp:featuredmedia":[{"embeddable":true,"href":"https:\/\/rjydisplay.com\/fr\/wp-json\/wp\/v2\/media\/42106"}],"wp:attachment":[{"href":"https:\/\/rjydisplay.com\/fr\/wp-json\/wp\/v2\/media?parent=40616"}],"wp:term":[{"taxonomy":"product_brand","embeddable":true,"href":"https:\/\/rjydisplay.com\/fr\/wp-json\/wp\/v2\/product_brand?post=40616"},{"taxonomy":"product_cat","embeddable":true,"href":"https:\/\/rjydisplay.com\/fr\/wp-json\/wp\/v2\/product_cat?post=40616"},{"taxonomy":"product_tag","embeddable":true,"href":"https:\/\/rjydisplay.com\/fr\/wp-json\/wp\/v2\/product_tag?post=40616"}],"curies":[{"name":"wp","href":"https:\/\/api.w.org\/{rel}","templated":true}]}}