{"id":40657,"date":"2025-03-24T10:20:29","date_gmt":"2025-03-24T10:20:29","guid":{"rendered":"https:\/\/rjydisplay.com\/?post_type=product&#038;p=40657"},"modified":"2025-04-08T09:00:04","modified_gmt":"2025-04-08T09:00:04","slug":"9-35-inch-automotive-tft-lcd-display","status":"publish","type":"product","link":"https:\/\/rjydisplay.com\/fr\/produit\/9-35-inch-automotive-tft-lcd-display\/","title":{"rendered":"\u00c9cran TFT LCD automobile 9,35 pouces - 320*1280, interface MIPI, pour les \u00e9crans du tableau de bord des v\u00e9hicules"},"content":{"rendered":"<p class=\"\" data-start=\"26\" data-end=\"522\">Les <strong data-start=\"30\" data-end=\"49\">RV093LAP-500-40<\/strong> est un \u00e9cran LCD automobile de 9,35 pouces de haute qualit\u00e9, con\u00e7u pour offrir des performances visuelles sup\u00e9rieures dans les environnements automobiles. Il est dot\u00e9 d'un <strong data-start=\"178\" data-end=\"209\">\u00c9cran transmissif AM TFT<\/strong>Les couleurs sont vibrantes et les couleurs sont <strong data-start=\"243\" data-end=\"268\">mode d'affichage n\u00e9gatif<\/strong> qui am\u00e9liore la lisibilit\u00e9 dans des conditions d'\u00e9clairage variables. Avec une r\u00e9solution de <strong data-start=\"348\" data-end=\"376\">320(R,V,B) x 1280 pixels<\/strong>Il garantit des images nettes et claires, parfaites pour les applications embarqu\u00e9es telles que les syst\u00e8mes de navigation, les \u00e9crans de divertissement et les diagnostics de v\u00e9hicules.<\/p>\n<p class=\"\" data-start=\"524\" data-end=\"1147\">\u00c9quip\u00e9 de la <strong data-start=\"542\" data-end=\"553\">ICN9707<\/strong> et d'un <strong data-start=\"570\" data-end=\"600\">\u00c9cran 16,7 millions de couleurs<\/strong>L'\u00e9cran offre une reproduction des couleurs fid\u00e8le \u00e0 la r\u00e9alit\u00e9. L'\u00e9cran fonctionne sur un <strong data-start=\"683\" data-end=\"691\">MIPI<\/strong> pour un transfert de donn\u00e9es efficace et un affichage de haute qualit\u00e9. L'angle de vision est <strong data-start=\"784\" data-end=\"799\">Toutes les heures<\/strong>Le syst\u00e8me d'\u00e9clairage est con\u00e7u pour fonctionner dans une large gamme de temp\u00e9ratures allant de -20 \u00b0C \u00e0 -20 \u00b0C. Con\u00e7u pour fonctionner dans une large gamme de temp\u00e9ratures allant de <strong data-start=\"911\" data-end=\"929\">De -20\u00b0C \u00e0 +80\u00b0C<\/strong>Cet \u00e9cran est id\u00e9al pour les v\u00e9hicules qui n\u00e9cessitent des performances robustes dans diverses conditions. En outre, il offre une impressionnante <strong data-start=\"1069\" data-end=\"1082\">800 cd\/m\u00b2<\/strong> pour une luminosit\u00e9 optimale dans diff\u00e9rentes situations d'\u00e9clairage.<\/p>\n<table style=\"width: 100%; border-collapse: collapse; border-style: solid; border-color: #e6e3e3;\">\n<tbody>\n<tr>\n<td style=\"width: 50%;\">Mod\u00e8le<\/td>\n<td style=\"width: 50%;\">RV093LAP-500-40<\/td>\n<\/tr>\n<tr>\n<td style=\"width: 50%;\">Taille<\/td>\n<td style=\"width: 50%;\">\u00c9cran LCD de 9,35 pouces pour voitures<\/td>\n<\/tr>\n<tr>\n<td style=\"width: 50%;\">Type d'\u00e9cran LCD<\/td>\n<td style=\"width: 50%;\">AM TFT ,TRANSMISSIF, N\u00c9GATIF<\/td>\n<\/tr>\n<tr>\n<td style=\"width: 50%;\">Format d'affichage<\/td>\n<td style=\"width: 50%;\">320(R,G,B)*1280<\/td>\n<\/tr>\n<tr>\n<td style=\"width: 50%;\">Donn\u00e9es d'entr\u00e9e<\/td>\n<td style=\"width: 50%;\">MIPI<\/td>\n<\/tr>\n<tr>\n<td style=\"width: 50%;\">Angle de vue<\/td>\n<td style=\"width: 50%;\">TOUTES LES HEURES<\/td>\n<\/tr>\n<tr>\n<td style=\"width: 50%;\">Conducteur IC<\/td>\n<td style=\"width: 50%;\">ICN9707<\/td>\n<\/tr>\n<tr>\n<td style=\"width: 50%;\">Couleurs d'affichage<\/td>\n<td style=\"width: 50%;\">16.7M<\/td>\n<\/tr>\n<tr>\n<td style=\"width: 50%;\">Taille du module<\/td>\n<td style=\"width: 50%;\">248.32(W)\u00d765.6(L)\u00d74.6(T)<\/td>\n<\/tr>\n<tr>\n<td style=\"width: 50%;\">Zone active<\/td>\n<td style=\"width: 50%;\">232,32(L) \u00d7 58,08(L)<\/td>\n<\/tr>\n<tr>\n<td style=\"width: 50%;\">Taille du pixel<\/td>\n<td style=\"width: 50%;\">0.047*0.141<\/td>\n<\/tr>\n<tr>\n<td style=\"width: 50%;\">Temp\u00e9rature de fonctionnement<\/td>\n<td style=\"width: 50%;\">-20 \u00e0 +80 \u2103<\/td>\n<\/tr>\n<tr>\n<td style=\"width: 50%;\">Temp\u00e9rature de stockage<\/td>\n<td style=\"width: 50%;\">-30 \u00e0 +80 \u2103<\/td>\n<\/tr>\n<tr>\n<td style=\"width: 50%;\">LCM Luminance<\/td>\n<td style=\"width: 50%;\">800 cd\/m\u00b2<\/td>\n<\/tr>\n<tr>\n<td style=\"width: 50%;\">\u00c9pingle<\/td>\n<td style=\"width: 50%;\">40 broches<\/td>\n<\/tr>\n<\/tbody>\n<\/table>\n<p>&nbsp;<\/p>","protected":false},"excerpt":{"rendered":"<ul>\n<li>Taille : \u00e9cran LCD de 9,35 pouces pour voiture<\/li>\n<li>R\u00e9solution : 320*1280<\/li>\n<li>Interface : MIPI<\/li>\n<li>Luminance LCM : 800 cd\/m\u00b2.<\/li>\n<li>Broche : 40 broches<\/li>\n<li>Type d'\u00e9cran LCD : AM TFT ,TRANSMISSIF, N\u00c9GATIF<\/li>\n<\/ul>\n<p>&nbsp;<\/p>","protected":false},"featured_media":42251,"template":"","meta":[],"product_brand":[],"product_cat":[381],"product_tag":[],"class_list":{"0":"post-40657","1":"product","2":"type-product","3":"status-publish","4":"has-post-thumbnail","6":"product_cat-automotive-display","8":"first","9":"instock","10":"product-type-simple"},"ct_brands":[],"_links":{"self":[{"href":"https:\/\/rjydisplay.com\/fr\/wp-json\/wp\/v2\/product\/40657","targetHints":{"allow":["GET"]}}],"collection":[{"href":"https:\/\/rjydisplay.com\/fr\/wp-json\/wp\/v2\/product"}],"about":[{"href":"https:\/\/rjydisplay.com\/fr\/wp-json\/wp\/v2\/types\/product"}],"wp:featuredmedia":[{"embeddable":true,"href":"https:\/\/rjydisplay.com\/fr\/wp-json\/wp\/v2\/media\/42251"}],"wp:attachment":[{"href":"https:\/\/rjydisplay.com\/fr\/wp-json\/wp\/v2\/media?parent=40657"}],"wp:term":[{"taxonomy":"product_brand","embeddable":true,"href":"https:\/\/rjydisplay.com\/fr\/wp-json\/wp\/v2\/product_brand?post=40657"},{"taxonomy":"product_cat","embeddable":true,"href":"https:\/\/rjydisplay.com\/fr\/wp-json\/wp\/v2\/product_cat?post=40657"},{"taxonomy":"product_tag","embeddable":true,"href":"https:\/\/rjydisplay.com\/fr\/wp-json\/wp\/v2\/product_tag?post=40657"}],"curies":[{"name":"wp","href":"https:\/\/api.w.org\/{rel}","templated":true}]}}