{"id":40658,"date":"2025-03-24T10:20:30","date_gmt":"2025-03-24T10:20:30","guid":{"rendered":"https:\/\/rjydisplay.com\/?post_type=product&#038;p=40658"},"modified":"2025-04-11T06:53:57","modified_gmt":"2025-04-11T06:53:57","slug":"10-1-inch-automotive-tft-lcd-display","status":"publish","type":"product","link":"https:\/\/rjydisplay.com\/fr\/produit\/10-1-inch-automotive-tft-lcd-display\/","title":{"rendered":"10.1 pouces Automotive TFT LCD Display - PanelHead-up Car LCD Display Instrument Cluster Multimedia Digital Dashboard"},"content":{"rendered":"<p>RV101LBP-480-40 est un \u00e9cran de tableau de bord de voiture, c'est aussi un \u00e9cran TFT-LCD. Il est g\u00e9n\u00e9ralement utilis\u00e9 pour l'instrumentation du groupe num\u00e9rique de l'indicateur de vitesse automobile.<\/p>\n<p>\u00c9cran LCD TFT de 10,1 pouces 440*1920, interface MIPI, 40 broches, tactile capacitif.<\/p>\n<table style=\"width: 100%; border-collapse: collapse; border-style: solid; border-color: #e3dcdc;\">\n<tbody>\n<tr>\n<td style=\"width: 50%;\">Mod\u00e8le<\/td>\n<td style=\"width: 50%;\">RV101LBP-480-40<\/td>\n<\/tr>\n<tr>\n<td style=\"width: 50%;\">Taille<\/td>\n<td style=\"width: 50%;\">Panneau LCD TFT de 10,1 pouces pour voitures<\/td>\n<\/tr>\n<tr>\n<td style=\"width: 50%;\">Type d'\u00e9cran LCD<\/td>\n<td style=\"width: 50%;\">AM TFT ,TRANSMISSIF, N\u00c9GATIF<\/td>\n<\/tr>\n<tr>\n<td style=\"width: 50%;\">Format d'affichage<\/td>\n<td style=\"width: 50%;\">440(R,G,B)*1920<\/td>\n<\/tr>\n<tr>\n<td style=\"width: 50%;\">Donn\u00e9es d'entr\u00e9e<\/td>\n<td style=\"width: 50%;\">MIPI<\/td>\n<\/tr>\n<tr>\n<td style=\"width: 50%;\">Angle de vue<\/td>\n<td style=\"width: 50%;\">TOUTES LES HEURES<\/td>\n<\/tr>\n<tr>\n<td style=\"width: 50%;\">Conducteur IC<\/td>\n<td style=\"width: 50%;\">ICN9707<\/td>\n<\/tr>\n<tr>\n<td style=\"width: 50%;\">Couleurs d'affichage<\/td>\n<td style=\"width: 50%;\">16.7M<\/td>\n<\/tr>\n<tr>\n<td style=\"width: 50%;\">Taille du module<\/td>\n<td style=\"width: 50%;\">267(W)\u00d764.8(L)\u00d74.1(T)<\/td>\n<\/tr>\n<tr>\n<td style=\"width: 50%;\">Zone active<\/td>\n<td style=\"width: 50%;\">252,86(L) \u00d7 57,95(L)<\/td>\n<\/tr>\n<tr>\n<td style=\"width: 50%;\">Taille du pixel<\/td>\n<td style=\"width: 50%;\">0.047*0.141<\/td>\n<\/tr>\n<tr>\n<td style=\"width: 50%;\">Temp\u00e9rature de fonctionnement<\/td>\n<td style=\"width: 50%;\">De -20 \u00e0 +80<\/td>\n<\/tr>\n<tr>\n<td style=\"width: 50%;\">Temp\u00e9rature de stockage<\/td>\n<td style=\"width: 50%;\">De -30 \u00e0 +80<\/td>\n<\/tr>\n<tr>\n<td style=\"width: 50%;\">LCM Luminance<\/td>\n<td style=\"width: 50%;\">480<\/td>\n<\/tr>\n<tr>\n<td style=\"width: 50%;\">Toucher<\/td>\n<td style=\"width: 50%;\">avec contact<\/td>\n<\/tr>\n<\/tbody>\n<\/table>\n<p>&nbsp;<\/p>\n<p>&nbsp;<\/p>\n<p><img fetchpriority=\"high\" decoding=\"async\" class=\"wp-image-6753 size-full\" src=\"https:\/\/rjydisplay.com\/wp-content\/uploads\/2022\/06\/RV101LBP-480-40-5.jpg\" alt=\"\" width=\"1500\" height=\"1077\" title=\"\"><\/p>\n<p>&nbsp;<\/p>\n<p>&nbsp;<\/p>","protected":false},"excerpt":{"rendered":"<ul>\n<li>Taille : 10,1 pouces<\/li>\n<li>R\u00e9solution : 440*1920<\/li>\n<li>Luminosit\u00e9 : 550nit<\/li>\n<li>Interface : MIPI<\/li>\n<li>Toucher : avec le toucher<\/li>\n<\/ul>","protected":false},"featured_media":42381,"template":"","meta":[],"product_brand":[],"product_cat":[381],"product_tag":[],"class_list":{"0":"post-40658","1":"product","2":"type-product","3":"status-publish","4":"has-post-thumbnail","6":"product_cat-automotive-display","8":"first","9":"instock","10":"product-type-simple"},"ct_brands":[],"_links":{"self":[{"href":"https:\/\/rjydisplay.com\/fr\/wp-json\/wp\/v2\/product\/40658","targetHints":{"allow":["GET"]}}],"collection":[{"href":"https:\/\/rjydisplay.com\/fr\/wp-json\/wp\/v2\/product"}],"about":[{"href":"https:\/\/rjydisplay.com\/fr\/wp-json\/wp\/v2\/types\/product"}],"wp:featuredmedia":[{"embeddable":true,"href":"https:\/\/rjydisplay.com\/fr\/wp-json\/wp\/v2\/media\/42381"}],"wp:attachment":[{"href":"https:\/\/rjydisplay.com\/fr\/wp-json\/wp\/v2\/media?parent=40658"}],"wp:term":[{"taxonomy":"product_brand","embeddable":true,"href":"https:\/\/rjydisplay.com\/fr\/wp-json\/wp\/v2\/product_brand?post=40658"},{"taxonomy":"product_cat","embeddable":true,"href":"https:\/\/rjydisplay.com\/fr\/wp-json\/wp\/v2\/product_cat?post=40658"},{"taxonomy":"product_tag","embeddable":true,"href":"https:\/\/rjydisplay.com\/fr\/wp-json\/wp\/v2\/product_tag?post=40658"}],"curies":[{"name":"wp","href":"https:\/\/api.w.org\/{rel}","templated":true}]}}