{"id":40663,"date":"2025-03-24T10:20:35","date_gmt":"2025-03-24T10:20:35","guid":{"rendered":"https:\/\/rjydisplay.com\/?post_type=product&#038;p=40663"},"modified":"2026-04-13T07:21:15","modified_gmt":"2026-04-13T07:21:15","slug":"3-6-inch-round-tft-lcd-display","status":"publish","type":"product","link":"https:\/\/rjydisplay.com\/fr\/produit\/3-6-inch-round-tft-lcd-display\/","title":{"rendered":"Ecran LCD TFT rond de 3,6 pouces - R\u00e9solution 544*506 Panneau LCD Ebike Ecran LCD"},"content":{"rendered":"<p>Le mod\u00e8le d'\u00e9cran RV036YHM-1000-40 est un \u00e9cran \u00e0 cristaux liquides (LCD) \u00e0 matrice active et \u00e0 transistor \u00e0 film mince (TFT) qui utilise un TFT en silicium amorphe comme dispositif de commutation. Ce mod\u00e8le est compos\u00e9 d'un panneau LCD TFT, d'un circuit de commande et d'un syst\u00e8me de r\u00e9tro\u00e9clairage. Cet \u00e9cran TFT LCD a une surface d'affichage active de 3,6 pouces mesur\u00e9e en diagonale avec une r\u00e9solution WSVGA (544 pixels horizontaux par 506 pixels verticaux).<\/p>\n<p>&nbsp;<\/p>\n<h3>CANDIDATURE<\/h3>\n<ul>\n<li><strong>Contr\u00f4le de la maison intelligente<\/strong>Avec cet \u00e9cran LCD de 3,6 pouces, nous proposons une autre sp\u00e9cification qui convient parfaitement aux panneaux de contr\u00f4le des maisons intelligentes, tels que les r\u00e9frig\u00e9rateurs, les climatiseurs, les \u00e9crans de four \u00e0 micro-ondes ou les boutons d'interrupteur intelligents.<\/li>\n<li><strong>\u00c9crans pour l'automobile<\/strong>: L'\u00e9cran LCD rond peut \u00eatre int\u00e9gr\u00e9 dans les tableaux de bord ou les groupes d'instruments des automobiles. Il peut afficher diverses informations telles que la vitesse, le niveau de carburant, la temp\u00e9rature du moteur et d'autres param\u00e8tres du v\u00e9hicule.<\/li>\n<li><strong>Instruments industriels :<\/strong> L'\u00e9cran LCD TFT rond peut \u00eatre utilis\u00e9 dans des instruments industriels tels que des appareils de mesure portatifs, des \u00e9quipements de test portables ou des panneaux de contr\u00f4le. Il fournit une interface claire et visuellement attrayante pour l'affichage des donn\u00e9es et l'interaction avec l'utilisateur.<\/li>\n<li><strong>Dispositifs m\u00e9dicaux :<\/strong> L'\u00e9cran LCD peut \u00eatre utilis\u00e9 dans des dispositifs m\u00e9dicaux tels que les moniteurs de patients, les \u00e9quipements m\u00e9dicaux portables ou les dispositifs de diagnostic. Il peut pr\u00e9senter les signes vitaux, les r\u00e9sultats des tests ou d'autres donn\u00e9es m\u00e9dicales dans un format compact et facile \u00e0 lire.<\/li>\n<\/ul>","protected":false},"excerpt":{"rendered":"<ul>\n<li>Configuration 3,6 pouces<\/li>\n<li>16.7M couleur<\/li>\n<li>Conformit\u00e9 RoHS\/Halog\u00e8ne<\/li>\n<li>R\u00e9solution : 544*506<\/li>\n<li>Luminosit\u00e9 : 1000 Cd\/m2<\/li>\n<li>Taille : \u00e9cran LCD TFT rond de 3,6 pouces<\/li>\n<li>Toucher : avec le toucher<\/li>\n<\/ul>","protected":false},"featured_media":41089,"template":"","meta":[],"product_brand":[],"product_cat":[185],"product_tag":[],"class_list":{"0":"post-40663","1":"product","2":"type-product","3":"status-publish","4":"has-post-thumbnail","6":"product_cat-round-display","8":"first","9":"instock","10":"product-type-simple"},"ct_brands":[],"_links":{"self":[{"href":"https:\/\/rjydisplay.com\/fr\/wp-json\/wp\/v2\/product\/40663","targetHints":{"allow":["GET"]}}],"collection":[{"href":"https:\/\/rjydisplay.com\/fr\/wp-json\/wp\/v2\/product"}],"about":[{"href":"https:\/\/rjydisplay.com\/fr\/wp-json\/wp\/v2\/types\/product"}],"wp:featuredmedia":[{"embeddable":true,"href":"https:\/\/rjydisplay.com\/fr\/wp-json\/wp\/v2\/media\/41089"}],"wp:attachment":[{"href":"https:\/\/rjydisplay.com\/fr\/wp-json\/wp\/v2\/media?parent=40663"}],"wp:term":[{"taxonomy":"product_brand","embeddable":true,"href":"https:\/\/rjydisplay.com\/fr\/wp-json\/wp\/v2\/product_brand?post=40663"},{"taxonomy":"product_cat","embeddable":true,"href":"https:\/\/rjydisplay.com\/fr\/wp-json\/wp\/v2\/product_cat?post=40663"},{"taxonomy":"product_tag","embeddable":true,"href":"https:\/\/rjydisplay.com\/fr\/wp-json\/wp\/v2\/product_tag?post=40663"}],"curies":[{"name":"wp","href":"https:\/\/api.w.org\/{rel}","templated":true}]}}