{"id":40690,"date":"2025-03-24T10:20:42","date_gmt":"2025-03-24T10:20:42","guid":{"rendered":"https:\/\/rjydisplay.com\/?post_type=product&#038;p=40690"},"modified":"2025-04-07T09:50:24","modified_gmt":"2025-04-07T09:50:24","slug":"10-1-inch-tft-lcd-touch-display","status":"publish","type":"product","link":"https:\/\/rjydisplay.com\/fr\/produit\/10-1-inch-tft-lcd-touch-display\/","title":{"rendered":"\u00c9cran tactile TFT LCD de 10,1 pouces - R\u00e9solution 1024*600, \u00e9cran tactile capacitif"},"content":{"rendered":"<p>Le mod\u00e8le d'\u00e9cran RV101WXP-200-50 est un module ALL VIEW TFT-LCD (Thin Film Transistor Liquid Crystal Display). Ce mod\u00e8le est compos\u00e9 d'un panneau LCD TFT, d'un circuit de commande et d'un r\u00e9tro-\u00e9clairage, et poss\u00e8de \u00e9galement une zone d'affichage active de 10,1 pouces mesur\u00e9e en diagonale avec une r\u00e9solution HD (1024 pixels horizontaux par 600 pixels verticaux) dans une disposition en bandes. Affichage de 16 millions de couleurs par entr\u00e9e de signal RGB 8 bits.<\/p>\n<p>Cet \u00e9cran tactile TFT LCD de 10,1 pouces a une luminosit\u00e9 de 200nit et 50 broches. Si vous avez besoin de personnaliser la luminosit\u00e9 et les broches, l'interface, ou toute carte de contr\u00f4le telle que la carte HDMI, nous vous fournirons cela, nous sommes une soci\u00e9t\u00e9 qui fait de la vente en gros et tous les produits sont des prix de gros, mais une petite MOQ vous pouvez l'obtenir. N'h\u00e9sitez pas \u00e0 nous contacter si vous avez des probl\u00e8mes !<\/p>","protected":false},"excerpt":{"rendered":"<ul>\n<li>Mod\u00e8le : RV101WSP-200-50<\/li>\n<li>Taille : \u00e9cran tactile LCD de 10,1 pouces<\/li>\n<li>R\u00e9solution : 1024*600<\/li>\n<li>Interface : RGB<\/li>\n<li>Traitement de surface : Rev\u00eatement dur avec film EWV<\/li>\n<li>Temp\u00e9rature de stockage : -30-70 \u2103<\/li>\n<\/ul>","protected":false},"featured_media":42120,"template":"","meta":[],"product_brand":[],"product_cat":[184],"product_tag":[],"class_list":{"0":"post-40690","1":"product","2":"type-product","3":"status-publish","4":"has-post-thumbnail","6":"product_cat-standard-displays","8":"first","9":"instock","10":"product-type-simple"},"ct_brands":[],"_links":{"self":[{"href":"https:\/\/rjydisplay.com\/fr\/wp-json\/wp\/v2\/product\/40690","targetHints":{"allow":["GET"]}}],"collection":[{"href":"https:\/\/rjydisplay.com\/fr\/wp-json\/wp\/v2\/product"}],"about":[{"href":"https:\/\/rjydisplay.com\/fr\/wp-json\/wp\/v2\/types\/product"}],"wp:featuredmedia":[{"embeddable":true,"href":"https:\/\/rjydisplay.com\/fr\/wp-json\/wp\/v2\/media\/42120"}],"wp:attachment":[{"href":"https:\/\/rjydisplay.com\/fr\/wp-json\/wp\/v2\/media?parent=40690"}],"wp:term":[{"taxonomy":"product_brand","embeddable":true,"href":"https:\/\/rjydisplay.com\/fr\/wp-json\/wp\/v2\/product_brand?post=40690"},{"taxonomy":"product_cat","embeddable":true,"href":"https:\/\/rjydisplay.com\/fr\/wp-json\/wp\/v2\/product_cat?post=40690"},{"taxonomy":"product_tag","embeddable":true,"href":"https:\/\/rjydisplay.com\/fr\/wp-json\/wp\/v2\/product_tag?post=40690"}],"curies":[{"name":"wp","href":"https:\/\/api.w.org\/{rel}","templated":true}]}}