{"id":40703,"date":"2025-03-24T10:20:53","date_gmt":"2025-03-24T10:20:53","guid":{"rendered":"https:\/\/rjydisplay.com\/?post_type=product&#038;p=40703"},"modified":"2025-05-12T07:33:39","modified_gmt":"2025-05-12T07:33:39","slug":"2-8-inch-tft-touch-lcd-display","status":"publish","type":"product","link":"https:\/\/rjydisplay.com\/fr\/produit\/2-8-inch-tft-touch-lcd-display\/","title":{"rendered":"\u00c9cran LCD TFT IPS de 2,8 pouces - R\u00e9solution 240*320, avec CTP"},"content":{"rendered":"<p style=\"text-align: justify;\"><strong>RV028QVP-350-10<\/strong> est un \u00e9cran couleur TFT LCD carr\u00e9 de 2,8 pouces (240 * 320 pixels) avec module d'affichage tactile. Il utilise le ST7789 Driver IC et le FT6336U Touch IC. La carte de contr\u00f4le LCD peut \u00eatre personnalis\u00e9e en fonction de vos besoins.<\/p>\n<p style=\"text-align: justify;\"><strong>Caract\u00e9ristiques :<\/strong><br \/>\n- avec \u00e9cran tactile capacitif TFT LCD de 240\u00d7320 pixels<br \/>\n- Interface SPI, bien s\u00fbr, interface acceptable pour la carte de pilotage LCD personnalis\u00e9e ou fournie.<br \/>\n- La structure tactile est G+F et la duret\u00e9 de la surface est de 6H.<\/p>","protected":false},"excerpt":{"rendered":"<ul>\n<li>LCD AA : 43,2 (H)* 57,6 (V)<\/li>\n<li>TP VA : 43,6 (H)* 58,05 (V)<\/li>\n<li>Pilote IC : ST7789<\/li>\n<li>IC tactile : FT6336U<\/li>\n<li>Interface : SPI<\/li>\n<li>Structure du toucher : G+F<\/li>\n<li>Duret\u00e9 de la surface : 6H<\/li>\n<\/ul>","protected":false},"featured_media":42004,"template":"","meta":[],"product_brand":[],"product_cat":[184],"product_tag":[],"class_list":{"0":"post-40703","1":"product","2":"type-product","3":"status-publish","4":"has-post-thumbnail","6":"product_cat-standard-displays","8":"first","9":"instock","10":"product-type-simple"},"ct_brands":[],"_links":{"self":[{"href":"https:\/\/rjydisplay.com\/fr\/wp-json\/wp\/v2\/product\/40703","targetHints":{"allow":["GET"]}}],"collection":[{"href":"https:\/\/rjydisplay.com\/fr\/wp-json\/wp\/v2\/product"}],"about":[{"href":"https:\/\/rjydisplay.com\/fr\/wp-json\/wp\/v2\/types\/product"}],"wp:featuredmedia":[{"embeddable":true,"href":"https:\/\/rjydisplay.com\/fr\/wp-json\/wp\/v2\/media\/42004"}],"wp:attachment":[{"href":"https:\/\/rjydisplay.com\/fr\/wp-json\/wp\/v2\/media?parent=40703"}],"wp:term":[{"taxonomy":"product_brand","embeddable":true,"href":"https:\/\/rjydisplay.com\/fr\/wp-json\/wp\/v2\/product_brand?post=40703"},{"taxonomy":"product_cat","embeddable":true,"href":"https:\/\/rjydisplay.com\/fr\/wp-json\/wp\/v2\/product_cat?post=40703"},{"taxonomy":"product_tag","embeddable":true,"href":"https:\/\/rjydisplay.com\/fr\/wp-json\/wp\/v2\/product_tag?post=40703"}],"curies":[{"name":"wp","href":"https:\/\/api.w.org\/{rel}","templated":true}]}}