{"id":40746,"date":"2025-03-24T10:20:55","date_gmt":"2025-03-24T10:20:55","guid":{"rendered":"https:\/\/rjydisplay.com\/?post_type=product&#038;p=40746"},"modified":"2025-05-12T07:33:16","modified_gmt":"2025-05-12T07:33:16","slug":"2-6-inch-tft-lcd-touch-screen-display","status":"publish","type":"product","link":"https:\/\/rjydisplay.com\/fr\/produit\/2-6-inch-tft-lcd-touch-screen-display\/","title":{"rendered":"\u00c9cran tactile TFT LCD personnalis\u00e9 de 2,6 pouces - 240\u00d7240 pixels, 300 Nits de luminosit\u00e9, tactile capacitif"},"content":{"rendered":"<p>Les <strong>RT026Z1P-300-40<\/strong> est un module d'affichage TFT LCD de 2,6 pouces \u00e0 la pointe de la technologie, con\u00e7u pour r\u00e9pondre aux besoins exigeants des syst\u00e8mes industriels et embarqu\u00e9s. Dot\u00e9 d'un \u00e9cran haute r\u00e9solution de 240 (RVB)\u00d7240 pixels, ce module fournit des images vibrantes et pr\u00e9cises gr\u00e2ce \u00e0 son agencement de bandes verticales RVB. Son design compact en fait une solution id\u00e9ale pour les applications n\u00e9cessitant une utilisation optimale de l'espace sans compromettre les performances.<\/p>\n<p>Dot\u00e9 d'une structure tactile G+F, l'\u00e9cran offre une interface intuitive et durable aux utilisateurs finaux, renforc\u00e9e par une duret\u00e9 de surface de 6H pour des performances robustes, m\u00eame dans des conditions rigoureuses. Sa large plage de temp\u00e9ratures de fonctionnement, de -20\u00b0C \u00e0 +70\u00b0C, garantit un fonctionnement fiable dans divers environnements, qu'il s'agisse d'installations industrielles ou d'applications ext\u00e9rieures.<\/p>\n<p>Le module est pilot\u00e9 par le circuit int\u00e9gr\u00e9 ST7789, assurant une int\u00e9gration transparente via l'interface SPI pour une communication rapide et efficace. En outre, le r\u00e9tro\u00e9clairage par LED blanches am\u00e9liore la visibilit\u00e9 dans diverses conditions d'\u00e9clairage, tandis que l'\u00e9cran tactile, aliment\u00e9 par le circuit int\u00e9gr\u00e9 tactile FT6336U, prend en charge plusieurs points de contact pour une meilleure interaction avec l'utilisateur.<\/p>\n<p>Soucieux de l'environnement, le module d'affichage est conforme aux normes RoHS, garantissant une conception durable et \u00e9cologique. Avec ses angles de vision larges et ses dimensions compactes (42,7 mm x 51,35 mm x 2,2 mm), le RT026Z1P-300-40 est suffisamment polyvalent pour les applications dans les \u00e9quipements industriels, les appareils IoT, et plus encore.<\/p>\n<p>En combinant des images de haute qualit\u00e9, la durabilit\u00e9 et des performances efficaces, le <strong>RT026Z1P-300-40<\/strong> repr\u00e9sente un choix fiable et polyvalent pour les d\u00e9veloppeurs et les ing\u00e9nieurs qui cherchent \u00e0 int\u00e9grer une technologie d'affichage avanc\u00e9e dans leurs projets.<\/p>","protected":false},"excerpt":{"rendered":"<ul>\n<li><strong data-start=\"34\" data-end=\"43\"><span class=\"_fadeIn_m1hgl_8\">Taille :<\/span><\/strong> <span class=\"_fadeIn_m1hgl_8\">2.6 <\/span><span class=\"_fadeIn_m1hgl_8\">pouce <\/span><span class=\"_fadeIn_m1hgl_8\">TFT <\/span><span class=\"_fadeIn_m1hgl_8\">LCD <\/span><span class=\"_fadeIn_m1hgl_8\">module<\/span><\/li>\n<li><strong data-start=\"70\" data-end=\"85\"><span class=\"_fadeIn_m1hgl_8\">R\u00e9solution :<\/span><\/strong> <span class=\"_fadeIn_m1hgl_8\">240\u00d7<\/span><span class=\"_fadeIn_m1hgl_8\">240<\/span><\/li>\n<li><strong data-start=\"96\" data-end=\"110\"><span class=\"_fadeIn_m1hgl_8\">Interface :<\/span><\/strong> <span class=\"_fadeIn_m1hgl_8\">SPI<\/span><\/li>\n<li><strong data-start=\"117\" data-end=\"127\"><span class=\"_fadeIn_m1hgl_8\">Touchez :<\/span><\/strong> <span class=\"_fadeIn_m1hgl_8\">G+<\/span><span class=\"_fadeIn_m1hgl_8\">F <\/span><span class=\"_fadeIn_m1hgl_8\">capacitif <\/span><span class=\"_fadeIn_m1hgl_8\">toucher, <\/span><span class=\"_fadeIn_m1hgl_8\">6H <\/span><span class=\"_fadeIn_m1hgl_8\">duret\u00e9<\/span><\/li>\n<li><strong data-start=\"164\" data-end=\"179\"><span class=\"_fadeIn_m1hgl_8\">Voir <\/span><span class=\"_fadeIn_m1hgl_8\">Angle :<\/span><\/strong> <span class=\"_fadeIn_m1hgl_8\">Tous <\/span><span class=\"_fadeIn_m1hgl_8\">Horloge<\/span><\/li>\n<li><strong data-start=\"194\" data-end=\"208\"><span class=\"_fadeIn_m1hgl_8\">IC <\/span><span class=\"_fadeIn_m1hgl_8\">Conducteur :<\/span><\/strong> <span class=\"_fadeIn_m1hgl_8\">ST7789<\/span><\/li>\n<li><strong data-start=\"218\" data-end=\"231\"><span class=\"_fadeIn_m1hgl_8\">LCD <\/span><span class=\"_fadeIn_m1hgl_8\">Type :<\/span><\/strong> <span class=\"_fadeIn_m1hgl_8\">AM <\/span><span class=\"_fadeIn_m1hgl_8\">TFT, <\/span><span class=\"_fadeIn_m1hgl_8\">Transmissif<\/span><\/li>\n<\/ul>","protected":false},"featured_media":41551,"template":"","meta":[],"product_brand":[],"product_cat":[184],"product_tag":[],"class_list":{"0":"post-40746","1":"product","2":"type-product","3":"status-publish","4":"has-post-thumbnail","6":"product_cat-standard-displays","8":"first","9":"instock","10":"product-type-simple"},"ct_brands":[],"_links":{"self":[{"href":"https:\/\/rjydisplay.com\/fr\/wp-json\/wp\/v2\/product\/40746","targetHints":{"allow":["GET"]}}],"collection":[{"href":"https:\/\/rjydisplay.com\/fr\/wp-json\/wp\/v2\/product"}],"about":[{"href":"https:\/\/rjydisplay.com\/fr\/wp-json\/wp\/v2\/types\/product"}],"wp:featuredmedia":[{"embeddable":true,"href":"https:\/\/rjydisplay.com\/fr\/wp-json\/wp\/v2\/media\/41551"}],"wp:attachment":[{"href":"https:\/\/rjydisplay.com\/fr\/wp-json\/wp\/v2\/media?parent=40746"}],"wp:term":[{"taxonomy":"product_brand","embeddable":true,"href":"https:\/\/rjydisplay.com\/fr\/wp-json\/wp\/v2\/product_brand?post=40746"},{"taxonomy":"product_cat","embeddable":true,"href":"https:\/\/rjydisplay.com\/fr\/wp-json\/wp\/v2\/product_cat?post=40746"},{"taxonomy":"product_tag","embeddable":true,"href":"https:\/\/rjydisplay.com\/fr\/wp-json\/wp\/v2\/product_tag?post=40746"}],"curies":[{"name":"wp","href":"https:\/\/api.w.org\/{rel}","templated":true}]}}