{"id":41103,"date":"2025-03-24T10:20:46","date_gmt":"2025-03-24T10:20:46","guid":{"rendered":"https:\/\/rjydisplay.com\/product\/5-inch-ips-lcd-display-mipi-interface-7201280-resolution\/"},"modified":"2026-04-13T07:21:07","modified_gmt":"2026-04-13T07:21:07","slug":"5-inch-ips-lcd-display","status":"publish","type":"product","link":"https:\/\/rjydisplay.com\/fr\/produit\/5-inch-ips-lcd-display\/","title":{"rendered":"\u00c9cran LCD IPS de 5 pouces - Interface MIPI, r\u00e9solution 720*1280"},"content":{"rendered":"<h2 data-start=\"21\" data-end=\"44\">Pr\u00e9sentation du produit<\/h2>\n<p data-start=\"46\" data-end=\"416\">Pr\u00e9sentation de la <strong data-start=\"62\" data-end=\"81\">RV050HDM-380-40<\/strong> - un module d'affichage LCD de pointe de 5 pouces con\u00e7u pour des performances visuelles haute d\u00e9finition dans diverses applications industrielles et grand public. En tant qu'ing\u00e9nieur chevronn\u00e9 sp\u00e9cialis\u00e9 dans les syst\u00e8mes embarqu\u00e9s, je sais que la qualit\u00e9 de l'affichage peut faire ou d\u00e9faire l'exp\u00e9rience utilisateur d'un produit, et ce module est con\u00e7u pour offrir une clart\u00e9 et une pr\u00e9cision des couleurs exceptionnelles.<\/p>\n<p data-start=\"418\" data-end=\"439\">Les principales caract\u00e9ristiques sont les suivantes :<\/p>\n<ul data-start=\"441\" data-end=\"1880\">\n<li data-start=\"441\" data-end=\"660\">\n<p data-start=\"443\" data-end=\"660\"><strong data-start=\"443\" data-end=\"467\">Taille et mode d'affichage :<\/strong><br data-start=\"467\" data-end=\"470\" \/>Un \u00e9cran de 5 pouces fonctionnant en mode \"Normalement noir\" garantit que l'\u00e9tat par d\u00e9faut de l'\u00e9cran est sombre, ce qui am\u00e9liore le contraste et r\u00e9duit la consommation d'\u00e9nergie lorsqu'il n'est pas activement \u00e9clair\u00e9.<\/p>\n<\/li>\n<li data-start=\"662\" data-end=\"995\">\n<p data-start=\"664\" data-end=\"995\"><strong data-start=\"664\" data-end=\"695\">R\u00e9solution et d\u00e9tails des pixels :<\/strong><br data-start=\"695\" data-end=\"698\" \/>Avec une r\u00e9solution de <strong data-start=\"721\" data-end=\"740\">720(RGB) x 1280<\/strong> et un pas de pixel pr\u00e9cis de <strong data-start=\"770\" data-end=\"817\">0,0855 mm (horizontalement et verticalement)<\/strong>Le module offre des images nettes et des graphiques fluides. Les pixels sont dispos\u00e9s selon un motif de bandes verticales RVB, ce qui garantit une reproduction coh\u00e9rente des couleurs sous tous les angles de vue.<\/p>\n<\/li>\n<li data-start=\"997\" data-end=\"1274\">\n<p data-start=\"999\" data-end=\"1274\"><strong data-start=\"999\" data-end=\"1024\">Visualisation et dimensions :<\/strong><br data-start=\"1024\" data-end=\"1027\" \/>L'\u00e9cran est con\u00e7u pour une visualisation sous tous les angles, ce qui le rend id\u00e9al pour les appareils qui n\u00e9cessitent un placement polyvalent. L'ensemble du module mesure <strong data-start=\"1166\" data-end=\"1207\">65,35 mm (H) x 118,8 mm (V) x 2,1 mm (D)<\/strong>La zone active (LCD AA) est la suivante <strong data-start=\"1243\" data-end=\"1273\">61,78 mm (H) x 109,82 mm (V)<\/strong>.<\/p>\n<\/li>\n<li data-start=\"1276\" data-end=\"1454\">\n<p data-start=\"1278\" data-end=\"1454\"><strong data-start=\"1278\" data-end=\"1297\">Couleur et conducteur :<\/strong><br data-start=\"1297\" data-end=\"1300\" \/>Capable d'afficher <strong data-start=\"1324\" data-end=\"1347\">16,7 millions de couleurs<\/strong>Cet \u00e9cran LCD est pilot\u00e9 par le <strong data-start=\"1383\" data-end=\"1394\">HX8394F<\/strong> IC, ce qui garantit un fonctionnement sans heurts et une pr\u00e9sentation des couleurs \u00e9clatante.<\/p>\n<\/li>\n<li data-start=\"1456\" data-end=\"1683\">\n<p data-start=\"1458\" data-end=\"1683\"><strong data-start=\"1458\" data-end=\"1484\">Interface et r\u00e9tro\u00e9clairage :<\/strong><br data-start=\"1484\" data-end=\"1487\" \/>Le module prend en charge un <strong data-start=\"1511\" data-end=\"1529\">Interface MIPI<\/strong>qui garantit une transmission de donn\u00e9es \u00e0 grande vitesse avec une faible consommation d'\u00e9nergie. Son r\u00e9tro\u00e9clairage par LED blanches am\u00e9liore encore la luminosit\u00e9 et la clart\u00e9 de l'\u00e9cran.<\/p>\n<\/li>\n<li data-start=\"1685\" data-end=\"1880\">\n<p data-start=\"1687\" data-end=\"1880\"><strong data-start=\"1687\" data-end=\"1719\">Conditions de fonctionnement robustes :<\/strong><br data-start=\"1719\" data-end=\"1722\" \/>Con\u00e7u pour fonctionner de mani\u00e8re fiable dans un large \u00e9ventail d'environnements, l'\u00e9cran fonctionne dans les limites suivantes <strong data-start=\"1816\" data-end=\"1832\">-20\u2103 \u00e0 +70\u2103<\/strong> et peuvent \u00eatre stock\u00e9s en toute s\u00e9curit\u00e9 \u00e0 partir de <strong data-start=\"1863\" data-end=\"1879\">-30\u2103 \u00e0 +80\u2103<\/strong>.<\/p>\n<\/li>\n<\/ul>\n<p data-start=\"1882\" data-end=\"2071\">Ce module LCD est un m\u00e9lange parfait de technologie d'affichage avanc\u00e9e et de conception robuste, ce qui en fait un choix id\u00e9al pour les projets o\u00f9 la haute d\u00e9finition et la durabilit\u00e9 sont primordiales.<\/p>","protected":false},"excerpt":{"rendered":"<ul>\n<li>Taille : module LCD carr\u00e9 de 5 pouces<\/li>\n<li>R\u00e9solution : 720*1280<\/li>\n<li>Luminosit\u00e9 : 380nit<\/li>\n<li>LCD AA : 61,78 (H)* 109,82 (V)<\/li>\n<li>Circuit int\u00e9gr\u00e9 du pilote : HX8394F<\/li>\n<\/ul>","protected":false},"featured_media":42046,"template":"","meta":[],"product_brand":[],"product_cat":[184],"product_tag":[],"class_list":{"0":"post-41103","1":"product","2":"type-product","3":"status-publish","4":"has-post-thumbnail","6":"product_cat-standard-displays","8":"first","9":"instock","10":"product-type-simple"},"ct_brands":[],"_links":{"self":[{"href":"https:\/\/rjydisplay.com\/fr\/wp-json\/wp\/v2\/product\/41103","targetHints":{"allow":["GET"]}}],"collection":[{"href":"https:\/\/rjydisplay.com\/fr\/wp-json\/wp\/v2\/product"}],"about":[{"href":"https:\/\/rjydisplay.com\/fr\/wp-json\/wp\/v2\/types\/product"}],"wp:featuredmedia":[{"embeddable":true,"href":"https:\/\/rjydisplay.com\/fr\/wp-json\/wp\/v2\/media\/42046"}],"wp:attachment":[{"href":"https:\/\/rjydisplay.com\/fr\/wp-json\/wp\/v2\/media?parent=41103"}],"wp:term":[{"taxonomy":"product_brand","embeddable":true,"href":"https:\/\/rjydisplay.com\/fr\/wp-json\/wp\/v2\/product_brand?post=41103"},{"taxonomy":"product_cat","embeddable":true,"href":"https:\/\/rjydisplay.com\/fr\/wp-json\/wp\/v2\/product_cat?post=41103"},{"taxonomy":"product_tag","embeddable":true,"href":"https:\/\/rjydisplay.com\/fr\/wp-json\/wp\/v2\/product_tag?post=41103"}],"curies":[{"name":"wp","href":"https:\/\/api.w.org\/{rel}","templated":true}]}}