{"id":41119,"date":"2025-03-24T10:20:52","date_gmt":"2025-03-24T10:20:52","guid":{"rendered":"https:\/\/rjydisplay.com\/product\/6-inch-tft-lcd-display-10801920-resolution\/"},"modified":"2026-04-13T07:21:05","modified_gmt":"2026-04-13T07:21:05","slug":"6-inch-tft-lcd-display","status":"publish","type":"product","link":"https:\/\/rjydisplay.com\/fr\/produit\/6-inch-tft-lcd-display\/","title":{"rendered":"\u00c9cran LCD TFT 6 pouces - R\u00e9solution 1080*1920, luminosit\u00e9 350nit, interface MIPI"},"content":{"rendered":"<p style=\"text-align: justify;\">RV060FHM-350-39 est un module d'\u00e9cran LCD couleur HD 1080P 6 pouces de 1080*1920 pixels avec r\u00e9tro\u00e9clairage LED, grand angle de vue, c'est un mod\u00e8le d'\u00e9cran TFT transmissif normalement noir, interface MIPI VIDEO MODE, l'interface peut \u00eatre modifi\u00e9e en fonction de vos besoins. Le pilote IC est NT35532, il a une temp\u00e9rature de stockage large de -30-70 degr\u00e9s, l'humidit\u00e9 de stockage est 90%RH.<\/p>\n<p>La luminosit\u00e9 est un \u00e9l\u00e9ment personnalis\u00e9, n'h\u00e9sitez pas \u00e0 nous faire part de vos exigences concernant la luminosit\u00e9 de l'\u00e9cran LCD.<\/p>","protected":false},"excerpt":{"rendered":"<ul>\n<li>Mode d'affichage : Normalement noir transmissif<\/li>\n<li>Nombre de pixels : 1080xRGBx1920 pixels<\/li>\n<li>CI d'entra\u00eenement : NT35532<\/li>\n<li>Luminance du module : 350 nit \/ personnalis\u00e9<\/li>\n<li>Signaux d'entr\u00e9e : MODE VIDEO MIPI<\/li>\n<\/ul>","protected":false},"featured_media":42026,"template":"","meta":[],"product_brand":[],"product_cat":[184],"product_tag":[],"class_list":{"0":"post-41119","1":"product","2":"type-product","3":"status-publish","4":"has-post-thumbnail","6":"product_cat-standard-displays","8":"first","9":"instock","10":"product-type-simple"},"ct_brands":[],"_links":{"self":[{"href":"https:\/\/rjydisplay.com\/fr\/wp-json\/wp\/v2\/product\/41119","targetHints":{"allow":["GET"]}}],"collection":[{"href":"https:\/\/rjydisplay.com\/fr\/wp-json\/wp\/v2\/product"}],"about":[{"href":"https:\/\/rjydisplay.com\/fr\/wp-json\/wp\/v2\/types\/product"}],"wp:featuredmedia":[{"embeddable":true,"href":"https:\/\/rjydisplay.com\/fr\/wp-json\/wp\/v2\/media\/42026"}],"wp:attachment":[{"href":"https:\/\/rjydisplay.com\/fr\/wp-json\/wp\/v2\/media?parent=41119"}],"wp:term":[{"taxonomy":"product_brand","embeddable":true,"href":"https:\/\/rjydisplay.com\/fr\/wp-json\/wp\/v2\/product_brand?post=41119"},{"taxonomy":"product_cat","embeddable":true,"href":"https:\/\/rjydisplay.com\/fr\/wp-json\/wp\/v2\/product_cat?post=41119"},{"taxonomy":"product_tag","embeddable":true,"href":"https:\/\/rjydisplay.com\/fr\/wp-json\/wp\/v2\/product_tag?post=41119"}],"curies":[{"name":"wp","href":"https:\/\/api.w.org\/{rel}","templated":true}]}}