{"id":43790,"date":"2025-09-10T06:33:56","date_gmt":"2025-09-10T06:33:56","guid":{"rendered":"https:\/\/rjydisplay.com\/?post_type=product&#038;p=43790"},"modified":"2026-04-13T07:20:55","modified_gmt":"2026-04-13T07:20:55","slug":"rockchip-rk3568-quad-core-android-lcd-controller-board-2","status":"publish","type":"product","link":"https:\/\/rjydisplay.com\/fr\/produit\/rockchip-rk3568-quad-core-android-lcd-controller-board-2\/","title":{"rendered":"Carte contr\u00f4leur LCD Android quad-core Rockchip RK3568 \u2013 Puce IA, Android 11.0, USB 3.0, RJ45"},"content":{"rendered":"<h2 data-start=\"162\" data-end=\"187\"><strong data-start=\"165\" data-end=\"185\">Aper\u00e7u du produit<\/strong><\/h2>\n<p data-start=\"93\" data-end=\"296\">Les\u00a0<strong data-start=\"97\" data-end=\"111\">RJY-2168K<\/strong>\u00a0est une carte m\u00e8re intelligente haute performance aliment\u00e9e par le processeur IA\u00a0<strong data-start=\"180\" data-end=\"203\">Rockchip RK3568<\/strong>\u00a0avec une\u00a0<strong data-start=\"223\" data-end=\"255\">unit\u00e9 de traitement neuronal (NPU)<\/strong>\u00a0et\u00a0<strong data-start=\"260\" data-end=\"293\">int\u00e9gr\u00e9e.<\/strong>.<\/p>\n<p data-start=\"298\" data-end=\"633\">Syst\u00e8me d'exploitation Android 11.0\u00a0<strong data-start=\"309\" data-end=\"341\">Bas\u00e9 sur un<\/strong>\u00a0processeur quadric\u0153ur ARM Cortex-A55\u00a0<strong data-start=\"356\" data-end=\"387\">avec l'architecture avanc\u00e9e<\/strong>, 22 nm ARMv8.2-A\u00a0<strong data-start=\"427\" data-end=\"437\">, la carte atteint des fr\u00e9quences jusqu'\u00e0<\/strong>\u00a02,0 GHz\u00a0<strong data-start=\"470\" data-end=\"489\">et une puissance de calcul robuste. Le<\/strong>\u00a0GPU ARM G52 2EE\u00a0<strong data-start=\"540\" data-end=\"571\">assure d'excellentes performances graphiques, tandis que le<\/strong>, NPU atteint jusqu'\u00e0 1,0 TOPS.<\/p>\n<p data-start=\"635\" data-end=\"998\">, prenant en charge les principaux outils et frameworks de d\u00e9veloppement IA.\u00a0<strong data-start=\"659\" data-end=\"697\">Le ZYSJ-2168K prend en charge<\/strong>, y compris des\u00a0<strong data-start=\"709\" data-end=\"725\">trois sorties d'affichage ind\u00e9pendantes<\/strong>,\u00a0<strong data-start=\"727\" data-end=\"734\">eDP<\/strong>,\u00a0<strong data-start=\"736\" data-end=\"748\">MIPI DSI<\/strong>et\u00a0<strong data-start=\"754\" data-end=\"765\">LVDS (1080P)<\/strong>, HDMI 4K\u00a0<strong data-start=\"849\" data-end=\"866\">, offrant une grande polyvalence pour les solutions multi-\u00e9crans. La connectivit\u00e9 riche inclut<\/strong>,\u00a0<strong data-start=\"868\" data-end=\"877\">double Ethernet<\/strong>,\u00a0<strong data-start=\"879\" data-end=\"896\">Wi-Fi<\/strong>,\u00a0<strong data-start=\"898\" data-end=\"909\">extension USB<\/strong>,\u00a0<strong data-start=\"911\" data-end=\"926\">bus CAN<\/strong>,\u00a0<strong data-start=\"928\" data-end=\"936\">GPIO<\/strong>,\u00a0<strong data-start=\"938\" data-end=\"945\">I\u00b2C<\/strong>,\u00a0<strong data-start=\"947\" data-end=\"962\">RS232\/RS485<\/strong>,\u00a0<strong data-start=\"964\" data-end=\"985\">T\u00e9l\u00e9commande IR<\/strong>, cam\u00e9ra MIPI.<\/p>\n<p data-start=\"1000\" data-end=\"1156\">, et plus encore.<\/p>\n<ul data-start=\"1157\" data-end=\"1388\">\n<li data-start=\"1157\" data-end=\"1171\">\n<p data-start=\"1159\" data-end=\"1171\">Avec son puissant chipset quadric\u0153ur IA, sa plateforme mat\u00e9rielle robuste et son \u00e9cosyst\u00e8me bas\u00e9 sur Android, le ZYSJ-2168K est largement adopt\u00e9 dans des secteurs tels que :<\/p>\n<\/li>\n<li data-start=\"1172\" data-end=\"1214\">\n<p data-start=\"1174\" data-end=\"1214\">serveurs IA<\/p>\n<\/li>\n<li data-start=\"1215\" data-end=\"1244\">\n<p data-start=\"1217\" data-end=\"1244\">dispositifs de reconnaissance faciale et de paiement<\/p>\n<\/li>\n<li data-start=\"1245\" data-end=\"1266\">\n<p data-start=\"1247\" data-end=\"1266\">Mat\u00e9riel m\u00e9dical<\/p>\n<\/li>\n<li data-start=\"1267\" data-end=\"1291\">\n<p data-start=\"1269\" data-end=\"1291\">s\u00e9curit\u00e9 et surveillance<\/p>\n<\/li>\n<li data-start=\"1292\" data-end=\"1313\">\n<p data-start=\"1294\" data-end=\"1313\">transport intelligent<\/p>\n<\/li>\n<li data-start=\"1314\" data-end=\"1339\">\n<p data-start=\"1316\" data-end=\"1339\">syst\u00e8mes financiers<\/p>\n<\/li>\n<li data-start=\"1340\" data-end=\"1359\">\n<p data-start=\"1342\" data-end=\"1359\">automatisation industrielle<\/p>\n<\/li>\n<li data-start=\"1360\" data-end=\"1388\">\n<p data-start=\"1362\" data-end=\"1388\">\u00e9ducation intelligente<\/p>\n<\/li>\n<\/ul>\n<p data-start=\"1390\" data-end=\"1593\">solutions retail et IoT\u00a0<strong data-start=\"1409\" data-end=\"1433\">Sa combinaison de<\/strong>\u00a0et\u00a0<strong data-start=\"1438\" data-end=\"1462\">scalabilit\u00e9 mat\u00e9rielle<\/strong>\u00a0et d'intelligence Android\u00a0<strong data-start=\"1518\" data-end=\"1553\">en fait le choix parfait pour les applications n\u00e9cessitant<\/strong>\u00a0et\u00a0<strong data-start=\"1558\" data-end=\"1590\">interaction homme-machine (IHM)<\/strong>.<\/p>\n<hr data-start=\"1743\" data-end=\"1746\" \/>\n<h2 data-start=\"1748\" data-end=\"1781\"><strong data-start=\"1751\" data-end=\"1779\">Sp\u00e9cifications Techniques<\/strong><\/h2>\n<div class=\"_tableContainer_1rjym_1\">\n<table class=\"w-fit min-w-(--thread-content-width)\" data-start=\"26\" data-end=\"2561\">\n<thead data-start=\"26\" data-end=\"68\">\n<tr data-start=\"26\" data-end=\"68\">\n<th data-start=\"26\" data-end=\"47\" data-col-size=\"sm\"><strong data-start=\"28\" data-end=\"40\">Cat\u00e9gorie<\/strong><\/th>\n<th data-start=\"47\" data-end=\"68\" data-col-size=\"xl\"><strong data-start=\"49\" data-end=\"66\">Sp\u00e9cifications<\/strong><\/th>\n<\/tr>\n<\/thead>\n<tbody data-start=\"113\" data-end=\"2561\">\n<tr data-start=\"113\" data-end=\"152\">\n<td data-start=\"113\" data-end=\"136\" data-col-size=\"sm\"><strong data-start=\"115\" data-end=\"135\">int\u00e9gration d'appareils en r\u00e9seau.<\/strong><\/td>\n<td data-start=\"136\" data-end=\"152\" data-col-size=\"xl\">Syst\u00e8me d'exploitation<\/td>\n<\/tr>\n<tr data-start=\"153\" data-end=\"245\">\n<td data-start=\"153\" data-end=\"169\" data-col-size=\"sm\"><strong data-start=\"155\" data-end=\"168\">Android 11.0<\/strong><\/td>\n<td data-start=\"169\" data-end=\"245\" data-col-size=\"xl\">Processeur<br \/>\nRockchip RK3568 (proc\u00e9d\u00e9 22 nm)<\/td>\n<\/tr>\n<tr data-start=\"246\" data-end=\"384\">\n<td data-start=\"246\" data-end=\"261\" data-col-size=\"sm\"><strong data-start=\"248\" data-end=\"260\">CPU ARM quadric\u0153ur 64 bits, jusqu'\u00e0 2,0 GHz<\/strong><\/td>\n<td data-start=\"261\" data-end=\"384\" data-col-size=\"xl\">Graphiques<br \/>\nGPU ARM Mali G52 2EE<br \/>\nPrise en charge d'OpenGL ES 1.1 \/ 2.0 \/ 3.2, OpenCL 2.0, Vulkan 1.1<\/td>\n<\/tr>\n<tr data-start=\"385\" data-end=\"545\">\n<td data-start=\"385\" data-end=\"407\" data-col-size=\"sm\"><strong data-start=\"387\" data-end=\"406\">Acc\u00e9l\u00e9ration mat\u00e9rielle 2D int\u00e9gr\u00e9e<\/strong><\/td>\n<td data-start=\"407\" data-end=\"545\" data-col-size=\"xl\">NPU int\u00e9gr\u00e9, 1,0 TOPS @ INT8<br \/>\nPrise en charge de Caffe \/ Mxnet \/ TensorFlow \/ TFLite \/ ONNX \/ Darknet<br \/>\nOutils IA pour conversion rapide de mod\u00e8les<\/td>\n<\/tr>\n<tr data-start=\"546\" data-end=\"603\">\n<td data-start=\"546\" data-end=\"559\" data-col-size=\"sm\"><strong data-start=\"548\" data-end=\"558\">M\u00e9moire<\/strong><\/td>\n<td data-start=\"559\" data-end=\"603\" data-col-size=\"xl\">DDR4 2 Go (optionnel 4 Go \/ 8 Go, jusqu'\u00e0 8 Go)<\/td>\n<\/tr>\n<tr data-start=\"604\" data-end=\"699\">\n<td data-start=\"604\" data-end=\"618\" data-col-size=\"sm\"><strong data-start=\"606\" data-end=\"617\">Stockage<\/strong><\/td>\n<td data-start=\"618\" data-end=\"699\" data-col-size=\"xl\">eMMC 16 Go (optionnel 32 Go \/ 64 Go \/ 128 Go \/ 256 Go)<br \/>\n1 \u00d7 SATA3.0 pour SSD \/ HDD<\/td>\n<\/tr>\n<tr data-start=\"700\" data-end=\"961\">\n<td data-start=\"700\" data-end=\"714\" data-col-size=\"sm\"><strong data-start=\"702\" data-end=\"713\">R\u00e9seau<\/strong><\/td>\n<td data-start=\"714\" data-end=\"961\" data-col-size=\"xl\">Double Ethernet 10\/100 Mbit\/s (un RJ45, optionnel deux USB2.0)<br \/>\nWi-Fi 2,4 GHz 802.11 b\/g\/n\/ac, optionnel double bande 5 GHz<br \/>\nBluetooth V2.1+EDR \/ 3.0 \/ 3.0+HS \/ 4.1 \/ BLE (optionnel)<br \/>\n4G\/5G (NSA\/SA, LTE-TDD, LTE-FDD, TD-SCDMA, EDGE, GPRS, GSM, optionnel)<\/td>\n<\/tr>\n<tr data-start=\"962\" data-end=\"1089\">\n<td data-start=\"962\" data-end=\"973\" data-col-size=\"sm\"><strong data-start=\"964\" data-end=\"972\">GNSS<\/strong><\/td>\n<td data-start=\"973\" data-end=\"1089\" data-col-size=\"xl\">Module GPS\/BD int\u00e9gr\u00e9<br \/>\nSensibilit\u00e9 : -162 dBm<br \/>\nFr\u00e9quence : 1575,42 MHz<br \/>\n20 canaux, pr\u00e9cision &lt;10 m (optionnel)<\/td>\n<\/tr>\n<tr data-start=\"1090\" data-end=\"1438\">\n<td data-start=\"1090\" data-end=\"1112\" data-col-size=\"sm\"><strong data-start=\"1092\" data-end=\"1111\">Affichage &amp; Vid\u00e9o<\/strong><\/td>\n<td data-start=\"1112\" data-end=\"1438\" data-col-size=\"xl\">Rotation : 0\u00b0 \/ 90\u00b0 \/ 180\u00b0 \/ 270\u00b0, rotation automatique (optionnel)<br \/>\n1 \u00d7 eDP 1.3, jusqu'\u00e0 2560\u00d71600 @60 ips, 3,3 V\/5 V<br \/>\n1 \u00d7 LVDS (simple\/dual, 6\/8 bits), jusqu'\u00e0 1080p @60 ips, 3,3 V\/5 V\/12 V<br \/>\n1 \u00d7 HDMI 2.0 OUT, jusqu'\u00e0 4K @60 ips (optionnel)<br \/>\n1 \u00d7 MIPI, jusqu'\u00e0 2560\u00d71600 @60 ips<br \/>\nAffichage triple ind\u00e9pendant<br \/>\nContr\u00f4le de r\u00e9tro\u00e9clairage int\u00e9gr\u00e9, 12 V<\/td>\n<\/tr>\n<tr data-start=\"1439\" data-end=\"1522\">\n<td data-start=\"1439\" data-end=\"1451\" data-col-size=\"sm\"><strong data-start=\"1441\" data-end=\"1450\">Audio<\/strong><\/td>\n<td data-start=\"1451\" data-end=\"1522\" data-col-size=\"xl\">Haut-parleur : 2 \u00d7 18 W \/ 4 \u03a9<br \/>\n1 \u00d7 Sortie casque<br \/>\n2 \u00d7 Entr\u00e9e microphone<\/td>\n<\/tr>\n<tr data-start=\"1523\" data-end=\"1654\">\n<td data-start=\"1523\" data-end=\"1543\" data-col-size=\"sm\"><strong data-start=\"1525\" data-end=\"1542\">Support tactile<\/strong><\/td>\n<td data-start=\"1543\" data-end=\"1654\" data-col-size=\"xl\">1 \u00d7 I2C (r\u00e9sistif et capacitif)<br \/>\nUSB : tactile multipoints infrarouge \/ capacitif \/ film nano \/ acoustique \/ optique<\/td>\n<\/tr>\n<tr data-start=\"1655\" data-end=\"1749\">\n<td data-start=\"1655\" data-end=\"1668\" data-col-size=\"sm\"><strong data-start=\"1657\" data-end=\"1667\">Cam\u00e9ra<\/strong><\/td>\n<td data-start=\"1668\" data-end=\"1749\" data-col-size=\"xl\">2 \u00d7 Entr\u00e9e cam\u00e9ra MIPI (5 MP \/ 13 MP, optionnel)<br \/>\nPrise en charge cam\u00e9ra USB (optionnel)<\/td>\n<\/tr>\n<tr data-start=\"1750\" data-end=\"1813\">\n<td data-start=\"1750\" data-end=\"1760\" data-col-size=\"sm\"><strong data-start=\"1752\" data-end=\"1759\">RTC<\/strong><\/td>\n<td data-start=\"1760\" data-end=\"1813\" data-col-size=\"xl\">RTC int\u00e9gr\u00e9 avec batterie, mise en marche\/arr\u00eat programm\u00e9e<\/td>\n<\/tr>\n<tr data-start=\"1814\" data-end=\"1948\">\n<td data-start=\"1814\" data-end=\"1835\" data-col-size=\"sm\"><strong data-start=\"1816\" data-end=\"1834\">Interfaces USB<\/strong><\/td>\n<td data-start=\"1835\" data-end=\"1948\" data-col-size=\"xl\">4 \u00d7 USB2.0 HOST<br \/>\n2 \u00d7 USB2.0 HOST (RJ45\/USB optionnel)<br \/>\n1 \u00d7 CPU USB2.0<br \/>\n1 \u00d7 USB3.0 HOST<br \/>\n1 \u00d7 USB3.0 OTG<\/td>\n<\/tr>\n<tr data-start=\"1949\" data-end=\"2026\">\n<td data-start=\"1949\" data-end=\"1965\" data-col-size=\"sm\"><strong data-start=\"1951\" data-end=\"1964\">Extension<\/strong><\/td>\n<td data-start=\"1965\" data-end=\"2026\" data-col-size=\"xl\">1 \u00d7 Mini PCIe (4G\/5G LTE)<br \/>\n1 \u00d7 Emplacement SIM (extension LTE)<\/td>\n<\/tr>\n<tr data-start=\"2027\" data-end=\"2286\">\n<td data-start=\"2027\" data-end=\"2050\" data-col-size=\"sm\"><strong data-start=\"2029\" data-end=\"2049\">Autres interfaces<\/strong><\/td>\n<td data-start=\"2050\" data-end=\"2286\" data-col-size=\"xl\">1 \u00d7 R\u00e9cepteur IR (t\u00e9l\u00e9commande)<br \/>\n1 \u00d7 LED d'alimentation (rouge)<br \/>\n1 \u00d7 LED syst\u00e8me (bleue, clignotante)<br \/>\n1 \u00d7 Bouton de r\u00e9initialisation<br \/>\n1 \u00d7 Bouton d'alimentation<br \/>\n1 \u00d7 Bouton de mise \u00e0 niveau<br \/>\n2 \u00d7 RS232<br \/>\n2 \u00d7 RS232\/RS485 (s\u00e9lectionnable par cavalier)<br \/>\n2 \u00d7 UART TTL<br \/>\n8 \u00d7 GPIO<\/td>\n<\/tr>\n<tr data-start=\"2287\" data-end=\"2422\">\n<td data-start=\"2287\" data-end=\"2306\" data-col-size=\"sm\"><strong data-start=\"2289\" data-end=\"2305\">Alimentation \u00e9lectrique<\/strong><\/td>\n<td data-start=\"2306\" data-end=\"2422\" data-col-size=\"xl\">DC 12 V \/ prise jack 5,5 mm (int\u00e9rieur 2,1 mm), 2 A\u20135 A<br \/>\nTension de surtension &lt;18 V, ondulation &lt;100 mV<br \/>\nMise sous tension automatique ou par bouton<\/td>\n<\/tr>\n<tr data-start=\"2423\" data-end=\"2518\">\n<td data-start=\"2423\" data-end=\"2443\" data-col-size=\"sm\"><strong data-start=\"2425\" data-end=\"2442\">Environnement<\/strong><\/td>\n<td data-start=\"2443\" data-end=\"2518\" data-col-size=\"xl\">Fonctionnement : -10 \u00b0C ~ 70 \u00b0C<br \/>\nStockage : -20 \u00b0C ~ 70 \u00b0C<br \/>\nHumidit\u00e9 : 10 % ~ 80 %<\/td>\n<\/tr>\n<tr data-start=\"2519\" data-end=\"2561\">\n<td data-start=\"2519\" data-end=\"2536\" data-col-size=\"sm\"><strong data-start=\"2521\" data-end=\"2535\">Dimensions<\/strong><\/td>\n<td data-start=\"2536\" data-end=\"2561\" data-col-size=\"xl\">155 mm \u00d7 80 mm \u00d7 21,5 mm<\/td>\n<\/tr>\n<\/tbody>\n<\/table>\n<\/div>","protected":false},"excerpt":{"rendered":"<ul>\n<li data-start=\"99\" data-end=\"224\"><strong data-start=\"99\" data-end=\"123\">Performances puissantes<\/strong>: Processeur quadric\u0153ur ARM Cortex-A55 jusqu'\u00e0 2,0 GHz, GPU ARM G52 et NPU 1,0 TOPS pour l'acc\u00e9l\u00e9ration IA.<\/li>\n<li data-start=\"228\" data-end=\"334\"><strong data-start=\"228\" data-end=\"250\">Fonctionnement fiable<\/strong>: Con\u00e7u pour une\u00a0<strong data-start=\"269\" data-end=\"287\">stabilit\u00e9 24h\/24 et 7j\/7<\/strong>, adapt\u00e9 aux utilisations industrielles et commerciales.<\/li>\n<li data-start=\"338\" data-end=\"460\"><strong data-start=\"338\" data-end=\"359\">Haute int\u00e9gration<\/strong>: Carte PCB compacte 8 couches avec Ethernet, Wi-Fi, HDMI, LVDS, eDP, MIPI, audio et capteurs int\u00e9gr\u00e9s.<\/li>\n<li data-start=\"464\" data-end=\"598\"><strong data-start=\"464\" data-end=\"486\">Extension flexible<\/strong>: Interfaces multiples incluant USB, SATA, RS232\/RS485, UART, CAN, GPIO et I\u00b2C pour des applications vari\u00e9es.<\/li>\n<\/ul>","protected":false},"featured_media":43792,"template":"","meta":[],"product_brand":[],"product_cat":[379],"product_tag":[496],"class_list":{"0":"post-43790","1":"product","2":"type-product","3":"status-publish","4":"has-post-thumbnail","6":"product_cat-computing-modules","7":"product_tag-new-android","9":"first","10":"instock","11":"product-type-simple"},"ct_brands":[],"_links":{"self":[{"href":"https:\/\/rjydisplay.com\/fr\/wp-json\/wp\/v2\/product\/43790","targetHints":{"allow":["GET"]}}],"collection":[{"href":"https:\/\/rjydisplay.com\/fr\/wp-json\/wp\/v2\/product"}],"about":[{"href":"https:\/\/rjydisplay.com\/fr\/wp-json\/wp\/v2\/types\/product"}],"wp:featuredmedia":[{"embeddable":true,"href":"https:\/\/rjydisplay.com\/fr\/wp-json\/wp\/v2\/media\/43792"}],"wp:attachment":[{"href":"https:\/\/rjydisplay.com\/fr\/wp-json\/wp\/v2\/media?parent=43790"}],"wp:term":[{"taxonomy":"product_brand","embeddable":true,"href":"https:\/\/rjydisplay.com\/fr\/wp-json\/wp\/v2\/product_brand?post=43790"},{"taxonomy":"product_cat","embeddable":true,"href":"https:\/\/rjydisplay.com\/fr\/wp-json\/wp\/v2\/product_cat?post=43790"},{"taxonomy":"product_tag","embeddable":true,"href":"https:\/\/rjydisplay.com\/fr\/wp-json\/wp\/v2\/product_tag?post=43790"}],"curies":[{"name":"wp","href":"https:\/\/api.w.org\/{rel}","templated":true}]}}