{"id":40747,"date":"2025-03-24T10:20:55","date_gmt":"2025-03-24T10:20:55","guid":{"rendered":"https:\/\/rjydisplay.com\/?post_type=product&#038;p=40747"},"modified":"2026-04-13T07:21:01","modified_gmt":"2026-04-13T07:21:01","slug":"13-3-inch-touch-tft-lcd-display","status":"publish","type":"product","link":"https:\/\/rjydisplay.com\/it\/prodotto\/13-3-inch-touch-tft-lcd-display\/","title":{"rendered":"Display LCD TFT G+G Touch da 13,3 pollici - Alta risoluzione 1920\u00d71080 pixel, luminosit\u00e0 220 nit, interfaccia eDP"},"content":{"rendered":"<p class=\"\" data-start=\"27\" data-end=\"378\">Il display Full HD offre una straordinaria risoluzione di 1920\u00d71080 pixel, garantendo immagini nitide e dettagliate, ideali per le applicazioni che richiedono prestazioni ad alta definizione. Dotato di un'avanzata tecnologia tattile capacitiva G+G, garantisce un'esperienza tattile estremamente reattiva e precisa, completa di supporto multi-touch per una migliore interazione con l'utente.<\/p>\n<p class=\"\" data-start=\"380\" data-end=\"728\">Con una luminosit\u00e0 di 220 nits, questo display garantisce una chiara visibilit\u00e0 in condizioni di illuminazione moderata, rendendolo una scelta versatile per una variet\u00e0 di ambienti. L'interfaccia eDP (Embedded DisplayPort) consente un rapido trasferimento dei dati e una qualit\u00e0 di uscita video superiore, rendendolo perfetto per i dispositivi moderni che richiedono una connettivit\u00e0 ad alte prestazioni.<\/p>\n<p class=\"\" data-start=\"730\" data-end=\"979\">La versatilit\u00e0 di questo display lo rende adatto a un'ampia gamma di applicazioni, tra cui sistemi di controllo industriali, dispositivi medici ed elettronica di consumo di fascia alta, offrendo prestazioni eccellenti e un'integrazione perfetta per qualsiasi progetto.<\/p>","protected":false},"excerpt":{"rendered":"<ul>\n<li><span class=\"_fadeIn_m1hgl_8\">Dimensioni:<\/span> <span class=\"_fadeIn_m1hgl_8\">13.3 <\/span><span class=\"_fadeIn_m1hgl_8\">pollice <\/span><span class=\"_fadeIn_m1hgl_8\">TFT <\/span><span class=\"_fadeIn_m1hgl_8\">LCD <\/span><span class=\"_fadeIn_m1hgl_8\">modulo<\/span><\/li>\n<li><span class=\"_fadeIn_m1hgl_8\">Risoluzione:<\/span> <span class=\"_fadeIn_m1hgl_8\">1920\u00d7<\/span><span class=\"_fadeIn_m1hgl_8\">1080 (<\/span><span class=\"_fadeIn_m1hgl_8\">Completo <\/span><span class=\"_fadeIn_m1hgl_8\">HD)<\/span><\/li>\n<li><span class=\"_fadeIn_m1hgl_8\">Interfaccia:<\/span> <span class=\"_fadeIn_m1hgl_8\">eDP (<\/span><span class=\"_fadeIn_m1hgl_8\">Incorporato <\/span><span class=\"_fadeIn_m1hgl_8\">DisplayPort)<\/span><\/li>\n<li><span class=\"_fadeIn_m1hgl_8\">Toccare:<\/span> <span class=\"_fadeIn_m1hgl_8\">G+<\/span><span class=\"_fadeIn_m1hgl_8\">G <\/span><span class=\"_fadeIn_m1hgl_8\">capacitivo <\/span><span class=\"_fadeIn_m1hgl_8\">toccare, <\/span><span class=\"_fadeIn_m1hgl_8\">multi-<\/span><span class=\"_fadeIn_m1hgl_8\">toccare <\/span><span class=\"_fadeIn_m1hgl_8\">supporto<\/span><\/li>\n<li><span class=\"_fadeIn_m1hgl_8\">Vista <\/span><span class=\"_fadeIn_m1hgl_8\">Angolo:<\/span> <span class=\"_fadeIn_m1hgl_8\">Ampio <\/span><span class=\"_fadeIn_m1hgl_8\">visione <\/span><span class=\"_fadeIn_m1hgl_8\">angolo<\/span><\/li>\n<li><span class=\"_fadeIn_m1hgl_8\">IC <\/span><span class=\"_fadeIn_m1hgl_8\">Autista:<\/span> <span class=\"_fadeIn_m1hgl_8\">Non <\/span><span class=\"_fadeIn_m1hgl_8\">specificato<\/span><\/li>\n<li><span class=\"_fadeIn_m1hgl_8\">LCD <\/span><span class=\"_fadeIn_m1hgl_8\">Tipo:<\/span> <span class=\"_fadeIn_m1hgl_8\">AM <\/span><span class=\"_fadeIn_m1hgl_8\">TFT, <\/span><span class=\"_fadeIn_m1hgl_8\">Trasmissivo<\/span><\/li>\n<\/ul>","protected":false},"featured_media":41543,"template":"","meta":[],"product_brand":[],"product_cat":[184],"product_tag":[],"class_list":{"0":"post-40747","1":"product","2":"type-product","3":"status-publish","4":"has-post-thumbnail","6":"product_cat-standard-displays","8":"first","9":"instock","10":"product-type-simple"},"ct_brands":[],"_links":{"self":[{"href":"https:\/\/rjydisplay.com\/it\/wp-json\/wp\/v2\/product\/40747","targetHints":{"allow":["GET"]}}],"collection":[{"href":"https:\/\/rjydisplay.com\/it\/wp-json\/wp\/v2\/product"}],"about":[{"href":"https:\/\/rjydisplay.com\/it\/wp-json\/wp\/v2\/types\/product"}],"wp:featuredmedia":[{"embeddable":true,"href":"https:\/\/rjydisplay.com\/it\/wp-json\/wp\/v2\/media\/41543"}],"wp:attachment":[{"href":"https:\/\/rjydisplay.com\/it\/wp-json\/wp\/v2\/media?parent=40747"}],"wp:term":[{"taxonomy":"product_brand","embeddable":true,"href":"https:\/\/rjydisplay.com\/it\/wp-json\/wp\/v2\/product_brand?post=40747"},{"taxonomy":"product_cat","embeddable":true,"href":"https:\/\/rjydisplay.com\/it\/wp-json\/wp\/v2\/product_cat?post=40747"},{"taxonomy":"product_tag","embeddable":true,"href":"https:\/\/rjydisplay.com\/it\/wp-json\/wp\/v2\/product_tag?post=40747"}],"curies":[{"name":"wp","href":"https:\/\/api.w.org\/{rel}","templated":true}]}}