{"id":40748,"date":"2025-03-24T10:20:55","date_gmt":"2025-03-24T10:20:55","guid":{"rendered":"https:\/\/rjydisplay.com\/?post_type=product&#038;p=40748"},"modified":"2026-04-13T07:21:01","modified_gmt":"2026-04-13T07:21:01","slug":"2-8-inch-round-tft-lcd-display","status":"publish","type":"product","link":"https:\/\/rjydisplay.com\/it\/prodotto\/2-8-inch-round-tft-lcd-display\/","title":{"rendered":"Display LCD TFT rotondo da 2,8 pollici, risoluzione 480\u00d7480, alta luminosit\u00e0, interfaccia RGB+SPI"},"content":{"rendered":"<p><strong>RV028Z6P-400-40-V2<\/strong>\u00a0\u00c8 progettato per offrire prestazioni eccezionali in un'ampia gamma di applicazioni. Con l'alta risoluzione di 480\u00d7480 e il supporto di 16,7 milioni di colori, garantisce visuali nitide, vivaci e precise. Grazie all'ampio angolo di visione ALL O'clock, questo display assicura una qualit\u00e0 dell'immagine uniforme da qualsiasi prospettiva, rendendolo ideale per dispositivi che richiedono un'eccellente visibilit\u00e0.<\/p>\n<p>Progettato per l'affidabilit\u00e0, il modulo opera efficacemente in un'ampia gamma di temperature (-20\u00b0C ~ +70\u00b0C) e pu\u00f2 essere conservato in ambienti compresi tra -30\u00b0C e +80\u00b0C. La luminosit\u00e0 di 400 cd\/m\u00b2 garantisce un'eccellente visibilit\u00e0 anche in condizioni di illuminazione difficili. Con dimensioni compatte di 73,33mm \u00d7 76,82mm \u00d7 2,2mm, \u00e8 perfetto per applicazioni sensibili allo spazio dove le prestazioni non possono essere compromesse.<\/p>\n<p>Sia che venga utilizzato in apparecchiature industriali, elettronica di consumo o sistemi embedded, questo display TFT LCD combina durata, flessibilit\u00e0 e prestazioni visive straordinarie, rappresentando una soluzione versatile per progetti impegnativi.<\/p>\n<table>\n<thead>\n<tr>\n<th data-spm-anchor-id=\"a2700.details-description.0.i1.61aapelkpelklV\">Articolo<\/th>\n<th>Specifiche<\/th>\n<th>Unit\u00e0<\/th>\n<\/tr>\n<\/thead>\n<tbody>\n<tr>\n<td>Dimensione LCD<\/td>\n<td>2,8 pollici<\/td>\n<td>pollice<\/td>\n<\/tr>\n<tr>\n<td>Risoluzione<\/td>\n<td>480(R,G,B) \u00d7 480<\/td>\n<td>pixel<\/td>\n<\/tr>\n<tr>\n<td>Luminanza<\/td>\n<td>400 (TYP)<\/td>\n<td>cd\/m\u00b2<\/td>\n<\/tr>\n<tr>\n<td>Modalit\u00e0 di visualizzazione<\/td>\n<td>Bianco normale \/ IPS<\/td>\n<td>\u2013<\/td>\n<\/tr>\n<tr>\n<td>Area attiva<\/td>\n<td>70,13(L) \u00d7 70,13(A)<\/td>\n<td>mm<\/td>\n<\/tr>\n<tr>\n<td>Dimensione del modulo<\/td>\n<td>73,33(A) \u00d7 76,82(L) \u00d7 2,2(P)<\/td>\n<td>mm<\/td>\n<\/tr>\n<tr>\n<td>Colori del display<\/td>\n<td>16.7M<\/td>\n<td>\u2013<\/td>\n<\/tr>\n<tr>\n<td>Interfaccia<\/td>\n<td>RGB + SPI<\/td>\n<td>\u2013<\/td>\n<\/tr>\n<tr>\n<td>Driver IC<\/td>\n<td>ST7701S<\/td>\n<td>\u2013<\/td>\n<\/tr>\n<tr>\n<td>Tipo di tocco<\/td>\n<td>Personalizzato (CTP\/RTP)<\/td>\n<td>\u2013<\/td>\n<\/tr>\n<\/tbody>\n<\/table>","protected":false},"excerpt":{"rendered":"<ul>\n<li><strong data-start=\"35\" data-end=\"44\"><span class=\"_fadeIn_m1hgl_8\">Dimensioni:<\/span><\/strong> <span class=\"_fadeIn_m1hgl_8\">2.8 <\/span><span class=\"_fadeIn_m1hgl_8\">pollice <\/span><span class=\"_fadeIn_m1hgl_8\">TFT <\/span><span class=\"_fadeIn_m1hgl_8\">LCD <\/span><span class=\"_fadeIn_m1hgl_8\">modulo<\/span><\/li>\n<li><strong data-start=\"72\" data-end=\"87\"><span class=\"_fadeIn_m1hgl_8\">Risoluzione:<\/span><\/strong> <span class=\"_fadeIn_m1hgl_8\">480\u00d7<\/span><span class=\"_fadeIn_m1hgl_8\">480<\/span><\/li>\n<li><strong data-start=\"98\" data-end=\"112\"><span class=\"_fadeIn_m1hgl_8\">Interfaccia:<\/span><\/strong> <span class=\"_fadeIn_m1hgl_8\">RGB + <\/span><span class=\"_fadeIn_m1hgl_8\">SPI<\/span><\/li>\n<li><strong data-start=\"125\" data-end=\"135\"><span class=\"_fadeIn_m1hgl_8\">Toccare:<\/span><\/strong> <span class=\"_fadeIn_m1hgl_8\">Capacitivo (<\/span><span class=\"_fadeIn_m1hgl_8\">opzionale)<\/span><\/li>\n<li><strong data-start=\"160\" data-end=\"175\"><span class=\"_fadeIn_m1hgl_8\">Vista <\/span><span class=\"_fadeIn_m1hgl_8\">Angolo:<\/span><\/strong> <span class=\"_fadeIn_m1hgl_8\">Tutti <\/span><span class=\"_fadeIn_m1hgl_8\">Orologio<\/span><\/li>\n<li><strong data-start=\"190\" data-end=\"205\"><span class=\"_fadeIn_m1hgl_8\">Luminosit\u00e0:<\/span><\/strong> <span class=\"_fadeIn_m1hgl_8\">400 <\/span><span class=\"_fadeIn_m1hgl_8\">cd\/<\/span><span class=\"_fadeIn_m1hgl_8\">m\u00b2<\/span><\/li>\n<li><strong data-start=\"218\" data-end=\"237\"><span class=\"_fadeIn_m1hgl_8\">Operativo <\/span><span class=\"_fadeIn_m1hgl_8\">Temp:<\/span><\/strong><span class=\"_fadeIn_m1hgl_8\"> \u2013<\/span><span class=\"_fadeIn_m1hgl_8\">20\u00b0<\/span><span class=\"_fadeIn_m1hgl_8\">C <\/span><span class=\"_fadeIn_m1hgl_8\">a +<\/span><span class=\"_fadeIn_m1hgl_8\">70\u00b0<\/span><span class=\"_fadeIn_m1hgl_8\">C<\/span><\/li>\n<li><strong data-start=\"255\" data-end=\"272\"><span class=\"_fadeIn_m1hgl_8\">Immagazzinamento <\/span><span class=\"_fadeIn_m1hgl_8\">Temp:<\/span><\/strong><span class=\"_fadeIn_m1hgl_8\"> \u2013<\/span><span class=\"_fadeIn_m1hgl_8\">30\u00b0<\/span><span class=\"_fadeIn_m1hgl_8\">C <\/span><span class=\"_fadeIn_m1hgl_8\">a +<\/span><span class=\"_fadeIn_m1hgl_8\">80\u00b0<\/span><span class=\"_fadeIn_m1hgl_8\">C<\/span><\/li>\n<li><strong data-start=\"290\" data-end=\"303\"><span class=\"_fadeIn_m1hgl_8\">LCD <\/span><span class=\"_fadeIn_m1hgl_8\">Tipo:<\/span><\/strong> <span class=\"_fadeIn_m1hgl_8\">AM <\/span><span class=\"_fadeIn_m1hgl_8\">TFT, <\/span><span class=\"_fadeIn_m1hgl_8\">Trasmissivo<\/span><\/li>\n<\/ul>","protected":false},"featured_media":41303,"template":"","meta":[],"product_brand":[],"product_cat":[185],"product_tag":[495],"class_list":{"0":"post-40748","1":"product","2":"type-product","3":"status-publish","4":"has-post-thumbnail","6":"product_cat-round-display","7":"product_tag-new-display","9":"first","10":"instock","11":"product-type-simple"},"ct_brands":[],"_links":{"self":[{"href":"https:\/\/rjydisplay.com\/it\/wp-json\/wp\/v2\/product\/40748","targetHints":{"allow":["GET"]}}],"collection":[{"href":"https:\/\/rjydisplay.com\/it\/wp-json\/wp\/v2\/product"}],"about":[{"href":"https:\/\/rjydisplay.com\/it\/wp-json\/wp\/v2\/types\/product"}],"wp:featuredmedia":[{"embeddable":true,"href":"https:\/\/rjydisplay.com\/it\/wp-json\/wp\/v2\/media\/41303"}],"wp:attachment":[{"href":"https:\/\/rjydisplay.com\/it\/wp-json\/wp\/v2\/media?parent=40748"}],"wp:term":[{"taxonomy":"product_brand","embeddable":true,"href":"https:\/\/rjydisplay.com\/it\/wp-json\/wp\/v2\/product_brand?post=40748"},{"taxonomy":"product_cat","embeddable":true,"href":"https:\/\/rjydisplay.com\/it\/wp-json\/wp\/v2\/product_cat?post=40748"},{"taxonomy":"product_tag","embeddable":true,"href":"https:\/\/rjydisplay.com\/it\/wp-json\/wp\/v2\/product_tag?post=40748"}],"curies":[{"name":"wp","href":"https:\/\/api.w.org\/{rel}","templated":true}]}}