{"id":40751,"date":"2025-03-24T10:20:56","date_gmt":"2025-03-24T10:20:56","guid":{"rendered":"https:\/\/rjydisplay.com\/?post_type=product&#038;p=40751"},"modified":"2026-04-13T07:20:59","modified_gmt":"2026-04-13T07:20:59","slug":"rockchip-rk3588-android-lcd-controller-board","status":"publish","type":"product","link":"https:\/\/rjydisplay.com\/it\/prodotto\/rockchip-rk3588-android-lcd-controller-board\/","title":{"rendered":"Scheda controller LCD Android Octa-core Rockchip RK3588 - Android 11.0, RS232, RS485, USB 3.0, RJ45"},"content":{"rendered":"<p style=\"text-align: justify;\">Il <strong>Scheda di controllo LCD Android Rockchip RK3588 Octa-core<\/strong> \u00e8 un concentrato di prestazioni, versatilit\u00e0 e connettivit\u00e0, progettato per soddisfare un'ampia gamma di applicazioni, dai dispositivi per la casa intelligente all'automazione industriale, dalla segnaletica digitale ai sistemi di sorveglianza. Alimentato dal <strong>Rockchip RK3588<\/strong> Questa scheda offre capacit\u00e0 di calcolo ineguagliabili e rappresenta la scelta ideale per gli sviluppatori e i produttori che cercano una soluzione affidabile e ad alte prestazioni.<\/p>\n<p>&nbsp;<\/p>\n<ul>\n<li><strong>Processore (CPU):<\/strong><br \/>\nLa scheda \u00e8 dotata di un <strong>Rockchip RK3588 Octa-core<\/strong> processore, comprendente <strong>4\u00d7 Cortex-A76<\/strong> e <strong>4\u00d7 Cortex-A55<\/strong> core, con una velocit\u00e0 di clock massima di <strong>2,4 GHz<\/strong>. Questo garantisce prestazioni robuste per le attivit\u00e0 pi\u00f9 impegnative, dal multitasking all'elaborazione dei dati ad alta velocit\u00e0.<\/li>\n<li><strong>Unit\u00e0 di elaborazione grafica (GPU):<\/strong><br \/>\nCaratterizzato da un <strong>ARM Mali-G610 MC4<\/strong> GPU, la scheda supporta <strong>8K@60fps<\/strong> decodifica video ed \u00e8 compatibile con <strong>Vulkan 1.2<\/strong>che offre un rendering grafico eccezionale per esperienze visive coinvolgenti.<\/li>\n<li><strong>Unit\u00e0 di elaborazione neurale (NPU):<\/strong><br \/>\nCon un <strong>6 TOPS NPU<\/strong>La scheda eccelle nei compiti legati all'intelligenza artificiale, supportando operazioni miste (<strong>INT16\/FP16\/BF16\/TF32<\/strong>) per applicazioni efficienti di inferenza AI e apprendimento automatico.<\/li>\n<li><strong>Memoria e archiviazione:<\/strong><br \/>\nIl consiglio offre <strong>Memoria LPDDR4\/LPDDR4X<\/strong> opzioni di <strong>8 GB<\/strong>, <strong>16GB<\/strong>, o <strong>32 GB<\/strong>, garantendo un'ampia quantit\u00e0 di RAM per un funzionamento fluido. Le opzioni di archiviazione includono <strong>eMMC 5.1<\/strong> con capacit\u00e0 che vanno da <strong>64 GB<\/strong> a <strong>512 GB<\/strong>, offrendo un ampio spazio per applicazioni e dati.<\/li>\n<li><strong>Interfacce di visualizzazione:<\/strong><br \/>\nLa connettivit\u00e0 versatile dei display \u00e8 una caratteristica di spicco, con il supporto di pi\u00f9 interfacce:<\/p>\n<ul>\n<li><strong>LVDS:<\/strong>\u00a0Canale singolo\/doppio, supporto\u00a0<strong>Display LCD a 50\/60 Hz<\/strong>.<\/li>\n<li><strong>eDP:<\/strong>\u00a0Opzioni di risoluzione multiple, con un'interfaccia attiva alla volta.<\/li>\n<li><strong>MIPI:<\/strong>\u00a0Comanda schermi LCD MIPI ad alta risoluzione.<\/li>\n<li><strong>HDMI:<\/strong>\u00a0Uscite\u00a0<strong>8K@60Hz<\/strong>\u00a0e gli ingressi\u00a0<strong>4K@60Hz<\/strong>ideale per display ad alta definizione e applicazioni multimediali.<\/li>\n<\/ul>\n<\/li>\n<li><strong>Supporto per touchscreen:<\/strong><br \/>\nCompatibile con <strong>Schermi multi-touch IIC e USB<\/strong>, consentendo un'interazione intuitiva con l'utente per le applicazioni basate sul tatto.<\/li>\n<li><strong>Uscita audio:<\/strong><br \/>\nDotato di <strong>canali audio stereo<\/strong> e un sistema integrato di <strong>Amplificatore da 10W<\/strong>La scheda offre un suono di alta qualit\u00e0, perfetto per le applicazioni multimediali e audio-centriche.<\/li>\n<li><strong>Porte USB:<\/strong><br \/>\nOfferte <strong>1 USB 3.0<\/strong>, <strong>1 USB 2.0<\/strong>, e <strong>4 porte USB HOST<\/strong>che fornisce un'ampia connettivit\u00e0 per periferiche e accessori.<\/li>\n<li><strong>Porte seriali:<\/strong><br \/>\nInclude <strong>2 RS232<\/strong>, <strong>1 RS485<\/strong>, <strong>2 TTL<\/strong>, <strong>1 DEBUG<\/strong>, e <strong>1 CAN<\/strong> porti, che soddisfano le esigenze di controllo e automazione industriale.<\/li>\n<li><strong>Altre interfacce:<\/strong><br \/>\nCaratteristiche <strong>GPIO<\/strong>, <strong>Ingresso MIC<\/strong>, <strong>SATA<\/strong>, <strong>supporto della ventola di raffreddamento<\/strong>, <strong>Supporto della batteria RTC<\/strong>, e <strong>Telecomando IR<\/strong>che offre ampie possibilit\u00e0 di espansione per applicazioni personalizzate.<\/li>\n<li><strong>Connettivit\u00e0 wireless:<\/strong><br \/>\nIncorporato <strong>Wi-Fi 6 (2,4GHz + 5GHz)<\/strong> e opzionale <strong>Bluetooth 5.0<\/strong> consentono una comunicazione wireless veloce e affidabile. Inoltre, un <strong>Porta Ethernet RJ45 1000M<\/strong> con <strong>Supporto POE<\/strong> garantisce una connettivit\u00e0 cablata stabile. Per le applicazioni mobili, un dispositivo opzionale <strong>Modulo 5G\/4G<\/strong> via <strong>M.2 PCIE<\/strong> \u00e8 disponibile.<\/li>\n<li><strong>Alimentazione:<\/strong><br \/>\nFunziona su un <strong>Ingresso CC da 12 V\/3 A<\/strong> con diverse opzioni di presa di corrente, per garantire un'alimentazione affidabile in vari ambienti.<\/li>\n<li><strong>Aggiornamenti del sistema:<\/strong><br \/>\nSupporta gli aggiornamenti tramite <strong>USB<\/strong>, <strong>Disco a U<\/strong>, e <strong>Aggiornamenti OTA<\/strong>semplificando la manutenzione e garantendo l'aggiornamento del sistema.<\/li>\n<\/ul>\n<p>&nbsp;<\/p>\n<h3>Applicazioni<\/h3>\n<p>Il <strong>Scheda di controllo LCD Android Rockchip RK3588 Octa-core<\/strong> \u00e8 adatto a diverse applicazioni:<\/p>\n<ol>\n<li><strong>Dispositivi per la casa intelligente:<\/strong><br \/>\nIdeale per pannelli di controllo, hub di automazione domestica ed elettrodomestici intelligenti che richiedono elevate prestazioni e versatilit\u00e0.<\/li>\n<li><strong>Automazione industriale:<\/strong><br \/>\nGrazie alla sua robusta potenza di elaborazione e alle ampie interfacce seriali, questa scheda \u00e8 perfetta per i sistemi di controllo industriale, i data logger e i dispositivi di automazione.<\/li>\n<li><strong>Segnaletica digitale:<\/strong><br \/>\nLe capacit\u00e0 di visualizzazione ad alta risoluzione del pannello lo rendono ideale per la segnaletica digitale, i display pubblicitari e i sistemi di informazione pubblica.<\/li>\n<li><strong>Sistemi di sorveglianza:<\/strong><br \/>\nGrazie al supporto per l'elaborazione video ad alta definizione e alle interfacce di visualizzazione multiple, \u00e8 adatto ai monitor di sorveglianza e ai sistemi di sicurezza.<\/li>\n<li><strong>Applicazioni dell'intelligenza artificiale e dell'apprendimento automatico:<\/strong><br \/>\nLe funzionalit\u00e0 NPU e AI integrate rendono questa scheda una scelta eccellente per i progetti basati sull'AI e le applicazioni di edge computing.<\/li>\n<\/ol>\n<p>&nbsp;<\/p>\n<h3>Vantaggi e applicazioni della scheda controller LCD Android:<\/h3>\n<p><strong>3.1 Integrazione versatile: <\/strong>La scheda controller LCD Android consente di utilizzare LCD TFT da 10,1 pollici in un'ampia gamma di applicazioni. \u00c8 ampiamente utilizzata in segnaletica digitale, chioschi, sistemi di gioco, sistemi embedded, automazione domestica e progetti fai-da-te in cui si desidera una soluzione di visualizzazione basata su Android.<\/p>\n<p><strong>3.2 Aggiornamento dei display esistenti: <\/strong>Per i privati o le aziende che desiderano aggiornare gli schermi esistenti con una piattaforma basata su Android, la scheda controller rappresenta una soluzione economicamente vantaggiosa. Sostituendo la scheda di controllo esistente con la scheda di controllo LCD Android, gli utenti possono trasformare i loro display tradizionali in schermi interattivi e intelligenti.<\/p>\n<p><strong>3.3 Personalizzazione e sviluppo:<\/strong> I sistemi basati su Android offrono il vantaggio della personalizzazione e dello sviluppo di applicazioni. La scheda controller LCD Android consente agli sviluppatori di creare applicazioni personalizzate, progettare interfacce utente e sfruttare tutto il potenziale dell'ecosistema Android.<\/p>\n<p>&nbsp;<\/p>","protected":false},"excerpt":{"rendered":"<ul>\n<li>Sistema: Android 11<\/li>\n<li>Supporto: USB\/LVDS\/EDP\/HDMI\/Ethernet\/WIFI\/Bluetooth<\/li>\n<li>Risoluzione massima: 3840\u00d72160<\/li>\n<li>Supporta lo schermo orizzontale e verticale,<\/li>\n<li>Android 11.0, MozilaFirefox (WEBSDK+API) Controllo;<\/li>\n<li>4G RAM + 32G ROM<\/li>\n<li>Sensore: opzionale<\/li>\n<\/ul>\n<p>&nbsp;<\/p>\n<p><span style=\"font-size: 14pt;\"><strong>Supporto<\/strong><\/span><\/p>\n<ul>\n<li><span style=\"text-decoration: underline;\"><span style=\"color: #0000ff; text-decoration: underline;\">Supporto di diverse dimensioni del display LCD TFT Soluzione Android<\/span><\/span><\/li>\n<li><span style=\"text-decoration: underline;\"><span style=\"color: #0000ff; text-decoration: underline;\">Supporto della scheda di controllo LCD di diverse funzioni personalizzata<\/span><\/span><\/li>\n<li><span style=\"text-decoration: underline;\"><span style=\"color: #0000ff; text-decoration: underline;\">Supporto di diverse schede di controllo LCD di sistema personalizzate<\/span><\/span><\/li>\n<li><span style=\"text-decoration: underline;\"><span style=\"color: #0000ff; text-decoration: underline;\">Supporto scheda HDMI<\/span><\/span><\/li>\n<li><span style=\"text-decoration: underline;\"><span style=\"color: #0000ff; text-decoration: underline;\">Supporto piccolo campione MOQ e consegna veloce<\/span><\/span><\/li>\n<li><span style=\"text-decoration: underline;\"><span style=\"color: #0000ff; text-decoration: underline;\">Il supporto del display LCD personalizzato include luminosit\u00e0, interfaccia, touchscreen e cos\u00ec via.<\/span><\/span><\/li>\n<\/ul>","protected":false},"featured_media":41555,"template":"","meta":[],"product_brand":[],"product_cat":[379],"product_tag":[],"class_list":{"0":"post-40751","1":"product","2":"type-product","3":"status-publish","4":"has-post-thumbnail","6":"product_cat-computing-modules","8":"first","9":"instock","10":"product-type-simple"},"ct_brands":[],"_links":{"self":[{"href":"https:\/\/rjydisplay.com\/it\/wp-json\/wp\/v2\/product\/40751","targetHints":{"allow":["GET"]}}],"collection":[{"href":"https:\/\/rjydisplay.com\/it\/wp-json\/wp\/v2\/product"}],"about":[{"href":"https:\/\/rjydisplay.com\/it\/wp-json\/wp\/v2\/types\/product"}],"wp:featuredmedia":[{"embeddable":true,"href":"https:\/\/rjydisplay.com\/it\/wp-json\/wp\/v2\/media\/41555"}],"wp:attachment":[{"href":"https:\/\/rjydisplay.com\/it\/wp-json\/wp\/v2\/media?parent=40751"}],"wp:term":[{"taxonomy":"product_brand","embeddable":true,"href":"https:\/\/rjydisplay.com\/it\/wp-json\/wp\/v2\/product_brand?post=40751"},{"taxonomy":"product_cat","embeddable":true,"href":"https:\/\/rjydisplay.com\/it\/wp-json\/wp\/v2\/product_cat?post=40751"},{"taxonomy":"product_tag","embeddable":true,"href":"https:\/\/rjydisplay.com\/it\/wp-json\/wp\/v2\/product_tag?post=40751"}],"curies":[{"name":"wp","href":"https:\/\/api.w.org\/{rel}","templated":true}]}}