{"id":40931,"date":"2025-03-24T10:20:13","date_gmt":"2025-03-24T10:20:13","guid":{"rendered":"https:\/\/rjydisplay.com\/product\/2-4-inch-tft-lcd-display-480640-ips-tft-lcd-display-module-with-control-board\/"},"modified":"2026-04-13T07:21:24","modified_gmt":"2026-04-13T07:21:24","slug":"2-4-inch-tft-lcd-display","status":"publish","type":"product","link":"https:\/\/rjydisplay.com\/it\/prodotto\/2-4-inch-tft-lcd-display\/","title":{"rendered":"Display LCD TFT da 2,4 pollici - Modulo display LCD TFT IPS 480*640 con scheda di controllo"},"content":{"rendered":"<p style=\"text-align: justify;\">RV024VGM-420-40 \u00e8 un modulo TFT LCD con interfaccia RGB a risoluzione 480*320, il driver IC \u00e8 ST7701S, con temperatura operativa da -20 a +70 gradi e temperatura di conservazione da -30 a +80 gradi, luminosit\u00e0 LCM di 420 nit. L'interfaccia pu\u00f2 essere modificata in SPI, MCU, ecc., e la luminosit\u00e0 \u00e8 personalizzabile, supporta schede HDMI e altre schede di controllo LCD, come il controllo video, con interfacce USB, VGA e cos\u00ec via.<\/p>","protected":false},"excerpt":{"rendered":"<p>RV024VGM-420-40 is a 480*320 resolution RGB interface TFT LCD module, IC Driver is ST7701S, with Operating Temperature -20 to +70 degrees and Storage Temperature degrees, LCM Luminance is 420nit. The interface is acceptable to change to SPI, MCU and so on, and the brightness is acceptable to customized,\u00a0 and supporting HDMI board and other LCD [&hellip;]<\/p>\n","protected":false},"featured_media":42196,"template":"","meta":[],"product_brand":[],"product_cat":[184],"product_tag":[],"class_list":{"0":"post-40931","1":"product","2":"type-product","3":"status-publish","4":"has-post-thumbnail","6":"product_cat-standard-displays","8":"first","9":"instock","10":"product-type-simple"},"ct_brands":[],"_links":{"self":[{"href":"https:\/\/rjydisplay.com\/it\/wp-json\/wp\/v2\/product\/40931","targetHints":{"allow":["GET"]}}],"collection":[{"href":"https:\/\/rjydisplay.com\/it\/wp-json\/wp\/v2\/product"}],"about":[{"href":"https:\/\/rjydisplay.com\/it\/wp-json\/wp\/v2\/types\/product"}],"wp:featuredmedia":[{"embeddable":true,"href":"https:\/\/rjydisplay.com\/it\/wp-json\/wp\/v2\/media\/42196"}],"wp:attachment":[{"href":"https:\/\/rjydisplay.com\/it\/wp-json\/wp\/v2\/media?parent=40931"}],"wp:term":[{"taxonomy":"product_brand","embeddable":true,"href":"https:\/\/rjydisplay.com\/it\/wp-json\/wp\/v2\/product_brand?post=40931"},{"taxonomy":"product_cat","embeddable":true,"href":"https:\/\/rjydisplay.com\/it\/wp-json\/wp\/v2\/product_cat?post=40931"},{"taxonomy":"product_tag","embeddable":true,"href":"https:\/\/rjydisplay.com\/it\/wp-json\/wp\/v2\/product_tag?post=40931"}],"curies":[{"name":"wp","href":"https:\/\/api.w.org\/{rel}","templated":true}]}}