{"id":41019,"date":"2025-03-24T10:20:27","date_gmt":"2025-03-24T10:20:27","guid":{"rendered":"https:\/\/rjydisplay.com\/product\/5-inch-lcd-screen-10801920-sunlight-readable-5inch-tft-lcd-panel\/"},"modified":"2026-04-13T07:21:19","modified_gmt":"2026-04-13T07:21:19","slug":"5-inch-sunlight-readable-tft-lcd-display","status":"publish","type":"product","link":"https:\/\/rjydisplay.com\/it\/prodotto\/5-inch-sunlight-readable-tft-lcd-display\/","title":{"rendered":"Display LCD TFT da 5 pollici leggibile alla luce del sole - Pannello LCD 1080*1920"},"content":{"rendered":"<p style=\"text-align: justify;\">Si tratta di un pannello di visualizzazione LCD quadrato TFT da 5 pollici ad alta luminanza con alta risoluzione di 1080*1920 e interfaccia MIPI-4LaneI, pannello lcd full view, applicazione per mirino o fotocamera.<\/p>\n<table style=\"width: 100%; border-collapse: collapse; border-style: solid; border-color: #e0dede; height: 338px;\">\n<tbody>\n<tr style=\"height: 26px;\">\n<td style=\"width: 50%; border-style: solid; border-color: #3fa7b0; height: 26px;\">Modello<\/td>\n<td style=\"width: 50%; border-style: solid; border-color: #3fa7b0; height: 26px;\">RV050FHM-31-K28<\/td>\n<\/tr>\n<tr style=\"height: 26px;\">\n<td style=\"width: 50%; border-style: solid; border-color: #3fa7b0; height: 26px;\">Dimensione<\/td>\n<td style=\"width: 50%; border-style: solid; border-color: #3fa7b0; height: 26px;\">Schermo lcd da 5 pollici tft<\/td>\n<\/tr>\n<tr style=\"height: 26px;\">\n<td style=\"width: 50%; border-style: solid; border-color: #3fa7b0; height: 26px;\">Tipo LCD<\/td>\n<td style=\"width: 50%; border-style: solid; border-color: #3fa7b0; height: 26px;\">AM TFT, TRASMISSIVO, NEGATIVO<\/td>\n<\/tr>\n<tr style=\"height: 26px;\">\n<td style=\"width: 50%; border-style: solid; border-color: #3fa7b0; height: 26px;\">Formato del display<\/td>\n<td style=\"width: 50%; border-style: solid; border-color: #3fa7b0; height: 26px;\">1080(R,G,B)*1920<\/td>\n<\/tr>\n<tr style=\"height: 26px;\">\n<td style=\"width: 50%; border-style: solid; border-color: #3fa7b0; height: 26px;\">Dati di ingresso<\/td>\n<td style=\"width: 50%; border-style: solid; border-color: #3fa7b0; height: 26px;\">Interfaccia MIPI-4LaneI<\/td>\n<\/tr>\n<tr style=\"height: 26px;\">\n<td style=\"width: 50%; border-style: solid; border-color: #3fa7b0; height: 26px;\">Angolo di visualizzazione<\/td>\n<td style=\"width: 50%; border-style: solid; border-color: #3fa7b0; height: 26px;\">Vista completa<\/td>\n<\/tr>\n<tr style=\"height: 26px;\">\n<td style=\"width: 50%; border-style: solid; border-color: #3fa7b0; height: 26px;\">Colori del display<\/td>\n<td style=\"width: 50%; border-style: solid; border-color: #3fa7b0; height: 26px;\">16,7 M COLORE REALE<\/td>\n<\/tr>\n<tr style=\"height: 26px;\">\n<td style=\"width: 50%; border-style: solid; border-color: #3fa7b0; height: 26px;\">Dimensione del modulo<\/td>\n<td style=\"width: 50%; border-style: solid; border-color: #3fa7b0; height: 26px;\">75.88(W)\u00d7119.47(L)\u00d72.8(T)<\/td>\n<\/tr>\n<tr style=\"height: 26px;\">\n<td style=\"width: 50%; border-style: solid; border-color: #3fa7b0; height: 26px;\">Area attiva<\/td>\n<td style=\"width: 50%; border-style: solid; border-color: #3fa7b0; height: 26px;\">61,88(L) \u00d7110,02(L)<\/td>\n<\/tr>\n<tr style=\"height: 26px;\">\n<td style=\"width: 50%; border-style: solid; border-color: #3fa7b0; height: 26px;\">Dimensione dei pixel<\/td>\n<td style=\"width: 50%; border-style: solid; border-color: #3fa7b0; height: 26px;\">0.0573\u00d70.0573<\/td>\n<\/tr>\n<tr style=\"height: 26px;\">\n<td style=\"width: 50%; border-style: solid; border-color: #3fa7b0; height: 26px;\">Temperatura di esercizio<\/td>\n<td style=\"width: 50%; border-style: solid; border-color: #3fa7b0; height: 26px;\">Da -20 a +70 \u2103<\/td>\n<\/tr>\n<tr style=\"height: 26px;\">\n<td style=\"width: 50%; border-style: solid; border-color: #3fa7b0; height: 26px;\">Temperatura di stoccaggio<\/td>\n<td style=\"width: 50%; border-style: solid; border-color: #3fa7b0; height: 26px;\">Da -30 a +80 \u2103<\/td>\n<\/tr>\n<tr style=\"height: 26px;\">\n<td style=\"width: 50%; border-style: solid; border-color: #3fa7b0; height: 26px;\">LCM Luminanza<\/td>\n<td style=\"width: 50%; border-style: solid; border-color: #3fa7b0; height: 26px;\">2800 cd\/m\u00b2<\/td>\n<\/tr>\n<\/tbody>\n<\/table>\n<p>&nbsp;<\/p>\n<h3>Pannello LCD TFT da 5 pollici 1080*1920 Caratteristica<\/h3>\n<p style=\"text-align: justify;\"><strong>Liberare la potenza dell'alta luminosit\u00e0<\/strong><\/p>\n<p style=\"text-align: justify;\">Una delle caratteristiche principali dello schermo LCD TFT da 5 pollici leggibile alla luce del sole \u00e8 la sua notevole capacit\u00e0 di luminanza di 2800 nit. Questo livello di luminosit\u00e0 supera in modo significativo gli schermi LCD standard, rendendolo la scelta ideale per le applicazioni che richiedono un'eccellente visibilit\u00e0 in condizioni di luce ambientale elevata. Grazie a questa maggiore luminosit\u00e0, lo schermo riduce al minimo i riflessi e offre agli utenti contenuti chiari e leggibili, anche se esposti alla luce diretta del sole.<\/p>\n<p>&nbsp;<\/p>\n<p style=\"text-align: justify;\"><strong>Risoluzione nitida e dettagli coinvolgenti<\/strong><\/p>\n<p style=\"text-align: justify;\">L'alta risoluzione dello schermo LCD TFT da 5 pollici 1080\u00d71920 garantisce immagini nitide e dettagliate. Che si tratti di immagini, video o testo, l'elevata densit\u00e0 di pixel conferisce chiarezza e profondit\u00e0 ai contenuti visualizzati. Questo livello di risoluzione migliora l'esperienza dell'utente in un'ampia gamma di applicazioni, dalle interfacce delle apparecchiature industriali ai display automobilistici e all'elettronica di consumo.<\/p>\n<p>&nbsp;<\/p>\n<p style=\"text-align: justify;\"><strong>Applicazioni esterne<\/strong><\/p>\n<p style=\"text-align: justify;\">L'elevata luminosit\u00e0 dello schermo LCD da 2800nit lo rende particolarmente adatto alle applicazioni in esterni. Tradizionalmente, la luce diretta del sole pu\u00f2 rendere gli schermi sbiaditi e illeggibili. Tuttavia, con questo modulo di visualizzazione, la segnaletica per esterni, i monitor per esterni e i chioschi informativi possono fornire immagini vivide e accattivanti, garantendo che le informazioni importanti raggiungano gli spettatori senza compromettere la leggibilit\u00e0.<\/p>\n<p>&nbsp;<\/p>\n<p style=\"text-align: justify;\"><strong>Applicazioni industriali e mediche<\/strong><\/p>\n<p style=\"text-align: justify;\">In ambito industriale e medico, un feedback visivo preciso \u00e8 fondamentale per ottenere prestazioni e accuratezza ottimali. Lo schermo LCD TFT da 5 pollici ad alta luminosit\u00e0 e 2800nit soddisfa questi requisiti offrendo una luminosit\u00e0 e una risoluzione eccezionali. Pu\u00f2 essere incorporato nelle interfacce dei macchinari industriali, nei pannelli di controllo, nei sistemi di monitoraggio, nei monitor medici, nelle apparecchiature diagnostiche e nei display chirurgici, consentendo agli operatori e ai professionisti medici di accedere alle informazioni critiche con chiarezza e precisione.<\/p>\n<p>&nbsp;<\/p>\n<p style=\"text-align: justify;\"><strong>Tecnologie visive a prova di futuro<\/strong><\/p>\n<p style=\"text-align: justify;\">Mentre la tecnologia dei display continua a progredire, lo schermo LCD TFT da 5 pollici ad alta luminosit\u00e0 2800nit \u00e8 una testimonianza della ricerca di esperienze visive migliori. Flessibile personalizzato garantire questo 5 pollici schermo tft ottenere pi\u00f9 clienti favori, nel lato scheda di controllo LCD, qualunque scheda funzione usuale o scheda HDMI, o Android abbiamo potuto fare la soluzione LCD. Nel lato del display, l'interfaccia personalizzata, la soluzione touchscreen, o altri che i requisiti dei clienti, avremmo discutere la tecnologia LCD futuro con i clienti.<\/p>","protected":false},"excerpt":{"rendered":"<ul>\n<li>Dimensione: modulo lcd da 5 pollici tft<\/li>\n<li>Risoluzione: 1080*1920<\/li>\n<li>Luminosit\u00e0: 2800 cd\/m\u00b2<\/li>\n<li>Interfaccia: Interfaccia MIPI-4LaneI<\/li>\n<li>Angolo di visione: Visione completa<\/li>\n<li>Area attiva: 61,88(L) \u00d7110,02(L)<\/li>\n<\/ul>","protected":false},"featured_media":42437,"template":"","meta":[],"product_brand":[],"product_cat":[186],"product_tag":[],"class_list":{"0":"post-41019","1":"product","2":"type-product","3":"status-publish","4":"has-post-thumbnail","6":"product_cat-sunlight-readable-display","8":"first","9":"instock","10":"product-type-simple"},"ct_brands":[],"_links":{"self":[{"href":"https:\/\/rjydisplay.com\/it\/wp-json\/wp\/v2\/product\/41019","targetHints":{"allow":["GET"]}}],"collection":[{"href":"https:\/\/rjydisplay.com\/it\/wp-json\/wp\/v2\/product"}],"about":[{"href":"https:\/\/rjydisplay.com\/it\/wp-json\/wp\/v2\/types\/product"}],"wp:featuredmedia":[{"embeddable":true,"href":"https:\/\/rjydisplay.com\/it\/wp-json\/wp\/v2\/media\/42437"}],"wp:attachment":[{"href":"https:\/\/rjydisplay.com\/it\/wp-json\/wp\/v2\/media?parent=41019"}],"wp:term":[{"taxonomy":"product_brand","embeddable":true,"href":"https:\/\/rjydisplay.com\/it\/wp-json\/wp\/v2\/product_brand?post=41019"},{"taxonomy":"product_cat","embeddable":true,"href":"https:\/\/rjydisplay.com\/it\/wp-json\/wp\/v2\/product_cat?post=41019"},{"taxonomy":"product_tag","embeddable":true,"href":"https:\/\/rjydisplay.com\/it\/wp-json\/wp\/v2\/product_tag?post=41019"}],"curies":[{"name":"wp","href":"https:\/\/api.w.org\/{rel}","templated":true}]}}