{"id":41115,"date":"2025-03-24T10:20:48","date_gmt":"2025-03-24T10:20:48","guid":{"rendered":"https:\/\/rjydisplay.com\/product\/3-2-inch-tft-lcd-display-240320-ips-lcd-display-module\/"},"modified":"2025-06-12T03:33:06","modified_gmt":"2025-06-12T03:33:06","slug":"3-2-inch-tft-lcd-display","status":"publish","type":"product","link":"https:\/\/rjydisplay.com\/it\/prodotto\/3-2-inch-tft-lcd-display\/","title":{"rendered":"Display LCD TFT da 3,2 pollici - Modulo display LCD IPS da 240*320, 50 pin"},"content":{"rendered":"<p style=\"text-align: justify;\">Il 3,2 pollici \u00e8 un modulo di visualizzazione lcd IPS con risoluzione 240*320, possiamo personalizzare il touchscreen in base ai requisiti del cliente. Forniamo diverse schede controller lcd funzionali e schede HDMI.<br \/>\nLa sua ampia applicazione per dispositivi medici, apparecchiature portatili, macchine POS e necessit\u00e0 di un display lcd da 3,2 pollici di piccole dimensioni.<\/p>\n<p>&nbsp;<\/p>\n<p>&nbsp;<\/p>\n<p><span style=\"font-size: 18pt;\"><strong>Perch\u00e9 scegliere questo display LCD TFT da 3,2 pollici?<\/strong><\/span><\/p>\n<p><strong>Immagini impressionanti:<\/strong><\/p>\n<p style=\"text-align: justify;\">Il modulo del display TFT LCD 240\u00d7320 IPS da 3,2 pollici vanta una risoluzione di 240\u00d7320 pixel, offrendo immagini nitide e vivaci per le sue dimensioni. La tecnologia In-Plane Switching (IPS) garantisce un'eccellente riproduzione dei colori, ampi angoli di visione e una migliore qualit\u00e0 delle immagini. Sia che stiate progettando una console di gioco portatile, un dispositivo medico o un pannello di controllo industriale, le immagini vivide e chiare offerte da questo modulo di visualizzazione miglioreranno notevolmente l'esperienza dell'utente.<\/p>\n<p><strong>Compatto e facile da integrare:<\/strong><\/p>\n<p style=\"text-align: justify;\">Con una diagonale di soli 3,2 pollici, questo modulo di visualizzazione \u00e8 compatto ma offre un'ampia superficie di schermo per la visualizzazione di informazioni e grafica. Il fattore di forma ridotto lo rende una scelta ideale per le applicazioni in cui lo spazio \u00e8 limitato. Inoltre, il modulo \u00e8 stato progettato tenendo conto della facilit\u00e0 di integrazione. Utilizza un'interfaccia parallela standard o un'interfaccia seriale (SPI o I2C) per la comunicazione con il microcontrollore host, consentendo una perfetta integrazione in vari progetti e riducendo i tempi di sviluppo.<\/p>\n<p><strong>Capacit\u00e0 touchscreen:<\/strong><\/p>\n<p style=\"text-align: justify;\">Molte versioni del modulo di visualizzazione IPS da 3,2 pollici TFT LCD 240\u00d7320 sono dotate di funzionalit\u00e0 touchscreen, che aggiungono un ulteriore livello di interattivit\u00e0 al progetto. Il touchscreen consente agli utenti di navigare tra i menu, inserire dati e interagire direttamente con il contenuto visualizzato, migliorando l'esperienza complessiva dell'utente. Il modulo supporta spesso la tecnologia touch capacitiva o resistiva, offrendo agli sviluppatori la flessibilit\u00e0 di scegliere l'opzione migliore per le loro specifiche esigenze applicative.<\/p>","protected":false},"excerpt":{"rendered":"<ul>\n<li>Risoluzione: 240 (RGB)* 320<\/li>\n<li>Area attiva: 48,60(L) * 64,80(H) mm<\/li>\n<li>Interfaccia: MCU 16 Modalit\u00e0<\/li>\n<li>Connessione dei pin: 50 pin<\/li>\n<li>Luminanza: 300 cd\/m\u00b2<\/li>\n<\/ul>","protected":false},"featured_media":42086,"template":"","meta":[],"product_brand":[],"product_cat":[184],"product_tag":[],"class_list":{"0":"post-41115","1":"product","2":"type-product","3":"status-publish","4":"has-post-thumbnail","6":"product_cat-standard-displays","8":"first","9":"instock","10":"product-type-simple"},"ct_brands":[],"_links":{"self":[{"href":"https:\/\/rjydisplay.com\/it\/wp-json\/wp\/v2\/product\/41115","targetHints":{"allow":["GET"]}}],"collection":[{"href":"https:\/\/rjydisplay.com\/it\/wp-json\/wp\/v2\/product"}],"about":[{"href":"https:\/\/rjydisplay.com\/it\/wp-json\/wp\/v2\/types\/product"}],"wp:featuredmedia":[{"embeddable":true,"href":"https:\/\/rjydisplay.com\/it\/wp-json\/wp\/v2\/media\/42086"}],"wp:attachment":[{"href":"https:\/\/rjydisplay.com\/it\/wp-json\/wp\/v2\/media?parent=41115"}],"wp:term":[{"taxonomy":"product_brand","embeddable":true,"href":"https:\/\/rjydisplay.com\/it\/wp-json\/wp\/v2\/product_brand?post=41115"},{"taxonomy":"product_cat","embeddable":true,"href":"https:\/\/rjydisplay.com\/it\/wp-json\/wp\/v2\/product_cat?post=41115"},{"taxonomy":"product_tag","embeddable":true,"href":"https:\/\/rjydisplay.com\/it\/wp-json\/wp\/v2\/product_tag?post=41115"}],"curies":[{"name":"wp","href":"https:\/\/api.w.org\/{rel}","templated":true}]}}