{"id":40596,"date":"2025-03-24T10:20:17","date_gmt":"2025-03-24T10:20:17","guid":{"rendered":"https:\/\/rjydisplay.com\/?post_type=product&#038;p=40596"},"modified":"2025-04-09T03:25:32","modified_gmt":"2025-04-09T03:25:32","slug":"4-inch-square-tft-lcd-display","status":"publish","type":"product","link":"https:\/\/rjydisplay.com\/ko\/product\/4-inch-square-tft-lcd-display\/","title":{"rendered":"4\uc778\uce58 \uc815\uc0ac\uac01\ud615 TFT LCD \ub514\uc2a4\ud50c\ub808\uc774 - 720*720 \uace0\ud574\uc0c1\ub3c4, MIPI \uc778\ud130\ud398\uc774\uc2a4, LCD \ud130\uce58 \ud328\ub110"},"content":{"rendered":"<div class=\"relative flex-col gap-1 md:gap-3\">\n<div class=\"flex max-w-full flex-col grow\">\n<div class=\"min-h-8 text-message relative flex w-full flex-col items-end gap-2 text-start break-words whitespace-normal [.text-message+&amp;]:mt-5\" dir=\"auto\" data-message-author-role=\"assistant\" data-message-id=\"11b8f494-6b6a-45db-9d5b-052fc47f8876\" data-message-model-slug=\"gpt-4o\">\n<div class=\"flex w-full flex-col gap-1 empty:hidden first:pt-[3px]\">\n<div class=\"markdown prose dark:prose-invert w-full break-words light\">\n<p class=\"\" data-start=\"0\" data-end=\"431\">This 3.95-inch TFT LCD module features a resolution of 480(RGB) x 480 pixels and supports 16.7 million colors, delivering vibrant and clear visuals. With a compact design (74.66(W) \u00d7 76.54(L) \u00d7 2.09(H) mm), it includes a capacitive touch panel (84(W) \u00d7 84(L) \u00d7 3.97(H) mm) for enhanced interactivity. The module offers a wide viewing angle (all O&#8217;Clock) and uses an LED backlight with 250 cd\/m\u00b2 luminance, ensuring good visibility.<\/p>\n<p class=\"\" data-start=\"433\" data-end=\"734\">Powered by the ST7701 driver IC and NT8052C touch IC, it supports RGB and SPI interfaces for flexible integration. With an operating temperature range of -20\u00b0C to +70\u00b0C, this module is ideal for automotive, industrial, and consumer applications, providing reliable performance in various environments.<\/p>\n<\/div>\n<\/div>\n<\/div>\n<\/div>\n<\/div>\n<div class=\"absolute\">\n<div class=\"flex items-center justify-center\"><\/div>\n<\/div>\n<table data-start=\"24\" data-end=\"1588\">\n<thead data-start=\"24\" data-end=\"134\">\n<tr data-start=\"24\" data-end=\"134\">\n<th data-start=\"24\" data-end=\"51\"><strong data-start=\"26\" data-end=\"34\">Item<\/strong><\/th>\n<th data-start=\"51\" data-end=\"97\"><strong data-start=\"53\" data-end=\"65\">Contents<\/strong><\/th>\n<th data-start=\"97\" data-end=\"111\"><strong data-start=\"99\" data-end=\"107\">Unit<\/strong><\/th>\n<th data-start=\"111\" data-end=\"134\"><strong data-start=\"113\" data-end=\"124\">Remarks<\/strong><\/th>\n<\/tr>\n<\/thead>\n<tbody data-start=\"246\" data-end=\"1588\">\n<tr data-start=\"246\" data-end=\"357\">\n<td><strong data-start=\"248\" data-end=\"260\">LCD Type<\/strong><\/td>\n<td>TFT<\/td>\n<td>&#8211;<\/td>\n<td>3.95-inch TFT<\/td>\n<\/tr>\n<tr data-start=\"358\" data-end=\"468\">\n<td><strong data-start=\"360\" data-end=\"393\">Recommended Viewing Direction<\/strong><\/td>\n<td>ALL O&#8217;Clock<\/td>\n<td>&#8211;<\/td>\n<td>&#8211;<\/td>\n<\/tr>\n<tr data-start=\"469\" data-end=\"580\">\n<td><strong data-start=\"471\" data-end=\"486\">Module Area<\/strong><\/td>\n<td>74.66(W) \u00d7 76.54(L) \u00d7 2.09(H)<\/td>\n<td>mm<\/td>\n<td>&#8211;<\/td>\n<\/tr>\n<tr data-start=\"581\" data-end=\"692\">\n<td><strong data-start=\"583\" data-end=\"604\">Module + CTP Area<\/strong><\/td>\n<td>84(W) \u00d7 84(L) \u00d7 3.97(H)<\/td>\n<td>mm<\/td>\n<td>&#8211;<\/td>\n<\/tr>\n<tr data-start=\"693\" data-end=\"804\">\n<td><strong data-start=\"695\" data-end=\"710\">Active Area<\/strong><\/td>\n<td>71.86(W) \u00d7 70.18(L)<\/td>\n<td>mm<\/td>\n<td>&#8211;<\/td>\n<\/tr>\n<tr data-start=\"805\" data-end=\"916\">\n<td><strong data-start=\"807\" data-end=\"825\">Number of Dots<\/strong><\/td>\n<td>480(RGB) \u00d7 480<\/td>\n<td>Dots<\/td>\n<td>&#8211;<\/td>\n<\/tr>\n<tr data-start=\"917\" data-end=\"1028\">\n<td><strong data-start=\"919\" data-end=\"934\">Pixel Pitch<\/strong><\/td>\n<td>0.1462 \u00d7 0.1462<\/td>\n<td>mm<\/td>\n<td>&#8211;<\/td>\n<\/tr>\n<tr data-start=\"1029\" data-end=\"1140\">\n<td><strong data-start=\"1031\" data-end=\"1044\">Driver IC<\/strong><\/td>\n<td>ST7701<\/td>\n<td>&#8211;<\/td>\n<td>&#8211;<\/td>\n<\/tr>\n<tr data-start=\"1141\" data-end=\"1252\">\n<td><strong data-start=\"1143\" data-end=\"1155\">Touch IC<\/strong><\/td>\n<td>NT8052C<\/td>\n<td>&#8211;<\/td>\n<td>&#8211;<\/td>\n<\/tr>\n<tr data-start=\"1253\" data-end=\"1364\">\n<td><strong data-start=\"1255\" data-end=\"1273\">Interface Type<\/strong><\/td>\n<td>RGB + SPI Interface<\/td>\n<td>&#8211;<\/td>\n<td>&#8211;<\/td>\n<\/tr>\n<tr data-start=\"1365\" data-end=\"1476\">\n<td><strong data-start=\"1367\" data-end=\"1377\">Colors<\/strong><\/td>\n<td>16.7M<\/td>\n<td>&#8211;<\/td>\n<td>&#8211;<\/td>\n<\/tr>\n<tr data-start=\"1477\" data-end=\"1588\">\n<td><strong data-start=\"1479\" data-end=\"1497\">Backlight Type<\/strong><\/td>\n<td>LED<\/td>\n<td>&#8211;<\/td>\n<td>&#8211;<\/td>\n<\/tr>\n<\/tbody>\n<\/table>\n<article class=\"text-token-text-primary w-full\" dir=\"auto\" data-testid=\"conversation-turn-324\" data-scroll-anchor=\"true\">\n<div class=\"text-base my-auto mx-auto py-5 px-6\">\n<div class=\"mx-auto flex flex-1 text-base gap-4 md:gap-5 lg:gap-6 md:max-w-3xl lg:max-w-[40rem] xl:max-w-[48rem] group\/turn-messages focus-visible:outline-hidden\" tabindex=\"-1\">\n<div class=\"group\/conversation-turn relative flex w-full min-w-0 flex-col agent-turn @xs\/thread:px-0 @sm\/thread:px-1.5 @md\/thread:px-4\">\n<div class=\"relative flex-col gap-1 md:gap-3\">\n<div class=\"flex max-w-full flex-col grow\">\n<div class=\"min-h-8 text-message relative flex w-full flex-col items-end gap-2 text-start break-words whitespace-normal [.text-message+&amp;]:mt-5\" dir=\"auto\" data-message-author-role=\"assistant\" data-message-id=\"11b8f494-6b6a-45db-9d5b-052fc47f8876\" data-message-model-slug=\"gpt-4o\">\n<div class=\"flex w-full flex-col gap-1 empty:hidden first:pt-[3px]\">\n<div class=\"markdown prose dark:prose-invert w-full break-words light\"><\/div>\n<\/div>\n<\/div>\n<\/div>\n<\/div>\n<div class=\"absolute\">\n<div class=\"flex items-center justify-center\"><\/div>\n<\/div>\n<\/div>\n<\/div>\n<\/div>\n<\/article>\n<h3>APPLICATION OF 4 INCH 720*720 TFT LCD MODULE<\/h3>\n<p style=\"text-align: justify;\"><strong>Industrial Control Systems<\/strong>: The 4 inch touchscreen can be used in industrial control systems where a compact and durable display is required. It can be utilized in control panels or HMI (Human-Machine Interface) devices to monitor and control various industrial processes.<\/p>\n<p style=\"text-align: justify;\"><strong>Portable Gaming Devices<\/strong>: The square LCD panel touchscreen can be employed in handheld gaming consoles or portable gaming devices. It can provide an interactive display for gaming controls, menus, and gameplay visuals.<\/p>\n<p style=\"text-align: justify;\"><strong>Point-of-Sale (POS) Systems:<\/strong> The 4 inch LCD touchscreen can be used in compact point-of-sale systems for retail or hospitality industries. It can serve as an interactive interface for customers and cashiers to input information, select items, and complete transactions.<\/p>\n<p style=\"text-align: justify;\"><strong>Medical Devices:<\/strong> The 4 inch TFT display can find applications in medical devices, such as portable diagnostic devices or patient monitoring systems. It can provide a visual interface for displaying vital signs, medical data, or test results.<\/p>\n<p style=\"text-align: justify;\"><strong>IoT (Internet of Things) Devices:<\/strong> The Square TFT touchscreen can be integrated into various IoT devices where a compact and interactive display is needed. For example, it can be used in smart home control panels, home automation systems, or IoT-enabled appliances.<\/p>\n<p style=\"text-align: justify;\"><strong>Handheld Measurement Instruments:<\/strong> The 4inch Touch display can be utilized in handheld measurement instruments like multimeters, oscilloscopes, or thermal cameras. It can provide a visual interface to display measurement readings, waveforms, or thermal images.<\/p>\n<p style=\"text-align: justify;\"><strong>Personal Digital Assistants:<\/strong> The compact size and touch functionality make the display suitable for personal digital assistants (PDAs) or handheld organizers. It can provide a visual interface for managing schedules, contacts, notes, and other personal information.<\/p>\n","protected":false},"excerpt":{"rendered":"<ul>\n<li>\ud06c\uae30: 4\uc778\uce58 \uc815\uc0ac\uac01\ud615 LCD \ubaa8\ub4c8<\/li>\n<li>Touch: \ud130\uce58: \ud130\uce58 \uc0ac\uc6a9<\/li>\n<li>\ud574\uc0c1\ub3c4: 720*720<\/li>\n<li>\ud130\uce58 \uc778\ud130\ud398\uc774\uc2a4: I2C<\/li>\n<li>\ub514\uc2a4\ud50c\ub808\uc774 \uc778\ud130\ud398\uc774\uc2a4: MIPI<\/li>\n<li>\ub514\uc2a4\ud50c\ub808\uc774 \ub4dc\ub77c\uc774\ubc84 IC: AXS1832<\/li>\n<li>\ud130\uce58 IC: FT6336U(\uc2f1\uae00 \ud130\uce58), AXS9621(\uba40\ud2f0\ud130\uce58), HY4621(\uba40\ud2f0\ud130\uce58)<\/li>\n<\/ul>","protected":false},"featured_media":42298,"template":"","meta":[],"product_brand":[],"product_cat":[184],"product_tag":[],"class_list":{"0":"post-40596","1":"product","2":"type-product","3":"status-publish","4":"has-post-thumbnail","6":"product_cat-standard-displays","8":"first","9":"instock","10":"product-type-simple"},"ct_brands":[],"_links":{"self":[{"href":"https:\/\/rjydisplay.com\/ko\/wp-json\/wp\/v2\/product\/40596","targetHints":{"allow":["GET"]}}],"collection":[{"href":"https:\/\/rjydisplay.com\/ko\/wp-json\/wp\/v2\/product"}],"about":[{"href":"https:\/\/rjydisplay.com\/ko\/wp-json\/wp\/v2\/types\/product"}],"wp:featuredmedia":[{"embeddable":true,"href":"https:\/\/rjydisplay.com\/ko\/wp-json\/wp\/v2\/media\/42298"}],"wp:attachment":[{"href":"https:\/\/rjydisplay.com\/ko\/wp-json\/wp\/v2\/media?parent=40596"}],"wp:term":[{"taxonomy":"product_brand","embeddable":true,"href":"https:\/\/rjydisplay.com\/ko\/wp-json\/wp\/v2\/product_brand?post=40596"},{"taxonomy":"product_cat","embeddable":true,"href":"https:\/\/rjydisplay.com\/ko\/wp-json\/wp\/v2\/product_cat?post=40596"},{"taxonomy":"product_tag","embeddable":true,"href":"https:\/\/rjydisplay.com\/ko\/wp-json\/wp\/v2\/product_tag?post=40596"}],"curies":[{"name":"wp","href":"https:\/\/api.w.org\/{rel}","templated":true}]}}