{"id":42644,"date":"2025-04-23T03:26:33","date_gmt":"2025-04-23T03:26:33","guid":{"rendered":"https:\/\/rjydisplay.com\/?post_type=product&#038;p=42644"},"modified":"2026-04-13T07:20:58","modified_gmt":"2026-04-13T07:20:58","slug":"7-inch-raspberry-pi-tft-lcd-module","status":"publish","type":"product","link":"https:\/\/rjydisplay.com\/ko\/product\/7-inch-raspberry-pi-tft-lcd-module\/","title":{"rendered":"7\uc778\uce58 \ub77c\uc988\ubca0\ub9ac \ud30c\uc774 TFT LCD \ubaa8\ub4c8 - HDMI \ubc0f VGA \uc785\ub825, \uc815\uc804\uc2dd \ud130\uce58"},"content":{"rendered":"<h5 data-start=\"1403\" data-end=\"1421\">Applications<\/h5>\n<p class=\"\" data-start=\"1423\" data-end=\"1505\">Designed for a wide range of Raspberry Pi and embedded system projects, including:<\/p>\n<ul data-start=\"1507\" data-end=\"1679\">\n<li class=\"\" data-start=\"1507\" data-end=\"1542\">\n<p class=\"\" data-start=\"1509\" data-end=\"1542\">Raspberry Pi touchscreen kiosks<\/p>\n<\/li>\n<li class=\"\" data-start=\"1543\" data-end=\"1572\">\n<p class=\"\" data-start=\"1545\" data-end=\"1572\">Industrial control panels<\/p>\n<\/li>\n<li class=\"\" data-start=\"1573\" data-end=\"1605\">\n<p class=\"\" data-start=\"1575\" data-end=\"1605\">Portable multimedia stations<\/p>\n<\/li>\n<li class=\"\" data-start=\"1606\" data-end=\"1641\">\n<p class=\"\" data-start=\"1608\" data-end=\"1641\">DIY smart mirrors or dashboards<\/p>\n<\/li>\n<li class=\"\" data-start=\"1642\" data-end=\"1679\">\n<p class=\"\" data-start=\"1644\" data-end=\"1679\">Educational kits and maker projects<\/p>\n<\/li>\n<\/ul>\n<h5 data-start=\"1681\" data-end=\"1715\">Video Signal Input Standards<\/h5>\n<div class=\"group pointer-events-none relative flex justify-center *:pointer-events-auto\">\n<div class=\"tableContainer horzScrollShadows relative\">\n<table class=\"min-w-full\" data-start=\"1717\" data-end=\"2047\">\n<thead data-start=\"1717\" data-end=\"1798\">\n<tr data-start=\"1717\" data-end=\"1798\">\n<th data-start=\"1717\" data-end=\"1734\"><strong data-start=\"1719\" data-end=\"1733\">Input Type<\/strong><\/th>\n<th data-start=\"1734\" data-end=\"1778\"><strong data-start=\"1736\" data-end=\"1761\">Supported Resolutions<\/strong><\/th>\n<th data-start=\"1778\" data-end=\"1798\"><strong data-start=\"1780\" data-end=\"1796\">Refresh Rate<\/strong><\/th>\n<\/tr>\n<\/thead>\n<tbody data-start=\"1882\" data-end=\"2047\">\n<tr data-start=\"1882\" data-end=\"1964\">\n<td class=\"max-w-[calc(var(--thread-content-max-width)*2\/3)]\" data-start=\"1882\" data-end=\"1899\"><strong data-start=\"1884\" data-end=\"1891\">VGA<\/strong><\/td>\n<td class=\"max-w-[calc(var(--thread-content-max-width)*2\/3)]\" data-start=\"1899\" data-end=\"1944\">800\u00d7480, 800\u00d7600, 1024\u00d7600, 1024\u00d7768<\/td>\n<td class=\"max-w-[calc(var(--thread-content-max-width)*2\/3)]\" data-start=\"1944\" data-end=\"1964\">60Hz \u2013 75Hz<\/td>\n<\/tr>\n<tr data-start=\"1965\" data-end=\"2047\">\n<td class=\"max-w-[calc(var(--thread-content-max-width)*2\/3)]\" data-start=\"1965\" data-end=\"1982\"><strong data-start=\"1967\" data-end=\"1975\">HDMI<\/strong><\/td>\n<td class=\"max-w-[calc(var(--thread-content-max-width)*2\/3)]\" data-start=\"1982\" data-end=\"2027\">Generic Version 1.2<\/td>\n<td class=\"max-w-[calc(var(--thread-content-max-width)*2\/3)]\" data-start=\"2027\" data-end=\"2047\">Auto-Detect<\/td>\n<\/tr>\n<\/tbody>\n<\/table>\n<h5 data-start=\"2049\" data-end=\"2084\">Environmental Specifications<\/h5>\n<div class=\"group pointer-events-none relative flex justify-center *:pointer-events-auto\">\n<div class=\"tableContainer horzScrollShadows relative\">\n<table class=\"min-w-full\" data-start=\"2086\" data-end=\"2351\">\n<thead data-start=\"2086\" data-end=\"2152\">\n<tr data-start=\"2086\" data-end=\"2152\">\n<th data-start=\"2086\" data-end=\"2119\"><strong data-start=\"2088\" data-end=\"2112\">Operating Conditions<\/strong><\/th>\n<th data-start=\"2119\" data-end=\"2152\"><\/th>\n<\/tr>\n<\/thead>\n<tbody data-start=\"2220\" data-end=\"2351\">\n<tr data-start=\"2220\" data-end=\"2285\">\n<td class=\"max-w-[calc(var(--thread-content-max-width)*2\/3)]\" data-start=\"2220\" data-end=\"2253\">Temperature Range<\/td>\n<td class=\"max-w-[calc(var(--thread-content-max-width)*2\/3)]\" data-start=\"2253\" data-end=\"2285\">-10\u2103 to +60\u2103<\/td>\n<\/tr>\n<tr data-start=\"2286\" data-end=\"2351\">\n<td class=\"max-w-[calc(var(--thread-content-max-width)*2\/3)]\" data-start=\"2286\" data-end=\"2319\">Humidity (Non-Condensing)<\/td>\n<td class=\"max-w-[calc(var(--thread-content-max-width)*2\/3)]\" data-start=\"2319\" data-end=\"2351\">\u2264 90% RH<\/td>\n<\/tr>\n<\/tbody>\n<\/table>\n<\/div>\n<\/div>\n<div class=\"group pointer-events-none relative flex justify-center *:pointer-events-auto\">\n<div class=\"tableContainer horzScrollShadows relative\">\n<table class=\"min-w-full\" data-start=\"2353\" data-end=\"2618\">\n<thead data-start=\"2353\" data-end=\"2419\">\n<tr data-start=\"2353\" data-end=\"2419\">\n<th data-start=\"2353\" data-end=\"2386\"><strong data-start=\"2355\" data-end=\"2377\">Storage Conditions<\/strong><\/th>\n<th data-start=\"2386\" data-end=\"2419\"><\/th>\n<\/tr>\n<\/thead>\n<tbody data-start=\"2487\" data-end=\"2618\">\n<tr data-start=\"2487\" data-end=\"2552\">\n<td class=\"max-w-[calc(var(--thread-content-max-width)*2\/3)]\" data-start=\"2487\" data-end=\"2520\">Temperature Range<\/td>\n<td class=\"max-w-[calc(var(--thread-content-max-width)*2\/3)]\" data-start=\"2520\" data-end=\"2552\">-20\u2103 to +70\u2103<\/td>\n<\/tr>\n<tr data-start=\"2553\" data-end=\"2618\">\n<td class=\"max-w-[calc(var(--thread-content-max-width)*2\/3)]\" data-start=\"2553\" data-end=\"2586\">Humidity (Non-Condensing)<\/td>\n<td class=\"max-w-[calc(var(--thread-content-max-width)*2\/3)]\" data-start=\"2586\" data-end=\"2618\">\u2264 90% RH<\/td>\n<\/tr>\n<\/tbody>\n<\/table>\n<\/div>\n<\/div>\n<h5 data-start=\"2625\" data-end=\"2670\">Developer-Friendly &amp; Fully Customizable<\/h5>\n<p class=\"\" data-start=\"2672\" data-end=\"2958\">Whether you\u2019re developing a compact Raspberry Pi-based GUI or an embedded HMI solution, this <strong data-start=\"2765\" data-end=\"2796\">raspberry pi tft lcd module<\/strong> offers unmatched flexibility. You can adjust the <strong data-start=\"2846\" data-end=\"2854\">VCOM<\/strong> voltage and <strong data-start=\"2867\" data-end=\"2886\">backlight power<\/strong> to fine-tune display performance based on specific screen requirements.<\/p>\n<p class=\"\" data-start=\"2960\" data-end=\"3095\">With a robust design and enhanced media features, this module delivers an all-in-one solution for your next innovative display project.<\/p>\n<p><strong data-start=\"3102\" data-end=\"3123\">Want to see more?<\/strong><br data-start=\"3123\" data-end=\"3126\" \/>\u2705 Request a datasheet<br data-start=\"3147\" data-end=\"3150\" \/>\u2705 Ask about custom screen configurations<br data-start=\"3190\" data-end=\"3193\" \/>\u2705 Bulk pricing and OEM support available<\/p>\n<\/div>\n<\/div>\n","protected":false},"excerpt":{"rendered":"<ul>\n<li class=\"\" data-start=\"785\" data-end=\"862\">\n<p class=\"\" data-start=\"787\" data-end=\"862\">\ub514\uc2a4\ud50c\ub808\uc774 \uc778\ud130\ud398\uc774\uc2a4: HDMI(v1.2) \ubc0f VGA \uc785\ub825 \uc2e0\ud638 \uc9c0\uc6d0<\/p>\n<\/li>\n<li class=\"\" data-start=\"863\" data-end=\"932\">\n<p class=\"\" data-start=\"865\" data-end=\"932\">\ud130\uce58 \uae30\uc220: \ud1b5\ud569 \uc815\uc804\uc2dd \ud130\uce58 \ud328\ub110(CTP)<\/p>\n<\/li>\n<li class=\"\" data-start=\"933\" data-end=\"988\">\n<p class=\"\" data-start=\"935\" data-end=\"988\">\uc804\uc6d0 \uacf5\uae09 \uc7a5\uce58: \ub9c8\uc774\ud06c\ub85c USB DC +5V\ub97c \ud1b5\ud574 \uc791\ub3d9<\/p>\n<\/li>\n<li class=\"\" data-start=\"989\" data-end=\"1057\">\n<p class=\"\" data-start=\"991\" data-end=\"1057\">\uba40\ud2f0\ubbf8\ub514\uc5b4 \uc9c0\uc6d0: \ub4c0\uc5bc 2W \uc2a4\ud53c\ucee4 \ubc0f \uc774\uc5b4\ud3f0 \uc7ad<\/p>\n<\/li>\n<li class=\"\" data-start=\"1058\" data-end=\"1149\">\n<p class=\"\" data-start=\"1060\" data-end=\"1149\">OSD \uc81c\uc5b4: \ubaa8\ub4e0 \uae30\ub2a5\uc744 \uac16\ucd98 \uc628\uc2a4\ud06c\ub9b0 \ub514\uc2a4\ud50c\ub808\uc774(OSD) \ubc0f \ub9ac\ubaa8\ucee8(\uc635\uc158)<\/p>\n<\/li>\n<li class=\"\" data-start=\"1150\" data-end=\"1216\">\n<p class=\"\" data-start=\"1152\" data-end=\"1216\">\uc2a4\ub9c8\ud2b8 \uc167\ub2e4\uc6b4: \uc2e0\ud638\uac00 \uac10\uc9c0\ub418\uc9c0 \uc54a\uc744 \ub54c \uc790\ub3d9 \uc804\uc6d0 \ub044\uae30<\/p>\n<\/li>\n<li class=\"\" data-start=\"1217\" data-end=\"1308\">\n<p class=\"\" data-start=\"1219\" data-end=\"1308\">\uc0ac\uc6a9\uc790 \uc9c0\uc815 \uac00\ub2a5: \ud654\uba74 \ud29c\ub2dd\uc744 \uc704\ud55c \uc870\uc815 \uac00\ub2a5\ud55c VCOM \uc804\uc555 \ubc0f \ubc31\ub77c\uc774\ud2b8 \uc804\uc6d0<\/p>\n<\/li>\n<li class=\"\" data-start=\"1309\" data-end=\"1401\">\n<p class=\"\" data-start=\"1311\" data-end=\"1401\">\uc778\ud130\ud398\uc774\uc2a4: ZIOSONA-08C\/ATO70TN92\uc640 \ud638\ud658\ub418\ub294 \ud45c\uc900 50\ud540 TTL \ucee4\ub125\ud130<\/p>\n<\/li>\n<\/ul>","protected":false},"featured_media":42646,"template":"","meta":[],"product_brand":[],"product_cat":[379],"product_tag":[],"class_list":{"0":"post-42644","1":"product","2":"type-product","3":"status-publish","4":"has-post-thumbnail","6":"product_cat-computing-modules","8":"first","9":"instock","10":"shipping-taxable","11":"product-type-simple"},"ct_brands":[],"_links":{"self":[{"href":"https:\/\/rjydisplay.com\/ko\/wp-json\/wp\/v2\/product\/42644","targetHints":{"allow":["GET"]}}],"collection":[{"href":"https:\/\/rjydisplay.com\/ko\/wp-json\/wp\/v2\/product"}],"about":[{"href":"https:\/\/rjydisplay.com\/ko\/wp-json\/wp\/v2\/types\/product"}],"wp:featuredmedia":[{"embeddable":true,"href":"https:\/\/rjydisplay.com\/ko\/wp-json\/wp\/v2\/media\/42646"}],"wp:attachment":[{"href":"https:\/\/rjydisplay.com\/ko\/wp-json\/wp\/v2\/media?parent=42644"}],"wp:term":[{"taxonomy":"product_brand","embeddable":true,"href":"https:\/\/rjydisplay.com\/ko\/wp-json\/wp\/v2\/product_brand?post=42644"},{"taxonomy":"product_cat","embeddable":true,"href":"https:\/\/rjydisplay.com\/ko\/wp-json\/wp\/v2\/product_cat?post=42644"},{"taxonomy":"product_tag","embeddable":true,"href":"https:\/\/rjydisplay.com\/ko\/wp-json\/wp\/v2\/product_tag?post=42644"}],"curies":[{"name":"wp","href":"https:\/\/api.w.org\/{rel}","templated":true}]}}