{"id":40594,"date":"2025-03-24T10:20:31","date_gmt":"2025-03-24T10:20:31","guid":{"rendered":"https:\/\/rjydisplay.com\/?post_type=product&#038;p=40594"},"modified":"2026-04-13T07:21:17","modified_gmt":"2026-04-13T07:21:17","slug":"2-8-inch-round-lcd-display","status":"publish","type":"product","link":"https:\/\/rjydisplay.com\/pt\/produto\/2-8-inch-round-lcd-display\/","title":{"rendered":"Ecr\u00e3 LCD redondo de 2,8 polegadas - M\u00f3dulo LCD TFT IPS de 480*480, ecr\u00e3 t\u00e1til"},"content":{"rendered":"<p data-pm-slice=\"1 1 []\">M\u00f3dulo de ecr\u00e3 LCD TFT de 3,5 polegadas de elevado desempenho, meticulosamente concebido para proporcionar imagens vivas e fiabilidade superior. Com uma vis\u00e3o de todos os \u00e2ngulos, integra\u00e7\u00e3o avan\u00e7ada de controladores e resist\u00eancia ambiental robusta, este m\u00f3dulo \u00e9 ideal para uma variedade de aplica\u00e7\u00f5es de ecr\u00e3 incorporadas e industriais.<\/p>\n<div class=\"_tableContainer_16hzy_1\">\n<div class=\"_tableWrapper_16hzy_14 group flex w-fit flex-col-reverse\" tabindex=\"-1\">\n<table class=\"w-fit min-w-(--thread-content-width)\" data-start=\"555\" data-end=\"1722\">\n<thead data-start=\"555\" data-end=\"631\">\n<tr data-start=\"555\" data-end=\"631\">\n<th data-start=\"555\" data-end=\"580\" data-col-size=\"sm\"><strong data-start=\"557\" data-end=\"565\">Item<\/strong><\/th>\n<th data-start=\"580\" data-end=\"631\" data-col-size=\"sm\"><strong data-start=\"582\" data-end=\"593\">Detalhes<\/strong><\/th>\n<\/tr>\n<\/thead>\n<tbody data-start=\"710\" data-end=\"1722\">\n<tr data-start=\"710\" data-end=\"787\">\n<td data-start=\"710\" data-end=\"735\" data-col-size=\"sm\"><strong data-start=\"712\" data-end=\"728\">Tipo de ecr\u00e3<\/strong><\/td>\n<td data-start=\"735\" data-end=\"787\" data-col-size=\"sm\">AM TFT, Transmissivo, Negativo<\/td>\n<\/tr>\n<tr data-start=\"788\" data-end=\"865\">\n<td data-start=\"788\" data-end=\"813\" data-col-size=\"sm\"><strong data-start=\"790\" data-end=\"804\">Resolu\u00e7\u00e3o<\/strong><\/td>\n<td data-start=\"813\" data-end=\"865\" data-col-size=\"sm\">480(RGB) \u00d7 480 pontos<\/td>\n<\/tr>\n<tr data-start=\"866\" data-end=\"943\">\n<td data-start=\"866\" data-end=\"891\" data-col-size=\"sm\"><strong data-start=\"868\" data-end=\"886\">Cores do ecr\u00e3<\/strong><\/td>\n<td data-start=\"891\" data-end=\"943\" data-col-size=\"sm\">16,7 milh\u00f5es (RGB de 24 bits)<\/td>\n<\/tr>\n<tr data-start=\"944\" data-end=\"1020\">\n<td data-start=\"944\" data-end=\"969\" data-col-size=\"sm\"><strong data-start=\"946\" data-end=\"963\">\u00c2ngulo de vis\u00e3o<\/strong><\/td>\n<td data-start=\"969\" data-end=\"1020\" data-col-size=\"sm\">Todas as horas (\u00e2ngulo de vis\u00e3o amplo)<\/td>\n<\/tr>\n<tr data-start=\"1021\" data-end=\"1098\">\n<td data-start=\"1021\" data-end=\"1046\" data-col-size=\"sm\"><strong data-start=\"1023\" data-end=\"1036\">Interface<\/strong><\/td>\n<td data-start=\"1046\" data-end=\"1098\" data-col-size=\"sm\">Interface de dados paralela RGB-24 bits<\/td>\n<\/tr>\n<tr data-start=\"1099\" data-end=\"1176\">\n<td data-start=\"1099\" data-end=\"1124\" data-col-size=\"sm\"><strong data-start=\"1101\" data-end=\"1114\">IC de acionamento<\/strong><\/td>\n<td data-start=\"1124\" data-end=\"1176\" data-col-size=\"sm\">ST7701S<\/td>\n<\/tr>\n<tr data-start=\"1177\" data-end=\"1254\">\n<td data-start=\"1177\" data-end=\"1202\" data-col-size=\"sm\"><strong data-start=\"1179\" data-end=\"1192\">Lumin\u00e2ncia<\/strong><\/td>\n<td data-start=\"1202\" data-end=\"1254\" data-col-size=\"sm\">400 cd\/m\u00b2 (t\u00edpico)<\/td>\n<\/tr>\n<tr data-start=\"1255\" data-end=\"1332\">\n<td data-start=\"1255\" data-end=\"1280\" data-col-size=\"sm\"><strong data-start=\"1257\" data-end=\"1278\">Dimens\u00f5es do m\u00f3dulo<\/strong><\/td>\n<td data-start=\"1280\" data-end=\"1332\" data-col-size=\"sm\">73,33 (L) \u00d7 76,82 (C) \u00d7 2,2 (T) mm<\/td>\n<\/tr>\n<tr data-start=\"1333\" data-end=\"1410\">\n<td data-start=\"1333\" data-end=\"1358\" data-col-size=\"sm\"><strong data-start=\"1335\" data-end=\"1350\">\u00c1rea ativa<\/strong><\/td>\n<td data-start=\"1358\" data-end=\"1410\" data-col-size=\"sm\">70,13 (L) \u00d7 70,13 (A) mm<\/td>\n<\/tr>\n<tr data-start=\"1411\" data-end=\"1488\">\n<td data-start=\"1411\" data-end=\"1436\" data-col-size=\"sm\"><strong data-start=\"1413\" data-end=\"1428\">Passo do pixel<\/strong><\/td>\n<td data-start=\"1436\" data-end=\"1488\" data-col-size=\"sm\">0,1461(L) \u00d7 0,1461(A) mm<\/td>\n<\/tr>\n<tr data-start=\"1489\" data-end=\"1566\">\n<td data-start=\"1489\" data-end=\"1514\" data-col-size=\"sm\"><strong data-start=\"1491\" data-end=\"1510\">Temp. de funcionamento<\/strong><\/td>\n<td data-start=\"1514\" data-end=\"1566\" data-col-size=\"sm\">-20\u00b0C a +70\u00b0C<\/td>\n<\/tr>\n<tr data-start=\"1567\" data-end=\"1644\">\n<td data-start=\"1567\" data-end=\"1592\" data-col-size=\"sm\"><strong data-start=\"1569\" data-end=\"1586\">Temp. de armazenamento<\/strong><\/td>\n<td data-start=\"1592\" data-end=\"1644\" data-col-size=\"sm\">-30\u00b0C a +80\u00b0C<\/td>\n<\/tr>\n<tr data-start=\"1645\" data-end=\"1722\">\n<td data-start=\"1645\" data-end=\"1670\" data-col-size=\"sm\"><strong data-start=\"1647\" data-end=\"1657\">Peso<\/strong><\/td>\n<td data-start=\"1670\" data-end=\"1722\" data-col-size=\"sm\">21 gramas<\/td>\n<\/tr>\n<\/tbody>\n<\/table>\n<p data-start=\"1729\" data-end=\"1752\"><strong data-start=\"1736\" data-end=\"1752\">Carater\u00edsticas principais<\/strong><\/p>\n<ul data-start=\"1754\" data-end=\"2706\">\n<li data-start=\"1754\" data-end=\"1918\">\n<p data-start=\"1756\" data-end=\"1918\"><strong data-start=\"1756\" data-end=\"1790\">Alta resolu\u00e7\u00e3o, formato quadrado<\/strong><br data-start=\"1790\" data-end=\"1793\" \/>Disposi\u00e7\u00e3o de 480\u00d7480 p\u00edxeis num formato quadrado para um design de ecr\u00e3 equilibrado, ideal para elementos circulares de GUI e disposi\u00e7\u00f5es modernas de UI.<\/p>\n<\/li>\n<li data-start=\"1920\" data-end=\"2050\">\n<p data-start=\"1922\" data-end=\"2050\"><strong data-start=\"1922\" data-end=\"1950\">Ampla gama de cores e profundidade<\/strong><br data-start=\"1950\" data-end=\"1953\" \/>Suporta 16,7 milh\u00f5es de cores atrav\u00e9s da entrada RGB-24, proporcionando uma reprodu\u00e7\u00e3o de cores rica e precisa.<\/p>\n<\/li>\n<li data-start=\"2052\" data-end=\"2188\">\n<p data-start=\"2054\" data-end=\"2188\"><strong data-start=\"2054\" data-end=\"2076\">\u00c2ngulo de vis\u00e3o total<\/strong><br data-start=\"2076\" data-end=\"2079\" \/>A visualiza\u00e7\u00e3o a todas as horas garante uma excelente legibilidade a partir de qualquer dire\u00e7\u00e3o, adequada para \u00e2ngulos de montagem din\u00e2micos.<\/p>\n<\/li>\n<li data-start=\"2190\" data-end=\"2307\">\n<p data-start=\"2192\" data-end=\"2307\"><strong data-start=\"2192\" data-end=\"2211\">Brilho elevado<\/strong><br data-start=\"2211\" data-end=\"2214\" \/>O n\u00edvel de luminosidade de 400 cd\/m\u00b2 permite uma visibilidade clara mesmo em ambientes com muita luz.<\/p>\n<\/li>\n<li data-start=\"2309\" data-end=\"2436\">\n<p data-start=\"2311\" data-end=\"2436\"><strong data-start=\"2311\" data-end=\"2340\">Design fino e leve<\/strong><br data-start=\"2340\" data-end=\"2343\" \/>Com apenas 2,2 mm de espessura e 21 g, \u00e9 ideal para a integra\u00e7\u00e3o de dispositivos compactos sem aumentar o volume.<\/p>\n<\/li>\n<li data-start=\"2438\" data-end=\"2566\">\n<p data-start=\"2440\" data-end=\"2566\"><strong data-start=\"2440\" data-end=\"2467\">Driver ST7701S fi\u00e1vel<\/strong><br data-start=\"2467\" data-end=\"2470\" \/>O controlador ST7701S incorporado garante a compatibilidade com uma vasta gama de MCUs e plataformas GPU.<\/p>\n<\/li>\n<li data-start=\"2568\" data-end=\"2706\">\n<p data-start=\"2570\" data-end=\"2706\"><strong data-start=\"2570\" data-end=\"2604\">Suporte de temperatura industrial<\/strong><br data-start=\"2604\" data-end=\"2607\" \/>Funciona de forma est\u00e1vel numa vasta gama de temperaturas, garantindo um desempenho fi\u00e1vel em condi\u00e7\u00f5es adversas.<\/p>\n<\/li>\n<\/ul>\n<p data-start=\"3068\" data-end=\"3102\"><strong data-start=\"3075\" data-end=\"3102\">Personaliza\u00e7\u00e3o e suporte<\/strong><\/p>\n<p data-start=\"3104\" data-end=\"3154\">Oferecemos op\u00e7\u00f5es de personaliza\u00e7\u00e3o flex\u00edveis, incluindo:<\/p>\n<ul data-start=\"3156\" data-end=\"3347\">\n<li data-start=\"3156\" data-end=\"3205\">\n<p data-start=\"3158\" data-end=\"3205\">Pain\u00e9is t\u00e1cteis capacitivos ou resistivos opcionais<\/p>\n<\/li>\n<li data-start=\"3206\" data-end=\"3250\">\n<p data-start=\"3208\" data-end=\"3250\">Desenhos personalizados de FPC e formatos de conectores<\/p>\n<\/li>\n<li data-start=\"3251\" data-end=\"3293\">\n<p data-start=\"3253\" data-end=\"3293\">Colagem \u00f3tica e revestimento antirreflexo<\/p>\n<\/li>\n<li data-start=\"3294\" data-end=\"3347\">\n<p data-start=\"3296\" data-end=\"3347\">Ajustes de brilho e melhoria da visualiza\u00e7\u00e3o alargada<\/p>\n<\/li>\n<\/ul>\n<p data-start=\"3349\" data-end=\"3521\">Todos os m\u00f3dulos s\u00e3o fabricados sob rigoroso controlo de qualidade e em total conformidade com a norma RoHS. As fichas t\u00e9cnicas, os ficheiros CAD 3D e o apoio \u00e0 integra\u00e7\u00e3o est\u00e3o dispon\u00edveis mediante pedido.<\/p>\n<p data-start=\"3528\" data-end=\"3708\"><strong data-start=\"3528\" data-end=\"3608\">RJY Display - O seu parceiro de confian\u00e7a em solu\u00e7\u00f5es profissionais de m\u00f3dulos de visualiza\u00e7\u00e3o.<\/strong><br data-start=\"3608\" data-end=\"3611\" \/>Somos especializados em m\u00f3dulos TFT LCD personalizados para produtos industriais, m\u00e9dicos e de consumo.<\/p>\n<\/div>\n<\/div>","protected":false},"excerpt":{"rendered":"<ul>\n<li>Tamanho: m\u00f3dulo tft lcd de 2,8 polegadas<\/li>\n<li>Resolu\u00e7\u00e3o: 480*480<\/li>\n<li>Tato: com o tato<\/li>\n<li>Dados de entrada: RGB<\/li>\n<li>Condutor IC: ST7701S<\/li>\n<li>Lumin\u00e2ncia LCM: 400 cd\/m\u00b2<\/li>\n<\/ul>","protected":false},"featured_media":42267,"template":"","meta":[],"product_brand":[],"product_cat":[185],"product_tag":[],"class_list":{"0":"post-40594","1":"product","2":"type-product","3":"status-publish","4":"has-post-thumbnail","6":"product_cat-round-display","8":"first","9":"instock","10":"product-type-simple"},"ct_brands":[],"_links":{"self":[{"href":"https:\/\/rjydisplay.com\/pt\/wp-json\/wp\/v2\/product\/40594","targetHints":{"allow":["GET"]}}],"collection":[{"href":"https:\/\/rjydisplay.com\/pt\/wp-json\/wp\/v2\/product"}],"about":[{"href":"https:\/\/rjydisplay.com\/pt\/wp-json\/wp\/v2\/types\/product"}],"wp:featuredmedia":[{"embeddable":true,"href":"https:\/\/rjydisplay.com\/pt\/wp-json\/wp\/v2\/media\/42267"}],"wp:attachment":[{"href":"https:\/\/rjydisplay.com\/pt\/wp-json\/wp\/v2\/media?parent=40594"}],"wp:term":[{"taxonomy":"product_brand","embeddable":true,"href":"https:\/\/rjydisplay.com\/pt\/wp-json\/wp\/v2\/product_brand?post=40594"},{"taxonomy":"product_cat","embeddable":true,"href":"https:\/\/rjydisplay.com\/pt\/wp-json\/wp\/v2\/product_cat?post=40594"},{"taxonomy":"product_tag","embeddable":true,"href":"https:\/\/rjydisplay.com\/pt\/wp-json\/wp\/v2\/product_tag?post=40594"}],"curies":[{"name":"wp","href":"https:\/\/api.w.org\/{rel}","templated":true}]}}