{"id":40597,"date":"2025-03-24T10:20:14","date_gmt":"2025-03-24T10:20:14","guid":{"rendered":"https:\/\/rjydisplay.com\/?post_type=product&#038;p=40597"},"modified":"2026-04-13T07:21:24","modified_gmt":"2026-04-13T07:21:24","slug":"7-inch-tft-lcd-display","status":"publish","type":"product","link":"https:\/\/rjydisplay.com\/pt\/produto\/7-inch-tft-lcd-display\/","title":{"rendered":"Ecr\u00e3 LCD TFT de 7 polegadas - 1200*1920 Ecr\u00e3 LCD Painel LCD de 7 polegadas leg\u00edvel \u00e0 luz do sol"},"content":{"rendered":"<p style=\"text-align: justify;\">O RV070WUM-K25-40 \u00e9 um TFT LCD leg\u00edvel \u00e0 luz solar com brilho de 2500 nits, sendo a luminosidade um item personaliz\u00e1vel aceit\u00e1vel; tamb\u00e9m \u00e9 poss\u00edvel obter diferentes n\u00edveis, como 800 nits, 1000 nits, 2000 nits ou outros, dependendo dos seus requisitos.<\/p>\n<p style=\"text-align: justify;\">Esta tela TFT de 7 polegadas com resolu\u00e7\u00e3o 1200*1920 possui interface MIPI, e o toque \u00e9 opcional \u2014 geralmente \u00e9 um painel de toque capacitivo, mas tamb\u00e9m aceitamos personaliza\u00e7\u00f5es como RTP, toque \u00fanico e multitoque, entre outros. Oferecemos diferentes personaliza\u00e7\u00f5es de placas LCD, como placa HDMI, placa de controle funcional, placa Android, entre outras.<\/p>\n<h3>Par\u00e2metros<\/h3>\n<table style=\"border-collapse: collapse; width: 91.8382%; height: 373px;\" border=\"0\" width=\"466\" cellspacing=\"0\" cellpadding=\"0\">\n<tbody>\n<tr style=\"height: 27.75pt;\">\n<td class=\"et3\" style=\"height: 23px; width: 45.6789%; border-style: solid; border-color: #6ccfeb;\" width=\"226\" height=\"37\">Modelo<\/td>\n<td class=\"et3\" style=\"width: 241.247%; height: 23px; border-style: solid; border-color: #6ccfeb;\" width=\"240\">RV070WUM-K25-40<\/td>\n<\/tr>\n<tr style=\"height: 27.75pt;\">\n<td class=\"et4\" style=\"height: 27px; width: 45.6789%; border-style: solid; border-color: #6ccfeb;\" height=\"37\">Tamanho da tela<\/td>\n<td class=\"et5\" style=\"width: 241.247%; height: 27px; border-style: solid; border-color: #6ccfeb;\">7 polegadas<\/td>\n<\/tr>\n<tr style=\"height: 27.75pt;\">\n<td class=\"et4\" style=\"height: 27px; width: 45.6789%; border-style: solid; border-color: #6ccfeb;\" height=\"37\">N\u00famero de pix\u00e9is<\/td>\n<td class=\"et5\" style=\"width: 241.247%; height: 27px; border-style: solid; border-color: #6ccfeb;\">1200(H) RGB*1920(V)<\/td>\n<\/tr>\n<tr style=\"height: 27.75pt;\">\n<td class=\"et4\" style=\"height: 27px; width: 45.6789%; border-style: solid; border-color: #6ccfeb;\" height=\"37\">\u00c1rea ativa<\/td>\n<td class=\"et5\" style=\"width: 241.247%; height: 27px; border-style: solid; border-color: #6ccfeb;\">94,5(H) \u00d7 151,2(V)<\/td>\n<\/tr>\n<tr style=\"height: 26px;\">\n<td style=\"width: 45.6789%; border-style: solid; border-color: #6ccfeb; height: 26px;\">Tamanho do pixel<\/td>\n<td style=\"width: 241.247%; border-style: solid; border-color: #6ccfeb; height: 26px;\">78,5 (L) *78,5(A)<\/td>\n<\/tr>\n<tr style=\"height: 27.75pt;\">\n<td class=\"et4\" style=\"height: 27px; width: 45.6789%; border-style: solid; border-color: #6ccfeb;\" height=\"37\">Tamanho do m\u00f3dulo<\/td>\n<td class=\"et6\" style=\"width: 241.247%; height: 27px; border-style: solid; border-color: #6ccfeb;\" width=\"240\">108,00(L) *163,55(A) *4,2(E)<\/td>\n<\/tr>\n<tr style=\"height: 27.75pt;\">\n<td class=\"et4\" style=\"height: 27px; width: 45.6789%; border-style: solid; border-color: #6ccfeb;\" height=\"37\">Tipo de LCD<\/td>\n<td class=\"et5\" style=\"width: 241.247%; height: 27px; border-style: solid; border-color: #6ccfeb;\">TFT<\/td>\n<\/tr>\n<tr style=\"height: 27.75pt;\">\n<td class=\"et4\" style=\"height: 27px; width: 45.6789%; border-style: solid; border-color: #6ccfeb;\" height=\"37\">Cores do ecr\u00e3<\/td>\n<td class=\"et5\" style=\"width: 241.247%; height: 27px; border-style: solid; border-color: #6ccfeb;\">16,7 M A CORES REAIS<\/td>\n<\/tr>\n<tr style=\"height: 27.75pt;\">\n<td class=\"et4\" style=\"height: 27px; width: 45.6789%; border-style: solid; border-color: #6ccfeb;\" height=\"37\">Modo de visualiza\u00e7\u00e3o<\/td>\n<td class=\"et5\" style=\"width: 241.247%; height: 27px; border-style: solid; border-color: #6ccfeb;\">Normalmente preto<\/td>\n<\/tr>\n<tr style=\"height: 27.75pt;\">\n<td class=\"et4\" style=\"height: 27px; width: 45.6789%; border-style: solid; border-color: #6ccfeb;\" height=\"37\">Interface<\/td>\n<td class=\"et5\" style=\"width: 241.247%; height: 27px; border-style: solid; border-color: #6ccfeb;\">Interface MIPI-4LaneI<\/td>\n<\/tr>\n<tr style=\"height: 27.75pt;\">\n<td class=\"et4\" style=\"height: 27px; width: 45.6789%; border-style: solid; border-color: #6ccfeb;\" height=\"37\">Temperatura Ambiente de Opera\u00e7\u00e3o<\/td>\n<td class=\"et5\" style=\"width: 241.247%; height: 27px; border-style: solid; border-color: #6ccfeb;\">\u00a0-20 a +70 \u2103<\/td>\n<\/tr>\n<tr style=\"height: 27.75pt;\">\n<td class=\"et4\" style=\"height: 27px; width: 45.6789%; border-style: solid; border-color: #6ccfeb;\" height=\"37\">Temperatura de armazenamento<\/td>\n<td class=\"et5\" style=\"width: 241.247%; height: 27px; border-style: solid; border-color: #6ccfeb;\">-30 a +80 \u2103<\/td>\n<\/tr>\n<tr style=\"height: 27.75pt;\">\n<td class=\"et4\" style=\"height: 27px; width: 45.6789%; border-style: solid; border-color: #6ccfeb;\" height=\"37\">Pino<\/td>\n<td class=\"et5\" style=\"width: 241.247%; height: 27px; border-style: solid; border-color: #6ccfeb;\">40 pinos<\/td>\n<\/tr>\n<tr style=\"height: 27.75pt;\">\n<td class=\"et4\" style=\"height: 27px; width: 45.6789%; border-style: solid; border-color: #6ccfeb;\" height=\"37\">Brilho<\/td>\n<td class=\"et5\" style=\"width: 241.247%; height: 27px; border-style: solid; border-color: #6ccfeb;\">2500nit<\/td>\n<\/tr>\n<\/tbody>\n<\/table>\n<p>&nbsp;<\/p>","protected":false},"excerpt":{"rendered":"<ul>\n<li>Tamanho: Painel LCD TFT de 7 polegadas<\/li>\n<li>Resolu\u00e7\u00e3o: 1200*1920<\/li>\n<li>Brilho: 2500nit\/ personalizado<\/li>\n<li>Toque\/sem toque<\/li>\n<li>Com placa HDMI<\/li>\n<li>Interface: MIPI-4LaneI<\/li>\n<li>LCD AA: 94,5(W)*151,2(H)<\/li>\n<\/ul>","protected":false},"featured_media":42204,"template":"","meta":[],"product_brand":[],"product_cat":[186],"product_tag":[],"class_list":{"0":"post-40597","1":"product","2":"type-product","3":"status-publish","4":"has-post-thumbnail","6":"product_cat-sunlight-readable-display","8":"first","9":"instock","10":"product-type-simple"},"ct_brands":[],"_links":{"self":[{"href":"https:\/\/rjydisplay.com\/pt\/wp-json\/wp\/v2\/product\/40597","targetHints":{"allow":["GET"]}}],"collection":[{"href":"https:\/\/rjydisplay.com\/pt\/wp-json\/wp\/v2\/product"}],"about":[{"href":"https:\/\/rjydisplay.com\/pt\/wp-json\/wp\/v2\/types\/product"}],"wp:featuredmedia":[{"embeddable":true,"href":"https:\/\/rjydisplay.com\/pt\/wp-json\/wp\/v2\/media\/42204"}],"wp:attachment":[{"href":"https:\/\/rjydisplay.com\/pt\/wp-json\/wp\/v2\/media?parent=40597"}],"wp:term":[{"taxonomy":"product_brand","embeddable":true,"href":"https:\/\/rjydisplay.com\/pt\/wp-json\/wp\/v2\/product_brand?post=40597"},{"taxonomy":"product_cat","embeddable":true,"href":"https:\/\/rjydisplay.com\/pt\/wp-json\/wp\/v2\/product_cat?post=40597"},{"taxonomy":"product_tag","embeddable":true,"href":"https:\/\/rjydisplay.com\/pt\/wp-json\/wp\/v2\/product_tag?post=40597"}],"curies":[{"name":"wp","href":"https:\/\/api.w.org\/{rel}","templated":true}]}}