{"id":40605,"date":"2025-03-24T10:20:36","date_gmt":"2025-03-24T10:20:36","guid":{"rendered":"https:\/\/rjydisplay.com\/?post_type=product&#038;p=40605"},"modified":"2025-04-11T07:15:55","modified_gmt":"2025-04-11T07:15:55","slug":"1-3-inch-square-tft-lcd-display","status":"publish","type":"product","link":"https:\/\/rjydisplay.com\/pt\/produto\/1-3-inch-square-tft-lcd-display\/","title":{"rendered":"Ecr\u00e3 LCD TFT quadrado de 1,3 polegadas - Ecr\u00e3 t\u00e1til capacitivo, interface MIPI"},"content":{"rendered":"<p>O RV013Z1P-300-26 \u00e9 um painel de ecr\u00e3 LCD quadrado de 1,3 polegadas de tamanho pequeno, com interface e luminosidade aceit\u00e1veis para personaliza\u00e7\u00e3o. \u00c9 um ecr\u00e3 do tipo transmissivo que funciona no branco normal. Este TFT-LCD tem uma \u00e1rea ativa medida na diagonal de 1,3 polegadas com resolu\u00e7\u00f5es QVGA (240 horizontal por 240 vertical pixel array).<\/p>\n<p><strong>Como podemos fazer para o painel LCD personalizado?<\/strong><\/p>\n<p><span style=\"color: #0000ff;\">Tamanho do m\u00f3dulo LCD personalizado, incluindo<\/span><\/p>\n<ul>\n<li>Tamanho diferente do m\u00f3dulo lcd e da estrutura do m\u00f3dulo lcd<\/li>\n<li>\u00c2ngulo de visualiza\u00e7\u00e3o: IPS\/TN<\/li>\n<li>Brilho do m\u00f3dulo LCD<\/li>\n<li>Painel de ecr\u00e3 t\u00e1til capacitivo ou n\u00e3o t\u00e1til<\/li>\n<\/ul>\n<p><span style=\"color: #0000ff;\">PFC e retroilumina\u00e7\u00e3o personalizados<\/span><\/p>\n<ul>\n<li>Materiais da arma\u00e7\u00e3o: metal, pl\u00e1stico<\/li>\n<li>Forma do FPC<\/li>\n<li>Interface: MIPI, LVDS, MCU, RGB, EDP, etc.<\/li>\n<li>Alfinetes<\/li>\n<\/ul>\n<p><span style=\"color: #0000ff;\">CTP personalizado<\/span><\/p>\n<ul>\n<li>Toque \u00fanico, multi-toque<\/li>\n<li>Na c\u00e9lula, na c\u00e9lula<\/li>\n<li>G+G, G+F, +G+FF, GGG<\/li>\n<\/ul>\n<table style=\"width: 100%; border-collapse: collapse; border-style: solid; border-color: #dbd5d5;\">\n<tbody>\n<tr>\n<td style=\"width: 50%;\">Modelo<\/td>\n<td style=\"width: 50%;\">RV013Z1P-300-26<\/td>\n<\/tr>\n<tr>\n<td style=\"width: 50%;\">Tamanho<\/td>\n<td style=\"width: 50%;\">Painel de ecr\u00e3 t\u00e1til TFT LCD de 1,3 polegadas<\/td>\n<\/tr>\n<tr>\n<td style=\"width: 50%;\">Tipo de LCD<\/td>\n<td style=\"width: 50%;\">AM TFT ,TRANSMISSIVO, NEGATIVO<\/td>\n<\/tr>\n<tr>\n<td style=\"width: 50%;\">Formato do ecr\u00e3<\/td>\n<td style=\"width: 50%;\">240(R,G,B)*240<\/td>\n<\/tr>\n<tr>\n<td style=\"width: 50%;\">Dados de entrada<\/td>\n<td style=\"width: 50%;\">MIPI<\/td>\n<\/tr>\n<tr>\n<td style=\"width: 50%;\">\u00c2ngulo de vis\u00e3o<\/td>\n<td style=\"width: 50%;\">TODAS AS HORAS<\/td>\n<\/tr>\n<tr>\n<td style=\"width: 50%;\">Condutor IC<\/td>\n<td style=\"width: 50%;\">ST7785M<\/td>\n<\/tr>\n<tr>\n<td style=\"width: 50%;\">Cores do ecr\u00e3<\/td>\n<td style=\"width: 50%;\">16.7 M<\/td>\n<\/tr>\n<tr>\n<td style=\"width: 50%;\">Tamanho do m\u00f3dulo<\/td>\n<td style=\"width: 50%;\">26(W)\u00d729.15(L)\u00d71.88(T)<\/td>\n<\/tr>\n<tr>\n<td style=\"width: 50%;\">Tamanho do CPT<\/td>\n<td style=\"width: 50%;\">36(W)\u00d736(L)\u00d73,01(T)<\/td>\n<\/tr>\n<tr>\n<td style=\"width: 50%;\">\u00c1rea ativa<\/td>\n<td style=\"width: 50%;\">23,4(W) \u00d723,4(L)<\/td>\n<\/tr>\n<tr>\n<td style=\"width: 50%;\">Tamanho do pixel<\/td>\n<td style=\"width: 50%;\">0,0975 \u00d7 0,0975<\/td>\n<\/tr>\n<tr>\n<td style=\"width: 50%;\">Temperatura de funcionamento<\/td>\n<td style=\"width: 50%;\">-20 a +70 \u2103<\/td>\n<\/tr>\n<tr>\n<td style=\"width: 50%;\">Temperatura de armazenamento<\/td>\n<td style=\"width: 50%;\">-30 a +80 \u2103<\/td>\n<\/tr>\n<tr>\n<td style=\"width: 50%;\">LCM Lumin\u00e2ncia<\/td>\n<td style=\"width: 50%;\">300 cd\/m\u00b2<\/td>\n<\/tr>\n<\/tbody>\n<\/table>\n<p><img fetchpriority=\"high\" decoding=\"async\" class=\"size-full wp-image-6896\" src=\"https:\/\/rjydisplay.com\/wp-content\/uploads\/2022\/06\/RV013Z1P-300-26-lcd-touch-panel.jpg\" alt=\"\" width=\"1500\" height=\"999\" title=\"\"><\/p>\n<p>&nbsp;<\/p>","protected":false},"excerpt":{"rendered":"<ul>\n<li>Tamanho: Painel t\u00e1til TFT de 1,3 polegadas<\/li>\n<li>Resolu\u00e7\u00e3o: 240*240<\/li>\n<li>Interface: MIPI<\/li>\n<li>Lumin\u00e2ncia: 300nit<\/li>\n<li>Condutor IC: ST7785M<\/li>\n<li>Tipo de LCD: AM TFT ,TRANSMISSIVO, NEGATIVO<\/li>\n<\/ul>","protected":false},"featured_media":42389,"template":"","meta":[],"product_brand":[],"product_cat":[184],"product_tag":[],"class_list":{"0":"post-40605","1":"product","2":"type-product","3":"status-publish","4":"has-post-thumbnail","6":"product_cat-standard-displays","8":"first","9":"instock","10":"product-type-simple"},"ct_brands":[],"_links":{"self":[{"href":"https:\/\/rjydisplay.com\/pt\/wp-json\/wp\/v2\/product\/40605","targetHints":{"allow":["GET"]}}],"collection":[{"href":"https:\/\/rjydisplay.com\/pt\/wp-json\/wp\/v2\/product"}],"about":[{"href":"https:\/\/rjydisplay.com\/pt\/wp-json\/wp\/v2\/types\/product"}],"wp:featuredmedia":[{"embeddable":true,"href":"https:\/\/rjydisplay.com\/pt\/wp-json\/wp\/v2\/media\/42389"}],"wp:attachment":[{"href":"https:\/\/rjydisplay.com\/pt\/wp-json\/wp\/v2\/media?parent=40605"}],"wp:term":[{"taxonomy":"product_brand","embeddable":true,"href":"https:\/\/rjydisplay.com\/pt\/wp-json\/wp\/v2\/product_brand?post=40605"},{"taxonomy":"product_cat","embeddable":true,"href":"https:\/\/rjydisplay.com\/pt\/wp-json\/wp\/v2\/product_cat?post=40605"},{"taxonomy":"product_tag","embeddable":true,"href":"https:\/\/rjydisplay.com\/pt\/wp-json\/wp\/v2\/product_tag?post=40605"}],"curies":[{"name":"wp","href":"https:\/\/api.w.org\/{rel}","templated":true}]}}