{"id":40621,"date":"2025-03-24T10:20:20","date_gmt":"2025-03-24T10:20:20","guid":{"rendered":"https:\/\/rjydisplay.com\/?post_type=product&#038;p=40621"},"modified":"2025-04-16T03:19:16","modified_gmt":"2025-04-16T03:19:16","slug":"4-3-inch-high-brightness-tft-lcd-display","status":"publish","type":"product","link":"https:\/\/rjydisplay.com\/pt\/produto\/4-3-inch-high-brightness-tft-lcd-display\/","title":{"rendered":"Ecr\u00e3 LCD TFT de 4,3 polegadas de alto brilho - 480*272, brilho de 1000nit"},"content":{"rendered":"<p style=\"text-align: justify;\">O RV043WQM-1000-40 \u00e9 um ecr\u00e3 de m\u00f3dulo TFT lcd a cores de 4,3 polegadas com 480\u00d7272 pontos de pixel. Se precisar de v\u00eddeo VGA, placa de controlo de sinal AV, placa de controlo USB ou placa HDMI, informe-nos, eles fornecer\u00e3o de acordo com as suas necessidades.<\/p>\n<p style=\"text-align: justify;\">O painel t\u00e1til capacitivo \u00e9 opcional, com ou sem toque, tudo \u00e9 aceit\u00e1vel, dependendo da aplica\u00e7\u00e3o dos produtos. Pode ser utilizado em sistemas incorporados, impressoras 3D, dispositivos industriais, equipamento de seguran\u00e7a e equipamento port\u00e1til que exija um ecr\u00e3 de v\u00eddeo colorido e de alta qualidade.<\/p>\n<p style=\"text-align: justify;\">Os m\u00f3dulos LCD TFT tornaram-se cada vez mais populares no mercado devido ao seu ecr\u00e3 de alta qualidade e \u00e0 sua vasta gama de aplica\u00e7\u00f5es. Um desses m\u00f3dulos \u00e9 o m\u00f3dulo LCD TFT 480272 de 4,3 polegadas, que \u00e9 um ecr\u00e3 compacto e vers\u00e1til que pode ser utilizado numa variedade de aplica\u00e7\u00f5es.<\/p>\n<p style=\"text-align: justify;\">O m\u00f3dulo LCD TFT 480*272 de 4,3 polegadas \u00e9 um ecr\u00e3 a cores com uma resolu\u00e7\u00e3o de 480\u00d7272 pixels. Este m\u00f3dulo utiliza a tecnologia de trans\u00edstor de pel\u00edcula fina (TFT), que oferece uma melhor qualidade de imagem e tempos de resposta mais r\u00e1pidos em compara\u00e7\u00e3o com outras tecnologias LCD.<\/p>\n<p style=\"text-align: justify;\">Uma das principais vantagens do m\u00f3dulo LCD TFT de 4,3 polegadas 480*272 \u00e9 o seu tamanho compacto. Este m\u00f3dulo \u00e9 suficientemente pequeno para caber numa variedade de aplica\u00e7\u00f5es, incluindo dispositivos port\u00e1teis, ecr\u00e3s para autom\u00f3veis e sistemas de controlo industrial. Apesar do seu tamanho pequeno, o m\u00f3dulo fornece um ecr\u00e3 de alta qualidade que \u00e9 adequado para uma variedade de aplica\u00e7\u00f5es.<\/p>\n<p style=\"text-align: justify;\">O m\u00f3dulo LCD TFT de 4,3 polegadas 480*272 tem tamb\u00e9m um elevado r\u00e1cio de contraste de 1000:1, o que significa que pode apresentar cores vivas e pretos profundos. O m\u00f3dulo suporta at\u00e9 16,7 milh\u00f5es de cores, o que lhe permite apresentar imagens com um elevado grau de precis\u00e3o e detalhe de cor.<\/p>\n<p style=\"text-align: justify;\">Outra vantagem do m\u00f3dulo LCD TFT 480*272 de 4,3 polegadas \u00e9 o seu baixo consumo de energia. Este m\u00f3dulo foi concebido para consumir o m\u00ednimo de energia, o que o torna ideal para dispositivos alimentados por bateria e outras aplica\u00e7\u00f5es em que a efici\u00eancia energ\u00e9tica \u00e9 importante.<\/p>\n<p style=\"text-align: justify;\">O m\u00f3dulo tamb\u00e9m tem um controlador incorporado que simplifica o processo de interface com um microcontrolador ou outro sistema incorporado. O controlador suporta uma gama de protocolos de interface, incluindo RGB, SPI e LVDS, o que facilita a integra\u00e7\u00e3o do m\u00f3dulo em diferentes sistemas.<\/p>\n<p><span style=\"font-size: 18pt;\"><strong>Par\u00e2metro<\/strong><\/span><\/p>\n<table style=\"width: 95.1484%; border-collapse: collapse; border-style: solid; border-color: #dbd7d7; height: 312px;\">\n<tbody>\n<tr style=\"height: 26px;\">\n<td style=\"width: 33.7041%; border-style: solid; border-color: #918e8e; height: 26px;\">Modelo<\/td>\n<td style=\"width: 70.2174%; border-style: solid; border-color: #918e8e; height: 26px;\">RV043WQM-1000-40<\/td>\n<\/tr>\n<tr style=\"height: 26px;\">\n<td style=\"width: 33.7041%; border-style: solid; border-color: #918e8e; height: 26px;\">Tamanho<\/td>\n<td style=\"width: 70.2174%; border-style: solid; border-color: #918e8e; height: 26px;\">Ecr\u00e3 LCD TFT de 4,3 polegadas<\/td>\n<\/tr>\n<tr style=\"height: 26px;\">\n<td style=\"width: 33.7041%; border-style: solid; border-color: #918e8e; height: 26px;\">\u00c1rea ativa<\/td>\n<td style=\"width: 70.2174%; border-style: solid; border-color: #918e8e; height: 26px;\">95,04 (H) \u00d7 53,856 (V)<\/td>\n<\/tr>\n<tr style=\"height: 26px;\">\n<td style=\"width: 33.7041%; border-style: solid; border-color: #918e8e; height: 26px;\">N\u00famero de pix\u00e9is<\/td>\n<td style=\"width: 70.2174%; border-style: solid; border-color: #918e8e; height: 26px;\">480 (H) \u00d7 272 (V)<\/td>\n<\/tr>\n<tr style=\"height: 26px;\">\n<td style=\"width: 33.7041%; border-style: solid; border-color: #918e8e; height: 26px;\">Passo do pixel<\/td>\n<td style=\"width: 70.2174%; border-style: solid; border-color: #918e8e; height: 26px;\">0,198 (H) \u00d7 0,198 (V)<\/td>\n<\/tr>\n<tr style=\"height: 26px;\">\n<td style=\"width: 33.7041%; border-style: solid; border-color: #918e8e; height: 26px;\">Disposi\u00e7\u00e3o dos pixels<\/td>\n<td style=\"width: 70.2174%; border-style: solid; border-color: #918e8e; height: 26px;\">RGB Risca vertical<\/td>\n<\/tr>\n<tr style=\"height: 26px;\">\n<td style=\"width: 33.7041%; border-style: solid; border-color: #918e8e; height: 26px;\">Cores do ecr\u00e3<\/td>\n<td style=\"width: 70.2174%; border-style: solid; border-color: #918e8e; height: 26px;\">16.7M<\/td>\n<\/tr>\n<tr style=\"height: 26px;\">\n<td style=\"width: 33.7041%; border-style: solid; border-color: #918e8e; height: 26px;\">Modo de visualiza\u00e7\u00e3o<\/td>\n<td style=\"width: 70.2174%; border-style: solid; border-color: #918e8e; height: 26px;\">ADS Normal Preto<\/td>\n<\/tr>\n<tr style=\"height: 26px;\">\n<td style=\"width: 33.7041%; border-style: solid; border-color: #918e8e; height: 26px;\">Esquema dimensional<\/td>\n<td style=\"width: 70.2174%; border-style: solid; border-color: #918e8e; height: 26px;\">100,16 (A) \u00d7 61,856 (V) \u00d7 1,256 (D) tip<\/td>\n<\/tr>\n<tr style=\"height: 26px;\">\n<td style=\"width: 33.7041%; border-style: solid; border-color: #918e8e; height: 26px;\">Tratamento de superf\u00edcie<\/td>\n<td style=\"width: 70.2174%; border-style: solid; border-color: #918e8e; height: 26px;\">HC<\/td>\n<\/tr>\n<tr style=\"height: 26px;\">\n<td style=\"width: 33.7041%; border-style: solid; border-color: #918e8e; height: 26px;\">Temperatura de funcionamento<\/td>\n<td style=\"width: 70.2174%; border-style: solid; border-color: #918e8e; height: 26px;\">-30-85 \u2103<\/td>\n<\/tr>\n<tr style=\"height: 26px;\">\n<td style=\"width: 33.7041%; border-style: solid; border-color: #918e8e; height: 26px;\">Temperatura de armazenamento<\/td>\n<td style=\"width: 70.2174%; border-style: solid; border-color: #918e8e; height: 26px;\">-30-85 \u2103<\/td>\n<\/tr>\n<\/tbody>\n<\/table>\n<p>&nbsp;<\/p>\n<p>&nbsp;<\/p>\n<h3>Processo de servi\u00e7o de aquisi\u00e7\u00e3o de produtos:<\/h3>\n<ol>\n<li><strong>Investiga\u00e7\u00e3o e sele\u00e7\u00e3o:<\/strong> Os clientes iniciam o processo de compra realizando pesquisas e selecionando cuidadosamente o produto desejado.<\/li>\n<li><strong>Coloca\u00e7\u00e3o da encomenda:<\/strong> O cliente pode fazer a sua encomenda atrav\u00e9s da nossa loja Alibaba ou contactar-nos por correio eletr\u00f3nico para iniciar a encomenda.<\/li>\n<li><strong>Pagamento:<\/strong> O pagamento pode ser efectuado atrav\u00e9s de v\u00e1rios m\u00e9todos seguros, incluindo cart\u00e3o de cr\u00e9dito, transfer\u00eancia banc\u00e1ria (TT), PayPal ou outras op\u00e7\u00f5es de pagamento adequadas.<\/li>\n<li><strong>Envio ou recolha:<\/strong> Para as amostras, os clientes podem escolher entre a recolha no local ou o envio atrav\u00e9s de transportadoras fi\u00e1veis, como a DHL, a FedEx, a UPS ou outros servi\u00e7os expresso. O prazo de envio varia normalmente entre 3 e 7 dias \u00fateis, dependendo do servi\u00e7o expresso selecionado. As encomendas a granel s\u00e3o enviadas por frete mar\u00edtimo, com um prazo m\u00e9dio de entrega de 30 a 60 dias.<\/li>\n<li><strong>Entrega:<\/strong> Os clientes recebem os produtos comprados atrav\u00e9s do m\u00e9todo selecionado, seja por envio ou por levantamento presencial.<\/li>\n<li><strong>Servi\u00e7o p\u00f3s-venda:<\/strong> Mantemos linhas de comunica\u00e7\u00e3o abertas com os nossos clientes, que podem contactar a nossa empresa para quaisquer quest\u00f5es ou preocupa\u00e7\u00f5es que possam ter relativamente ao produto.<\/li>\n<\/ol>\n<h3>Garantia do produto:<\/h3>\n<ol>\n<li><strong>Garantia:<\/strong> A nossa empresa oferece um per\u00edodo de garantia ap\u00f3s a compra do produto. No caso de um defeito detectado antes do envio, comprometemo-nos a substituir ou reparar o produto sem qualquer custo para o cliente.<\/li>\n<li><strong>Pol\u00edtica de devolu\u00e7\u00e3o:<\/strong> Dispomos de uma pol\u00edtica de devolu\u00e7\u00e3o favor\u00e1vel ao cliente. Os clientes t\u00eam a op\u00e7\u00e3o de devolver o produto num determinado per\u00edodo se n\u00e3o ficarem totalmente satisfeitos. Dependendo das circunst\u00e2ncias, podemos efetuar o reembolso ou a troca do produto.<\/li>\n<li><strong>Servi\u00e7o ao cliente:<\/strong> A nossa equipa dedicada de apoio ao cliente est\u00e1 prontamente dispon\u00edvel para responder a quaisquer quest\u00f5es ou problemas que os clientes possam ter com o seu produto. Tamb\u00e9m oferecemos uma gama de pe\u00e7as acess\u00f3rias, incluindo placas HDMI e outras placas de controlo de LCD personalizadas e solu\u00e7\u00f5es de cablagem.<\/li>\n<\/ol>\n<h3>Processo de encomenda:<\/h3>\n<ol>\n<li><strong>Sele\u00e7\u00e3o de produtos:<\/strong> Os clientes come\u00e7am por selecionar o produto espec\u00edfico que pretendem comprar.<\/li>\n<li><strong>Contactar-nos:<\/strong> Os clientes podem iniciar o processo de encomenda enviando uma mensagem de correio eletr\u00f3nico ou preenchendo um formul\u00e1rio. Podem fornecer informa\u00e7\u00f5es essenciais, como o n\u00famero do modelo, ou delinear requisitos espec\u00edficos, incluindo tamanho, resolu\u00e7\u00e3o, brilho, funcionalidade do ecr\u00e3 t\u00e1til e op\u00e7\u00f5es de placa adicionais.<\/li>\n<li><strong>Check-out:<\/strong> O nosso gestor de vendas entra em contacto com o cliente por correio eletr\u00f3nico para discutir e confirmar os detalhes da encomenda. \u00c9 essencial garantir que o endere\u00e7o de correio eletr\u00f3nico fornecido \u00e9 exato. Pode ter a certeza de que estas mensagens de correio eletr\u00f3nico s\u00e3o utilizadas exclusivamente para efeitos de confirma\u00e7\u00e3o da encomenda e n\u00e3o ser\u00e3o utilizadas para outros fins ou divulgadas a terceiros.<\/li>\n<li><strong>Coloca\u00e7\u00e3o da encomenda:<\/strong> Uma vez confirmados os detalhes da encomenda, os clientes procedem ao pagamento utilizando o m\u00e9todo de comunica\u00e7\u00e3o acordado. Depois de recebermos a confirma\u00e7\u00e3o do pagamento, agendamos a entrega de acordo com a data de entrega mutuamente acordada.<\/li>\n<li><strong>Entrega:<\/strong> Fornecemos prontamente aos clientes um n\u00famero de acompanhamento da expedi\u00e7\u00e3o, informamo-los sobre a empresa de expedi\u00e7\u00e3o selecionada e acompanhamos ativamente a expedi\u00e7\u00e3o at\u00e9 o cliente receber os seus produtos.<\/li>\n<\/ol>","protected":false},"excerpt":{"rendered":"<ul>\n<li><strong>Interface: <\/strong>SPI\/RGB<\/li>\n<li><strong>Rela\u00e7\u00e3o de contraste:<\/strong> 1000:1<\/li>\n<li><strong>Brilho:<\/strong> 1000nit<\/li>\n<li><strong>Configura\u00e7\u00e3o de pinos:<\/strong> Configura\u00e7\u00e3o de 40 pinos<\/li>\n<\/ul>","protected":false},"featured_media":42217,"template":"","meta":[],"product_brand":[],"product_cat":[186],"product_tag":[],"class_list":{"0":"post-40621","1":"product","2":"type-product","3":"status-publish","4":"has-post-thumbnail","6":"product_cat-sunlight-readable-display","8":"first","9":"instock","10":"product-type-simple"},"ct_brands":[],"_links":{"self":[{"href":"https:\/\/rjydisplay.com\/pt\/wp-json\/wp\/v2\/product\/40621","targetHints":{"allow":["GET"]}}],"collection":[{"href":"https:\/\/rjydisplay.com\/pt\/wp-json\/wp\/v2\/product"}],"about":[{"href":"https:\/\/rjydisplay.com\/pt\/wp-json\/wp\/v2\/types\/product"}],"wp:featuredmedia":[{"embeddable":true,"href":"https:\/\/rjydisplay.com\/pt\/wp-json\/wp\/v2\/media\/42217"}],"wp:attachment":[{"href":"https:\/\/rjydisplay.com\/pt\/wp-json\/wp\/v2\/media?parent=40621"}],"wp:term":[{"taxonomy":"product_brand","embeddable":true,"href":"https:\/\/rjydisplay.com\/pt\/wp-json\/wp\/v2\/product_brand?post=40621"},{"taxonomy":"product_cat","embeddable":true,"href":"https:\/\/rjydisplay.com\/pt\/wp-json\/wp\/v2\/product_cat?post=40621"},{"taxonomy":"product_tag","embeddable":true,"href":"https:\/\/rjydisplay.com\/pt\/wp-json\/wp\/v2\/product_tag?post=40621"}],"curies":[{"name":"wp","href":"https:\/\/api.w.org\/{rel}","templated":true}]}}