{"id":40663,"date":"2025-03-24T10:20:35","date_gmt":"2025-03-24T10:20:35","guid":{"rendered":"https:\/\/rjydisplay.com\/?post_type=product&#038;p=40663"},"modified":"2026-04-13T07:21:15","modified_gmt":"2026-04-13T07:21:15","slug":"3-6-inch-round-tft-lcd-display","status":"publish","type":"product","link":"https:\/\/rjydisplay.com\/pt\/produto\/3-6-inch-round-tft-lcd-display\/","title":{"rendered":"Ecr\u00e3 LCD TFT redondo de 3,6 polegadas - Resolu\u00e7\u00e3o 544*506 Ecr\u00e3 LCD para Ebike"},"content":{"rendered":"<p>O modelo de ecr\u00e3 RV036YHM-1000-40 \u00e9 um ecr\u00e3 de cristais l\u00edquidos (LCD) de matriz ativa a cores de trans\u00edstor de pel\u00edcula fina (TFT) que utiliza TFT de sil\u00edcio amorfo como dispositivo de comuta\u00e7\u00e3o. Este modelo \u00e9 composto por um painel LCD TFT, um circuito de acionamento e um sistema de luz de fundo. Este LCD TFT tem uma \u00e1rea de visualiza\u00e7\u00e3o ativa de 3,6 polegadas na diagonal com resolu\u00e7\u00e3o WSVGA (544 p\u00edxeis horizontais por 506 p\u00edxeis verticais).<\/p>\n<p>&nbsp;<\/p>\n<h3>CANDIDATURA<\/h3>\n<ul>\n<li><strong>Controlo dom\u00e9stico inteligente<\/strong>Com este ecr\u00e3 LCD de 3,6 polegadas, fornecemos outra especifica\u00e7\u00e3o que \u00e9 muito adequada para pain\u00e9is de controlo dom\u00e9sticos inteligentes, como frigor\u00edficos, aparelhos de ar condicionado, ecr\u00e3s de fornos micro-ondas ou bot\u00f5es de interruptores inteligentes.<\/li>\n<li><strong>Ecr\u00e3s para autom\u00f3veis<\/strong>: O ecr\u00e3 LCD redondo pode ser incorporado em pain\u00e9is de instrumentos de autom\u00f3veis ou em grupos de instrumentos. Pode mostrar v\u00e1rias informa\u00e7\u00f5es como a velocidade, o n\u00edvel de combust\u00edvel, a temperatura do motor e outros par\u00e2metros do ve\u00edculo.<\/li>\n<li><strong>Instrumentos industriais:<\/strong> O painel LCD TFT redondo pode ser utilizado em instrumentos industriais, tais como dispositivos de medi\u00e7\u00e3o port\u00e1teis, equipamento de teste port\u00e1til ou pain\u00e9is de controlo. Proporciona uma interface clara e visualmente apelativa para apresenta\u00e7\u00e3o de dados e intera\u00e7\u00e3o com o utilizador.<\/li>\n<li><strong>Dispositivos m\u00e9dicos:<\/strong> O ecr\u00e3 LCD pode ser utilizado em dispositivos m\u00e9dicos, como monitores de pacientes, equipamento m\u00e9dico port\u00e1til ou dispositivos de diagn\u00f3stico. Pode apresentar sinais vitais, resultados de testes ou outros dados m\u00e9dicos num formato compacto e de f\u00e1cil leitura.<\/li>\n<\/ul>","protected":false},"excerpt":{"rendered":"<ul>\n<li>Configura\u00e7\u00e3o de 3,6 polegadas<\/li>\n<li>16,7 milh\u00f5es de cores<\/li>\n<li>Conformidade com RoHS\/Halog\u00e9nio<\/li>\n<li>Resolu\u00e7\u00e3o: 544*506<\/li>\n<li>Luminosidade: 1000 Cd\/m2<\/li>\n<li>Tamanho: Ecr\u00e3 tft lcd redondo de 3,6 polegadas<\/li>\n<li>Tato: com o tato<\/li>\n<\/ul>","protected":false},"featured_media":41089,"template":"","meta":[],"product_brand":[],"product_cat":[185],"product_tag":[],"class_list":{"0":"post-40663","1":"product","2":"type-product","3":"status-publish","4":"has-post-thumbnail","6":"product_cat-round-display","8":"first","9":"instock","10":"product-type-simple"},"ct_brands":[],"_links":{"self":[{"href":"https:\/\/rjydisplay.com\/pt\/wp-json\/wp\/v2\/product\/40663","targetHints":{"allow":["GET"]}}],"collection":[{"href":"https:\/\/rjydisplay.com\/pt\/wp-json\/wp\/v2\/product"}],"about":[{"href":"https:\/\/rjydisplay.com\/pt\/wp-json\/wp\/v2\/types\/product"}],"wp:featuredmedia":[{"embeddable":true,"href":"https:\/\/rjydisplay.com\/pt\/wp-json\/wp\/v2\/media\/41089"}],"wp:attachment":[{"href":"https:\/\/rjydisplay.com\/pt\/wp-json\/wp\/v2\/media?parent=40663"}],"wp:term":[{"taxonomy":"product_brand","embeddable":true,"href":"https:\/\/rjydisplay.com\/pt\/wp-json\/wp\/v2\/product_brand?post=40663"},{"taxonomy":"product_cat","embeddable":true,"href":"https:\/\/rjydisplay.com\/pt\/wp-json\/wp\/v2\/product_cat?post=40663"},{"taxonomy":"product_tag","embeddable":true,"href":"https:\/\/rjydisplay.com\/pt\/wp-json\/wp\/v2\/product_tag?post=40663"}],"curies":[{"name":"wp","href":"https:\/\/api.w.org\/{rel}","templated":true}]}}