{"id":40746,"date":"2025-03-24T10:20:55","date_gmt":"2025-03-24T10:20:55","guid":{"rendered":"https:\/\/rjydisplay.com\/?post_type=product&#038;p=40746"},"modified":"2025-05-12T07:33:16","modified_gmt":"2025-05-12T07:33:16","slug":"2-6-inch-tft-lcd-touch-screen-display","status":"publish","type":"product","link":"https:\/\/rjydisplay.com\/pt\/produto\/2-6-inch-tft-lcd-touch-screen-display\/","title":{"rendered":"Ecr\u00e3 t\u00e1til LCD TFT personalizado de 2,6 polegadas - 240\u00d7240 pixels, 300 Nits de brilho, toque capacitivo"},"content":{"rendered":"<p>O <strong>RT026Z1P-300-40<\/strong> \u00e9 um m\u00f3dulo de ecr\u00e3 LCD TFT de 2,6 polegadas de ponta, concebido para satisfazer as necessidades exigentes dos sistemas industriais e incorporados. Equipado com um ecr\u00e3 de alta resolu\u00e7\u00e3o de 240(RGB)\u00d7240 p\u00edxeis, este m\u00f3dulo proporciona imagens vibrantes e precisas atrav\u00e9s da sua disposi\u00e7\u00e3o de faixas verticais RGB. O design compacto torna-o uma solu\u00e7\u00e3o ideal para aplica\u00e7\u00f5es que requerem uma utiliza\u00e7\u00e3o \u00f3ptima do espa\u00e7o sem comprometer o desempenho.<\/p>\n<p>Com uma estrutura t\u00e1til G+F, o ecr\u00e3 proporciona uma interface intuitiva e duradoura para os utilizadores finais, refor\u00e7ada pela sua dureza de superf\u00edcie 6H para um desempenho robusto mesmo em condi\u00e7\u00f5es rigorosas. A sua vasta gama de temperaturas de funcionamento de -20\u00b0C a +70\u00b0C garante uma funcionalidade fi\u00e1vel em diversos ambientes, desde instala\u00e7\u00f5es industriais a aplica\u00e7\u00f5es no exterior.<\/p>\n<p>O m\u00f3dulo \u00e9 acionado pelo CI de driver ST7789, assegurando uma integra\u00e7\u00e3o perfeita atrav\u00e9s da interface SPI para uma comunica\u00e7\u00e3o r\u00e1pida e eficiente. Al\u00e9m disso, a retroilumina\u00e7\u00e3o LED branca melhora a visibilidade em v\u00e1rias condi\u00e7\u00f5es de ilumina\u00e7\u00e3o, enquanto o painel t\u00e1til, alimentado pelo IC t\u00e1til FT6336U, suporta m\u00faltiplos pontos de toque para uma melhor intera\u00e7\u00e3o com o utilizador.<\/p>\n<p>Consciente em termos ambientais, o m\u00f3dulo de ecr\u00e3 est\u00e1 em conformidade com as normas RoHS, garantindo um design sustent\u00e1vel e amigo do ambiente. Com os seus amplos \u00e2ngulos de visualiza\u00e7\u00e3o e dimens\u00f5es compactas (42,7 mm x 51,35 mm x 2,2 mm), o RT026Z1P-300-40 \u00e9 suficientemente vers\u00e1til para aplica\u00e7\u00f5es em equipamento industrial, dispositivos IoT e muito mais.<\/p>\n<p>Combinando imagens de alta qualidade, durabilidade e desempenho eficiente, o <strong>RT026Z1P-300-40<\/strong> representa uma escolha fi\u00e1vel e vers\u00e1til para programadores e engenheiros que procuram integrar tecnologia de visualiza\u00e7\u00e3o avan\u00e7ada nos seus projectos.<\/p>","protected":false},"excerpt":{"rendered":"<ul>\n<li><strong data-start=\"34\" data-end=\"43\"><span class=\"_fadeIn_m1hgl_8\">Tamanho:<\/span><\/strong> <span class=\"_fadeIn_m1hgl_8\">2.6 <\/span><span class=\"_fadeIn_m1hgl_8\">polegada <\/span><span class=\"_fadeIn_m1hgl_8\">TFT <\/span><span class=\"_fadeIn_m1hgl_8\">LCD <\/span><span class=\"_fadeIn_m1hgl_8\">m\u00f3dulo<\/span><\/li>\n<li><strong data-start=\"70\" data-end=\"85\"><span class=\"_fadeIn_m1hgl_8\">Resolu\u00e7\u00e3o:<\/span><\/strong> <span class=\"_fadeIn_m1hgl_8\">240\u00d7<\/span><span class=\"_fadeIn_m1hgl_8\">240<\/span><\/li>\n<li><strong data-start=\"96\" data-end=\"110\"><span class=\"_fadeIn_m1hgl_8\">Interface:<\/span><\/strong> <span class=\"_fadeIn_m1hgl_8\">SPI<\/span><\/li>\n<li><strong data-start=\"117\" data-end=\"127\"><span class=\"_fadeIn_m1hgl_8\">Tato:<\/span><\/strong> <span class=\"_fadeIn_m1hgl_8\">G+<\/span><span class=\"_fadeIn_m1hgl_8\">F <\/span><span class=\"_fadeIn_m1hgl_8\">capacitivo <\/span><span class=\"_fadeIn_m1hgl_8\">toque, <\/span><span class=\"_fadeIn_m1hgl_8\">6H <\/span><span class=\"_fadeIn_m1hgl_8\">dureza<\/span><\/li>\n<li><strong data-start=\"164\" data-end=\"179\"><span class=\"_fadeIn_m1hgl_8\">Ver <\/span><span class=\"_fadeIn_m1hgl_8\">\u00c2ngulo:<\/span><\/strong> <span class=\"_fadeIn_m1hgl_8\">Todos <\/span><span class=\"_fadeIn_m1hgl_8\">Hora de almo\u00e7o<\/span><\/li>\n<li><strong data-start=\"194\" data-end=\"208\"><span class=\"_fadeIn_m1hgl_8\">IC <\/span><span class=\"_fadeIn_m1hgl_8\">Condutor:<\/span><\/strong> <span class=\"_fadeIn_m1hgl_8\">ST7789<\/span><\/li>\n<li><strong data-start=\"218\" data-end=\"231\"><span class=\"_fadeIn_m1hgl_8\">LCD <\/span><span class=\"_fadeIn_m1hgl_8\">Tipo:<\/span><\/strong> <span class=\"_fadeIn_m1hgl_8\">AM <\/span><span class=\"_fadeIn_m1hgl_8\">TFT, <\/span><span class=\"_fadeIn_m1hgl_8\">Transmissivo<\/span><\/li>\n<\/ul>","protected":false},"featured_media":41551,"template":"","meta":[],"product_brand":[],"product_cat":[184],"product_tag":[],"class_list":{"0":"post-40746","1":"product","2":"type-product","3":"status-publish","4":"has-post-thumbnail","6":"product_cat-standard-displays","8":"first","9":"instock","10":"product-type-simple"},"ct_brands":[],"_links":{"self":[{"href":"https:\/\/rjydisplay.com\/pt\/wp-json\/wp\/v2\/product\/40746","targetHints":{"allow":["GET"]}}],"collection":[{"href":"https:\/\/rjydisplay.com\/pt\/wp-json\/wp\/v2\/product"}],"about":[{"href":"https:\/\/rjydisplay.com\/pt\/wp-json\/wp\/v2\/types\/product"}],"wp:featuredmedia":[{"embeddable":true,"href":"https:\/\/rjydisplay.com\/pt\/wp-json\/wp\/v2\/media\/41551"}],"wp:attachment":[{"href":"https:\/\/rjydisplay.com\/pt\/wp-json\/wp\/v2\/media?parent=40746"}],"wp:term":[{"taxonomy":"product_brand","embeddable":true,"href":"https:\/\/rjydisplay.com\/pt\/wp-json\/wp\/v2\/product_brand?post=40746"},{"taxonomy":"product_cat","embeddable":true,"href":"https:\/\/rjydisplay.com\/pt\/wp-json\/wp\/v2\/product_cat?post=40746"},{"taxonomy":"product_tag","embeddable":true,"href":"https:\/\/rjydisplay.com\/pt\/wp-json\/wp\/v2\/product_tag?post=40746"}],"curies":[{"name":"wp","href":"https:\/\/api.w.org\/{rel}","templated":true}]}}