{"id":41040,"date":"2025-03-24T10:20:32","date_gmt":"2025-03-24T10:20:32","guid":{"rendered":"https:\/\/rjydisplay.com\/product\/rjoytek-4-inch-round-tft-lcd-display-panel-for-ebike\/"},"modified":"2025-04-08T09:33:14","modified_gmt":"2025-04-08T09:33:14","slug":"4-inch-automotive-round-tft-lcd-display","status":"publish","type":"product","link":"https:\/\/rjydisplay.com\/pt\/produto\/4-inch-automotive-round-tft-lcd-display\/","title":{"rendered":"Ecr\u00e3 LCD TFT redondo de 4 polegadas para autom\u00f3veis - Resolu\u00e7\u00e3o 720*720, 800nit"},"content":{"rendered":"<p style=\"text-align: justify;\">RV040YGM-800-39 \u00e9 um painel de ecr\u00e3 LCD TFT circular a cores. Este modelo \u00e9 composto por um painel TFT-LCD, um circuito de acionamento e um sistema de luz de fundo. \u00c9 um ecr\u00e3 do tipo transmissivo que funciona no branco normal. Este TFT-LCD tem 4,0 polegadas com resolu\u00e7\u00f5es WVGA (720 horizontal por 720 vertical pixel array). Este painel LCD circular de 4 polegadas \u00e9 uma aplica\u00e7\u00e3o para autom\u00f3veis, tem dois tipos, um \u00e9 aplica\u00e7\u00e3o para casa inteligente, e um \u00e9 para carro usado. Quando voc\u00ea entrar em contato conosco, por favor, diga-nos tamb\u00e9m qual a aplica\u00e7\u00e3o que voc\u00ea precisa, n\u00f3s enviaremos folha de dados diferentes para voc\u00ea verificar.<\/p>\n<table style=\"width: 100%; border-collapse: collapse; border-style: solid; border-color: #dbd7d7; height: 338px;\">\n<tbody>\n<tr style=\"height: 26px;\">\n<td style=\"width: 50%; height: 26px;\">Modelo<\/td>\n<td style=\"width: 50%; height: 26px;\">RV040YGM-800-39<\/td>\n<\/tr>\n<tr style=\"height: 26px;\">\n<td style=\"width: 50%; height: 26px;\">Tamanho<\/td>\n<td style=\"width: 50%; height: 26px;\">Painel lcd redondo de 4 polegadas<\/td>\n<\/tr>\n<tr style=\"height: 26px;\">\n<td style=\"width: 50%; height: 26px;\">Tipo de LCD<\/td>\n<td style=\"width: 50%; height: 26px;\">AM TFT ,TRANSMISSIVO, NEGATIVO<\/td>\n<\/tr>\n<tr style=\"height: 26px;\">\n<td style=\"width: 50%; height: 26px;\">Formato do ecr\u00e3<\/td>\n<td style=\"width: 50%; height: 26px;\">720(R,G,B)*720<\/td>\n<\/tr>\n<tr style=\"height: 26px;\">\n<td style=\"width: 50%; height: 26px;\">Dados de entrada<\/td>\n<td style=\"width: 50%; height: 26px;\">MIPI<\/td>\n<\/tr>\n<tr style=\"height: 26px;\">\n<td style=\"width: 50%; height: 26px;\">\u00c2ngulo de vis\u00e3o<\/td>\n<td style=\"width: 50%; height: 26px;\">TODAS AS HORAS<\/td>\n<\/tr>\n<tr style=\"height: 26px;\">\n<td style=\"width: 50%; height: 26px;\">Cores do ecr\u00e3<\/td>\n<td style=\"width: 50%; height: 26px;\">16.7M<\/td>\n<\/tr>\n<tr style=\"height: 26px;\">\n<td style=\"width: 50%; height: 26px;\">Tamanho do m\u00f3dulo<\/td>\n<td style=\"width: 50%; height: 26px;\">109.6(W)\u00d7103.29(L)\u00d77.8(T)<\/td>\n<\/tr>\n<tr style=\"height: 26px;\">\n<td style=\"width: 50%; height: 26px;\">\u00c1rea ativa<\/td>\n<td style=\"width: 50%; height: 26px;\">105,52(W) \u00d7105,52(L)<\/td>\n<\/tr>\n<tr style=\"height: 26px;\">\n<td style=\"width: 50%; height: 26px;\">Tamanho do pixel<\/td>\n<td style=\"width: 50%; height: 26px;\">0.047*0.141<\/td>\n<\/tr>\n<tr style=\"height: 26px;\">\n<td style=\"width: 50%; height: 26px;\">Temperatura de funcionamento<\/td>\n<td style=\"width: 50%; height: 26px;\">-30 a +80 \u2103<\/td>\n<\/tr>\n<tr style=\"height: 26px;\">\n<td style=\"width: 50%; height: 26px;\">Temperatura de armazenamento<\/td>\n<td style=\"width: 50%; height: 26px;\">-30 a +80 \u2103<\/td>\n<\/tr>\n<tr style=\"height: 26px;\">\n<td style=\"width: 50%; height: 26px;\">LCM Lumin\u00e2ncia<\/td>\n<td style=\"width: 50%; height: 26px;\">800 cd\/m\u00b2<\/td>\n<\/tr>\n<\/tbody>\n<\/table>\n<p><img fetchpriority=\"high\" decoding=\"async\" class=\"size-full wp-image-6799\" src=\"https:\/\/rjydisplay.com\/wp-content\/uploads\/2022\/06\/RV040YGM-800-39.jpg\" alt=\"\" width=\"1500\" height=\"1063\" title=\"\"><\/p>","protected":false},"excerpt":{"rendered":"<ul>\n<li>Tamanho: painel lcd redondo de 4 polegadas<\/li>\n<li>Resolu\u00e7\u00e3o: 720*720<\/li>\n<li>Brilho: 800 cd\/m\u00b2<\/li>\n<li>Dados de entrada: MIPI<\/li>\n<li>Tipo de LCD: AM TFT ,TRANSMISSIVO, NEGATIVO<\/li>\n<\/ul>","protected":false},"featured_media":42275,"template":"","meta":[],"product_brand":[],"product_cat":[381],"product_tag":[],"class_list":{"0":"post-41040","1":"product","2":"type-product","3":"status-publish","4":"has-post-thumbnail","6":"product_cat-automotive-display","8":"first","9":"instock","10":"product-type-simple"},"ct_brands":[],"_links":{"self":[{"href":"https:\/\/rjydisplay.com\/pt\/wp-json\/wp\/v2\/product\/41040","targetHints":{"allow":["GET"]}}],"collection":[{"href":"https:\/\/rjydisplay.com\/pt\/wp-json\/wp\/v2\/product"}],"about":[{"href":"https:\/\/rjydisplay.com\/pt\/wp-json\/wp\/v2\/types\/product"}],"wp:featuredmedia":[{"embeddable":true,"href":"https:\/\/rjydisplay.com\/pt\/wp-json\/wp\/v2\/media\/42275"}],"wp:attachment":[{"href":"https:\/\/rjydisplay.com\/pt\/wp-json\/wp\/v2\/media?parent=41040"}],"wp:term":[{"taxonomy":"product_brand","embeddable":true,"href":"https:\/\/rjydisplay.com\/pt\/wp-json\/wp\/v2\/product_brand?post=41040"},{"taxonomy":"product_cat","embeddable":true,"href":"https:\/\/rjydisplay.com\/pt\/wp-json\/wp\/v2\/product_cat?post=41040"},{"taxonomy":"product_tag","embeddable":true,"href":"https:\/\/rjydisplay.com\/pt\/wp-json\/wp\/v2\/product_tag?post=41040"}],"curies":[{"name":"wp","href":"https:\/\/api.w.org\/{rel}","templated":true}]}}