{"id":41060,"date":"2025-03-24T10:20:38","date_gmt":"2025-03-24T10:20:38","guid":{"rendered":"https:\/\/rjydisplay.com\/product\/rjoytek-1-52-inch-tft-lcd-module-ips-touch-screen-lcd-display-panel\/"},"modified":"2025-04-08T05:49:26","modified_gmt":"2025-04-08T05:49:26","slug":"1-52-inch-tft-lcd-display","status":"publish","type":"product","link":"https:\/\/rjydisplay.com\/pt\/produto\/1-52-inch-tft-lcd-display\/","title":{"rendered":"Ecr\u00e3 LCD TFT de 1,52 polegadas - Ecr\u00e3 t\u00e1til IPS, Interface MIPI"},"content":{"rendered":"<p>O RV015L4P-TBD-24 \u00e9 um painel TFT-LCD de matriz ativa a cores, com uma resolu\u00e7\u00e3o de 240*283, data de entrada MIPI e uma \u00e1rea ativa de tamanho reduzido de 1,52 polegadas na diagonal com resolu\u00e7\u00f5es QVGA. Cada pixel est\u00e1 dividido em pontos vermelhos, verdes e azuis dispostos em faixas verticais e este painel pode apresentar 16,7 milh\u00f5es de cores.<\/p>\n<table style=\"width: 100%; border-collapse: collapse; border-style: solid; border-color: #d6d6d6;\">\n<tbody>\n<tr>\n<td style=\"width: 50%;\">Modelo<\/td>\n<td style=\"width: 50%;\">RV015L4P-TBD-24<\/td>\n<\/tr>\n<tr>\n<td style=\"width: 50%;\">Tamanho<\/td>\n<td style=\"width: 50%;\">M\u00f3dulo tft lcd de 1,52 polegadas<\/td>\n<\/tr>\n<tr>\n<td style=\"width: 50%;\">Tipo de LCD<\/td>\n<td style=\"width: 50%;\">AM TFT ,TRANSMISSIVO, NEGATIVO<\/td>\n<\/tr>\n<tr>\n<td style=\"width: 50%;\">Formato do ecr\u00e3<\/td>\n<td style=\"width: 50%;\">240(R,G,B)*283<\/td>\n<\/tr>\n<tr>\n<td style=\"width: 50%;\">Dados de entrada<\/td>\n<td style=\"width: 50%;\">MIPI<\/td>\n<\/tr>\n<tr>\n<td style=\"width: 50%;\">\u00c2ngulo de vis\u00e3o<\/td>\n<td style=\"width: 50%;\">TODAS AS HORAS<\/td>\n<\/tr>\n<tr>\n<td style=\"width: 50%;\">Condutor IC<\/td>\n<td style=\"width: 50%;\">JD9851<\/td>\n<\/tr>\n<tr>\n<td style=\"width: 50%;\">Cores do ecr\u00e3<\/td>\n<td style=\"width: 50%;\">16.7 M<\/td>\n<\/tr>\n<tr>\n<td style=\"width: 50%;\">Tamanho do m\u00f3dulo<\/td>\n<td style=\"width: 50%;\">27.35(W)\u00d733.97(L)\u00d71.8(T)<\/td>\n<\/tr>\n<tr>\n<td style=\"width: 50%;\">Tamanho do CPT<\/td>\n<td style=\"width: 50%;\">32.4(W)\u00d729.78(L)\u00d73.82(T)<\/td>\n<\/tr>\n<tr>\n<td style=\"width: 50%;\">\u00c1rea ativa<\/td>\n<td style=\"width: 50%;\">24,91 (W) \u00d7 29,38 (L)<\/td>\n<\/tr>\n<tr>\n<td style=\"width: 50%;\">Tamanho do pixel<\/td>\n<td style=\"width: 50%;\">0,0975 \u00d7 0,0975<\/td>\n<\/tr>\n<tr>\n<td style=\"width: 50%;\">Temperatura de funcionamento<\/td>\n<td style=\"width: 50%;\">-20 a +70 \u2103<\/td>\n<\/tr>\n<tr>\n<td style=\"width: 50%;\">Temperatura de armazenamento<\/td>\n<td style=\"width: 50%;\">-30 a +80 \u2103<\/td>\n<\/tr>\n<\/tbody>\n<\/table>\n<p><img fetchpriority=\"high\" decoding=\"async\" class=\"aligncenter wp-image-6940 size-full\" src=\"https:\/\/rjydisplay.com\/wp-content\/uploads\/2022\/07\/RV0152L4P-TBD-24-lcd.jpg\" alt=\"\" width=\"1500\" height=\"987\" title=\"\"><\/p>","protected":false},"excerpt":{"rendered":"<ul>\n<li>Tamanho: m\u00f3dulo tft lcd de 1,52 polegadas<\/li>\n<li>Resolu\u00e7\u00e3o: 240*283<\/li>\n<li>Interface: MIPI<\/li>\n<li>Toque: toque capacitivo<\/li>\n<li>\u00c2ngulo de vis\u00e3o: TODAS as horas<\/li>\n<li>Condutor IC: JD9851<\/li>\n<li>Tipo de LCD: AM TFT ,TRANSMISSIVO, NEGATIVO<\/li>\n<\/ul>","protected":false},"featured_media":42191,"template":"","meta":[],"product_brand":[],"product_cat":[184],"product_tag":[],"class_list":{"0":"post-41060","1":"product","2":"type-product","3":"status-publish","4":"has-post-thumbnail","6":"product_cat-standard-displays","8":"first","9":"instock","10":"product-type-simple"},"ct_brands":[],"_links":{"self":[{"href":"https:\/\/rjydisplay.com\/pt\/wp-json\/wp\/v2\/product\/41060","targetHints":{"allow":["GET"]}}],"collection":[{"href":"https:\/\/rjydisplay.com\/pt\/wp-json\/wp\/v2\/product"}],"about":[{"href":"https:\/\/rjydisplay.com\/pt\/wp-json\/wp\/v2\/types\/product"}],"wp:featuredmedia":[{"embeddable":true,"href":"https:\/\/rjydisplay.com\/pt\/wp-json\/wp\/v2\/media\/42191"}],"wp:attachment":[{"href":"https:\/\/rjydisplay.com\/pt\/wp-json\/wp\/v2\/media?parent=41060"}],"wp:term":[{"taxonomy":"product_brand","embeddable":true,"href":"https:\/\/rjydisplay.com\/pt\/wp-json\/wp\/v2\/product_brand?post=41060"},{"taxonomy":"product_cat","embeddable":true,"href":"https:\/\/rjydisplay.com\/pt\/wp-json\/wp\/v2\/product_cat?post=41060"},{"taxonomy":"product_tag","embeddable":true,"href":"https:\/\/rjydisplay.com\/pt\/wp-json\/wp\/v2\/product_tag?post=41060"}],"curies":[{"name":"wp","href":"https:\/\/api.w.org\/{rel}","templated":true}]}}